{"id":81315,"date":"2023-05-01T15:29:51","date_gmt":"2023-05-01T19:29:51","guid":{"rendered":"https:\/\/www.maglin.com\/sustainability\/"},"modified":"2025-06-10T15:31:42","modified_gmt":"2025-06-10T19:31:42","slug":"durabilitie","status":"publish","type":"page","link":"https:\/\/www.maglin.com\/fr\/durabilitie\/","title":{"rendered":"Durabilit\u00e9"},"content":{"rendered":"<div class=\"wpb-content-wrapper\"><p>[vc_row][vc_column]<div class=\"text-pattern\">\n\t<div class=\"text-pattern__container container\">\n\t\t<div class=\"text-pattern__background\">\n\t\t\t<img decoding=\"async\" src=\"https:\/\/www.maglin.com\/app\/themes\/maglin\/images\/corner-accent.svg\" alt=\"\" class=\"text-pattern__image\" aria-hidden=\"true\" \/>\n\t\t<\/div>\n\t\t<div class=\"text-pattern__content\">\n\t\t\t<div class=\"text-pattern__text text-large\">\n\t\t\t\tChez Maglin, nous comprenons que nos produits font partie int\u00e9grante de l&#8217;environnement naturel et construit. Nous nous soucions des espaces qu&#8217;occupent nos produits et des personnes qui en profiteront pendant des g\u00e9n\u00e9rations.<\/p>\n<p>Notre engagement en mati\u00e8re de d\u00e9veloppement durable repose sur trois piliers\u2009: <strong>les gens, les lieux<\/strong> et <strong>les produits.<\/strong>\t\t\t<\/div>\n\t\t<\/div>\n\t<\/div>\n<\/div>\n[\/vc_column][\/vc_row][vc_row][vc_column][alternating_content_container]\t<div class=\"alternating-content-item-wrapper transparent\">\n\t\t<div class=\"container\">\n\t\t\t\t\t\t\t<div class=\"advanced-media alternating-content-item-image start-bg-center\">\n\t\t\t<img fetchpriority=\"high\" decoding=\"async\" src=\"https:\/\/www.maglin.com\/app\/uploads\/2025\/05\/maglin-sustainability-epd-stack.jpg\" width=\"1342\" height=\"1006\" alt=\"Stack of EPD briefs on dark green background\"  loading='eager'\/>\n\t\t<\/div>\n\t\t\t\t\t\t<div class=\"alternating-content-item-content-container\">\n\t\t\t\t<div class=\"alternating-content-item-inner\">\n\t\t\t\t\t\t\t\t\t\t\t<h2 class=\"alternating-content-item-heading\">D\u00e9clarations environnementales de produits<\/h2>\n\t\t\t\t\t\t\t\t\t\t\t\t\t\t\t\t\t\t\t\t\t<div class=\"alternating-content-item-content\">\n\t\t\t\t\t\t\t<p>L&#8217;\u00e9laboration de d\u00e9clarations environnementales de produit (DEP) afin d&#8217;am\u00e9liorer la transparence s&#8217;inscrit dans notre engagement \u00e0 continuellement \u00e9valuer l&#8217;empreinte climatique associ\u00e9e \u00e0 tous les aspects de nos produits et processus de fabrication.<\/p>\n\t\t\t\t\t\t<\/div>\n\t\t\t\t\t\t\t\t\t\t\t\t\t\t\t\t<a href=\"https:\/\/www.maglin.com\/fr\/sustainability\/dep\/\" target=\"\" class=\"alternating-content-item-button btn btn-sm btn-info \" title=\"EPDs\">\n\t\t\t\t\t\t\tEn savoir plus sur les DEP\t\t\t\t\t\t<\/a>\n\t\t\t\t\t\t\t\t\t<\/div>\n\t\t\t<\/div>\n\t\t<\/div>\n\t<\/div>\n\t<div class=\"alternating-content-item-wrapper transparent\">\n\t\t<div class=\"container\">\n\t\t\t\t\t\t\t<div class=\"advanced-media alternating-content-item-image start-bg-center\">\n\t\t\t<img decoding=\"async\" src=\"https:\/\/www.maglin.com\/app\/uploads\/2020\/10\/Environmental-1.jpg\" width=\"2000\" height=\"1780\" alt=\"Pond with tall grasses and trees surounding\"  loading='eager'\/>\n\t\t<\/div>\n\t\t\t\t\t\t<div class=\"alternating-content-item-content-container\">\n\t\t\t\t<div class=\"alternating-content-item-inner\">\n\t\t\t\t\t\t\t\t\t\t\t<h2 class=\"alternating-content-item-heading\">\u00c9nonc\u00e9 de d\u00e9veloppement durable<\/h2>\n\t\t\t\t\t\t\t\t\t\t\t\t\t\t\t\t\t\t\t\t\t<div class=\"alternating-content-item-content\">\n\t\t\t\t\t\t\t<p>Chez Maglin, l&#8217;avenir du d\u00e9veloppement durable repose sur la transparence. En examinant et en \u00e9valuant notre cha\u00eene d&#8217;approvisionnement, nous comprenons mieux ce qui entre dans la composition de nos produits et ce qu&#8217;ils peuvent g\u00e9n\u00e9rer.<\/p>\n\t\t\t\t\t\t<\/div>\n\t\t\t\t\t\t\t\t\t\t\t\t\t\t\t\t<a href=\"https:\/\/www.maglin.com\/fr\/sustainability\/environnement\/\" target=\"\" class=\"alternating-content-item-button btn btn-sm btn-info \" title=\"Sustainability Statement\">\n\t\t\t\t\t\t\tEn savoir plus\t\t\t\t\t\t<\/a>\n\t\t\t\t\t\t\t\t\t<\/div>\n\t\t\t<\/div>\n\t\t<\/div>\n\t<\/div>\n[\/alternating_content_container]<div class=\"clearfix global-margin-y\"><\/div>[\/vc_column][\/vc_row][vc_row][vc_column]<div class=\"templatera_shortcode\"><div data-vc-full-width=\"true\" data-vc-full-width-init=\"false\" data-vc-stretch-content=\"true\" class=\"vc_row wpb_row vc_row-fluid vc_row-no-padding\"><div class=\"wpb_column vc_column_container vc_col-sm-12\"><div class=\"vc_column-inner\"><div class=\"wpb_wrapper\"><div class=\"media-banner media-curve-bottom-right large-curve no-video\">\n\t\t<div class=\"media-banner__container container\">\n\t\t<div class=\"media-banner__content\">\n\t\t\t\t\t\t\t<h2 class=\"media-banner__heading h1\">\n\t\t\t\t\tConstruisons ensemble\t\t\t\t<\/h2>\n\t\t\t\t\t\t\t\t\t\t<div class=\"media-banner__description text-large\">\n\t\t\t\t\t<p>Commencez \u00e0 planifier votre espace avec nous d\u00e8s aujourd'hui et voyez exactement comment les liens que nous construisons avec nos clients sont aussi forts et durables que les meubles que nous soutenons.<\/p>\t\t\t\t<\/div>\n\t\t\t\t\t\t\t\t\t\t<div class=\"media-banner__button\">\n\t\t\t\t\t<a href=\"https:\/\/www.maglin.com\/fr\/contact\/\" class=\"btn btn-inverse btn-light\" target=\"\">\n\t\t\t\t\t\tParlons\t\t\t\t\t<\/a>\n\t\t\t\t<\/div>\n\t\t\t\t\t<\/div>\n\t<\/div>\n\t<div class=\"advanced-media media-banner__media\">\n\t\t\t<img decoding=\"async\" src=\"https:\/\/www.maglin.com\/app\/uploads\/2020\/09\/Maglin-Head-Office_blue-skies_1-2.jpg\" width=\"1500\" height=\"918\" alt=\"Maglin Site Furniture Head Office\"  loading='eager'\/>\n\t\t<\/div>\n<\/div><\/div><\/div><\/div><\/div><div class=\"vc_row-full-width vc_clearfix\"><\/div>\r\n<\/div>[\/vc_column][\/vc_row]<\/p>\n<\/div>","protected":false},"excerpt":{"rendered":"Chez Maglin, nous comprenons que nos produits font partie int\u00e9grante de l'environnement naturel et construit. Nous nous soucions des espaces qu'occupent nos produits et des personnes qui en profiteront pendant des g\u00e9n\u00e9rations. Notre engagement en mati\u00e8re de d\u00e9veloppement durable repose sur trois piliers\u2009: les gens, les lieux et les produits. D\u00e9clarations environnementales de produits L'\u00e9laboration [...]","protected":false},"author":2,"featured_media":80806,"parent":0,"menu_order":220,"comment_status":"closed","ping_status":"closed","template":"","meta":{"_acf_changed":false,"footnotes":""},"class_list":["post-81315","page","type-page","status-publish","has-post-thumbnail","hentry"],"acf":[],"yoast_head":"<!-- This site is optimized with the Yoast SEO plugin v26.6 - https:\/\/yoast.com\/wordpress\/plugins\/seo\/ -->\n<title>Durabilit\u00e9 - Maglin<\/title>\n<meta name=\"description\" content=\"At Maglin, we understand that our products become part of the natural and built environment through sustainability initiatives.\" \/>\n<meta name=\"robots\" content=\"index, follow, max-snippet:-1, max-image-preview:large, max-video-preview:-1\" \/>\n<link rel=\"canonical\" href=\"https:\/\/www.maglin.com\/fr\/durabilitie\/\" \/>\n<meta property=\"og:locale\" content=\"fr_FR\" \/>\n<meta property=\"og:type\" content=\"article\" \/>\n<meta property=\"og:title\" content=\"Durabilit\u00e9 - Maglin\" \/>\n<meta property=\"og:description\" content=\"At Maglin, we understand that our products become part of the natural and built environment through sustainability initiatives.\" \/>\n<meta property=\"og:url\" content=\"https:\/\/www.maglin.com\/fr\/durabilitie\/\" \/>\n<meta property=\"og:site_name\" content=\"Maglin\" \/>\n<meta property=\"article:publisher\" content=\"https:\/\/www.facebook.com\/MaglinFurniture\/\" \/>\n<meta property=\"article:modified_time\" content=\"2025-06-10T19:31:42+00:00\" \/>\n<meta property=\"og:image\" content=\"https:\/\/www.maglin.com\/app\/uploads\/2025\/05\/maglin-sustainability-statement_main.jpg\" \/>\n\t<meta property=\"og:image:width\" content=\"2880\" \/>\n\t<meta property=\"og:image:height\" content=\"1552\" \/>\n\t<meta property=\"og:image:type\" content=\"image\/jpeg\" \/>\n<meta name=\"twitter:card\" content=\"summary_large_image\" \/>\n<meta name=\"twitter:site\" content=\"@maglinfurniture\" \/>\n<meta name=\"twitter:label1\" content=\"Est. reading time\" \/>\n\t<meta name=\"twitter:data1\" content=\"1 minute\" \/>\n<script type=\"application\/ld+json\" class=\"yoast-schema-graph\">{\"@context\":\"https:\/\/schema.org\",\"@graph\":[{\"@type\":\"WebPage\",\"@id\":\"https:\/\/www.maglin.com\/fr\/durabilitie\/\",\"url\":\"https:\/\/www.maglin.com\/fr\/durabilitie\/\",\"name\":\"Durabilit\u00e9 - Maglin\",\"isPartOf\":{\"@id\":\"https:\/\/www.maglin.com\/fr\/#website\"},\"primaryImageOfPage\":{\"@id\":\"https:\/\/www.maglin.com\/fr\/durabilitie\/#primaryimage\"},\"image\":{\"@id\":\"https:\/\/www.maglin.com\/fr\/durabilitie\/#primaryimage\"},\"thumbnailUrl\":\"https:\/\/www.maglin.com\/app\/uploads\/2025\/05\/maglin-sustainability-statement_main.jpg\",\"datePublished\":\"2023-05-01T19:29:51+00:00\",\"dateModified\":\"2025-06-10T19:31:42+00:00\",\"description\":\"At Maglin, we understand that our products become part of the natural and built environment through sustainability initiatives.\",\"breadcrumb\":{\"@id\":\"https:\/\/www.maglin.com\/fr\/durabilitie\/#breadcrumb\"},\"inLanguage\":\"fr-FR\",\"potentialAction\":[{\"@type\":\"ReadAction\",\"target\":[\"https:\/\/www.maglin.com\/fr\/durabilitie\/\"]}]},{\"@type\":\"ImageObject\",\"inLanguage\":\"fr-FR\",\"@id\":\"https:\/\/www.maglin.com\/fr\/durabilitie\/#primaryimage\",\"url\":\"https:\/\/www.maglin.com\/app\/uploads\/2025\/05\/maglin-sustainability-statement_main.jpg\",\"contentUrl\":\"https:\/\/www.maglin.com\/app\/uploads\/2025\/05\/maglin-sustainability-statement_main.jpg\",\"width\":2880,\"height\":1552,\"caption\":\"Maglin pond with red tree and blue skies and Maglin head office in distance\"},{\"@type\":\"BreadcrumbList\",\"@id\":\"https:\/\/www.maglin.com\/fr\/durabilitie\/#breadcrumb\",\"itemListElement\":[{\"@type\":\"ListItem\",\"position\":1,\"name\":\"Accueil\",\"item\":\"https:\/\/www.maglin.com\/fr\/\"},{\"@type\":\"ListItem\",\"position\":2,\"name\":\"Durabilit\u00e9\"}]},{\"@type\":\"WebSite\",\"@id\":\"https:\/\/www.maglin.com\/fr\/#website\",\"url\":\"https:\/\/www.maglin.com\/fr\/\",\"name\":\"Maglin\",\"description\":\"Site Furniture\",\"potentialAction\":[{\"@type\":\"SearchAction\",\"target\":{\"@type\":\"EntryPoint\",\"urlTemplate\":\"https:\/\/www.maglin.com\/fr\/?s={search_term_string}\"},\"query-input\":{\"@type\":\"PropertyValueSpecification\",\"valueRequired\":true,\"valueName\":\"search_term_string\"}}],\"inLanguage\":\"fr-FR\"}]}<\/script>\n<!-- \/ Yoast SEO plugin. -->","yoast_head_json":{"title":"Durabilit\u00e9 - Maglin","description":"At Maglin, we understand that our products become part of the natural and built environment through sustainability initiatives.","robots":{"index":"index","follow":"follow","max-snippet":"max-snippet:-1","max-image-preview":"max-image-preview:large","max-video-preview":"max-video-preview:-1"},"canonical":"https:\/\/www.maglin.com\/fr\/durabilitie\/","og_locale":"fr_FR","og_type":"article","og_title":"Durabilit\u00e9 - Maglin","og_description":"At Maglin, we understand that our products become part of the natural and built environment through sustainability initiatives.","og_url":"https:\/\/www.maglin.com\/fr\/durabilitie\/","og_site_name":"Maglin","article_publisher":"https:\/\/www.facebook.com\/MaglinFurniture\/","article_modified_time":"2025-06-10T19:31:42+00:00","og_image":[{"width":2880,"height":1552,"url":"https:\/\/www.maglin.com\/app\/uploads\/2025\/05\/maglin-sustainability-statement_main.jpg","type":"image\/jpeg"}],"twitter_card":"summary_large_image","twitter_site":"@maglinfurniture","twitter_misc":{"Est. reading time":"1 minute"},"schema":{"@context":"https:\/\/schema.org","@graph":[{"@type":"WebPage","@id":"https:\/\/www.maglin.com\/fr\/durabilitie\/","url":"https:\/\/www.maglin.com\/fr\/durabilitie\/","name":"Durabilit\u00e9 - Maglin","isPartOf":{"@id":"https:\/\/www.maglin.com\/fr\/#website"},"primaryImageOfPage":{"@id":"https:\/\/www.maglin.com\/fr\/durabilitie\/#primaryimage"},"image":{"@id":"https:\/\/www.maglin.com\/fr\/durabilitie\/#primaryimage"},"thumbnailUrl":"https:\/\/www.maglin.com\/app\/uploads\/2025\/05\/maglin-sustainability-statement_main.jpg","datePublished":"2023-05-01T19:29:51+00:00","dateModified":"2025-06-10T19:31:42+00:00","description":"At Maglin, we understand that our products become part of the natural and built environment through sustainability initiatives.","breadcrumb":{"@id":"https:\/\/www.maglin.com\/fr\/durabilitie\/#breadcrumb"},"inLanguage":"fr-FR","potentialAction":[{"@type":"ReadAction","target":["https:\/\/www.maglin.com\/fr\/durabilitie\/"]}]},{"@type":"ImageObject","inLanguage":"fr-FR","@id":"https:\/\/www.maglin.com\/fr\/durabilitie\/#primaryimage","url":"https:\/\/www.maglin.com\/app\/uploads\/2025\/05\/maglin-sustainability-statement_main.jpg","contentUrl":"https:\/\/www.maglin.com\/app\/uploads\/2025\/05\/maglin-sustainability-statement_main.jpg","width":2880,"height":1552,"caption":"Maglin pond with red tree and blue skies and Maglin head office in distance"},{"@type":"BreadcrumbList","@id":"https:\/\/www.maglin.com\/fr\/durabilitie\/#breadcrumb","itemListElement":[{"@type":"ListItem","position":1,"name":"Accueil","item":"https:\/\/www.maglin.com\/fr\/"},{"@type":"ListItem","position":2,"name":"Durabilit\u00e9"}]},{"@type":"WebSite","@id":"https:\/\/www.maglin.com\/fr\/#website","url":"https:\/\/www.maglin.com\/fr\/","name":"Maglin","description":"Site Furniture","potentialAction":[{"@type":"SearchAction","target":{"@type":"EntryPoint","urlTemplate":"https:\/\/www.maglin.com\/fr\/?s={search_term_string}"},"query-input":{"@type":"PropertyValueSpecification","valueRequired":true,"valueName":"search_term_string"}}],"inLanguage":"fr-FR"}]}},"_links":{"self":[{"href":"https:\/\/www.maglin.com\/fr\/wp-json\/wp\/v2\/pages\/81315","targetHints":{"allow":["GET"]}}],"collection":[{"href":"https:\/\/www.maglin.com\/fr\/wp-json\/wp\/v2\/pages"}],"about":[{"href":"https:\/\/www.maglin.com\/fr\/wp-json\/wp\/v2\/types\/page"}],"author":[{"embeddable":true,"href":"https:\/\/www.maglin.com\/fr\/wp-json\/wp\/v2\/users\/2"}],"replies":[{"embeddable":true,"href":"https:\/\/www.maglin.com\/fr\/wp-json\/wp\/v2\/comments?post=81315"}],"version-history":[{"count":0,"href":"https:\/\/www.maglin.com\/fr\/wp-json\/wp\/v2\/pages\/81315\/revisions"}],"wp:featuredmedia":[{"embeddable":true,"href":"https:\/\/www.maglin.com\/fr\/wp-json\/wp\/v2\/media\/80806"}],"wp:attachment":[{"href":"https:\/\/www.maglin.com\/fr\/wp-json\/wp\/v2\/media?parent=81315"}],"curies":[{"name":"wp","href":"https:\/\/api.w.org\/{rel}","templated":true}]}}