{"id":81312,"date":"2025-05-23T20:36:59","date_gmt":"2025-05-24T00:36:59","guid":{"rendered":"https:\/\/www.maglin.com\/company\/"},"modified":"2025-06-05T17:54:10","modified_gmt":"2025-06-05T21:54:10","slug":"entreprise","status":"publish","type":"page","link":"https:\/\/www.maglin.com\/fr\/entreprise\/","title":{"rendered":"Entreprise"},"content":{"rendered":"<div class=\"wpb-content-wrapper\"><p>[vc_row][vc_column]<div class=\"text-pattern\">\n\t<div class=\"text-pattern__container container\">\n\t\t<div class=\"text-pattern__background\">\n\t\t\t<img decoding=\"async\" src=\"https:\/\/www.maglin.com\/app\/themes\/maglin\/images\/corner-accent.svg\" alt=\"\" class=\"text-pattern__image\" aria-hidden=\"true\" \/>\n\t\t<\/div>\n\t\t<div class=\"text-pattern__content\">\n\t\t\t<div class=\"text-pattern__text text-large\">\n\t\t\t\t<\/p>\n<h3><span style=\"color: #2c3e00\">Depuis ses tout d\u00e9buts, Maglin mise sur les liens\u2009: entre les gens et les lieux, entre la vision et la r\u00e9alisation, entre les id\u00e9es audacieuses et les mat\u00e9riaux durables.<\/span><\/h3>\n<p>\t\t\t<\/div>\n\t\t<\/div>\n\t<\/div>\n<\/div>\n[\/vc_column][\/vc_row][vc_row][vc_column][alternating_content_container]\t<div class=\"alternating-content-item-wrapper transparent\">\n\t\t<div class=\"container\">\n\t\t\t\t\t\t\t<div class=\"advanced-media alternating-content-item-image start-bg-center\">\n\t\t\t<img fetchpriority=\"high\" decoding=\"async\" src=\"https:\/\/www.maglin.com\/app\/uploads\/2025\/05\/maglin-company-about.jpg\" width=\"1342\" height=\"1006\" alt=\"Maglin&#039;s 300 style wooden backed bench in front of storefront\"  loading='eager'\/>\n\t\t<\/div>\n\t\t\t\t\t\t<div class=\"alternating-content-item-content-container\">\n\t\t\t\t<div class=\"alternating-content-item-inner\">\n\t\t\t\t\t\t\t\t\t\t\t<h2 class=\"alternating-content-item-heading\">\u00c0 propos de Maglin<\/h2>\n\t\t\t\t\t\t\t\t\t\t\t\t\t\t\t\t\t\t\t\t\t<div class=\"alternating-content-item-content\">\n\t\t\t\t\t\t\t<p>Il y a plus de 40 ans, Ian McAskile a commenc\u00e9 \u00e0 fabriquer des bancs dans sa cour, inspir\u00e9 par l\u2019id\u00e9e de cr\u00e9er du mobilier urbain durable qui pourrait relier les gens \u00e0 leur environnement.<\/p>\n\t\t\t\t\t\t<\/div>\n\t\t\t\t\t\t\t\t\t\t\t\t\t\t\t\t<a href=\"https:\/\/www.maglin.com\/fr\/entreprise\/a-propos-de-maglin\/\" target=\"\" class=\"alternating-content-item-button btn btn-sm btn-info \" title=\"\u00c0 propos de Maglin\">\n\t\t\t\t\t\t\tEn savoir plus\t\t\t\t\t\t<\/a>\n\t\t\t\t\t\t\t\t\t<\/div>\n\t\t\t<\/div>\n\t\t<\/div>\n\t<\/div>\n\t<div class=\"alternating-content-item-wrapper transparent\">\n\t\t<div class=\"container\">\n\t\t\t\t\t\t\t<div class=\"advanced-media alternating-content-item-image start-bg-center\">\n\t\t\t<img decoding=\"async\" src=\"https:\/\/www.maglin.com\/app\/uploads\/2025\/05\/maglin-sustainability_people.jpg\" width=\"1342\" height=\"1006\" alt=\"Two men sitting at computers in an office setting, smiling\"  loading='eager'\/>\n\t\t<\/div>\n\t\t\t\t\t\t<div class=\"alternating-content-item-content-container\">\n\t\t\t\t<div class=\"alternating-content-item-inner\">\n\t\t\t\t\t\t\t\t\t\t\t<h2 class=\"alternating-content-item-heading\">Travailler avec Maglin<\/h2>\n\t\t\t\t\t\t\t\t\t\t\t\t\t\t\t\t\t\t\t\t\t<div class=\"alternating-content-item-content\">\n\t\t\t\t\t\t\t<p>Maglin est une entreprise de mobilier urbain qui croit que l&#8217;am\u00e9nagement d&#8217;espaces peut transformer les espaces en exp\u00e9riences.<\/p>\n\t\t\t\t\t\t<\/div>\n\t\t\t\t\t\t\t\t\t\t\t\t\t\t\t\t<a href=\"https:\/\/www.maglin.com\/fr\/entreprise\/travailler-avec-maglin\/\" target=\"\" class=\"alternating-content-item-button btn btn-sm btn-info \" title=\"Travailler avec Maglin\">\n\t\t\t\t\t\t\tEn savoir plus\t\t\t\t\t\t<\/a>\n\t\t\t\t\t\t\t\t\t<\/div>\n\t\t\t<\/div>\n\t\t<\/div>\n\t<\/div>\n\t<div class=\"alternating-content-item-wrapper transparent\">\n\t\t<div class=\"container\">\n\t\t\t\t\t\t\t<div class=\"advanced-media alternating-content-item-image start-bg-center\">\n\t\t\t<img decoding=\"async\" src=\"https:\/\/www.maglin.com\/app\/uploads\/2025\/05\/pixel-assemply-maglin-hq.jpg\" width=\"2880\" height=\"1552\" alt=\"Maglin employees Steve, Rodney, and Mike assemble Fava Cluster Seating at the Maglin warehouse.\"  loading='eager'\/>\n\t\t<\/div>\n\t\t\t\t\t\t<div class=\"alternating-content-item-content-container\">\n\t\t\t\t<div class=\"alternating-content-item-inner\">\n\t\t\t\t\t\t\t\t\t\t\t<h2 class=\"alternating-content-item-heading\">Carri\u00e8res<\/h2>\n\t\t\t\t\t\t\t\t\t\t\t\t\t\t\t\t\t\t\t\t\t<div class=\"alternating-content-item-content\">\n\t\t\t\t\t\t\t<p>Les personnes sont au c\u0153ur de ce que nous faisons : ceux qui utilisent nos produits pour am\u00e9liorer leur vie quotidienne, les professionnels qui s\u00e9lectionnent nos produits pour leur design et leur durabilit\u00e9, et notre personnel dont la cr\u00e9ativit\u00e9 et l\u2019engagement font que tout fonctionne.<\/p>\n\t\t\t\t\t\t<\/div>\n\t\t\t\t\t\t\t\t\t\t\t\t\t\t\t\t<a href=\"https:\/\/www.maglin.com\/fr\/entreprise\/carierres\/\" target=\"\" class=\"alternating-content-item-button btn btn-sm btn-info \" title=\"Carri\u00e8res\">\n\t\t\t\t\t\t\tEn savoir plus\t\t\t\t\t\t<\/a>\n\t\t\t\t\t\t\t\t\t<\/div>\n\t\t\t<\/div>\n\t\t<\/div>\n\t<\/div>\n[\/alternating_content_container]<div class=\"clearfix global-margin-y\"><\/div>[\/vc_column][\/vc_row][vc_row full_width=&#8221;stretch_row_content_no_spaces&#8221;][vc_column]<div class=\"templatera_shortcode\"><div class=\"vc_row wpb_row vc_row-fluid\"><div class=\"wpb_column vc_column_container vc_col-sm-12\"><div class=\"vc_column-inner\"><div class=\"wpb_wrapper\"><div class=\"epd-cta\">\n\t<div class=\"epd-cta__container container\">\n\t\t<div class=\"epd-cta__content container\">\n\t\t\t\t\t\t\t<h2 class=\"epd-cta__heading\">\n\t\t\t\t\tCon\u00e7u pour \u00eatre respectueux de l'environnement. Con\u00e7u pour durer.\t\t\t\t<\/h2>\n\t\t\t\n\t\t\t\t\t\t\t<div class=\"epd-cta__description\">\n\t\t\t\t\t<p>L\u2019\u00e9laboration de d\u00e9clarations environnementales de produits (DEP) pour am\u00e9liorer la transparence fait partie de notre engagement \u00e0 \u00e9valuer en permanence l\u2019empreinte climatique de tous les aspects de nos produits et processus de fabrication.<\/p>\t\t\t\t<\/div>\n\t\t\t\n\t\t\t\t\t\t\t<a href=\"https:\/\/www.maglin.com\/fr\/sustainability\/dep\/\" target=\"\" class=\"btn btn-sm btn-light btn-inverse\">\n\t\t\t\t\tApprendre encore plus\t\t\t\t<\/a>\n\t\t\t\t\t\t<svg class=\"epd-cta__accent--mobile\" width=\"328\" height=\"258\" viewBox=\"0 0 328 258\" fill=\"none\" xmlns=\"http:\/\/www.w3.org\/2000\/svg\">\n\t\t\t\t<g clip-path=\"url(#clip0_1968_17)\">\n\t\t\t\t\t<g opacity=\"0.2\">\n\t\t\t\t\t\t<rect x=\"285.672\" y=\"-307.04\" width=\"41.9504\" height=\"409.711\" rx=\"20.9752\" stroke=\"white\" stroke-width=\"0.484653\"\/>\n\t\t\t\t\t\t<rect x=\"196.355\" y=\"-233.161\" width=\"41.9504\" height=\"409.711\" rx=\"20.9752\" stroke=\"white\" stroke-width=\"0.484653\"\/>\n\t\t\t\t\t\t<rect x=\"107.038\" y=\"-62.2455\" width=\"41.9504\" height=\"164.917\" rx=\"20.9752\" stroke=\"white\" stroke-width=\"0.484653\"\/>\n\t\t\t\t\t\t<rect x=\"17.7209\" y=\"11.6337\" width=\"41.9504\" height=\"245.993\" rx=\"20.9752\" stroke=\"white\" stroke-width=\"0.484653\"\/>\n\t\t\t\t\t<\/g>\n\t\t\t\t<\/g>\n\t\t\t\t<defs>\n\t\t\t\t\t<clipPath id=\"clip0_1968_17\">\n\t\t\t\t\t\t<rect width=\"328\" height=\"258\" fill=\"white\"\/>\n\t\t\t\t\t<\/clipPath>\n\t\t\t\t<\/defs>\n\t\t\t<\/svg>\n\t\t<\/div>\n\t\t<div class=\"epd-cta__media media-curve-top-left\">\n\t\t\t<div class=\"advanced-media \">\n\t\t\t\t<div class=\"vimeo-bg-video-wrapper\">\n\t\t\t<div class=\"vimeo-video-controls\">\n\t\t\t\t<button class=\"vimeo-video-control vimeo-video-control-play d-none\">\n\t\t\t\t\t<span class=\"vimeo-video-control-icon icon-play\"><\/span>\n\t\t\t\t\t<span class=\"video-control-text sr-only\">Jouer la vid\u00e9o<\/span>\n\t\t\t\t<\/button>\n\t\t\t\t<button class=\"vimeo-video-control vimeo-video-control-pause\">\n\t\t\t\t\t<span class=\"vimeo-video-control-icon icon-pause\"><\/span>\n\t\t\t\t\t<span class=\"video-control-text sr-only\">Mettre la vid\u00e9o en pause<\/span>\n\t\t\t\t<\/button>\n\t\t\t<\/div>\n\t\t\t<iframe\n\t\t\t\tsrc=\"https:\/\/player.vimeo.com\/video\/1080911025?background=1&autoplay=0&loop=1&muted=1&playsinline=1\"\n\t\t\t\tloading=\"lazy\"\n\t\t\t\t\t\t\t\ttitle=\"Vimeo video\"\n\t\t\t\twidth=\"100%\"\n\t\t\t\theight=\"100%\"\n\t\t\t\tframeborder=\"0\"\n\t\t\t\tallowfullscreen>\n\t\t\t<\/iframe>\n\t\t<\/div>\n\t<\/div>\n\t\t\t\t\t<\/div>\n\t<\/div>\n\t<svg class=\"epd-cta__accent width=\"619\" height=\"758\" viewBox=\"0 0 619 758\" fill=\"none\" xmlns=\"http:\/\/www.w3.org\/2000\/svg\">\n\t\t<g opacity=\"0.2\">\n\t\t<rect x=\"531.663\" y=\"-408.5\" width=\"86.5577\" height=\"845.371\" rx=\"43.2789\" stroke=\"white\"\/>\n\t\t<rect x=\"347.373\" y=\"-256.062\" width=\"86.5577\" height=\"845.371\" rx=\"43.2789\" stroke=\"white\"\/>\n\t\t<rect x=\"163.082\" y=\"96.5923\" width=\"86.5577\" height=\"340.279\" rx=\"43.2789\" stroke=\"white\"\/>\n\t\t<rect x=\"-21.209\" y=\"249.03\" width=\"86.5577\" height=\"507.565\" rx=\"43.2789\" stroke=\"white\"\/>\n\t\t<\/g>\n\t<\/svg>\n<\/div><\/div><\/div><\/div><\/div><\/div>[\/vc_column][\/vc_row]<\/p>\n<\/div>","protected":false},"excerpt":{"rendered":"Depuis ses tout d\u00e9buts, Maglin mise sur les liens\u2009: entre les gens et les lieux, entre la vision et la r\u00e9alisation, entre les id\u00e9es audacieuses et les mat\u00e9riaux durables. \u00c0 propos de Maglin Il y a plus de 40 ans, Ian McAskile a commenc\u00e9 \u00e0 fabriquer des bancs dans sa cour, inspir\u00e9 par l\u2019id\u00e9e de [...]","protected":false},"author":2,"featured_media":81095,"parent":0,"menu_order":220,"comment_status":"closed","ping_status":"closed","template":"","meta":{"_acf_changed":false,"footnotes":""},"class_list":["post-81312","page","type-page","status-publish","has-post-thumbnail","hentry"],"acf":[],"yoast_head":"<!-- This site is optimized with the Yoast SEO plugin v26.6 - https:\/\/yoast.com\/wordpress\/plugins\/seo\/ -->\n<title>Entreprise - Maglin<\/title>\n<meta name=\"description\" content=\"From the very beginning, Maglin has been about connection\u2014between people and places, vision and execution, bold ideas and lasting materials.\" \/>\n<meta name=\"robots\" content=\"index, follow, max-snippet:-1, max-image-preview:large, max-video-preview:-1\" \/>\n<link rel=\"canonical\" href=\"https:\/\/www.maglin.com\/fr\/entreprise\/\" \/>\n<meta property=\"og:locale\" content=\"fr_FR\" \/>\n<meta property=\"og:type\" content=\"article\" \/>\n<meta property=\"og:title\" content=\"Entreprise - Maglin\" \/>\n<meta property=\"og:description\" content=\"From the very beginning, Maglin has been about connection\u2014between people and places, vision and execution, bold ideas and lasting materials.\" \/>\n<meta property=\"og:url\" content=\"https:\/\/www.maglin.com\/fr\/entreprise\/\" \/>\n<meta property=\"og:site_name\" content=\"Maglin\" \/>\n<meta property=\"article:publisher\" content=\"https:\/\/www.facebook.com\/MaglinFurniture\/\" \/>\n<meta property=\"article:modified_time\" content=\"2025-06-05T21:54:10+00:00\" \/>\n<meta property=\"og:image\" content=\"https:\/\/www.maglin.com\/app\/uploads\/2025\/05\/maglin-company-hero-img.jpg\" \/>\n\t<meta property=\"og:image:width\" content=\"2880\" \/>\n\t<meta property=\"og:image:height\" content=\"1552\" \/>\n\t<meta property=\"og:image:type\" content=\"image\/jpeg\" \/>\n<meta name=\"twitter:card\" content=\"summary_large_image\" \/>\n<meta name=\"twitter:site\" content=\"@maglinfurniture\" \/>\n<meta name=\"twitter:label1\" content=\"Est. reading time\" \/>\n\t<meta name=\"twitter:data1\" content=\"1 minute\" \/>\n<script type=\"application\/ld+json\" class=\"yoast-schema-graph\">{\"@context\":\"https:\/\/schema.org\",\"@graph\":[{\"@type\":\"WebPage\",\"@id\":\"https:\/\/www.maglin.com\/fr\/entreprise\/\",\"url\":\"https:\/\/www.maglin.com\/fr\/entreprise\/\",\"name\":\"Entreprise - Maglin\",\"isPartOf\":{\"@id\":\"https:\/\/www.maglin.com\/fr\/#website\"},\"primaryImageOfPage\":{\"@id\":\"https:\/\/www.maglin.com\/fr\/entreprise\/#primaryimage\"},\"image\":{\"@id\":\"https:\/\/www.maglin.com\/fr\/entreprise\/#primaryimage\"},\"thumbnailUrl\":\"https:\/\/www.maglin.com\/app\/uploads\/2025\/05\/maglin-company-hero-img.jpg\",\"datePublished\":\"2025-05-24T00:36:59+00:00\",\"dateModified\":\"2025-06-05T21:54:10+00:00\",\"description\":\"From the very beginning, Maglin has been about connection\u2014between people and places, vision and execution, bold ideas and lasting materials.\",\"breadcrumb\":{\"@id\":\"https:\/\/www.maglin.com\/fr\/entreprise\/#breadcrumb\"},\"inLanguage\":\"fr-FR\",\"potentialAction\":[{\"@type\":\"ReadAction\",\"target\":[\"https:\/\/www.maglin.com\/fr\/entreprise\/\"]}]},{\"@type\":\"ImageObject\",\"inLanguage\":\"fr-FR\",\"@id\":\"https:\/\/www.maglin.com\/fr\/entreprise\/#primaryimage\",\"url\":\"https:\/\/www.maglin.com\/app\/uploads\/2025\/05\/maglin-company-hero-img.jpg\",\"contentUrl\":\"https:\/\/www.maglin.com\/app\/uploads\/2025\/05\/maglin-company-hero-img.jpg\",\"width\":2880,\"height\":1552,\"caption\":\"Maglin team posing outside Maglin head office on sunny day\"},{\"@type\":\"BreadcrumbList\",\"@id\":\"https:\/\/www.maglin.com\/fr\/entreprise\/#breadcrumb\",\"itemListElement\":[{\"@type\":\"ListItem\",\"position\":1,\"name\":\"Accueil\",\"item\":\"https:\/\/www.maglin.com\/fr\/\"},{\"@type\":\"ListItem\",\"position\":2,\"name\":\"Entreprise\"}]},{\"@type\":\"WebSite\",\"@id\":\"https:\/\/www.maglin.com\/fr\/#website\",\"url\":\"https:\/\/www.maglin.com\/fr\/\",\"name\":\"Maglin\",\"description\":\"Site Furniture\",\"potentialAction\":[{\"@type\":\"SearchAction\",\"target\":{\"@type\":\"EntryPoint\",\"urlTemplate\":\"https:\/\/www.maglin.com\/fr\/?s={search_term_string}\"},\"query-input\":{\"@type\":\"PropertyValueSpecification\",\"valueRequired\":true,\"valueName\":\"search_term_string\"}}],\"inLanguage\":\"fr-FR\"}]}<\/script>\n<!-- \/ Yoast SEO plugin. -->","yoast_head_json":{"title":"Entreprise - Maglin","description":"From the very beginning, Maglin has been about connection\u2014between people and places, vision and execution, bold ideas and lasting materials.","robots":{"index":"index","follow":"follow","max-snippet":"max-snippet:-1","max-image-preview":"max-image-preview:large","max-video-preview":"max-video-preview:-1"},"canonical":"https:\/\/www.maglin.com\/fr\/entreprise\/","og_locale":"fr_FR","og_type":"article","og_title":"Entreprise - Maglin","og_description":"From the very beginning, Maglin has been about connection\u2014between people and places, vision and execution, bold ideas and lasting materials.","og_url":"https:\/\/www.maglin.com\/fr\/entreprise\/","og_site_name":"Maglin","article_publisher":"https:\/\/www.facebook.com\/MaglinFurniture\/","article_modified_time":"2025-06-05T21:54:10+00:00","og_image":[{"width":2880,"height":1552,"url":"https:\/\/www.maglin.com\/app\/uploads\/2025\/05\/maglin-company-hero-img.jpg","type":"image\/jpeg"}],"twitter_card":"summary_large_image","twitter_site":"@maglinfurniture","twitter_misc":{"Est. reading time":"1 minute"},"schema":{"@context":"https:\/\/schema.org","@graph":[{"@type":"WebPage","@id":"https:\/\/www.maglin.com\/fr\/entreprise\/","url":"https:\/\/www.maglin.com\/fr\/entreprise\/","name":"Entreprise - Maglin","isPartOf":{"@id":"https:\/\/www.maglin.com\/fr\/#website"},"primaryImageOfPage":{"@id":"https:\/\/www.maglin.com\/fr\/entreprise\/#primaryimage"},"image":{"@id":"https:\/\/www.maglin.com\/fr\/entreprise\/#primaryimage"},"thumbnailUrl":"https:\/\/www.maglin.com\/app\/uploads\/2025\/05\/maglin-company-hero-img.jpg","datePublished":"2025-05-24T00:36:59+00:00","dateModified":"2025-06-05T21:54:10+00:00","description":"From the very beginning, Maglin has been about connection\u2014between people and places, vision and execution, bold ideas and lasting materials.","breadcrumb":{"@id":"https:\/\/www.maglin.com\/fr\/entreprise\/#breadcrumb"},"inLanguage":"fr-FR","potentialAction":[{"@type":"ReadAction","target":["https:\/\/www.maglin.com\/fr\/entreprise\/"]}]},{"@type":"ImageObject","inLanguage":"fr-FR","@id":"https:\/\/www.maglin.com\/fr\/entreprise\/#primaryimage","url":"https:\/\/www.maglin.com\/app\/uploads\/2025\/05\/maglin-company-hero-img.jpg","contentUrl":"https:\/\/www.maglin.com\/app\/uploads\/2025\/05\/maglin-company-hero-img.jpg","width":2880,"height":1552,"caption":"Maglin team posing outside Maglin head office on sunny day"},{"@type":"BreadcrumbList","@id":"https:\/\/www.maglin.com\/fr\/entreprise\/#breadcrumb","itemListElement":[{"@type":"ListItem","position":1,"name":"Accueil","item":"https:\/\/www.maglin.com\/fr\/"},{"@type":"ListItem","position":2,"name":"Entreprise"}]},{"@type":"WebSite","@id":"https:\/\/www.maglin.com\/fr\/#website","url":"https:\/\/www.maglin.com\/fr\/","name":"Maglin","description":"Site Furniture","potentialAction":[{"@type":"SearchAction","target":{"@type":"EntryPoint","urlTemplate":"https:\/\/www.maglin.com\/fr\/?s={search_term_string}"},"query-input":{"@type":"PropertyValueSpecification","valueRequired":true,"valueName":"search_term_string"}}],"inLanguage":"fr-FR"}]}},"_links":{"self":[{"href":"https:\/\/www.maglin.com\/fr\/wp-json\/wp\/v2\/pages\/81312","targetHints":{"allow":["GET"]}}],"collection":[{"href":"https:\/\/www.maglin.com\/fr\/wp-json\/wp\/v2\/pages"}],"about":[{"href":"https:\/\/www.maglin.com\/fr\/wp-json\/wp\/v2\/types\/page"}],"author":[{"embeddable":true,"href":"https:\/\/www.maglin.com\/fr\/wp-json\/wp\/v2\/users\/2"}],"replies":[{"embeddable":true,"href":"https:\/\/www.maglin.com\/fr\/wp-json\/wp\/v2\/comments?post=81312"}],"version-history":[{"count":0,"href":"https:\/\/www.maglin.com\/fr\/wp-json\/wp\/v2\/pages\/81312\/revisions"}],"wp:featuredmedia":[{"embeddable":true,"href":"https:\/\/www.maglin.com\/fr\/wp-json\/wp\/v2\/media\/81095"}],"wp:attachment":[{"href":"https:\/\/www.maglin.com\/fr\/wp-json\/wp\/v2\/media?parent=81312"}],"curies":[{"name":"wp","href":"https:\/\/api.w.org\/{rel}","templated":true}]}}