{"id":80808,"date":"2025-05-27T15:07:45","date_gmt":"2025-05-27T19:07:45","guid":{"rendered":"https:\/\/www.maglin.com\/?page_id=80808"},"modified":"2025-06-03T12:15:58","modified_gmt":"2025-06-03T16:15:58","slug":"enonce-de-developpement-durable","status":"publish","type":"page","link":"https:\/\/www.maglin.com\/fr\/durabilitie\/enonce-de-developpement-durable\/","title":{"rendered":"\u00c9nonc\u00e9 de d\u00e9veloppement durable"},"content":{"rendered":"<div class=\"wpb-content-wrapper\"><p>[vc_row][vc_column]<div class=\"text-pattern\">\n\t<div class=\"text-pattern__container container\">\n\t\t<div class=\"text-pattern__background\">\n\t\t\t<img decoding=\"async\" src=\"https:\/\/www.maglin.com\/app\/themes\/maglin\/images\/corner-accent.svg\" alt=\"\" class=\"text-pattern__image\" aria-hidden=\"true\" \/>\n\t\t<\/div>\n\t\t<div class=\"text-pattern__content\">\n\t\t\t<div class=\"text-pattern__text text-large\">\n\t\t\t\t<\/p>\n<h3 class=\"p1\">Nos designs sont faits pour durer.<\/h3>\n<p class=\"p1\">Chez Maglin, nous comprenons que nos produits font partie int\u00e9grante de l&#8217;environnement naturel et construit. Nous nous soucions des espaces qu&#8217;occupent nos produits et des personnes qui en profiteront pendant des g\u00e9n\u00e9rations.<\/p>\n<p class=\"p1\">Notre engagement en mati\u00e8re de d\u00e9veloppement durable repose sur trois piliers\u2009: <strong>les gens, les lieux<\/strong> et les <strong>produits<\/strong>.<\/p>\n<p>\t\t\t<\/div>\n\t\t<\/div>\n\t<\/div>\n<\/div>\n[\/vc_column][\/vc_row][vc_row][vc_column][alternating_content_container]\t<div class=\"alternating-content-item-wrapper transparent\">\n\t\t<div class=\"container\">\n\t\t\t\t\t\t\t<div class=\"advanced-media alternating-content-item-image start-bg-center\">\n\t\t\t<img fetchpriority=\"high\" decoding=\"async\" src=\"https:\/\/www.maglin.com\/app\/uploads\/2025\/05\/maglin-sustainability_people.jpg\" width=\"1342\" height=\"1006\" alt=\"Two men sitting at computers in an office setting, smiling\"  loading='eager'\/>\n\t\t<\/div>\n\t\t\t\t\t\t<div class=\"alternating-content-item-content-container\">\n\t\t\t\t<div class=\"alternating-content-item-inner\">\n\t\t\t\t\t\t\t\t\t\t\t<h2 class=\"alternating-content-item-heading\">Les gens<\/h2>\n\t\t\t\t\t\t\t\t\t\t\t\t\t\t\t\t\t\t\t\t\t<div class=\"alternating-content-item-content\">\n\t\t\t\t\t\t\t<p class=\"p1\">Chaque action commence par nous. Nous donnons \u00e0 nos \u00e9quipes les moyens de faire des choix responsables gr\u00e2ce \u00e0 la formation, \u00e0 l&#8217;encouragement et aux outils qui leur permettent de concr\u00e9tiser leurs valeurs, au travail et au-del\u00e0.<\/p>\n\t\t\t\t\t\t<\/div>\n\t\t\t\t\t\t\t\t\t\t\t\t\t\t<\/div>\n\t\t\t<\/div>\n\t\t<\/div>\n\t<\/div>\n\t<div class=\"alternating-content-item-wrapper transparent\">\n\t\t<div class=\"container\">\n\t\t\t\t\t\t\t<div class=\"advanced-media alternating-content-item-image start-bg-center\">\n\t\t\t<img decoding=\"async\" src=\"https:\/\/www.maglin.com\/app\/uploads\/2025\/05\/maglin-sustainability_place.jpg\" width=\"1342\" height=\"1006\" alt=\"Zero Waste sticker on office door with Maglin logo on orange wall in background\"  loading='eager'\/>\n\t\t<\/div>\n\t\t\t\t\t\t<div class=\"alternating-content-item-content-container\">\n\t\t\t\t<div class=\"alternating-content-item-inner\">\n\t\t\t\t\t\t\t\t\t\t\t<h2 class=\"alternating-content-item-heading\">Les lieux<\/h2>\n\t\t\t\t\t\t\t\t\t\t\t\t\t\t\t\t\t\t\t\t\t<div class=\"alternating-content-item-content\">\n\t\t\t\t\t\t\t<p class=\"p1\">Notre usine est le lieu o\u00f9 les id\u00e9es prennent forme. Nous sommes d\u00e9termin\u00e9s \u00e0 r\u00e9duire notre consommation d&#8217;\u00e9nergie et d&#8217;eau, et \u00e0 minimiser nos d\u00e9chets dans l&#8217;ensemble de nos activit\u00e9s. En adoptant les principes du \u00ab\u2009z\u00e9ro d\u00e9chet\u2009\u00bb dans notre entrep\u00f4t, nous progressons vers une approche circulaire de la production.<\/p>\n\t\t\t\t\t\t<\/div>\n\t\t\t\t\t\t\t\t\t\t\t\t\t\t<\/div>\n\t\t\t<\/div>\n\t\t<\/div>\n\t<\/div>\n\t<div class=\"alternating-content-item-wrapper transparent\">\n\t\t<div class=\"container\">\n\t\t\t\t\t\t\t<div class=\"advanced-media alternating-content-item-image start-bg-center\">\n\t\t\t<img decoding=\"async\" src=\"https:\/\/www.maglin.com\/app\/uploads\/2025\/05\/maglin-sustainability_product.jpg\" width=\"1342\" height=\"1006\" alt=\"Row of Iconic bike racks on streetscape with cars in background\"  loading='eager'\/>\n\t\t<\/div>\n\t\t\t\t\t\t<div class=\"alternating-content-item-content-container\">\n\t\t\t\t<div class=\"alternating-content-item-inner\">\n\t\t\t\t\t\t\t\t\t\t\t<h2 class=\"alternating-content-item-heading\">Les produits<\/h2>\n\t\t\t\t\t\t\t\t\t\t\t\t\t\t\t\t\t\t\t\t\t<div class=\"alternating-content-item-content\">\n\t\t\t\t\t\t\t<p class=\"p1\">Nos produits refl\u00e8tent qui nous sommes. De l&#8217;approvisionnement des mat\u00e9riaux jusqu&#8217;\u00e0 la fin de vie, nous assumons la responsabilit\u00e9 de leur cycle de vie complet. Les d\u00e9clarations environnementales de produit (DEP), v\u00e9rifi\u00e9es par des tiers, constituent notre feuille de route\u2009: elles quantifient l&#8217;impact, identifient les possibilit\u00e9s d&#8217;am\u00e9lioration et nous engagent \u00e0 rendre des comptes.<\/p>\n\t\t\t\t\t\t<\/div>\n\t\t\t\t\t\t\t\t\t\t\t\t\t\t\t\t<a href=\"https:\/\/www.maglin.com\/fr\/sustainability\/dep\/\" target=\"\" class=\"alternating-content-item-button btn btn-sm btn-primary \" title=\"Environmental Product Declarations\">\n\t\t\t\t\t\t\tEn savoir plus\t\t\t\t\t\t<\/a>\n\t\t\t\t\t\t\t\t\t<\/div>\n\t\t\t<\/div>\n\t\t<\/div>\n\t<\/div>\n[\/alternating_content_container][\/vc_column][\/vc_row][vc_row][vc_column][basic_container]<div class=\"maglin-intro-section\">\n\t<div class=\"maglin-intro-section__text lead-large\">\n\t\tChez Maglin, la durabilit\u00e9 n'est pas un objectif \u00e0 atteindre, mais une pratique en constante \u00e9volution. Nous nous engageons \u00e0 publier des rapports d'avancement, \u00e0 enrichir notre r\u00e9pertoire de DEP et \u00e0 \u00e9tablir des partenariats avec les communaut\u00e9s et nos clients qui partagent notre vision d'un monde r\u00e9silient et ax\u00e9 sur l'humain.\t<\/div>\n\n\t<\/div>\n[\/basic_container][\/vc_column][\/vc_row][vc_row full_width=&#8221;stretch_row_content_no_spaces&#8221;][vc_column]<div class=\"epd-cta\">\n\t<div class=\"epd-cta__container container\">\n\t\t<div class=\"epd-cta__content container\">\n\t\t\t\t\t\t\t<h2 class=\"epd-cta__heading\">\n\t\t\t\t\tConsulter notre plus r\u00e9cent rapport sur le d\u00e9veloppement durable\t\t\t\t<\/h2>\n\t\t\t\n\t\t\t\t\t\t\t<div class=\"epd-cta__description\">\n\t\t\t\t\t<p class=\"p1\">Souhaitez-vous en savoir plus \u00e0 propos du<span class=\"Apple-converted-space\">\u00a0 <\/span>d\u00e9veloppement durable chez Maglin\u2009? Notre dernier rapport pr\u00e9sente les mesures que nous avons prises, les donn\u00e9es que nous suivons et les objectifs que nous nous sommes fix\u00e9s quant \u00e0 nos piliers\u00a0: les gens, les lieux et les produits.<\/p>\t\t\t\t<\/div>\n\t\t\t\n\t\t\t\t\t\t\t<a href=\"https:\/\/www.maglin.com\/app\/uploads\/2025\/05\/2023-24-Maglin-Sustainability-Brochure.pdf\" target=\"_blank\" class=\"btn btn-sm btn-light btn-inverse\">\n\t\t\t\t\tConsulter la brochure\t\t\t\t<\/a>\n\t\t\t\t\t\t<svg class=\"epd-cta__accent--mobile\" width=\"328\" height=\"258\" viewBox=\"0 0 328 258\" fill=\"none\" xmlns=\"http:\/\/www.w3.org\/2000\/svg\">\n\t\t\t\t<g clip-path=\"url(#clip0_1968_17)\">\n\t\t\t\t\t<g opacity=\"0.2\">\n\t\t\t\t\t\t<rect x=\"285.672\" y=\"-307.04\" width=\"41.9504\" height=\"409.711\" rx=\"20.9752\" stroke=\"white\" stroke-width=\"0.484653\"\/>\n\t\t\t\t\t\t<rect x=\"196.355\" y=\"-233.161\" width=\"41.9504\" height=\"409.711\" rx=\"20.9752\" stroke=\"white\" stroke-width=\"0.484653\"\/>\n\t\t\t\t\t\t<rect x=\"107.038\" y=\"-62.2455\" width=\"41.9504\" height=\"164.917\" rx=\"20.9752\" stroke=\"white\" stroke-width=\"0.484653\"\/>\n\t\t\t\t\t\t<rect x=\"17.7209\" y=\"11.6337\" width=\"41.9504\" height=\"245.993\" rx=\"20.9752\" stroke=\"white\" stroke-width=\"0.484653\"\/>\n\t\t\t\t\t<\/g>\n\t\t\t\t<\/g>\n\t\t\t\t<defs>\n\t\t\t\t\t<clipPath id=\"clip0_1968_17\">\n\t\t\t\t\t\t<rect width=\"328\" height=\"258\" fill=\"white\"\/>\n\t\t\t\t\t<\/clipPath>\n\t\t\t\t<\/defs>\n\t\t\t<\/svg>\n\t\t<\/div>\n\t\t<div class=\"epd-cta__media media-curve-top-left\">\n\t\t\t<div class=\"advanced-media \">\n\t\t\t<img decoding=\"async\" src=\"https:\/\/www.maglin.com\/app\/uploads\/2024\/08\/maglin-fava-tma-wood-reseda-green-stratford-bridge.jpg\" width=\"1200\" height=\"800\" alt=\"Maglin Fava Cluster Seating picnic table sits on the grass next to a river. There is a quaint bridge in the background as well as a pastel blue 720 Chair and people walking dogs on a path in the background as well.\"  loading='eager'\/>\n\t\t<\/div>\n\t\t\t\t\t<\/div>\n\t<\/div>\n\t<svg class=\"epd-cta__accent width=\"619\" height=\"758\" viewBox=\"0 0 619 758\" fill=\"none\" xmlns=\"http:\/\/www.w3.org\/2000\/svg\">\n\t\t<g opacity=\"0.2\">\n\t\t<rect x=\"531.663\" y=\"-408.5\" width=\"86.5577\" height=\"845.371\" rx=\"43.2789\" stroke=\"white\"\/>\n\t\t<rect x=\"347.373\" y=\"-256.062\" width=\"86.5577\" height=\"845.371\" rx=\"43.2789\" stroke=\"white\"\/>\n\t\t<rect x=\"163.082\" y=\"96.5923\" width=\"86.5577\" height=\"340.279\" rx=\"43.2789\" stroke=\"white\"\/>\n\t\t<rect x=\"-21.209\" y=\"249.03\" width=\"86.5577\" height=\"507.565\" rx=\"43.2789\" stroke=\"white\"\/>\n\t\t<\/g>\n\t<\/svg>\n<\/div>[\/vc_column][\/vc_row][vc_row][vc_column][vc_column_text]<\/p>\n<p>[\/vc_column_text][\/vc_column][\/vc_row]<\/p>\n<\/div>","protected":false},"excerpt":{"rendered":"<p>[vc_row][vc_column][\/vc_column][\/vc_row][vc_row][vc_column][alternating_content_container][\/alternating_content_container][\/vc_column][\/vc_row][vc_row][vc_column][basic_container][\/basic_container][\/vc_column][\/vc_row][vc_row full_width=&#8221;stretch_row_content_no_spaces&#8221;][vc_column][\/vc_column][\/vc_row][vc_row][vc_column][vc_column_text]<\/p>\n<p>[\/vc_column_text][\/vc_column][\/vc_row]<\/p>\n","protected":false},"author":2,"featured_media":80806,"parent":81315,"menu_order":260,"comment_status":"closed","ping_status":"closed","template":"","meta":{"_acf_changed":false,"footnotes":""},"class_list":["post-80808","page","type-page","status-publish","has-post-thumbnail","hentry"],"acf":[],"yoast_head":"<!-- This site is optimized with the Yoast SEO plugin v26.6 - https:\/\/yoast.com\/wordpress\/plugins\/seo\/ -->\n<title>\u00c9nonc\u00e9 de d\u00e9veloppement durable - Maglin<\/title>\n<meta name=\"description\" content=\"C\u2019est en utilisant des mat\u00e9riaux recycl\u00e9s de qualit\u00e9 sup\u00e9rieure, du bois de for\u00eats g\u00e9r\u00e9es, des rev\u00eatements \u00e9lectrophor\u00e9tiques sans plomb et des rev\u00eatements en poudre sans solvant que Maglin produit du mobilier urbain distinctif, qui atteint ou d\u00e9passe les objectifs de durabilit\u00e9 environnementale.\" \/>\n<meta name=\"robots\" content=\"index, follow, max-snippet:-1, max-image-preview:large, max-video-preview:-1\" \/>\n<link rel=\"canonical\" href=\"https:\/\/www.maglin.com\/fr\/durabilitie\/enonce-de-developpement-durable\/\" \/>\n<meta property=\"og:locale\" content=\"fr_FR\" \/>\n<meta property=\"og:type\" content=\"article\" \/>\n<meta property=\"og:title\" content=\"\u00c9nonc\u00e9 de d\u00e9veloppement durable - Maglin\" \/>\n<meta property=\"og:description\" content=\"C\u2019est en utilisant des mat\u00e9riaux recycl\u00e9s de qualit\u00e9 sup\u00e9rieure, du bois de for\u00eats g\u00e9r\u00e9es, des rev\u00eatements \u00e9lectrophor\u00e9tiques sans plomb et des rev\u00eatements en poudre sans solvant que Maglin produit du mobilier urbain distinctif, qui atteint ou d\u00e9passe les objectifs de durabilit\u00e9 environnementale.\" \/>\n<meta property=\"og:url\" content=\"https:\/\/www.maglin.com\/fr\/durabilitie\/enonce-de-developpement-durable\/\" \/>\n<meta property=\"og:site_name\" content=\"Maglin\" \/>\n<meta property=\"article:publisher\" content=\"https:\/\/www.facebook.com\/MaglinFurniture\/\" \/>\n<meta property=\"article:modified_time\" content=\"2025-06-03T16:15:58+00:00\" \/>\n<meta property=\"og:image\" content=\"https:\/\/www.maglin.com\/app\/uploads\/2025\/05\/maglin-sustainability-statement_main.jpg\" \/>\n\t<meta property=\"og:image:width\" content=\"2880\" \/>\n\t<meta property=\"og:image:height\" content=\"1552\" \/>\n\t<meta property=\"og:image:type\" content=\"image\/jpeg\" \/>\n<meta name=\"twitter:card\" content=\"summary_large_image\" \/>\n<meta name=\"twitter:site\" content=\"@maglinfurniture\" \/>\n<meta name=\"twitter:label1\" content=\"Est. reading time\" \/>\n\t<meta name=\"twitter:data1\" content=\"2 minutes\" \/>\n<script type=\"application\/ld+json\" class=\"yoast-schema-graph\">{\"@context\":\"https:\/\/schema.org\",\"@graph\":[{\"@type\":\"WebPage\",\"@id\":\"https:\/\/www.maglin.com\/fr\/durabilitie\/enonce-de-developpement-durable\/\",\"url\":\"https:\/\/www.maglin.com\/fr\/durabilitie\/enonce-de-developpement-durable\/\",\"name\":\"\u00c9nonc\u00e9 de d\u00e9veloppement durable - Maglin\",\"isPartOf\":{\"@id\":\"https:\/\/www.maglin.com\/fr\/#website\"},\"primaryImageOfPage\":{\"@id\":\"https:\/\/www.maglin.com\/fr\/durabilitie\/enonce-de-developpement-durable\/#primaryimage\"},\"image\":{\"@id\":\"https:\/\/www.maglin.com\/fr\/durabilitie\/enonce-de-developpement-durable\/#primaryimage\"},\"thumbnailUrl\":\"https:\/\/www.maglin.com\/app\/uploads\/2025\/05\/maglin-sustainability-statement_main.jpg\",\"datePublished\":\"2025-05-27T19:07:45+00:00\",\"dateModified\":\"2025-06-03T16:15:58+00:00\",\"description\":\"C\u2019est en utilisant des mat\u00e9riaux recycl\u00e9s de qualit\u00e9 sup\u00e9rieure, du bois de for\u00eats g\u00e9r\u00e9es, des rev\u00eatements \u00e9lectrophor\u00e9tiques sans plomb et des rev\u00eatements en poudre sans solvant que Maglin produit du mobilier urbain distinctif, qui atteint ou d\u00e9passe les objectifs de durabilit\u00e9 environnementale.\",\"breadcrumb\":{\"@id\":\"https:\/\/www.maglin.com\/fr\/durabilitie\/enonce-de-developpement-durable\/#breadcrumb\"},\"inLanguage\":\"fr-FR\",\"potentialAction\":[{\"@type\":\"ReadAction\",\"target\":[\"https:\/\/www.maglin.com\/fr\/durabilitie\/enonce-de-developpement-durable\/\"]}]},{\"@type\":\"ImageObject\",\"inLanguage\":\"fr-FR\",\"@id\":\"https:\/\/www.maglin.com\/fr\/durabilitie\/enonce-de-developpement-durable\/#primaryimage\",\"url\":\"https:\/\/www.maglin.com\/app\/uploads\/2025\/05\/maglin-sustainability-statement_main.jpg\",\"contentUrl\":\"https:\/\/www.maglin.com\/app\/uploads\/2025\/05\/maglin-sustainability-statement_main.jpg\",\"width\":2880,\"height\":1552,\"caption\":\"Maglin pond with red tree and blue skies and Maglin head office in distance\"},{\"@type\":\"BreadcrumbList\",\"@id\":\"https:\/\/www.maglin.com\/fr\/durabilitie\/enonce-de-developpement-durable\/#breadcrumb\",\"itemListElement\":[{\"@type\":\"ListItem\",\"position\":1,\"name\":\"Accueil\",\"item\":\"https:\/\/www.maglin.com\/fr\/\"},{\"@type\":\"ListItem\",\"position\":2,\"name\":\"Durabilit\u00e9\",\"item\":\"https:\/\/www.maglin.com\/fr\/durabilitie\/\"},{\"@type\":\"ListItem\",\"position\":3,\"name\":\"\u00c9nonc\u00e9 de d\u00e9veloppement durable\"}]},{\"@type\":\"WebSite\",\"@id\":\"https:\/\/www.maglin.com\/fr\/#website\",\"url\":\"https:\/\/www.maglin.com\/fr\/\",\"name\":\"Maglin\",\"description\":\"Site Furniture\",\"potentialAction\":[{\"@type\":\"SearchAction\",\"target\":{\"@type\":\"EntryPoint\",\"urlTemplate\":\"https:\/\/www.maglin.com\/fr\/?s={search_term_string}\"},\"query-input\":{\"@type\":\"PropertyValueSpecification\",\"valueRequired\":true,\"valueName\":\"search_term_string\"}}],\"inLanguage\":\"fr-FR\"}]}<\/script>\n<!-- \/ Yoast SEO plugin. -->","yoast_head_json":{"title":"\u00c9nonc\u00e9 de d\u00e9veloppement durable - Maglin","description":"C\u2019est en utilisant des mat\u00e9riaux recycl\u00e9s de qualit\u00e9 sup\u00e9rieure, du bois de for\u00eats g\u00e9r\u00e9es, des rev\u00eatements \u00e9lectrophor\u00e9tiques sans plomb et des rev\u00eatements en poudre sans solvant que Maglin produit du mobilier urbain distinctif, qui atteint ou d\u00e9passe les objectifs de durabilit\u00e9 environnementale.","robots":{"index":"index","follow":"follow","max-snippet":"max-snippet:-1","max-image-preview":"max-image-preview:large","max-video-preview":"max-video-preview:-1"},"canonical":"https:\/\/www.maglin.com\/fr\/durabilitie\/enonce-de-developpement-durable\/","og_locale":"fr_FR","og_type":"article","og_title":"\u00c9nonc\u00e9 de d\u00e9veloppement durable - Maglin","og_description":"C\u2019est en utilisant des mat\u00e9riaux recycl\u00e9s de qualit\u00e9 sup\u00e9rieure, du bois de for\u00eats g\u00e9r\u00e9es, des rev\u00eatements \u00e9lectrophor\u00e9tiques sans plomb et des rev\u00eatements en poudre sans solvant que Maglin produit du mobilier urbain distinctif, qui atteint ou d\u00e9passe les objectifs de durabilit\u00e9 environnementale.","og_url":"https:\/\/www.maglin.com\/fr\/durabilitie\/enonce-de-developpement-durable\/","og_site_name":"Maglin","article_publisher":"https:\/\/www.facebook.com\/MaglinFurniture\/","article_modified_time":"2025-06-03T16:15:58+00:00","og_image":[{"width":2880,"height":1552,"url":"https:\/\/www.maglin.com\/app\/uploads\/2025\/05\/maglin-sustainability-statement_main.jpg","type":"image\/jpeg"}],"twitter_card":"summary_large_image","twitter_site":"@maglinfurniture","twitter_misc":{"Est. reading time":"2 minutes"},"schema":{"@context":"https:\/\/schema.org","@graph":[{"@type":"WebPage","@id":"https:\/\/www.maglin.com\/fr\/durabilitie\/enonce-de-developpement-durable\/","url":"https:\/\/www.maglin.com\/fr\/durabilitie\/enonce-de-developpement-durable\/","name":"\u00c9nonc\u00e9 de d\u00e9veloppement durable - Maglin","isPartOf":{"@id":"https:\/\/www.maglin.com\/fr\/#website"},"primaryImageOfPage":{"@id":"https:\/\/www.maglin.com\/fr\/durabilitie\/enonce-de-developpement-durable\/#primaryimage"},"image":{"@id":"https:\/\/www.maglin.com\/fr\/durabilitie\/enonce-de-developpement-durable\/#primaryimage"},"thumbnailUrl":"https:\/\/www.maglin.com\/app\/uploads\/2025\/05\/maglin-sustainability-statement_main.jpg","datePublished":"2025-05-27T19:07:45+00:00","dateModified":"2025-06-03T16:15:58+00:00","description":"C\u2019est en utilisant des mat\u00e9riaux recycl\u00e9s de qualit\u00e9 sup\u00e9rieure, du bois de for\u00eats g\u00e9r\u00e9es, des rev\u00eatements \u00e9lectrophor\u00e9tiques sans plomb et des rev\u00eatements en poudre sans solvant que Maglin produit du mobilier urbain distinctif, qui atteint ou d\u00e9passe les objectifs de durabilit\u00e9 environnementale.","breadcrumb":{"@id":"https:\/\/www.maglin.com\/fr\/durabilitie\/enonce-de-developpement-durable\/#breadcrumb"},"inLanguage":"fr-FR","potentialAction":[{"@type":"ReadAction","target":["https:\/\/www.maglin.com\/fr\/durabilitie\/enonce-de-developpement-durable\/"]}]},{"@type":"ImageObject","inLanguage":"fr-FR","@id":"https:\/\/www.maglin.com\/fr\/durabilitie\/enonce-de-developpement-durable\/#primaryimage","url":"https:\/\/www.maglin.com\/app\/uploads\/2025\/05\/maglin-sustainability-statement_main.jpg","contentUrl":"https:\/\/www.maglin.com\/app\/uploads\/2025\/05\/maglin-sustainability-statement_main.jpg","width":2880,"height":1552,"caption":"Maglin pond with red tree and blue skies and Maglin head office in distance"},{"@type":"BreadcrumbList","@id":"https:\/\/www.maglin.com\/fr\/durabilitie\/enonce-de-developpement-durable\/#breadcrumb","itemListElement":[{"@type":"ListItem","position":1,"name":"Accueil","item":"https:\/\/www.maglin.com\/fr\/"},{"@type":"ListItem","position":2,"name":"Durabilit\u00e9","item":"https:\/\/www.maglin.com\/fr\/durabilitie\/"},{"@type":"ListItem","position":3,"name":"\u00c9nonc\u00e9 de d\u00e9veloppement durable"}]},{"@type":"WebSite","@id":"https:\/\/www.maglin.com\/fr\/#website","url":"https:\/\/www.maglin.com\/fr\/","name":"Maglin","description":"Site Furniture","potentialAction":[{"@type":"SearchAction","target":{"@type":"EntryPoint","urlTemplate":"https:\/\/www.maglin.com\/fr\/?s={search_term_string}"},"query-input":{"@type":"PropertyValueSpecification","valueRequired":true,"valueName":"search_term_string"}}],"inLanguage":"fr-FR"}]}},"_links":{"self":[{"href":"https:\/\/www.maglin.com\/fr\/wp-json\/wp\/v2\/pages\/80808","targetHints":{"allow":["GET"]}}],"collection":[{"href":"https:\/\/www.maglin.com\/fr\/wp-json\/wp\/v2\/pages"}],"about":[{"href":"https:\/\/www.maglin.com\/fr\/wp-json\/wp\/v2\/types\/page"}],"author":[{"embeddable":true,"href":"https:\/\/www.maglin.com\/fr\/wp-json\/wp\/v2\/users\/2"}],"replies":[{"embeddable":true,"href":"https:\/\/www.maglin.com\/fr\/wp-json\/wp\/v2\/comments?post=80808"}],"version-history":[{"count":0,"href":"https:\/\/www.maglin.com\/fr\/wp-json\/wp\/v2\/pages\/80808\/revisions"}],"up":[{"embeddable":true,"href":"https:\/\/www.maglin.com\/fr\/wp-json\/wp\/v2\/pages\/81315"}],"wp:featuredmedia":[{"embeddable":true,"href":"https:\/\/www.maglin.com\/fr\/wp-json\/wp\/v2\/media\/80806"}],"wp:attachment":[{"href":"https:\/\/www.maglin.com\/fr\/wp-json\/wp\/v2\/media?parent=80808"}],"curies":[{"name":"wp","href":"https:\/\/api.w.org\/{rel}","templated":true}]}}