{"id":51923,"date":"2023-06-27T08:59:42","date_gmt":"2023-06-27T12:59:42","guid":{"rendered":"https:\/\/www.maglin.com\/?page_id=51923"},"modified":"2025-06-05T18:02:30","modified_gmt":"2025-06-05T22:02:30","slug":"dep","status":"publish","type":"page","link":"https:\/\/www.maglin.com\/fr\/durabilitie\/dep\/","title":{"rendered":"D\u00e9clarations environnementales de produits"},"content":{"rendered":"<div class=\"wpb-content-wrapper\"><p>[vc_row][vc_column]<div class=\"text-pattern\">\n\t<div class=\"text-pattern__container container\">\n\t\t<div class=\"text-pattern__background\">\n\t\t\t<img decoding=\"async\" src=\"https:\/\/www.maglin.com\/app\/themes\/maglin\/images\/corner-accent.svg\" alt=\"\" class=\"text-pattern__image\" aria-hidden=\"true\" \/>\n\t\t<\/div>\n\t\t<div class=\"text-pattern__content\">\n\t\t\t<div class=\"text-pattern__text text-large\">\n\t\t\t\t<\/p>\n<h3>Un design fond\u00e9 sur des donn\u00e9es. Des sp\u00e9cifications d\u00e9termin\u00e9es avec confiance.<\/h3>\n<p>La cr\u00e9ation d&#8217;espaces ext\u00e9rieurs r\u00e9silients commence par des informations fiables. C&#8217;est pourquoi Maglin propose des d\u00e9clarations environnementales de produit pour toutes ses collections, dont les bancs, les supports \u00e0 v\u00e9los, les tables et les si\u00e8ges, les poubelles et les bacs de recyclage, ainsi que les produits modulaires\t\t\t<\/div>\n\t\t<\/div>\n\t<\/div>\n<\/div>\n[\/vc_column][\/vc_row][vc_row][vc_column]<div class=\"animated-spaces animated-spaces__container container\">\n\t<div class=\"animated-spaces__wrapper\">\n\t\t<div class=\"animated-spaces__hero background-image-loading media-curve-top-left large-curve\" style=\"background-image: url('https:\/\/www.maglin.com\/app\/uploads\/2025\/05\/resources-sustainability-statement.jpg');\">\n\t\t\t<div class=\"animated-spaces__hero__overlay\"><\/div>\n\t\t\t<div class=\"animated-spaces__image-content\">\n\t\t\t\t\t\t\t\t\t<h2 id=\"video-modal-1092382347-label\" class=\"animated-spaces__title\">Les DEP chez Maglin<\/h2>\n\t\t\t\t\n\t\t\t\t\t\t\t\t\t<button type=\"button\" class=\"btn btn-sm animated-spaces__video-btn\" data-bs-toggle=\"modal\" data-bs-target=\"#video-modal-1092382347\">\n\t\t\t\t\t\t<span class=\"icon icon-play_circle_outline\"><\/span> VOIR LA VID\u00c9O\t\t\t\t\t<\/button>\n\t\t\t\t\t\t\t<\/div>\n\t\t<\/div>\n\n\t\t<div class=\"animated-spaces__description text-regular\">\n\t\t\t<hr\/>\n\t\t\t<p>Ces documents v\u00e9rifi\u00e9s par une tierce partie donnent un aper\u00e7u clair et quantifiable de l&#8217;impact environnemental d&#8217;un produit, de son approvisionnement en mati\u00e8res premi\u00e8res jusqu&#8217;\u00e0 sa fin de vie. Que vous conceviez un parc, un campus ou un am\u00e9nagement urbain r\u00e9silient, les DEP vous fournissent les donn\u00e9es n\u00e9cessaires pour faire des choix plus \u00e9clair\u00e9s et responsables.<\/p>\n\t\t<\/div>\n\t\t<div class=\"animated-spaces__outline media-curve-bottom-left large-curve\"><\/div>\n\n\t\t<div class=\"modal fade animated-spaces__modal\" id=\"video-modal-1092382347\" tabindex=\"-1\" aria-labelledby=\"video-modal-1092382347-label\" aria-hidden=\"true\">\n\t\t\t<div class=\"modal-dialog modal-xl modal-dialog-centered\">\n\t\t\t\t<div class=\"modal-content\">\n\t\t\t\t\t<button type=\"button\" class=\"close\" data-bs-dismiss=\"modal\" aria-label=\"Fermer\">\n\t\t\t\t\t\t<span class=\"icon icon-close\"><\/span>\n\t\t\t\t\t<\/button>\n\t\t\t\t\t<div class=\"modal-body\">\n\t\t\t\t\t\t<div class=\"responsive-video-container\">\n\t\t\t\t\t\t\t<iframe src=\"https:\/\/player.vimeo.com\/video\/839864813?autoplay=0\" loading=\"lazy\"\n\t\t\t\t\t\t\t\tframeborder=\"0\"\n\t\t\t\t\t\t\t\tallow=\"autoplay; fullscreen\"\n\t\t\t\t\t\t\t\tallowfullscreen\n\t\t\t\t\t\t\t\ttitle=\"Les DEP chez Maglin\">\n\t\t\t\t\t\t\t<\/iframe>\n\t\t\t\t\t\t<\/div>\n\t\t\t\t\t<\/div>\n\t\t\t\t<\/div>\n\t\t\t<\/div>\n\t\t<\/div>\n\t<\/div>\n<\/div>\n[\/vc_column][\/vc_row][vc_row][vc_column][basic_container container_size=&#8221;container-fluid&#8221;]\t<div class=\"alternating-content-item-wrapper transparent\">\n\t\t<div class=\"container\">\n\t\t\t\t\t\t\t<div class=\"advanced-media alternating-content-item-image start-bg-center\">\n\t\t\t<img fetchpriority=\"high\" decoding=\"async\" src=\"https:\/\/www.maglin.com\/app\/uploads\/2025\/05\/maglin-sustainability-epd-stack.jpg\" width=\"1342\" height=\"1006\" alt=\"Stack of EPD briefs on dark green background\"  loading='eager'\/>\n\t\t<\/div>\n\t\t\t\t\t\t<div class=\"alternating-content-item-content-container\">\n\t\t\t\t<div class=\"alternating-content-item-inner\">\n\t\t\t\t\t\t\t\t\t\t\t<h2 class=\"alternating-content-item-heading\">Qu\u2019est-ce qu\u2019une DEP ?<\/h2>\n\t\t\t\t\t\t\t\t\t\t\t\t\t\t\t\t\t\t\t\t\t<div class=\"alternating-content-item-content\">\n\t\t\t\t\t\t\t<p>Une d\u00e9claration environnementale de produit (DEP) est un rapport standardis\u00e9 et v\u00e9rifi\u00e9 de mani\u00e8re ind\u00e9pendante qui quantifie la performance environnementale d&#8217;un produit tout au long de son cycle de vie.<\/p>\n<p>Les DEP de Maglin sont v\u00e9rifi\u00e9es conform\u00e9ment \u00e0 la norme ISO 14025:2006 et \u00e9labor\u00e9es \u00e0 l&#8217;aide d&#8217;analyses du cycle de vie (ACV) rigoureuses. Cela garantit l&#8217;exactitude, la cr\u00e9dibilit\u00e9 et la reconnaissance mondiale des donn\u00e9es, vous permettant ainsi de les utiliser en toute confiance.<\/p>\n<p>Les DEP sont en quelque sorte l&#8217;\u00e9quivalent des <strong>\u00e9tiquettes nutritionnelles<\/strong> pour les produits de conception durable: claires, uniformes et contenant toutes les informations importantes.<\/p>\n\t\t\t\t\t\t<\/div>\n\t\t\t\t\t\t\t\t\t\t\t\t\t\t<\/div>\n\t\t\t<\/div>\n\t\t<\/div>\n\t<\/div>\n\t<div class=\"alternating-content-item-wrapper transparent\">\n\t\t<div class=\"container\">\n\t\t\t\t\t\t\t<div class=\"advanced-media alternating-content-item-image start-bg-center\">\n\t\t\t<img decoding=\"async\" src=\"https:\/\/www.maglin.com\/app\/uploads\/2022\/01\/warehouse-products.jpg\" width=\"1270\" height=\"720\" alt=\"Maglin warehouse full of site furniture products\"  loading='eager'\/>\n\t\t<\/div>\n\t\t\t\t\t\t<div class=\"alternating-content-item-content-container\">\n\t\t\t\t<div class=\"alternating-content-item-inner\">\n\t\t\t\t\t\t\t\t\t\t\t<h2 class=\"alternating-content-item-heading\">Pourquoi les DEP comptent-elles pour vos projets ?<\/h2>\n\t\t\t\t\t\t\t\t\t\t\t\t\t\t\t\t\t\t\t\t\t<div class=\"alternating-content-item-content\">\n\t\t\t\t\t\t\t<ul>\n<li>Soutenir les certifications de b\u00e2timents \u00e9cologiques<br \/>\nLes DEP peuvent contribuer \u00e0 l&#8217;obtention de points dans le cadre de programmes comme LEED\u00ae, SITES\u00ae, BREEAM\u00ae et Green Globes\u2122, entre autres.<\/li>\n<li>R\u00e9duire le carbone intrins\u00e8que<br \/>\nComparez les mat\u00e9riaux entre les produits et les fabricants pour choisir les options qui correspondent aux objectifs de durabilit\u00e9 de votre projet.<\/li>\n<li>Prot\u00e9ger les sp\u00e9cifications<br \/>\nL&#8217;inclusion des DEP dans votre documentation permet de s&#8217;assurer que les produits choisis ne sont pas remplac\u00e9s par des alternatives non conformes aux normes.<\/li>\n<li>Rationaliser les calculs de carbone<br \/>\nUtilisez les donn\u00e9es des DEP dans les calculateurs de carbone pour estimer l&#8217;empreinte carbone totale d&#8217;un projet et prendre des d\u00e9cisions de conception proactives.<\/li>\n<\/ul>\n\t\t\t\t\t\t<\/div>\n\t\t\t\t\t\t\t\t\t\t\t\t\t\t<\/div>\n\t\t\t<\/div>\n\t\t<\/div>\n\t<\/div>\n\t<div class=\"alternating-content-item-wrapper transparent\">\n\t\t<div class=\"container\">\n\t\t\t\t\t\t\t<div class=\"advanced-media alternating-content-item-image start-bg-center\">\n\t\t\t<img decoding=\"async\" src=\"https:\/\/www.maglin.com\/app\/uploads\/2020\/10\/Environmental-1.jpg\" width=\"2000\" height=\"1780\" alt=\"Pond with tall grasses and trees surounding\"  loading='eager'\/>\n\t\t<\/div>\n\t\t\t\t\t\t<div class=\"alternating-content-item-content-container\">\n\t\t\t\t<div class=\"alternating-content-item-inner\">\n\t\t\t\t\t\t\t\t\t\t\t<h2 class=\"alternating-content-item-heading\">L\u2019engagement de Maglin<\/h2>\n\t\t\t\t\t\t\t\t\t\t\t\t\t\t\t\t\t\t\t\t\t<div class=\"alternating-content-item-content\">\n\t\t\t\t\t\t\t<p>Chez Maglin, nous croyons que la transparence favorise de meilleurs r\u00e9sultats pour les personnes, les lieux et la plan\u00e8te. Alors que nous continuons \u00e0 \u00e9tendre nos gammes de produits, notre r\u00e9pertoire de DEP s&#8217;enrichit parall\u00e8lement, vous fournissant les donn\u00e9es dont vous avez besoin pour concevoir des espaces r\u00e9silients et magnifiques.<\/p>\n<h3>Sp\u00e9cifiez avec confiance. Comparez en toute transparence.<\/h3>\n\t\t\t\t\t\t<\/div>\n\t\t\t\t\t\t\t\t\t\t\t\t\t\t\t\t<a href=\"https:\/\/www.maglin.com\/fr\/ressources\/donnees-produits\/#!page=1&search=DEP\" target=\"\" class=\"alternating-content-item-button btn btn-sm btn-primary \" title=\"Explorer les DEP\">\n\t\t\t\t\t\t\tConsultez notre biblioth\u00e8que DEP\t\t\t\t\t\t<\/a>\n\t\t\t\t\t\t\t\t\t<\/div>\n\t\t\t<\/div>\n\t\t<\/div>\n\t<\/div>\n[\/basic_container][\/vc_column][\/vc_row][vc_row][vc_column]<div class=\"clearfix global-margin-y\"><\/div>[\/vc_column][\/vc_row][vc_row full_width=&#8221;stretch_row_content_no_spaces&#8221;][vc_column]<div class=\"templatera_shortcode\"><div data-vc-full-width=\"true\" data-vc-full-width-init=\"false\" data-vc-stretch-content=\"true\" class=\"vc_row wpb_row vc_row-fluid vc_row-no-padding\"><div class=\"wpb_column vc_column_container vc_col-sm-12\"><div class=\"vc_column-inner\"><div class=\"wpb_wrapper\"><div class=\"media-banner media-curve-bottom-right large-curve with-video\">\n\t\t<div class=\"media-banner__container container\">\n\t\t<div class=\"media-banner__content\">\n\t\t\t\t\t\t\t<h2 class=\"media-banner__heading h1\">\n\t\t\t\t\tContactez-nous d\u00e8s aujourd\u2019hui\t\t\t\t<\/h2>\n\t\t\t\t\t\t\t\t\t\t<div class=\"media-banner__description text-large\">\n\t\t\t\t\t<p>Votre repr\u00e9sentant Maglin local est \u00e0 votre disposition pour vous aider avec vos projets et r\u00e9pondre \u00e0 toutes vos questions \u00e0 propos de l\u2019installation ou des produits.<\/p>\t\t\t\t<\/div>\n\t\t\t\t\t\t\t\t\t\t<div class=\"media-banner__button\">\n\t\t\t\t\t<a href=\"https:\/\/www.maglin.com\/fr\/contact\/\" class=\"btn btn-inverse btn-light\" target=\"\">\n\t\t\t\t\t\tContactez-nous\t\t\t\t\t<\/a>\n\t\t\t\t<\/div>\n\t\t\t\t\t<\/div>\n\t<\/div>\n\t<div class=\"advanced-media media-banner__media\">\n\t\t\t\t<div class=\"vimeo-bg-video-wrapper\">\n\t\t\t<div class=\"vimeo-video-controls\">\n\t\t\t\t<button class=\"vimeo-video-control vimeo-video-control-play d-none\">\n\t\t\t\t\t<span class=\"vimeo-video-control-icon icon-play\"><\/span>\n\t\t\t\t\t<span class=\"video-control-text sr-only\">Jouer la vid\u00e9o<\/span>\n\t\t\t\t<\/button>\n\t\t\t\t<button class=\"vimeo-video-control vimeo-video-control-pause\">\n\t\t\t\t\t<span class=\"vimeo-video-control-icon icon-pause\"><\/span>\n\t\t\t\t\t<span class=\"video-control-text sr-only\">Mettre la vid\u00e9o en pause<\/span>\n\t\t\t\t<\/button>\n\t\t\t<\/div>\n\t\t\t<iframe\n\t\t\t\tsrc=\"https:\/\/player.vimeo.com\/video\/1020649282?background=1&autoplay=0&loop=1&muted=1&playsinline=1\"\n\t\t\t\tloading=\"lazy\"\n\t\t\t\t\t\t\t\ttitle=\"Vimeo video\"\n\t\t\t\twidth=\"100%\"\n\t\t\t\theight=\"100%\"\n\t\t\t\tframeborder=\"0\"\n\t\t\t\tallowfullscreen>\n\t\t\t<\/iframe>\n\t\t<\/div>\n\t<\/div>\n<\/div><\/div><\/div><\/div><\/div><div class=\"vc_row-full-width vc_clearfix\"><\/div><\/div>[\/vc_column][\/vc_row]<\/p>\n<\/div>","protected":false},"excerpt":{"rendered":"Un design fond\u00e9 sur des donn\u00e9es. Des sp\u00e9cifications d\u00e9termin\u00e9es avec confiance. La cr\u00e9ation d'espaces ext\u00e9rieurs r\u00e9silients commence par des informations fiables. C'est pourquoi Maglin propose des d\u00e9clarations environnementales de produit pour toutes ses collections, dont les bancs, les supports \u00e0 v\u00e9los, les tables et les si\u00e8ges, les poubelles et les bacs de recyclage, ainsi que [...]","protected":false},"author":2,"featured_media":81021,"parent":81315,"menu_order":0,"comment_status":"closed","ping_status":"closed","template":"","meta":{"_acf_changed":false,"footnotes":""},"class_list":["post-51923","page","type-page","status-publish","has-post-thumbnail","hentry"],"acf":[],"yoast_head":"<!-- This site is optimized with the Yoast SEO plugin v26.6 - https:\/\/yoast.com\/wordpress\/plugins\/seo\/ -->\n<title>D\u00e9clarations environnementales de produits - Maglin<\/title>\n<meta name=\"description\" content=\"Maglin estime que les DEP joueront un r\u00f4le d\u00e9terminant en nous aidant - et en vous aidant - \u00e0 faire des choix \u00e9clair\u00e9s.\" \/>\n<meta name=\"robots\" content=\"index, follow, max-snippet:-1, max-image-preview:large, max-video-preview:-1\" \/>\n<link rel=\"canonical\" href=\"https:\/\/www.maglin.com\/fr\/durabilitie\/dep\/\" \/>\n<meta property=\"og:locale\" content=\"fr_FR\" \/>\n<meta property=\"og:type\" content=\"article\" \/>\n<meta property=\"og:title\" content=\"D\u00e9clarations environnementales de produits - Maglin\" \/>\n<meta property=\"og:description\" content=\"Maglin estime que les DEP joueront un r\u00f4le d\u00e9terminant en nous aidant - et en vous aidant - \u00e0 faire des choix \u00e9clair\u00e9s.\" \/>\n<meta property=\"og:url\" content=\"https:\/\/www.maglin.com\/fr\/durabilitie\/dep\/\" \/>\n<meta property=\"og:site_name\" content=\"Maglin\" \/>\n<meta property=\"article:publisher\" content=\"https:\/\/www.facebook.com\/MaglinFurniture\/\" \/>\n<meta property=\"article:modified_time\" content=\"2025-06-05T22:02:30+00:00\" \/>\n<meta property=\"og:image\" content=\"https:\/\/www.maglin.com\/app\/uploads\/2025\/05\/maglin-sustainability-epd-hero-1.jpg\" \/>\n\t<meta property=\"og:image:width\" content=\"2880\" \/>\n\t<meta property=\"og:image:height\" content=\"1552\" \/>\n\t<meta property=\"og:image:type\" content=\"image\/jpeg\" \/>\n<meta name=\"twitter:card\" content=\"summary_large_image\" \/>\n<meta name=\"twitter:site\" content=\"@maglinfurniture\" \/>\n<meta name=\"twitter:label1\" content=\"Est. reading time\" \/>\n\t<meta name=\"twitter:data1\" content=\"2 minutes\" \/>\n<script type=\"application\/ld+json\" class=\"yoast-schema-graph\">{\"@context\":\"https:\/\/schema.org\",\"@graph\":[{\"@type\":\"WebPage\",\"@id\":\"https:\/\/www.maglin.com\/fr\/durabilitie\/dep\/\",\"url\":\"https:\/\/www.maglin.com\/fr\/durabilitie\/dep\/\",\"name\":\"D\u00e9clarations environnementales de produits - Maglin\",\"isPartOf\":{\"@id\":\"https:\/\/www.maglin.com\/fr\/#website\"},\"primaryImageOfPage\":{\"@id\":\"https:\/\/www.maglin.com\/fr\/durabilitie\/dep\/#primaryimage\"},\"image\":{\"@id\":\"https:\/\/www.maglin.com\/fr\/durabilitie\/dep\/#primaryimage\"},\"thumbnailUrl\":\"https:\/\/www.maglin.com\/app\/uploads\/2025\/05\/maglin-sustainability-epd-hero-1.jpg\",\"datePublished\":\"2023-06-27T12:59:42+00:00\",\"dateModified\":\"2025-06-05T22:02:30+00:00\",\"description\":\"Maglin estime que les DEP joueront un r\u00f4le d\u00e9terminant en nous aidant - et en vous aidant - \u00e0 faire des choix \u00e9clair\u00e9s.\",\"breadcrumb\":{\"@id\":\"https:\/\/www.maglin.com\/fr\/durabilitie\/dep\/#breadcrumb\"},\"inLanguage\":\"fr-FR\",\"potentialAction\":[{\"@type\":\"ReadAction\",\"target\":[\"https:\/\/www.maglin.com\/fr\/durabilitie\/dep\/\"]}]},{\"@type\":\"ImageObject\",\"inLanguage\":\"fr-FR\",\"@id\":\"https:\/\/www.maglin.com\/fr\/durabilitie\/dep\/#primaryimage\",\"url\":\"https:\/\/www.maglin.com\/app\/uploads\/2025\/05\/maglin-sustainability-epd-hero-1.jpg\",\"contentUrl\":\"https:\/\/www.maglin.com\/app\/uploads\/2025\/05\/maglin-sustainability-epd-hero-1.jpg\",\"width\":2880,\"height\":1552,\"caption\":\"Row of white Iconic bike racks with bicycle locked against building\"},{\"@type\":\"BreadcrumbList\",\"@id\":\"https:\/\/www.maglin.com\/fr\/durabilitie\/dep\/#breadcrumb\",\"itemListElement\":[{\"@type\":\"ListItem\",\"position\":1,\"name\":\"Accueil\",\"item\":\"https:\/\/www.maglin.com\/fr\/\"},{\"@type\":\"ListItem\",\"position\":2,\"name\":\"Durabilit\u00e9\",\"item\":\"https:\/\/www.maglin.com\/fr\/durabilitie\/\"},{\"@type\":\"ListItem\",\"position\":3,\"name\":\"D\u00e9clarations environnementales de produits\"}]},{\"@type\":\"WebSite\",\"@id\":\"https:\/\/www.maglin.com\/fr\/#website\",\"url\":\"https:\/\/www.maglin.com\/fr\/\",\"name\":\"Maglin\",\"description\":\"Site Furniture\",\"potentialAction\":[{\"@type\":\"SearchAction\",\"target\":{\"@type\":\"EntryPoint\",\"urlTemplate\":\"https:\/\/www.maglin.com\/fr\/?s={search_term_string}\"},\"query-input\":{\"@type\":\"PropertyValueSpecification\",\"valueRequired\":true,\"valueName\":\"search_term_string\"}}],\"inLanguage\":\"fr-FR\"}]}<\/script>\n<!-- \/ Yoast SEO plugin. -->","yoast_head_json":{"title":"D\u00e9clarations environnementales de produits - Maglin","description":"Maglin estime que les DEP joueront un r\u00f4le d\u00e9terminant en nous aidant - et en vous aidant - \u00e0 faire des choix \u00e9clair\u00e9s.","robots":{"index":"index","follow":"follow","max-snippet":"max-snippet:-1","max-image-preview":"max-image-preview:large","max-video-preview":"max-video-preview:-1"},"canonical":"https:\/\/www.maglin.com\/fr\/durabilitie\/dep\/","og_locale":"fr_FR","og_type":"article","og_title":"D\u00e9clarations environnementales de produits - Maglin","og_description":"Maglin estime que les DEP joueront un r\u00f4le d\u00e9terminant en nous aidant - et en vous aidant - \u00e0 faire des choix \u00e9clair\u00e9s.","og_url":"https:\/\/www.maglin.com\/fr\/durabilitie\/dep\/","og_site_name":"Maglin","article_publisher":"https:\/\/www.facebook.com\/MaglinFurniture\/","article_modified_time":"2025-06-05T22:02:30+00:00","og_image":[{"width":2880,"height":1552,"url":"https:\/\/www.maglin.com\/app\/uploads\/2025\/05\/maglin-sustainability-epd-hero-1.jpg","type":"image\/jpeg"}],"twitter_card":"summary_large_image","twitter_site":"@maglinfurniture","twitter_misc":{"Est. reading time":"2 minutes"},"schema":{"@context":"https:\/\/schema.org","@graph":[{"@type":"WebPage","@id":"https:\/\/www.maglin.com\/fr\/durabilitie\/dep\/","url":"https:\/\/www.maglin.com\/fr\/durabilitie\/dep\/","name":"D\u00e9clarations environnementales de produits - Maglin","isPartOf":{"@id":"https:\/\/www.maglin.com\/fr\/#website"},"primaryImageOfPage":{"@id":"https:\/\/www.maglin.com\/fr\/durabilitie\/dep\/#primaryimage"},"image":{"@id":"https:\/\/www.maglin.com\/fr\/durabilitie\/dep\/#primaryimage"},"thumbnailUrl":"https:\/\/www.maglin.com\/app\/uploads\/2025\/05\/maglin-sustainability-epd-hero-1.jpg","datePublished":"2023-06-27T12:59:42+00:00","dateModified":"2025-06-05T22:02:30+00:00","description":"Maglin estime que les DEP joueront un r\u00f4le d\u00e9terminant en nous aidant - et en vous aidant - \u00e0 faire des choix \u00e9clair\u00e9s.","breadcrumb":{"@id":"https:\/\/www.maglin.com\/fr\/durabilitie\/dep\/#breadcrumb"},"inLanguage":"fr-FR","potentialAction":[{"@type":"ReadAction","target":["https:\/\/www.maglin.com\/fr\/durabilitie\/dep\/"]}]},{"@type":"ImageObject","inLanguage":"fr-FR","@id":"https:\/\/www.maglin.com\/fr\/durabilitie\/dep\/#primaryimage","url":"https:\/\/www.maglin.com\/app\/uploads\/2025\/05\/maglin-sustainability-epd-hero-1.jpg","contentUrl":"https:\/\/www.maglin.com\/app\/uploads\/2025\/05\/maglin-sustainability-epd-hero-1.jpg","width":2880,"height":1552,"caption":"Row of white Iconic bike racks with bicycle locked against building"},{"@type":"BreadcrumbList","@id":"https:\/\/www.maglin.com\/fr\/durabilitie\/dep\/#breadcrumb","itemListElement":[{"@type":"ListItem","position":1,"name":"Accueil","item":"https:\/\/www.maglin.com\/fr\/"},{"@type":"ListItem","position":2,"name":"Durabilit\u00e9","item":"https:\/\/www.maglin.com\/fr\/durabilitie\/"},{"@type":"ListItem","position":3,"name":"D\u00e9clarations environnementales de produits"}]},{"@type":"WebSite","@id":"https:\/\/www.maglin.com\/fr\/#website","url":"https:\/\/www.maglin.com\/fr\/","name":"Maglin","description":"Site Furniture","potentialAction":[{"@type":"SearchAction","target":{"@type":"EntryPoint","urlTemplate":"https:\/\/www.maglin.com\/fr\/?s={search_term_string}"},"query-input":{"@type":"PropertyValueSpecification","valueRequired":true,"valueName":"search_term_string"}}],"inLanguage":"fr-FR"}]}},"_links":{"self":[{"href":"https:\/\/www.maglin.com\/fr\/wp-json\/wp\/v2\/pages\/51923","targetHints":{"allow":["GET"]}}],"collection":[{"href":"https:\/\/www.maglin.com\/fr\/wp-json\/wp\/v2\/pages"}],"about":[{"href":"https:\/\/www.maglin.com\/fr\/wp-json\/wp\/v2\/types\/page"}],"author":[{"embeddable":true,"href":"https:\/\/www.maglin.com\/fr\/wp-json\/wp\/v2\/users\/2"}],"replies":[{"embeddable":true,"href":"https:\/\/www.maglin.com\/fr\/wp-json\/wp\/v2\/comments?post=51923"}],"version-history":[{"count":0,"href":"https:\/\/www.maglin.com\/fr\/wp-json\/wp\/v2\/pages\/51923\/revisions"}],"up":[{"embeddable":true,"href":"https:\/\/www.maglin.com\/fr\/wp-json\/wp\/v2\/pages\/81315"}],"wp:featuredmedia":[{"embeddable":true,"href":"https:\/\/www.maglin.com\/fr\/wp-json\/wp\/v2\/media\/81021"}],"wp:attachment":[{"href":"https:\/\/www.maglin.com\/fr\/wp-json\/wp\/v2\/media?parent=51923"}],"curies":[{"name":"wp","href":"https:\/\/api.w.org\/{rel}","templated":true}]}}