{"id":28465,"date":"2021-03-26T11:25:09","date_gmt":"2021-03-26T15:25:09","guid":{"rendered":"https:\/\/www.maglin.com\/?page_id=28465"},"modified":"2026-01-29T12:29:12","modified_gmt":"2026-01-29T17:29:12","slug":"page-de-remerciement-inscription","status":"publish","type":"page","link":"https:\/\/www.maglin.com\/fr\/page-de-remerciement-inscription\/","title":{"rendered":"Page de remerciement &#8211; inscription"},"content":{"rendered":"<div class=\"wpb-content-wrapper\"><p>[vc_row][vc_column][basic_container container_size=&#8221;container container-narrow&#8221;]<div class=\"clearfix global-margin-y\"><\/div>[vc_column_text css=&#8221;&#8221;]<\/p>\n<h3 style=\"text-align: center;\">Merci d\u2019avoir cr\u00e9\u00e9 un compte en ligne avec Maglin.<\/h3>\n<p style=\"text-align: center;\">Veuillez consulter votre bo\u00eete courriel pour v\u00e9rifier votre compte. Une fois v\u00e9rifi\u00e9, vous pourrez t\u00e9l\u00e9charger nos diff\u00e9rentes ressources de notre <a href=\"https:\/\/www.maglin.com\/fr\/ressources\/donnees-produits\/\">biblioth\u00e8que de donn\u00e9es,<\/a> et cr\u00e9er vos propres projets <a href=\"https:\/\/www.maglin.com\/fr\/linscription-de-quick-quote\/\">Quick Quote<\/a> directement dans notre site web.<\/p>\n<p>[\/vc_column_text]<div class=\"clearfix global-margin-y\"><\/div>[\/basic_container][\/vc_column][\/vc_row]<\/p>\n<\/div>","protected":false},"excerpt":{"rendered":"<p>[vc_row][vc_column][basic_container container_size=&#8221;container container-narrow&#8221;][vc_column_text css=&#8221;&#8221;]<\/p>\n<p> Merci d\u2019avoir cr\u00e9\u00e9 un compte en ligne avec Maglin. <\/p>\n<p style=\"text-align: center;\">Veuillez consulter votre bo\u00eete courriel pour v\u00e9rifier votre compte. Une fois v\u00e9rifi\u00e9, vous pourrez t\u00e9l\u00e9charger nos diff\u00e9rentes ressources de notre <a href=\"https:\/\/www.maglin.com\/fr\/ressources\/donnees-produits\/\">biblioth\u00e8que de donn\u00e9es,<\/a> et &hellip; [&#8230;]<\/p>\n","protected":false},"author":2,"featured_media":0,"parent":0,"menu_order":0,"comment_status":"closed","ping_status":"closed","template":"","meta":{"_acf_changed":false,"footnotes":""},"class_list":["post-28465","page","type-page","status-publish","hentry"],"acf":[],"yoast_head":"<!-- This site is optimized with the Yoast SEO plugin v26.6 - https:\/\/yoast.com\/wordpress\/plugins\/seo\/ -->\n<title>Page de remerciement - inscription - Maglin<\/title>\n<meta name=\"description\" content=\"Merci d\u2019avoir un compte en ligne avec Maglin. Vous pouvez maintenant t\u00e9l\u00e9charger nos diff\u00e9rentes ressources de notre biblioth\u00e8que de donn\u00e9es.\" \/>\n<meta name=\"robots\" content=\"index, follow, max-snippet:-1, max-image-preview:large, max-video-preview:-1\" \/>\n<link rel=\"canonical\" href=\"https:\/\/www.maglin.com\/fr\/page-de-remerciement-inscription\/\" \/>\n<meta property=\"og:locale\" content=\"fr_FR\" \/>\n<meta property=\"og:type\" content=\"article\" \/>\n<meta property=\"og:title\" content=\"Page de remerciement - inscription - Maglin\" \/>\n<meta property=\"og:description\" content=\"Merci d\u2019avoir un compte en ligne avec Maglin. Vous pouvez maintenant t\u00e9l\u00e9charger nos diff\u00e9rentes ressources de notre biblioth\u00e8que de donn\u00e9es.\" \/>\n<meta property=\"og:url\" content=\"https:\/\/www.maglin.com\/fr\/page-de-remerciement-inscription\/\" \/>\n<meta property=\"og:site_name\" content=\"Maglin\" \/>\n<meta property=\"article:publisher\" content=\"https:\/\/www.facebook.com\/MaglinFurniture\/\" \/>\n<meta property=\"article:modified_time\" content=\"2026-01-29T17:29:12+00:00\" \/>\n<meta property=\"og:image\" content=\"https:\/\/www.maglin.com\/app\/uploads\/2020\/11\/19LSZ6wo.jpeg\" \/>\n\t<meta property=\"og:image:width\" content=\"800\" \/>\n\t<meta property=\"og:image:height\" content=\"418\" \/>\n\t<meta property=\"og:image:type\" content=\"image\/jpeg\" \/>\n<meta name=\"twitter:card\" content=\"summary_large_image\" \/>\n<meta name=\"twitter:site\" content=\"@maglinfurniture\" \/>\n<meta name=\"twitter:label1\" content=\"Est. reading time\" \/>\n\t<meta name=\"twitter:data1\" content=\"1 minute\" \/>\n<script type=\"application\/ld+json\" class=\"yoast-schema-graph\">{\"@context\":\"https:\/\/schema.org\",\"@graph\":[{\"@type\":\"WebPage\",\"@id\":\"https:\/\/www.maglin.com\/fr\/page-de-remerciement-inscription\/\",\"url\":\"https:\/\/www.maglin.com\/fr\/page-de-remerciement-inscription\/\",\"name\":\"Page de remerciement - inscription - Maglin\",\"isPartOf\":{\"@id\":\"https:\/\/www.maglin.com\/fr\/#website\"},\"datePublished\":\"2021-03-26T15:25:09+00:00\",\"dateModified\":\"2026-01-29T17:29:12+00:00\",\"description\":\"Merci d\u2019avoir un compte en ligne avec Maglin. Vous pouvez maintenant t\u00e9l\u00e9charger nos diff\u00e9rentes ressources de notre biblioth\u00e8que de donn\u00e9es.\",\"breadcrumb\":{\"@id\":\"https:\/\/www.maglin.com\/fr\/page-de-remerciement-inscription\/#breadcrumb\"},\"inLanguage\":\"fr-FR\",\"potentialAction\":[{\"@type\":\"ReadAction\",\"target\":[\"https:\/\/www.maglin.com\/fr\/page-de-remerciement-inscription\/\"]}]},{\"@type\":\"BreadcrumbList\",\"@id\":\"https:\/\/www.maglin.com\/fr\/page-de-remerciement-inscription\/#breadcrumb\",\"itemListElement\":[{\"@type\":\"ListItem\",\"position\":1,\"name\":\"Accueil\",\"item\":\"https:\/\/www.maglin.com\/fr\/\"},{\"@type\":\"ListItem\",\"position\":2,\"name\":\"Page de remerciement &#8211; inscription\"}]},{\"@type\":\"WebSite\",\"@id\":\"https:\/\/www.maglin.com\/fr\/#website\",\"url\":\"https:\/\/www.maglin.com\/fr\/\",\"name\":\"Maglin\",\"description\":\"Site Furniture\",\"potentialAction\":[{\"@type\":\"SearchAction\",\"target\":{\"@type\":\"EntryPoint\",\"urlTemplate\":\"https:\/\/www.maglin.com\/fr\/?s={search_term_string}\"},\"query-input\":{\"@type\":\"PropertyValueSpecification\",\"valueRequired\":true,\"valueName\":\"search_term_string\"}}],\"inLanguage\":\"fr-FR\"}]}<\/script>\n<!-- \/ Yoast SEO plugin. -->","yoast_head_json":{"title":"Page de remerciement - inscription - Maglin","description":"Merci d\u2019avoir un compte en ligne avec Maglin. Vous pouvez maintenant t\u00e9l\u00e9charger nos diff\u00e9rentes ressources de notre biblioth\u00e8que de donn\u00e9es.","robots":{"index":"index","follow":"follow","max-snippet":"max-snippet:-1","max-image-preview":"max-image-preview:large","max-video-preview":"max-video-preview:-1"},"canonical":"https:\/\/www.maglin.com\/fr\/page-de-remerciement-inscription\/","og_locale":"fr_FR","og_type":"article","og_title":"Page de remerciement - inscription - Maglin","og_description":"Merci d\u2019avoir un compte en ligne avec Maglin. Vous pouvez maintenant t\u00e9l\u00e9charger nos diff\u00e9rentes ressources de notre biblioth\u00e8que de donn\u00e9es.","og_url":"https:\/\/www.maglin.com\/fr\/page-de-remerciement-inscription\/","og_site_name":"Maglin","article_publisher":"https:\/\/www.facebook.com\/MaglinFurniture\/","article_modified_time":"2026-01-29T17:29:12+00:00","og_image":[{"width":800,"height":418,"url":"https:\/\/www.maglin.com\/app\/uploads\/2020\/11\/19LSZ6wo.jpeg","type":"image\/jpeg"}],"twitter_card":"summary_large_image","twitter_site":"@maglinfurniture","twitter_misc":{"Est. reading time":"1 minute"},"schema":{"@context":"https:\/\/schema.org","@graph":[{"@type":"WebPage","@id":"https:\/\/www.maglin.com\/fr\/page-de-remerciement-inscription\/","url":"https:\/\/www.maglin.com\/fr\/page-de-remerciement-inscription\/","name":"Page de remerciement - inscription - Maglin","isPartOf":{"@id":"https:\/\/www.maglin.com\/fr\/#website"},"datePublished":"2021-03-26T15:25:09+00:00","dateModified":"2026-01-29T17:29:12+00:00","description":"Merci d\u2019avoir un compte en ligne avec Maglin. Vous pouvez maintenant t\u00e9l\u00e9charger nos diff\u00e9rentes ressources de notre biblioth\u00e8que de donn\u00e9es.","breadcrumb":{"@id":"https:\/\/www.maglin.com\/fr\/page-de-remerciement-inscription\/#breadcrumb"},"inLanguage":"fr-FR","potentialAction":[{"@type":"ReadAction","target":["https:\/\/www.maglin.com\/fr\/page-de-remerciement-inscription\/"]}]},{"@type":"BreadcrumbList","@id":"https:\/\/www.maglin.com\/fr\/page-de-remerciement-inscription\/#breadcrumb","itemListElement":[{"@type":"ListItem","position":1,"name":"Accueil","item":"https:\/\/www.maglin.com\/fr\/"},{"@type":"ListItem","position":2,"name":"Page de remerciement &#8211; inscription"}]},{"@type":"WebSite","@id":"https:\/\/www.maglin.com\/fr\/#website","url":"https:\/\/www.maglin.com\/fr\/","name":"Maglin","description":"Site Furniture","potentialAction":[{"@type":"SearchAction","target":{"@type":"EntryPoint","urlTemplate":"https:\/\/www.maglin.com\/fr\/?s={search_term_string}"},"query-input":{"@type":"PropertyValueSpecification","valueRequired":true,"valueName":"search_term_string"}}],"inLanguage":"fr-FR"}]}},"_links":{"self":[{"href":"https:\/\/www.maglin.com\/fr\/wp-json\/wp\/v2\/pages\/28465","targetHints":{"allow":["GET"]}}],"collection":[{"href":"https:\/\/www.maglin.com\/fr\/wp-json\/wp\/v2\/pages"}],"about":[{"href":"https:\/\/www.maglin.com\/fr\/wp-json\/wp\/v2\/types\/page"}],"author":[{"embeddable":true,"href":"https:\/\/www.maglin.com\/fr\/wp-json\/wp\/v2\/users\/2"}],"replies":[{"embeddable":true,"href":"https:\/\/www.maglin.com\/fr\/wp-json\/wp\/v2\/comments?post=28465"}],"version-history":[{"count":0,"href":"https:\/\/www.maglin.com\/fr\/wp-json\/wp\/v2\/pages\/28465\/revisions"}],"wp:attachment":[{"href":"https:\/\/www.maglin.com\/fr\/wp-json\/wp\/v2\/media?parent=28465"}],"curies":[{"name":"wp","href":"https:\/\/api.w.org\/{rel}","templated":true}]}}