{"id":24035,"date":"2021-03-16T11:04:53","date_gmt":"2021-03-16T15:04:53","guid":{"rendered":"https:\/\/www.maglin.com\/?page_id=24035"},"modified":"2025-06-02T14:32:34","modified_gmt":"2025-06-02T18:32:34","slug":"politique-de-confidentialite","status":"publish","type":"page","link":"https:\/\/www.maglin.com\/fr\/politique-de-confidentialite\/","title":{"rendered":"Politique de confidentialit\u00e9"},"content":{"rendered":"<div class=\"wpb-content-wrapper\"><p>[vc_row][vc_column][basic_container container_size=&#8221;container container-narrow&#8221;]<div class=\"clearfix global-margin-y\"><\/div>[vc_column_text]Maglin Site Furniture reconna\u00eet l&#8217;importance de prot\u00e9ger les renseignements personnels de ses clients. Nous recueillons certains renseignements sur ce site afin de maintenir un niveau de service qui d\u00e9passe les attentes de nos clients\u2009; et afin de mieux communiquer avec vous, notamment vous renseigner sur votre commande ou vous fournir des informations sur nos produits, des changements \u00e0 notre site web ou toute autre information relative au marketing.<\/p>\n<p>Par ailleurs, certaines sections du site maglin.com requi\u00e8rent une inscription ou un mot de passe afin d&#8217;y acc\u00e9der ou d&#8217;utiliser les applications disponibles. Les informations recueillies dans ces sections peuvent \u00e9galement \u00eatre utilis\u00e9es \u00e0 des fins de marketing et des fichiers t\u00e9moins (cookies) peuvent \u00eatre utilis\u00e9s dans ces sections, tel que d\u00e9crit dans la pr\u00e9sente politique. Les renseignements recueillis dans ces sections peuvent aussi \u00eatre utilis\u00e9s conform\u00e9ment aux ententes qui r\u00e9gissent l&#8217;acc\u00e8s et l&#8217;utilisation des sections.<\/p>\n<p>Pour plus d\u2019informations \u00e0 propos de notre politique de confidentialit\u00e9, veuillez lire le texte ci-dessous.[\/vc_column_text]<div class=\"clearfix global-margin-y\"><\/div>[\/basic_container][\/vc_column][\/vc_row][vc_row][vc_column][basic_container container_size=&#8221;container container-narrow&#8221;][vc_toggle title=&#8221;Quels renseignements Maglin recueille-t-il sur les visiteurs de son site web\u2009?&#8221;]Maglin r\u00e9side dans le serveur web maglin.com. Ce serveur utilise un fichier journal \u00e9tendu qui collecte les donn\u00e9es suivantes\u00a0: date et heure de la visite, adresse de renvoi (lieu duquel part le visiteur pour se rendre sur le site maglin.com), type de navigateur Internet, et adresse IP du visiteur. (Chaque ordinateur qui se connecte \u00e0 Internet se voit assigner un num\u00e9ro unique, l&#8217;adresse IP, \u00e0 des fins d&#8217;identification.)[\/vc_toggle][vc_toggle title=&#8221;Maglin demande-t-il des renseignements personnels\u2009?&#8221;]Certaines sections du site maglin.com demandent des renseignements personnels. Dans ces sections, certaines informations peuvent \u00eatre demand\u00e9es, incluant votre nom, adresse, adresse de courriel, informations de facturation et profil client. Ces renseignements sont recueillis afin d&#8217;am\u00e9liorer nos services et faciliter le paiement de produits achet\u00e9s, si vous d\u00e9sirez utiliser nos services.[\/vc_toggle][vc_toggle title=&#8221;Comment les renseignements sont-ils utilis\u00e9s\u2009?&#8221;]Ces renseignements nous aident \u00e0 d\u00e9terminer le type de contenu web privil\u00e9gi\u00e9 par nos clients. Nous pouvons ainsi am\u00e9liorer nos services et notre site en cons\u00e9quence. Ces renseignements nous servent aussi \u00e0 communiquer avec vous, \u00e0 vous transmettre des avis \u00e9lectroniques sur les changements de notre site, ainsi que tout autre objectif marketing.[\/vc_toggle][vc_toggle title=&#8221;Mes renseignements seront-ils utilis\u00e9s \u00e0 d&#8217;autres fins\u2009?&#8221;]Maglin peut vous faire parvenir de temps \u00e0 autre de l&#8217;information sur ses produits et services, selon les pr\u00e9f\u00e9rences indiqu\u00e9es \u00e0 votre compte. Vous pouvez modifier ces pr\u00e9f\u00e9rences en tout temps en communiquant avec nous via la section <a href=\"https:\/\/www.maglin.com\/contact\/\">Contact<\/a> du site web.[\/vc_toggle][vc_toggle title=&#8221;Que se passe-t-il si je quitte maglin.com pour visiter un autre site via un hyperlien\u2009?&#8221;]Une partie du site maglin.com comprend des liens sur les produits et services de partenaires de Maglin et autres tiers. Lorsque vous quittez le site maglin.com pour visiter l&#8217;un de ces sites, le seul renseignement transmis aux tiers est le fait que vous venez du site maglin.com (l&#8217;adresse de renvoi). Cette pratique permet \u00e0 l&#8217;autre entreprise de contr\u00f4ler le trafic de son propre site web, mais ne fournit aucun renseignement de nature personnelle. Maglin n&#8217;est pas responsable du contenu ou des politiques d&#8217;utilisation des renseignements personnels des autres sites.[\/vc_toggle][vc_toggle title=&#8221;Utilisez-vous des fichiers-t\u00e9moins (cookies)\u2009?&#8221;]Maglin utilise des fichiers-t\u00e9moins afin d&#8217;atteindre deux objectifs. En premier lieu, ils lui permettent de personnaliser les renseignements de certains segments de sa base de clients. Deuxi\u00e8mement, dans certains cas, les t\u00e9moins permettent \u00e0 Maglin de faire le lien entre les clients et les informations dans leur profil.[\/vc_toggle][vc_toggle title=&#8221;Qu&#8217;est-ce qu&#8217;un fichier-t\u00e9moin\u2009?&#8221;]Un fichier-t\u00e9moin (cookie) comprend une s\u00e9rie de caract\u00e8res qui, une fois programm\u00e9e dans un site web, est transmise par le serveur web dans le dossier navigateur de votre ordinateur. Une fois dans votre appareil, ce fichier permet au site web de vous \u00ab reconna\u00eetre \u00bb \u00e0 titre d&#8217;utilisateur unique.<\/p>\n<p>Veuillez noter que dans la plupart des cas, le fichier cach\u00e9 ne permet pas de reconna\u00eetre le nom d&#8217;un utilisateur (p. ex., Pierre Untel). Il reconna\u00eet plut\u00f4t une s\u00e9rie de chiffres (p.ex., MEMBERID=MC_53011).[\/vc_toggle][vc_toggle title=&#8221;Comment puis-je communiquer avec Maglin si j&#8217;ai des questions\u2009?&#8221;]Maglin r\u00e9pondra avec plaisir \u00e0 toute question des utilisateurs concernant sa politique de confidentialit\u00e9. Toute question ou demande d&#8217;information peut \u00eatre achemin\u00e9e au service de confidentialit\u00e9 de Maglin. Veuillez visiter la section\u00a0<a href=\"https:\/\/www.maglin.com\/contact\/\">Contact<\/a> pour faire parvenir votre demande.[\/vc_toggle][\/basic_container][\/vc_column][\/vc_row][vc_row][vc_column][basic_container container_size=&#8221;container container-narrow&#8221;]<div class=\"clearfix global-margin-y\"><\/div>[vc_column_text]Maglin se r\u00e9serve le droit de modifier sa politique de confidentialit\u00e9 en tout temps et sans pr\u00e9avis, afin de refl\u00e9ter certains changements ou pour r\u00e9pondre \u00e0 des exigences l\u00e9gales. Veuillez consulter r\u00e9guli\u00e8rement cette politique pour toute mise \u00e0 jour \u00e9ventuelle.<\/p>\n<p>En utilisant maglin.com, vous signifiez votre accord \u00e0 la pr\u00e9sente politique de confidentialit\u00e9.[\/vc_column_text]<div class=\"clearfix global-margin-y\"><\/div>[\/basic_container][\/vc_column][\/vc_row][vc_row][vc_column]<div class=\"templatera_shortcode\"><div data-vc-full-width=\"true\" data-vc-full-width-init=\"false\" data-vc-stretch-content=\"true\" class=\"vc_row wpb_row vc_row-fluid vc_row-no-padding\"><div class=\"wpb_column vc_column_container vc_col-sm-12\"><div class=\"vc_column-inner\"><div class=\"wpb_wrapper\"><div class=\"media-banner media-curve-bottom-right large-curve with-video\">\n\t\t<div class=\"media-banner__container container\">\n\t\t<div class=\"media-banner__content\">\n\t\t\t\t\t\t\t<h2 class=\"media-banner__heading h1\">\n\t\t\t\t\tNous aimons avoir de vos nouvelles\u2009!\t\t\t\t<\/h2>\n\t\t\t\t\t\t\t\t\t\t<div class=\"media-banner__description text-large\">\n\t\t\t\t\t<p>Si vous avez une question \u00e0 propos de nos produits et leurs caract\u00e9ristiques, si vous souhaitez obtenir un \u00e9chantillon, ou si vous avez besoin de quoi que ce soit, notre \u00e9quipe est l\u00e0 pour vous aider\u2009!<\/p>\t\t\t\t<\/div>\n\t\t\t\t\t\t\t\t\t\t<div class=\"media-banner__button\">\n\t\t\t\t\t<a href=\"https:\/\/www.maglin.com\/fr\/contact\/\" class=\"btn btn-inverse btn-light\" target=\"\">\n\t\t\t\t\t\tContactez-nous\t\t\t\t\t<\/a>\n\t\t\t\t<\/div>\n\t\t\t\t\t<\/div>\n\t<\/div>\n\t<div class=\"advanced-media media-banner__media\">\n\t\t\t\t<div class=\"vimeo-bg-video-wrapper\">\n\t\t\t<div class=\"vimeo-video-controls\">\n\t\t\t\t<button class=\"vimeo-video-control vimeo-video-control-play d-none\">\n\t\t\t\t\t<span class=\"vimeo-video-control-icon icon-play\"><\/span>\n\t\t\t\t\t<span class=\"video-control-text sr-only\">Jouer la vid\u00e9o<\/span>\n\t\t\t\t<\/button>\n\t\t\t\t<button class=\"vimeo-video-control vimeo-video-control-pause\">\n\t\t\t\t\t<span class=\"vimeo-video-control-icon icon-pause\"><\/span>\n\t\t\t\t\t<span class=\"video-control-text sr-only\">Mettre la vid\u00e9o en pause<\/span>\n\t\t\t\t<\/button>\n\t\t\t<\/div>\n\t\t\t<iframe\n\t\t\t\tsrc=\"https:\/\/player.vimeo.com\/video\/1020649282?background=1&autoplay=0&loop=1&muted=1&playsinline=1\"\n\t\t\t\tloading=\"lazy\"\n\t\t\t\t\t\t\t\ttitle=\"Vimeo video\"\n\t\t\t\twidth=\"100%\"\n\t\t\t\theight=\"100%\"\n\t\t\t\tframeborder=\"0\"\n\t\t\t\tallowfullscreen>\n\t\t\t<\/iframe>\n\t\t<\/div>\n\t<\/div>\n<\/div><\/div><\/div><\/div><\/div><div class=\"vc_row-full-width vc_clearfix\"><\/div><\/div>[\/vc_column][\/vc_row]<\/p>\n<\/div>","protected":false},"excerpt":{"rendered":"Maglin Site Furniture reconna\u00eet l'importance de prot\u00e9ger les renseignements personnels de ses clients. Nous recueillons certains renseignements sur ce site afin de maintenir un niveau de service qui d\u00e9passe les attentes de nos clients\u2009; et afin de mieux communiquer avec vous, notamment vous renseigner sur votre commande ou vous fournir des informations sur nos produits, [...]","protected":false},"author":4,"featured_media":6341,"parent":0,"menu_order":420,"comment_status":"closed","ping_status":"closed","template":"","meta":{"_acf_changed":false,"footnotes":""},"class_list":["post-24035","page","type-page","status-publish","has-post-thumbnail","hentry"],"acf":[],"yoast_head":"<!-- This site is optimized with the Yoast SEO plugin v26.6 - https:\/\/yoast.com\/wordpress\/plugins\/seo\/ -->\n<title>Politique de confidentialit\u00e9 - Maglin<\/title>\n<meta name=\"description\" content=\"Maglin Site Furniture reconna\u00eet l&#039;importance de prot\u00e9ger les renseignements personnels de ses clients. Nous recueillons certains renseignements sur ce site afin de maintenir un niveau de service qui d\u00e9passe les attentes de nos clients.\" \/>\n<meta name=\"robots\" content=\"index, follow, max-snippet:-1, max-image-preview:large, max-video-preview:-1\" \/>\n<link rel=\"canonical\" href=\"https:\/\/www.maglin.com\/fr\/politique-de-confidentialite\/\" \/>\n<meta property=\"og:locale\" content=\"fr_FR\" \/>\n<meta property=\"og:type\" content=\"article\" \/>\n<meta property=\"og:title\" content=\"Politique de confidentialit\u00e9 - Maglin\" \/>\n<meta property=\"og:description\" content=\"Maglin Site Furniture reconna\u00eet l&#039;importance de prot\u00e9ger les renseignements personnels de ses clients. Nous recueillons certains renseignements sur ce site afin de maintenir un niveau de service qui d\u00e9passe les attentes de nos clients.\" \/>\n<meta property=\"og:url\" content=\"https:\/\/www.maglin.com\/fr\/politique-de-confidentialite\/\" \/>\n<meta property=\"og:site_name\" content=\"Maglin\" \/>\n<meta property=\"article:publisher\" content=\"https:\/\/www.facebook.com\/MaglinFurniture\/\" \/>\n<meta property=\"article:modified_time\" content=\"2025-06-02T18:32:34+00:00\" \/>\n<meta property=\"og:image\" content=\"https:\/\/www.maglin.com\/app\/uploads\/2020\/09\/Padlock.jpg\" \/>\n\t<meta property=\"og:image:width\" content=\"1500\" \/>\n\t<meta property=\"og:image:height\" content=\"1000\" \/>\n\t<meta property=\"og:image:type\" content=\"image\/jpeg\" \/>\n<meta name=\"twitter:card\" content=\"summary_large_image\" \/>\n<meta name=\"twitter:site\" content=\"@maglinfurniture\" \/>\n<meta name=\"twitter:label1\" content=\"Est. reading time\" \/>\n\t<meta name=\"twitter:data1\" content=\"4 minutes\" \/>\n<script type=\"application\/ld+json\" class=\"yoast-schema-graph\">{\"@context\":\"https:\/\/schema.org\",\"@graph\":[{\"@type\":\"WebPage\",\"@id\":\"https:\/\/www.maglin.com\/fr\/politique-de-confidentialite\/\",\"url\":\"https:\/\/www.maglin.com\/fr\/politique-de-confidentialite\/\",\"name\":\"Politique de confidentialit\u00e9 - Maglin\",\"isPartOf\":{\"@id\":\"https:\/\/www.maglin.com\/fr\/#website\"},\"primaryImageOfPage\":{\"@id\":\"https:\/\/www.maglin.com\/fr\/politique-de-confidentialite\/#primaryimage\"},\"image\":{\"@id\":\"https:\/\/www.maglin.com\/fr\/politique-de-confidentialite\/#primaryimage\"},\"thumbnailUrl\":\"https:\/\/www.maglin.com\/app\/uploads\/2020\/09\/Padlock.jpg\",\"datePublished\":\"2021-03-16T15:04:53+00:00\",\"dateModified\":\"2025-06-02T18:32:34+00:00\",\"description\":\"Maglin Site Furniture reconna\u00eet l'importance de prot\u00e9ger les renseignements personnels de ses clients. Nous recueillons certains renseignements sur ce site afin de maintenir un niveau de service qui d\u00e9passe les attentes de nos clients.\",\"breadcrumb\":{\"@id\":\"https:\/\/www.maglin.com\/fr\/politique-de-confidentialite\/#breadcrumb\"},\"inLanguage\":\"fr-FR\",\"potentialAction\":[{\"@type\":\"ReadAction\",\"target\":[\"https:\/\/www.maglin.com\/fr\/politique-de-confidentialite\/\"]}]},{\"@type\":\"ImageObject\",\"inLanguage\":\"fr-FR\",\"@id\":\"https:\/\/www.maglin.com\/fr\/politique-de-confidentialite\/#primaryimage\",\"url\":\"https:\/\/www.maglin.com\/app\/uploads\/2020\/09\/Padlock.jpg\",\"contentUrl\":\"https:\/\/www.maglin.com\/app\/uploads\/2020\/09\/Padlock.jpg\",\"width\":1500,\"height\":1000,\"caption\":\"Padlock on laptop. Internet data privacy information security concept. Antivirus and malware defense. Blue toned.\"},{\"@type\":\"BreadcrumbList\",\"@id\":\"https:\/\/www.maglin.com\/fr\/politique-de-confidentialite\/#breadcrumb\",\"itemListElement\":[{\"@type\":\"ListItem\",\"position\":1,\"name\":\"Accueil\",\"item\":\"https:\/\/www.maglin.com\/fr\/\"},{\"@type\":\"ListItem\",\"position\":2,\"name\":\"Politique de confidentialit\u00e9\"}]},{\"@type\":\"WebSite\",\"@id\":\"https:\/\/www.maglin.com\/fr\/#website\",\"url\":\"https:\/\/www.maglin.com\/fr\/\",\"name\":\"Maglin\",\"description\":\"Site Furniture\",\"potentialAction\":[{\"@type\":\"SearchAction\",\"target\":{\"@type\":\"EntryPoint\",\"urlTemplate\":\"https:\/\/www.maglin.com\/fr\/?s={search_term_string}\"},\"query-input\":{\"@type\":\"PropertyValueSpecification\",\"valueRequired\":true,\"valueName\":\"search_term_string\"}}],\"inLanguage\":\"fr-FR\"}]}<\/script>\n<!-- \/ Yoast SEO plugin. -->","yoast_head_json":{"title":"Politique de confidentialit\u00e9 - Maglin","description":"Maglin Site Furniture reconna\u00eet l'importance de prot\u00e9ger les renseignements personnels de ses clients. Nous recueillons certains renseignements sur ce site afin de maintenir un niveau de service qui d\u00e9passe les attentes de nos clients.","robots":{"index":"index","follow":"follow","max-snippet":"max-snippet:-1","max-image-preview":"max-image-preview:large","max-video-preview":"max-video-preview:-1"},"canonical":"https:\/\/www.maglin.com\/fr\/politique-de-confidentialite\/","og_locale":"fr_FR","og_type":"article","og_title":"Politique de confidentialit\u00e9 - Maglin","og_description":"Maglin Site Furniture reconna\u00eet l'importance de prot\u00e9ger les renseignements personnels de ses clients. Nous recueillons certains renseignements sur ce site afin de maintenir un niveau de service qui d\u00e9passe les attentes de nos clients.","og_url":"https:\/\/www.maglin.com\/fr\/politique-de-confidentialite\/","og_site_name":"Maglin","article_publisher":"https:\/\/www.facebook.com\/MaglinFurniture\/","article_modified_time":"2025-06-02T18:32:34+00:00","og_image":[{"width":1500,"height":1000,"url":"https:\/\/www.maglin.com\/app\/uploads\/2020\/09\/Padlock.jpg","type":"image\/jpeg"}],"twitter_card":"summary_large_image","twitter_site":"@maglinfurniture","twitter_misc":{"Est. reading time":"4 minutes"},"schema":{"@context":"https:\/\/schema.org","@graph":[{"@type":"WebPage","@id":"https:\/\/www.maglin.com\/fr\/politique-de-confidentialite\/","url":"https:\/\/www.maglin.com\/fr\/politique-de-confidentialite\/","name":"Politique de confidentialit\u00e9 - Maglin","isPartOf":{"@id":"https:\/\/www.maglin.com\/fr\/#website"},"primaryImageOfPage":{"@id":"https:\/\/www.maglin.com\/fr\/politique-de-confidentialite\/#primaryimage"},"image":{"@id":"https:\/\/www.maglin.com\/fr\/politique-de-confidentialite\/#primaryimage"},"thumbnailUrl":"https:\/\/www.maglin.com\/app\/uploads\/2020\/09\/Padlock.jpg","datePublished":"2021-03-16T15:04:53+00:00","dateModified":"2025-06-02T18:32:34+00:00","description":"Maglin Site Furniture reconna\u00eet l'importance de prot\u00e9ger les renseignements personnels de ses clients. Nous recueillons certains renseignements sur ce site afin de maintenir un niveau de service qui d\u00e9passe les attentes de nos clients.","breadcrumb":{"@id":"https:\/\/www.maglin.com\/fr\/politique-de-confidentialite\/#breadcrumb"},"inLanguage":"fr-FR","potentialAction":[{"@type":"ReadAction","target":["https:\/\/www.maglin.com\/fr\/politique-de-confidentialite\/"]}]},{"@type":"ImageObject","inLanguage":"fr-FR","@id":"https:\/\/www.maglin.com\/fr\/politique-de-confidentialite\/#primaryimage","url":"https:\/\/www.maglin.com\/app\/uploads\/2020\/09\/Padlock.jpg","contentUrl":"https:\/\/www.maglin.com\/app\/uploads\/2020\/09\/Padlock.jpg","width":1500,"height":1000,"caption":"Padlock on laptop. Internet data privacy information security concept. Antivirus and malware defense. Blue toned."},{"@type":"BreadcrumbList","@id":"https:\/\/www.maglin.com\/fr\/politique-de-confidentialite\/#breadcrumb","itemListElement":[{"@type":"ListItem","position":1,"name":"Accueil","item":"https:\/\/www.maglin.com\/fr\/"},{"@type":"ListItem","position":2,"name":"Politique de confidentialit\u00e9"}]},{"@type":"WebSite","@id":"https:\/\/www.maglin.com\/fr\/#website","url":"https:\/\/www.maglin.com\/fr\/","name":"Maglin","description":"Site Furniture","potentialAction":[{"@type":"SearchAction","target":{"@type":"EntryPoint","urlTemplate":"https:\/\/www.maglin.com\/fr\/?s={search_term_string}"},"query-input":{"@type":"PropertyValueSpecification","valueRequired":true,"valueName":"search_term_string"}}],"inLanguage":"fr-FR"}]}},"_links":{"self":[{"href":"https:\/\/www.maglin.com\/fr\/wp-json\/wp\/v2\/pages\/24035","targetHints":{"allow":["GET"]}}],"collection":[{"href":"https:\/\/www.maglin.com\/fr\/wp-json\/wp\/v2\/pages"}],"about":[{"href":"https:\/\/www.maglin.com\/fr\/wp-json\/wp\/v2\/types\/page"}],"author":[{"embeddable":true,"href":"https:\/\/www.maglin.com\/fr\/wp-json\/wp\/v2\/users\/4"}],"replies":[{"embeddable":true,"href":"https:\/\/www.maglin.com\/fr\/wp-json\/wp\/v2\/comments?post=24035"}],"version-history":[{"count":0,"href":"https:\/\/www.maglin.com\/fr\/wp-json\/wp\/v2\/pages\/24035\/revisions"}],"wp:featuredmedia":[{"embeddable":true,"href":"https:\/\/www.maglin.com\/fr\/wp-json\/wp\/v2\/media\/6341"}],"wp:attachment":[{"href":"https:\/\/www.maglin.com\/fr\/wp-json\/wp\/v2\/media?parent=24035"}],"curies":[{"name":"wp","href":"https:\/\/api.w.org\/{rel}","templated":true}]}}