{"id":16911,"date":"2021-03-08T08:40:01","date_gmt":"2021-03-08T13:40:01","guid":{"rendered":"https:\/\/www.maglin.com\/?page_id=16911"},"modified":"2025-05-27T16:00:31","modified_gmt":"2025-05-27T20:00:31","slug":"environnement-2","status":"publish","type":"page","link":"https:\/\/www.maglin.com\/fr\/ressources\/environnement-2\/","title":{"rendered":"Environnement"},"content":{"rendered":"<div class=\"wpb-content-wrapper\"><p>[vc_row][vc_column]<div class=\"text-pattern\">\n\t<div class=\"text-pattern__container container\">\n\t\t<div class=\"text-pattern__background\">\n\t\t\t<img decoding=\"async\" src=\"https:\/\/www.maglin.com\/app\/themes\/maglin\/images\/corner-accent.svg\" alt=\"\" class=\"text-pattern__image\" aria-hidden=\"true\" \/>\n\t\t<\/div>\n\t\t<div class=\"text-pattern__content\">\n\t\t\t<div class=\"text-pattern__text text-large\">\n\t\t\t\t<\/p>\n<h3>We design for the long run.<\/h3>\n<p><span style=\"font-weight: 400\">At Maglin, we understand that our products become part of the natural and built environment. We want to care for the spaces our products occupy and the people who will enjoy them for generations to come.<\/span><\/p>\n<p><span style=\"font-weight: 400\">Our sustainability commitment is guided by three pillars: <\/span><b>People<\/b><span style=\"font-weight: 400\">, <\/span><b>Place<\/b><span style=\"font-weight: 400\">, and <\/span><b>Product<\/b><span style=\"font-weight: 400\">.<\/span>\t\t\t<\/div>\n\t\t<\/div>\n\t<\/div>\n<\/div>\n[\/vc_column][\/vc_row][vc_row][vc_column][alternating_content_container]\t<div class=\"alternating-content-item-wrapper transparent\">\n\t\t<div class=\"container\">\n\t\t\t\t\t\t\t<div class=\"advanced-media alternating-content-item-image start-bg-center\">\n\t\t\t<img fetchpriority=\"high\" decoding=\"async\" src=\"https:\/\/www.maglin.com\/app\/uploads\/2025\/05\/maglin-sustainability_people.jpg\" width=\"1342\" height=\"1006\" alt=\"Two men sitting at computers in an office setting, smiling\"  loading='eager'\/>\n\t\t<\/div>\n\t\t\t\t\t\t<div class=\"alternating-content-item-content-container\">\n\t\t\t\t<div class=\"alternating-content-item-inner\">\n\t\t\t\t\t\t\t\t\t\t\t<h2 class=\"alternating-content-item-heading\">People<\/h2>\n\t\t\t\t\t\t\t\t\t\t\t\t\t\t\t\t\t\t\t\t\t<div class=\"alternating-content-item-content\">\n\t\t\t\t\t\t\t<p><span style=\"font-weight: 400;\">Every action starts with us. We empower our team to make sustainable choices through education, encouragement, and the tools to put values into practice\u2014at work and beyond.<\/span><\/p>\n\t\t\t\t\t\t<\/div>\n\t\t\t\t\t\t\t\t\t\t\t\t\t\t<\/div>\n\t\t\t<\/div>\n\t\t<\/div>\n\t<\/div>\n\t<div class=\"alternating-content-item-wrapper transparent\">\n\t\t<div class=\"container\">\n\t\t\t\t\t\t\t<div class=\"advanced-media alternating-content-item-image start-bg-center\">\n\t\t\t<img decoding=\"async\" src=\"https:\/\/www.maglin.com\/app\/uploads\/2025\/05\/maglin-sustainability_place.jpg\" width=\"1342\" height=\"1006\" alt=\"Zero Waste sticker on office door with Maglin logo on orange wall in background\"  loading='eager'\/>\n\t\t<\/div>\n\t\t\t\t\t\t<div class=\"alternating-content-item-content-container\">\n\t\t\t\t<div class=\"alternating-content-item-inner\">\n\t\t\t\t\t\t\t\t\t\t\t<h2 class=\"alternating-content-item-heading\">Place<\/h2>\n\t\t\t\t\t\t\t\t\t\t\t\t\t\t\t\t\t\t\t\t\t<div class=\"alternating-content-item-content\">\n\t\t\t\t\t\t\t<p>Our facility is where ideas become impact. We&#8217;re focused on reducing energy, water use, and waste throughout our operations. By adopting Zero Waste principles in our warehouse, we&#8217;re moving toward a more circular approach to production.<\/p>\n\t\t\t\t\t\t<\/div>\n\t\t\t\t\t\t\t\t\t\t\t\t\t\t<\/div>\n\t\t\t<\/div>\n\t\t<\/div>\n\t<\/div>\n\t<div class=\"alternating-content-item-wrapper transparent\">\n\t\t<div class=\"container\">\n\t\t\t\t\t\t\t<div class=\"advanced-media alternating-content-item-image start-bg-center\">\n\t\t\t<img decoding=\"async\" src=\"https:\/\/www.maglin.com\/app\/uploads\/2025\/05\/maglin-sustainability_product.jpg\" width=\"1342\" height=\"1006\" alt=\"Row of Iconic bike racks on streetscape with cars in background\"  loading='eager'\/>\n\t\t<\/div>\n\t\t\t\t\t\t<div class=\"alternating-content-item-content-container\">\n\t\t\t\t<div class=\"alternating-content-item-inner\">\n\t\t\t\t\t\t\t\t\t\t\t<h2 class=\"alternating-content-item-heading\">Product<\/h2>\n\t\t\t\t\t\t\t\t\t\t\t\t\t\t\t\t\t\t\t\t\t<div class=\"alternating-content-item-content\">\n\t\t\t\t\t\t\t<p><span style=\"font-weight: 400;\">Our products are a reflection of who we are. From material sourcing to end-of-life considerations, we take responsibility for their full lifecycle. Third-party verified Environmental Product Declarations (EPDs) are our roadmap: they quantify impact, spotlight opportunities to do better, and keep us accountable.<\/span><\/p>\n\t\t\t\t\t\t<\/div>\n\t\t\t\t\t\t\t\t\t\t\t\t\t\t\t\t<a href=\"https:\/\/www.maglin.com\/resources\/environmental-product-declarations\/\" target=\"\" class=\"alternating-content-item-button btn btn-sm btn-primary \" title=\"Environmental Product Declarations\">\n\t\t\t\t\t\t\tLearn more about EPDs\t\t\t\t\t\t<\/a>\n\t\t\t\t\t\t\t\t\t<\/div>\n\t\t\t<\/div>\n\t\t<\/div>\n\t<\/div>\n[\/alternating_content_container][\/vc_column][\/vc_row][vc_row][vc_column][basic_container]<div class=\"maglin-intro-section\">\n\t<div class=\"maglin-intro-section__text lead-large\">\n\t\tSustainability at Maglin isn\u2019t a milestone; it\u2019s an evolving practice. We\u2019re committed to publishing progress updates, <em>expanding our library of EPDs<\/em>, and partnering with communities and our customers who share our vision for resilient, people-focused places.\t<\/div>\n\n\t<\/div>\n[\/basic_container][\/vc_column][\/vc_row][vc_row full_width=&#8221;stretch_row_content_no_spaces&#8221;][vc_column]<div class=\"epd-cta\">\n\t<div class=\"epd-cta__container container\">\n\t\t<div class=\"epd-cta__content container\">\n\t\t\t\t\t\t\t<h2 class=\"epd-cta__heading\">\n\t\t\t\t\tExplore Our Latest Sustainability Report\t\t\t\t<\/h2>\n\t\t\t\n\t\t\t\t\t\t\t<div class=\"epd-cta__description\">\n\t\t\t\t\t<p>Curious about what sustainability looks like in practice at Maglin? Our most recent report outlines the steps we&#8217;ve taken, the data we&#8217;re tracking, and the goals we&#8217;re working toward across People, Place, and Product.<\/p>\t\t\t\t<\/div>\n\t\t\t\n\t\t\t\t\t\t\t<a href=\"https:\/\/www.maglin.com\/app\/uploads\/2025\/05\/2023-24-Maglin-Sustainability-Brochure.pdf\" target=\"_blank\" class=\"btn btn-sm btn-light btn-inverse\">\n\t\t\t\t\tView Brochure\t\t\t\t<\/a>\n\t\t\t\t\t\t<svg class=\"epd-cta__accent--mobile\" width=\"328\" height=\"258\" viewBox=\"0 0 328 258\" fill=\"none\" xmlns=\"http:\/\/www.w3.org\/2000\/svg\">\n\t\t\t\t<g clip-path=\"url(#clip0_1968_17)\">\n\t\t\t\t\t<g opacity=\"0.2\">\n\t\t\t\t\t\t<rect x=\"285.672\" y=\"-307.04\" width=\"41.9504\" height=\"409.711\" rx=\"20.9752\" stroke=\"white\" stroke-width=\"0.484653\"\/>\n\t\t\t\t\t\t<rect x=\"196.355\" y=\"-233.161\" width=\"41.9504\" height=\"409.711\" rx=\"20.9752\" stroke=\"white\" stroke-width=\"0.484653\"\/>\n\t\t\t\t\t\t<rect x=\"107.038\" y=\"-62.2455\" width=\"41.9504\" height=\"164.917\" rx=\"20.9752\" stroke=\"white\" stroke-width=\"0.484653\"\/>\n\t\t\t\t\t\t<rect x=\"17.7209\" y=\"11.6337\" width=\"41.9504\" height=\"245.993\" rx=\"20.9752\" stroke=\"white\" stroke-width=\"0.484653\"\/>\n\t\t\t\t\t<\/g>\n\t\t\t\t<\/g>\n\t\t\t\t<defs>\n\t\t\t\t\t<clipPath id=\"clip0_1968_17\">\n\t\t\t\t\t\t<rect width=\"328\" height=\"258\" fill=\"white\"\/>\n\t\t\t\t\t<\/clipPath>\n\t\t\t\t<\/defs>\n\t\t\t<\/svg>\n\t\t<\/div>\n\t\t<div class=\"epd-cta__media media-curve-top-left\">\n\t\t\t<div class=\"advanced-media \">\n\t\t\t<img decoding=\"async\" src=\"https:\/\/www.maglin.com\/app\/uploads\/2024\/08\/maglin-fava-tma-wood-reseda-green-stratford-bridge.jpg\" width=\"1200\" height=\"800\" alt=\"Maglin Fava Cluster Seating picnic table sits on the grass next to a river. There is a quaint bridge in the background as well as a pastel blue 720 Chair and people walking dogs on a path in the background as well.\"  loading='eager'\/>\n\t\t<\/div>\n\t\t\t\t\t<\/div>\n\t<\/div>\n\t<svg class=\"epd-cta__accent width=\"619\" height=\"758\" viewBox=\"0 0 619 758\" fill=\"none\" xmlns=\"http:\/\/www.w3.org\/2000\/svg\">\n\t\t<g opacity=\"0.2\">\n\t\t<rect x=\"531.663\" y=\"-408.5\" width=\"86.5577\" height=\"845.371\" rx=\"43.2789\" stroke=\"white\"\/>\n\t\t<rect x=\"347.373\" y=\"-256.062\" width=\"86.5577\" height=\"845.371\" rx=\"43.2789\" stroke=\"white\"\/>\n\t\t<rect x=\"163.082\" y=\"96.5923\" width=\"86.5577\" height=\"340.279\" rx=\"43.2789\" stroke=\"white\"\/>\n\t\t<rect x=\"-21.209\" y=\"249.03\" width=\"86.5577\" height=\"507.565\" rx=\"43.2789\" stroke=\"white\"\/>\n\t\t<\/g>\n\t<\/svg>\n<\/div>[\/vc_column][\/vc_row][vc_row][vc_column][vc_column_text]<\/p>\n<p>[\/vc_column_text][\/vc_column][\/vc_row]<\/p>\n<\/div>","protected":false},"excerpt":{"rendered":"<p>[vc_row][vc_column][\/vc_column][\/vc_row][vc_row][vc_column][alternating_content_container][\/alternating_content_container][\/vc_column][\/vc_row][vc_row][vc_column][basic_container][\/basic_container][\/vc_column][\/vc_row][vc_row full_width=&#8221;stretch_row_content_no_spaces&#8221;][vc_column][\/vc_column][\/vc_row][vc_row][vc_column][vc_column_text]<\/p>\n<p>[\/vc_column_text][\/vc_column][\/vc_row]<\/p>\n","protected":false},"author":2,"featured_media":9524,"parent":16666,"menu_order":260,"comment_status":"closed","ping_status":"closed","template":"","meta":{"_acf_changed":false,"footnotes":""},"class_list":["post-16911","page","type-page","status-publish","has-post-thumbnail","hentry"],"acf":[],"yoast_head":"<!-- This site is optimized with the Yoast SEO plugin v26.6 - https:\/\/yoast.com\/wordpress\/plugins\/seo\/ -->\n<title>Environnement - Maglin<\/title>\n<meta name=\"description\" content=\"C\u2019est en utilisant des mat\u00e9riaux recycl\u00e9s de qualit\u00e9 sup\u00e9rieure, du bois de for\u00eats g\u00e9r\u00e9es, des rev\u00eatements \u00e9lectrophor\u00e9tiques sans plomb et des rev\u00eatements en poudre sans solvant que Maglin produit du mobilier urbain distinctif, qui atteint ou d\u00e9passe les objectifs de durabilit\u00e9 environnementale.\" \/>\n<meta name=\"robots\" content=\"index, follow, max-snippet:-1, max-image-preview:large, max-video-preview:-1\" \/>\n<link rel=\"canonical\" href=\"https:\/\/www.maglin.com\/fr\/ressources\/environnement-2\/\" \/>\n<meta property=\"og:locale\" content=\"fr_FR\" \/>\n<meta property=\"og:type\" content=\"article\" \/>\n<meta property=\"og:title\" content=\"Environnement - Maglin\" \/>\n<meta property=\"og:description\" content=\"C\u2019est en utilisant des mat\u00e9riaux recycl\u00e9s de qualit\u00e9 sup\u00e9rieure, du bois de for\u00eats g\u00e9r\u00e9es, des rev\u00eatements \u00e9lectrophor\u00e9tiques sans plomb et des rev\u00eatements en poudre sans solvant que Maglin produit du mobilier urbain distinctif, qui atteint ou d\u00e9passe les objectifs de durabilit\u00e9 environnementale.\" \/>\n<meta property=\"og:url\" content=\"https:\/\/www.maglin.com\/fr\/ressources\/environnement-2\/\" \/>\n<meta property=\"og:site_name\" content=\"Maglin\" \/>\n<meta property=\"article:publisher\" content=\"https:\/\/www.facebook.com\/MaglinFurniture\/\" \/>\n<meta property=\"article:modified_time\" content=\"2025-05-27T20:00:31+00:00\" \/>\n<meta property=\"og:image\" content=\"https:\/\/www.maglin.com\/app\/uploads\/2020\/10\/Environmental-1.jpg\" \/>\n\t<meta property=\"og:image:width\" content=\"2000\" \/>\n\t<meta property=\"og:image:height\" content=\"1780\" \/>\n\t<meta property=\"og:image:type\" content=\"image\/jpeg\" \/>\n<meta name=\"twitter:card\" content=\"summary_large_image\" \/>\n<meta name=\"twitter:site\" content=\"@maglinfurniture\" \/>\n<meta name=\"twitter:label1\" content=\"Est. reading time\" \/>\n\t<meta name=\"twitter:data1\" content=\"2 minutes\" \/>\n<script type=\"application\/ld+json\" class=\"yoast-schema-graph\">{\"@context\":\"https:\/\/schema.org\",\"@graph\":[{\"@type\":\"WebPage\",\"@id\":\"https:\/\/www.maglin.com\/fr\/ressources\/environnement-2\/\",\"url\":\"https:\/\/www.maglin.com\/fr\/ressources\/environnement-2\/\",\"name\":\"Environnement - Maglin\",\"isPartOf\":{\"@id\":\"https:\/\/www.maglin.com\/fr\/#website\"},\"primaryImageOfPage\":{\"@id\":\"https:\/\/www.maglin.com\/fr\/ressources\/environnement-2\/#primaryimage\"},\"image\":{\"@id\":\"https:\/\/www.maglin.com\/fr\/ressources\/environnement-2\/#primaryimage\"},\"thumbnailUrl\":\"https:\/\/www.maglin.com\/app\/uploads\/2020\/10\/Environmental-1.jpg\",\"datePublished\":\"2021-03-08T13:40:01+00:00\",\"dateModified\":\"2025-05-27T20:00:31+00:00\",\"description\":\"C\u2019est en utilisant des mat\u00e9riaux recycl\u00e9s de qualit\u00e9 sup\u00e9rieure, du bois de for\u00eats g\u00e9r\u00e9es, des rev\u00eatements \u00e9lectrophor\u00e9tiques sans plomb et des rev\u00eatements en poudre sans solvant que Maglin produit du mobilier urbain distinctif, qui atteint ou d\u00e9passe les objectifs de durabilit\u00e9 environnementale.\",\"breadcrumb\":{\"@id\":\"https:\/\/www.maglin.com\/fr\/ressources\/environnement-2\/#breadcrumb\"},\"inLanguage\":\"fr-FR\",\"potentialAction\":[{\"@type\":\"ReadAction\",\"target\":[\"https:\/\/www.maglin.com\/fr\/ressources\/environnement-2\/\"]}]},{\"@type\":\"ImageObject\",\"inLanguage\":\"fr-FR\",\"@id\":\"https:\/\/www.maglin.com\/fr\/ressources\/environnement-2\/#primaryimage\",\"url\":\"https:\/\/www.maglin.com\/app\/uploads\/2020\/10\/Environmental-1.jpg\",\"contentUrl\":\"https:\/\/www.maglin.com\/app\/uploads\/2020\/10\/Environmental-1.jpg\",\"width\":2000,\"height\":1780,\"caption\":\"Pond with tall grasses and trees surounding\"},{\"@type\":\"BreadcrumbList\",\"@id\":\"https:\/\/www.maglin.com\/fr\/ressources\/environnement-2\/#breadcrumb\",\"itemListElement\":[{\"@type\":\"ListItem\",\"position\":1,\"name\":\"Accueil\",\"item\":\"https:\/\/www.maglin.com\/fr\/\"},{\"@type\":\"ListItem\",\"position\":2,\"name\":\"Ressources\",\"item\":\"https:\/\/www.maglin.com\/fr\/ressources\/\"},{\"@type\":\"ListItem\",\"position\":3,\"name\":\"Environnement\"}]},{\"@type\":\"WebSite\",\"@id\":\"https:\/\/www.maglin.com\/fr\/#website\",\"url\":\"https:\/\/www.maglin.com\/fr\/\",\"name\":\"Maglin\",\"description\":\"Site Furniture\",\"potentialAction\":[{\"@type\":\"SearchAction\",\"target\":{\"@type\":\"EntryPoint\",\"urlTemplate\":\"https:\/\/www.maglin.com\/fr\/?s={search_term_string}\"},\"query-input\":{\"@type\":\"PropertyValueSpecification\",\"valueRequired\":true,\"valueName\":\"search_term_string\"}}],\"inLanguage\":\"fr-FR\"}]}<\/script>\n<!-- \/ Yoast SEO plugin. -->","yoast_head_json":{"title":"Environnement - Maglin","description":"C\u2019est en utilisant des mat\u00e9riaux recycl\u00e9s de qualit\u00e9 sup\u00e9rieure, du bois de for\u00eats g\u00e9r\u00e9es, des rev\u00eatements \u00e9lectrophor\u00e9tiques sans plomb et des rev\u00eatements en poudre sans solvant que Maglin produit du mobilier urbain distinctif, qui atteint ou d\u00e9passe les objectifs de durabilit\u00e9 environnementale.","robots":{"index":"index","follow":"follow","max-snippet":"max-snippet:-1","max-image-preview":"max-image-preview:large","max-video-preview":"max-video-preview:-1"},"canonical":"https:\/\/www.maglin.com\/fr\/ressources\/environnement-2\/","og_locale":"fr_FR","og_type":"article","og_title":"Environnement - Maglin","og_description":"C\u2019est en utilisant des mat\u00e9riaux recycl\u00e9s de qualit\u00e9 sup\u00e9rieure, du bois de for\u00eats g\u00e9r\u00e9es, des rev\u00eatements \u00e9lectrophor\u00e9tiques sans plomb et des rev\u00eatements en poudre sans solvant que Maglin produit du mobilier urbain distinctif, qui atteint ou d\u00e9passe les objectifs de durabilit\u00e9 environnementale.","og_url":"https:\/\/www.maglin.com\/fr\/ressources\/environnement-2\/","og_site_name":"Maglin","article_publisher":"https:\/\/www.facebook.com\/MaglinFurniture\/","article_modified_time":"2025-05-27T20:00:31+00:00","og_image":[{"width":2000,"height":1780,"url":"https:\/\/www.maglin.com\/app\/uploads\/2020\/10\/Environmental-1.jpg","type":"image\/jpeg"}],"twitter_card":"summary_large_image","twitter_site":"@maglinfurniture","twitter_misc":{"Est. reading time":"2 minutes"},"schema":{"@context":"https:\/\/schema.org","@graph":[{"@type":"WebPage","@id":"https:\/\/www.maglin.com\/fr\/ressources\/environnement-2\/","url":"https:\/\/www.maglin.com\/fr\/ressources\/environnement-2\/","name":"Environnement - Maglin","isPartOf":{"@id":"https:\/\/www.maglin.com\/fr\/#website"},"primaryImageOfPage":{"@id":"https:\/\/www.maglin.com\/fr\/ressources\/environnement-2\/#primaryimage"},"image":{"@id":"https:\/\/www.maglin.com\/fr\/ressources\/environnement-2\/#primaryimage"},"thumbnailUrl":"https:\/\/www.maglin.com\/app\/uploads\/2020\/10\/Environmental-1.jpg","datePublished":"2021-03-08T13:40:01+00:00","dateModified":"2025-05-27T20:00:31+00:00","description":"C\u2019est en utilisant des mat\u00e9riaux recycl\u00e9s de qualit\u00e9 sup\u00e9rieure, du bois de for\u00eats g\u00e9r\u00e9es, des rev\u00eatements \u00e9lectrophor\u00e9tiques sans plomb et des rev\u00eatements en poudre sans solvant que Maglin produit du mobilier urbain distinctif, qui atteint ou d\u00e9passe les objectifs de durabilit\u00e9 environnementale.","breadcrumb":{"@id":"https:\/\/www.maglin.com\/fr\/ressources\/environnement-2\/#breadcrumb"},"inLanguage":"fr-FR","potentialAction":[{"@type":"ReadAction","target":["https:\/\/www.maglin.com\/fr\/ressources\/environnement-2\/"]}]},{"@type":"ImageObject","inLanguage":"fr-FR","@id":"https:\/\/www.maglin.com\/fr\/ressources\/environnement-2\/#primaryimage","url":"https:\/\/www.maglin.com\/app\/uploads\/2020\/10\/Environmental-1.jpg","contentUrl":"https:\/\/www.maglin.com\/app\/uploads\/2020\/10\/Environmental-1.jpg","width":2000,"height":1780,"caption":"Pond with tall grasses and trees surounding"},{"@type":"BreadcrumbList","@id":"https:\/\/www.maglin.com\/fr\/ressources\/environnement-2\/#breadcrumb","itemListElement":[{"@type":"ListItem","position":1,"name":"Accueil","item":"https:\/\/www.maglin.com\/fr\/"},{"@type":"ListItem","position":2,"name":"Ressources","item":"https:\/\/www.maglin.com\/fr\/ressources\/"},{"@type":"ListItem","position":3,"name":"Environnement"}]},{"@type":"WebSite","@id":"https:\/\/www.maglin.com\/fr\/#website","url":"https:\/\/www.maglin.com\/fr\/","name":"Maglin","description":"Site Furniture","potentialAction":[{"@type":"SearchAction","target":{"@type":"EntryPoint","urlTemplate":"https:\/\/www.maglin.com\/fr\/?s={search_term_string}"},"query-input":{"@type":"PropertyValueSpecification","valueRequired":true,"valueName":"search_term_string"}}],"inLanguage":"fr-FR"}]}},"_links":{"self":[{"href":"https:\/\/www.maglin.com\/fr\/wp-json\/wp\/v2\/pages\/16911","targetHints":{"allow":["GET"]}}],"collection":[{"href":"https:\/\/www.maglin.com\/fr\/wp-json\/wp\/v2\/pages"}],"about":[{"href":"https:\/\/www.maglin.com\/fr\/wp-json\/wp\/v2\/types\/page"}],"author":[{"embeddable":true,"href":"https:\/\/www.maglin.com\/fr\/wp-json\/wp\/v2\/users\/2"}],"replies":[{"embeddable":true,"href":"https:\/\/www.maglin.com\/fr\/wp-json\/wp\/v2\/comments?post=16911"}],"version-history":[{"count":0,"href":"https:\/\/www.maglin.com\/fr\/wp-json\/wp\/v2\/pages\/16911\/revisions"}],"up":[{"embeddable":true,"href":"https:\/\/www.maglin.com\/fr\/wp-json\/wp\/v2\/pages\/16666"}],"wp:featuredmedia":[{"embeddable":true,"href":"https:\/\/www.maglin.com\/fr\/wp-json\/wp\/v2\/media\/9524"}],"wp:attachment":[{"href":"https:\/\/www.maglin.com\/fr\/wp-json\/wp\/v2\/media?parent=16911"}],"curies":[{"name":"wp","href":"https:\/\/api.w.org\/{rel}","templated":true}]}}