{"id":16899,"date":"2021-03-07T14:48:25","date_gmt":"2021-03-07T19:48:25","guid":{"rendered":"https:\/\/www.maglin.com\/?page_id=16899"},"modified":"2025-06-17T13:23:22","modified_gmt":"2025-06-17T17:23:22","slug":"ressources-pour-la-diversite","status":"publish","type":"page","link":"https:\/\/www.maglin.com\/fr\/ressources-pour-la-diversite\/","title":{"rendered":"Ressources pour la diversit\u00e9"},"content":{"rendered":"<div class=\"wpb-content-wrapper\"><p>[vc_row][vc_column][basic_container container_size=&#8221;container container-narrow&#8221;]<div class=\"clearfix global-margin-y\"><\/div>[vc_column_text]Non seulement Maglin s&#8217;engage \u00e0 promouvoir la diversit\u00e9, l&#8217;\u00e9quit\u00e9 et l&#8217;inclusion sous toutes ses formes dans sa culture d&#8217;entreprise et ses op\u00e9rations, mais nous travaillons avec des partenaires de l&#8217;industrie qui sont aussi investis dans la m\u00eame cause.\u00a0 Certaines de leurs importantes ressources sont \u00e9num\u00e9r\u00e9es ci-dessous.[\/vc_column_text]<div class=\"clearfix global-margin-y\"><\/div>[\/basic_container][\/vc_column][\/vc_row][vc_row][vc_column][alternating_content_container flow=&#8221;left&#8221;]\t<div class=\"alternating-content-item-wrapper transparent\">\n\t\t<div class=\"container\">\n\t\t\t\t\t\t\t<div class=\"advanced-media alternating-content-item-image start-bg-center\">\n\t\t\t<img fetchpriority=\"high\" decoding=\"async\" src=\"https:\/\/www.maglin.com\/app\/uploads\/2021\/04\/diversity-friendship-fist-togetherness.jpg\" width=\"1500\" height=\"1134\" alt=\"People in a circle with their fists out showing diversity\"  loading='eager'\/>\n\t\t<\/div>\n\t\t\t\t\t\t<div class=\"alternating-content-item-content-container\">\n\t\t\t\t<div class=\"alternating-content-item-inner\">\n\t\t\t\t\t\t\t\t\t\t\t<h2 class=\"alternating-content-item-heading\">Ressources de nos partenaires<\/h2>\n\t\t\t\t\t\t\t\t\t\t\t\t\t\t\t\t\t\t\t\t\t<div class=\"alternating-content-item-content\">\n\t\t\t\t\t\t\t<p>\u00c9quit\u00e9 et diversit\u00e9 \u2013 AAPC : <a href=\"https:\/\/www.aapc-csla.ca\/zones-des-missions\/equite-et-diversite\" target=\"_blank\" rel=\"noopener noreferrer\">https:\/\/www.aapc-csla.ca\/zones-des-missions\/equite-et-diversite<\/a><\/p>\n<p>R\u00e9conciliation \u2013 AAPC\u00a0: <a href=\"https:\/\/www.aapc-csla.ca\/zones-des-missions\/reconciliation\" target=\"_blank\" rel=\"noopener noreferrer\">https:\/\/www.aapc-csla.ca\/zones-des-missions\/reconciliation<\/a><\/p>\n<p>Ressources d\u2019\u00e9quit\u00e9 et de diversit\u00e9 \u2013 AAPC\u00a0: <a href=\"https:\/\/www.aapc-csla.ca\/zones-des-missions\/ressources-equite-diversite\" target=\"_blank\" rel=\"noopener noreferrer\">https:\/\/www.aapc-csla.ca\/zones-des-missions\/ressources-equite-diversite<\/a><\/p>\n<p>OALA : <a href=\"https:\/\/www.oala.ca\/news-events\/update-oalas-diversity-equity-inclusion-efforts\/\" target=\"_blank\" rel=\"noopener noreferrer\">https:\/\/www.oala.ca\/news-events\/update-oalas-diversity-equity-inclusion-efforts\/<\/a>\u00a0<em>(en anglais)<\/em><\/p>\n<p>ASLA Diversity, Equity, and Inclusion: <a href=\"https:\/\/www.asla.org\/dei.aspx\" target=\"_blank\" rel=\"noopener noreferrer\">https:\/\/www.asla.org\/dei.aspx<\/a>\u00a0<em>(en anglais)<\/em><\/p>\n<p>BLACK LAN: <a href=\"https:\/\/blacklanetwork.com\/\" target=\"_blank\" rel=\"noopener noreferrer\">https:\/\/blacklanetwork.com\/<\/a>\u00a0<em>(en anglais)<\/em><\/p>\n<p>WxLA: <a href=\"https:\/\/www.wxlandscape.org\/\" target=\"_blank\" rel=\"noopener noreferrer\">https:\/\/www.wxlandscape.org\/<\/a>\u00a0<em>(en anglais)<\/em><\/p>\n<p>LAF Diversity, Equity and Inclusion Resources: <a href=\"https:\/\/www.lafoundation.org\/resources\/2020\/12\/dei-resource-guide\" target=\"_blank\" rel=\"noopener noreferrer\">https:\/\/www.lafoundation.org\/resources\/2020\/12\/dei-resource-guide<\/a>\u00a0 <em>(en anglais)<\/em><\/p>\n<p>D\u00e9claration de LACF sur l\u2019in\u00e9galit\u00e9 raciale et l\u2019injustice :\u00a0 <a href=\"https:\/\/lacf.ca\/fr\/about-lacf\/d%C3%A9claration\" target=\"_blank\" rel=\"noopener noreferrer\">https:\/\/lacf.ca\/fr\/about-lacf\/d%C3%A9claration<\/a><\/p>\n<p>Amis des parcs: le racisme est un enjeu dans les parcs et lieux publics : <a href=\"https:\/\/parkpeople.ca\/2020\/06\/22\/racism-is-a-parks-and-public-space-issue\/?lang=fr\" target=\"_blank\" rel=\"noopener noreferrer\">https:\/\/parkpeople.ca\/2020\/06\/22\/racism-is-a-parks-and-public-space-issue\/?lang=fr<\/a><\/p>\n\t\t\t\t\t\t<\/div>\n\t\t\t\t\t\t\t\t\t\t\t\t\t\t<\/div>\n\t\t\t<\/div>\n\t\t<\/div>\n\t<\/div>\n[\/alternating_content_container][\/vc_column][\/vc_row][vc_row][vc_column]<div class=\"templatera_shortcode\"><div data-vc-full-width=\"true\" data-vc-full-width-init=\"false\" data-vc-stretch-content=\"true\" class=\"vc_row wpb_row vc_row-fluid vc_row-no-padding\"><div class=\"wpb_column vc_column_container vc_col-sm-12\"><div class=\"vc_column-inner\"><div class=\"wpb_wrapper\"><div class=\"media-banner media-curve-bottom-right large-curve no-video\">\n\t\t<div class=\"media-banner__container container\">\n\t\t<div class=\"media-banner__content\">\n\t\t\t\t\t\t\t<h2 class=\"media-banner__heading h1\">\n\t\t\t\t\tConstruisons ensemble\t\t\t\t<\/h2>\n\t\t\t\t\t\t\t\t\t\t<div class=\"media-banner__description text-large\">\n\t\t\t\t\t<p>Commencez \u00e0 planifier votre espace avec nous d\u00e8s aujourd'hui et voyez exactement comment les liens que nous construisons avec nos clients sont aussi forts et durables que les meubles que nous soutenons.<\/p>\t\t\t\t<\/div>\n\t\t\t\t\t\t\t\t\t\t<div class=\"media-banner__button\">\n\t\t\t\t\t<a href=\"https:\/\/www.maglin.com\/fr\/contact\/\" class=\"btn btn-inverse btn-light\" target=\"\">\n\t\t\t\t\t\tParlons\t\t\t\t\t<\/a>\n\t\t\t\t<\/div>\n\t\t\t\t\t<\/div>\n\t<\/div>\n\t<div class=\"advanced-media media-banner__media\">\n\t\t\t<img decoding=\"async\" src=\"https:\/\/www.maglin.com\/app\/uploads\/2020\/09\/Maglin-Head-Office_blue-skies_1-2.jpg\" width=\"1500\" height=\"918\" alt=\"Maglin Site Furniture Head Office\"  loading='eager'\/>\n\t\t<\/div>\n<\/div><\/div><\/div><\/div><\/div><div class=\"vc_row-full-width vc_clearfix\"><\/div>\r\n<\/div>[\/vc_column][\/vc_row][vc_row][vc_column][vc_column_text]<\/p>\n<p>[\/vc_column_text][\/vc_column][\/vc_row]<\/p>\n<\/div>","protected":false},"excerpt":{"rendered":"Non seulement Maglin s'engage \u00e0 promouvoir la diversit\u00e9, l'\u00e9quit\u00e9 et l'inclusion sous toutes ses formes dans sa culture d'entreprise et ses op\u00e9rations, mais nous travaillons avec des partenaires de l'industrie qui sont aussi investis dans la m\u00eame cause.\u00a0 Certaines de leurs importantes ressources sont \u00e9num\u00e9r\u00e9es ci-dessous. Ressources de nos partenaires \u00c9quit\u00e9 et diversit\u00e9 \u2013 AAPC [...]","protected":false},"author":4,"featured_media":16609,"parent":0,"menu_order":260,"comment_status":"closed","ping_status":"closed","template":"","meta":{"_acf_changed":false,"footnotes":""},"class_list":["post-16899","page","type-page","status-publish","has-post-thumbnail","hentry"],"acf":[],"yoast_head":"<!-- This site is optimized with the Yoast SEO plugin v26.6 - https:\/\/yoast.com\/wordpress\/plugins\/seo\/ -->\n<title>Ressources pour la diversit\u00e9 - Maglin<\/title>\n<meta name=\"description\" content=\"Maglin s&#039;engage \u00e0 faire progresser la diversit\u00e9, l&#039;\u00e9quit\u00e9 et l&#039;inclusion sous toutes ses formes dans notre culture d&#039;entreprise et nos op\u00e9rations.\" \/>\n<meta name=\"robots\" content=\"index, follow, max-snippet:-1, max-image-preview:large, max-video-preview:-1\" \/>\n<link rel=\"canonical\" href=\"https:\/\/www.maglin.com\/fr\/ressources-pour-la-diversite\/\" \/>\n<meta property=\"og:locale\" content=\"fr_FR\" \/>\n<meta property=\"og:type\" content=\"article\" \/>\n<meta property=\"og:title\" content=\"Ressources pour la diversit\u00e9 - Maglin\" \/>\n<meta property=\"og:description\" content=\"Maglin s&#039;engage \u00e0 faire progresser la diversit\u00e9, l&#039;\u00e9quit\u00e9 et l&#039;inclusion sous toutes ses formes dans notre culture d&#039;entreprise et nos op\u00e9rations.\" \/>\n<meta property=\"og:url\" content=\"https:\/\/www.maglin.com\/fr\/ressources-pour-la-diversite\/\" \/>\n<meta property=\"og:site_name\" content=\"Maglin\" \/>\n<meta property=\"article:publisher\" content=\"https:\/\/www.facebook.com\/MaglinFurniture\/\" \/>\n<meta property=\"article:modified_time\" content=\"2025-06-17T17:23:22+00:00\" \/>\n<meta property=\"og:image\" content=\"https:\/\/www.maglin.com\/app\/uploads\/2021\/02\/crowns-coniferous-forest-trees-against-sky-bottom-view.jpg\" \/>\n\t<meta property=\"og:image:width\" content=\"1000\" \/>\n\t<meta property=\"og:image:height\" content=\"667\" \/>\n\t<meta property=\"og:image:type\" content=\"image\/jpeg\" \/>\n<meta name=\"twitter:card\" content=\"summary_large_image\" \/>\n<meta name=\"twitter:site\" content=\"@maglinfurniture\" \/>\n<meta name=\"twitter:label1\" content=\"Est. reading time\" \/>\n\t<meta name=\"twitter:data1\" content=\"1 minute\" \/>\n<script type=\"application\/ld+json\" class=\"yoast-schema-graph\">{\"@context\":\"https:\/\/schema.org\",\"@graph\":[{\"@type\":\"WebPage\",\"@id\":\"https:\/\/www.maglin.com\/fr\/ressources-pour-la-diversite\/\",\"url\":\"https:\/\/www.maglin.com\/fr\/ressources-pour-la-diversite\/\",\"name\":\"Ressources pour la diversit\u00e9 - Maglin\",\"isPartOf\":{\"@id\":\"https:\/\/www.maglin.com\/fr\/#website\"},\"primaryImageOfPage\":{\"@id\":\"https:\/\/www.maglin.com\/fr\/ressources-pour-la-diversite\/#primaryimage\"},\"image\":{\"@id\":\"https:\/\/www.maglin.com\/fr\/ressources-pour-la-diversite\/#primaryimage\"},\"thumbnailUrl\":\"https:\/\/www.maglin.com\/app\/uploads\/2021\/02\/crowns-coniferous-forest-trees-against-sky-bottom-view.jpg\",\"datePublished\":\"2021-03-07T19:48:25+00:00\",\"dateModified\":\"2025-06-17T17:23:22+00:00\",\"description\":\"Maglin s'engage \u00e0 faire progresser la diversit\u00e9, l'\u00e9quit\u00e9 et l'inclusion sous toutes ses formes dans notre culture d'entreprise et nos op\u00e9rations.\",\"breadcrumb\":{\"@id\":\"https:\/\/www.maglin.com\/fr\/ressources-pour-la-diversite\/#breadcrumb\"},\"inLanguage\":\"fr-FR\",\"potentialAction\":[{\"@type\":\"ReadAction\",\"target\":[\"https:\/\/www.maglin.com\/fr\/ressources-pour-la-diversite\/\"]}]},{\"@type\":\"ImageObject\",\"inLanguage\":\"fr-FR\",\"@id\":\"https:\/\/www.maglin.com\/fr\/ressources-pour-la-diversite\/#primaryimage\",\"url\":\"https:\/\/www.maglin.com\/app\/uploads\/2021\/02\/crowns-coniferous-forest-trees-against-sky-bottom-view.jpg\",\"contentUrl\":\"https:\/\/www.maglin.com\/app\/uploads\/2021\/02\/crowns-coniferous-forest-trees-against-sky-bottom-view.jpg\",\"width\":1000,\"height\":667,\"caption\":\"Crowns Of Coniferous Forest Trees Against The Sky, Bottom View.\"},{\"@type\":\"BreadcrumbList\",\"@id\":\"https:\/\/www.maglin.com\/fr\/ressources-pour-la-diversite\/#breadcrumb\",\"itemListElement\":[{\"@type\":\"ListItem\",\"position\":1,\"name\":\"Accueil\",\"item\":\"https:\/\/www.maglin.com\/fr\/\"},{\"@type\":\"ListItem\",\"position\":2,\"name\":\"Ressources pour la diversit\u00e9\"}]},{\"@type\":\"WebSite\",\"@id\":\"https:\/\/www.maglin.com\/fr\/#website\",\"url\":\"https:\/\/www.maglin.com\/fr\/\",\"name\":\"Maglin\",\"description\":\"Site Furniture\",\"potentialAction\":[{\"@type\":\"SearchAction\",\"target\":{\"@type\":\"EntryPoint\",\"urlTemplate\":\"https:\/\/www.maglin.com\/fr\/?s={search_term_string}\"},\"query-input\":{\"@type\":\"PropertyValueSpecification\",\"valueRequired\":true,\"valueName\":\"search_term_string\"}}],\"inLanguage\":\"fr-FR\"}]}<\/script>\n<!-- \/ Yoast SEO plugin. -->","yoast_head_json":{"title":"Ressources pour la diversit\u00e9 - Maglin","description":"Maglin s'engage \u00e0 faire progresser la diversit\u00e9, l'\u00e9quit\u00e9 et l'inclusion sous toutes ses formes dans notre culture d'entreprise et nos op\u00e9rations.","robots":{"index":"index","follow":"follow","max-snippet":"max-snippet:-1","max-image-preview":"max-image-preview:large","max-video-preview":"max-video-preview:-1"},"canonical":"https:\/\/www.maglin.com\/fr\/ressources-pour-la-diversite\/","og_locale":"fr_FR","og_type":"article","og_title":"Ressources pour la diversit\u00e9 - Maglin","og_description":"Maglin s'engage \u00e0 faire progresser la diversit\u00e9, l'\u00e9quit\u00e9 et l'inclusion sous toutes ses formes dans notre culture d'entreprise et nos op\u00e9rations.","og_url":"https:\/\/www.maglin.com\/fr\/ressources-pour-la-diversite\/","og_site_name":"Maglin","article_publisher":"https:\/\/www.facebook.com\/MaglinFurniture\/","article_modified_time":"2025-06-17T17:23:22+00:00","og_image":[{"width":1000,"height":667,"url":"https:\/\/www.maglin.com\/app\/uploads\/2021\/02\/crowns-coniferous-forest-trees-against-sky-bottom-view.jpg","type":"image\/jpeg"}],"twitter_card":"summary_large_image","twitter_site":"@maglinfurniture","twitter_misc":{"Est. reading time":"1 minute"},"schema":{"@context":"https:\/\/schema.org","@graph":[{"@type":"WebPage","@id":"https:\/\/www.maglin.com\/fr\/ressources-pour-la-diversite\/","url":"https:\/\/www.maglin.com\/fr\/ressources-pour-la-diversite\/","name":"Ressources pour la diversit\u00e9 - Maglin","isPartOf":{"@id":"https:\/\/www.maglin.com\/fr\/#website"},"primaryImageOfPage":{"@id":"https:\/\/www.maglin.com\/fr\/ressources-pour-la-diversite\/#primaryimage"},"image":{"@id":"https:\/\/www.maglin.com\/fr\/ressources-pour-la-diversite\/#primaryimage"},"thumbnailUrl":"https:\/\/www.maglin.com\/app\/uploads\/2021\/02\/crowns-coniferous-forest-trees-against-sky-bottom-view.jpg","datePublished":"2021-03-07T19:48:25+00:00","dateModified":"2025-06-17T17:23:22+00:00","description":"Maglin s'engage \u00e0 faire progresser la diversit\u00e9, l'\u00e9quit\u00e9 et l'inclusion sous toutes ses formes dans notre culture d'entreprise et nos op\u00e9rations.","breadcrumb":{"@id":"https:\/\/www.maglin.com\/fr\/ressources-pour-la-diversite\/#breadcrumb"},"inLanguage":"fr-FR","potentialAction":[{"@type":"ReadAction","target":["https:\/\/www.maglin.com\/fr\/ressources-pour-la-diversite\/"]}]},{"@type":"ImageObject","inLanguage":"fr-FR","@id":"https:\/\/www.maglin.com\/fr\/ressources-pour-la-diversite\/#primaryimage","url":"https:\/\/www.maglin.com\/app\/uploads\/2021\/02\/crowns-coniferous-forest-trees-against-sky-bottom-view.jpg","contentUrl":"https:\/\/www.maglin.com\/app\/uploads\/2021\/02\/crowns-coniferous-forest-trees-against-sky-bottom-view.jpg","width":1000,"height":667,"caption":"Crowns Of Coniferous Forest Trees Against The Sky, Bottom View."},{"@type":"BreadcrumbList","@id":"https:\/\/www.maglin.com\/fr\/ressources-pour-la-diversite\/#breadcrumb","itemListElement":[{"@type":"ListItem","position":1,"name":"Accueil","item":"https:\/\/www.maglin.com\/fr\/"},{"@type":"ListItem","position":2,"name":"Ressources pour la diversit\u00e9"}]},{"@type":"WebSite","@id":"https:\/\/www.maglin.com\/fr\/#website","url":"https:\/\/www.maglin.com\/fr\/","name":"Maglin","description":"Site Furniture","potentialAction":[{"@type":"SearchAction","target":{"@type":"EntryPoint","urlTemplate":"https:\/\/www.maglin.com\/fr\/?s={search_term_string}"},"query-input":{"@type":"PropertyValueSpecification","valueRequired":true,"valueName":"search_term_string"}}],"inLanguage":"fr-FR"}]}},"_links":{"self":[{"href":"https:\/\/www.maglin.com\/fr\/wp-json\/wp\/v2\/pages\/16899","targetHints":{"allow":["GET"]}}],"collection":[{"href":"https:\/\/www.maglin.com\/fr\/wp-json\/wp\/v2\/pages"}],"about":[{"href":"https:\/\/www.maglin.com\/fr\/wp-json\/wp\/v2\/types\/page"}],"author":[{"embeddable":true,"href":"https:\/\/www.maglin.com\/fr\/wp-json\/wp\/v2\/users\/4"}],"replies":[{"embeddable":true,"href":"https:\/\/www.maglin.com\/fr\/wp-json\/wp\/v2\/comments?post=16899"}],"version-history":[{"count":0,"href":"https:\/\/www.maglin.com\/fr\/wp-json\/wp\/v2\/pages\/16899\/revisions"}],"wp:featuredmedia":[{"embeddable":true,"href":"https:\/\/www.maglin.com\/fr\/wp-json\/wp\/v2\/media\/16609"}],"wp:attachment":[{"href":"https:\/\/www.maglin.com\/fr\/wp-json\/wp\/v2\/media?parent=16899"}],"curies":[{"name":"wp","href":"https:\/\/api.w.org\/{rel}","templated":true}]}}