{"id":16878,"date":"2021-03-06T15:30:01","date_gmt":"2021-03-06T20:30:01","guid":{"rendered":"https:\/\/www.maglin.com\/?page_id=16878"},"modified":"2025-06-06T11:03:43","modified_gmt":"2025-06-06T15:03:43","slug":"garantie","status":"publish","type":"page","link":"https:\/\/www.maglin.com\/fr\/ressources\/garantie\/","title":{"rendered":"Garantie"},"content":{"rendered":"<div class=\"wpb-content-wrapper\"><p>[vc_row][vc_column][basic_container]<div class=\"maglin-intro-section\">\n\t<div class=\"maglin-intro-section__text lead-large\">\n\t\tMaglin Site Furniture fabrique ses produits selon les normes les plus strictes en mati\u00e8re d'excellence, d'int\u00e9grit\u00e9 de conception, de durabilit\u00e9 et de fiabilit\u00e9, soutenues par <em>une garantie de 5 ans<\/em>.\t<\/div>\n\n\t<a class=\"btn btn-primary btn-sm  maglin-intro-section__btn\" href=\"https:\/\/www.maglin.com\/app\/themes\/maglin\/api\/resources\/2021\/03\/MAGLIN_NOTRE-GARANTIE.pdf\" target=\"_blank\">T\u00e9l\u00e9charger la garantie<\/a><\/div>\n[\/basic_container][\/vc_column][\/vc_row][vc_row][vc_column]<div class=\"animated-spaces animated-spaces__container container\">\n\t<div class=\"animated-spaces__wrapper\">\n\t\t<div class=\"animated-spaces__hero background-image-loading media-curve-top-left large-curve\" style=\"background-image: url('https:\/\/www.maglin.com\/app\/uploads\/2025\/05\/720-chaise-lounge-assembly-maglin-hq.jpg');\">\n\t\t\t<div class=\"animated-spaces__hero__overlay\"><\/div>\n\t\t\t<div class=\"animated-spaces__image-content\">\n\t\t\t\t\t\t\t\t\t<h2 id=\"video-modal-3939115339-label\" class=\"animated-spaces__title\">\u00c9levez vos site<\/h2>\n\t\t\t\t\n\t\t\t\t\t\t\t\t\t<button type=\"button\" class=\"btn btn-sm animated-spaces__video-btn\" data-bs-toggle=\"modal\" data-bs-target=\"#video-modal-3939115339\">\n\t\t\t\t\t\t<span class=\"icon icon-play_circle_outline\"><\/span> VOIR LA VID\u00c9O\t\t\t\t\t<\/button>\n\t\t\t\t\t\t\t<\/div>\n\t\t<\/div>\n\n\t\t<div class=\"animated-spaces__description text-regular\">\n\t\t\t<hr\/>\n\t\t\t<p>Nos produits standard sont garantis contre tout d\u00e9faut au niveau des composantes, des finis standard ou de la main-d\u2019\u0153uvre pendant une p\u00e9riode de cinq (5) ans \u00e0 partir de la date de facturation. Les produits non standard (modifi\u00e9s ou sur mesure) b\u00e9n\u00e9ficient d\u2019une garantie sur la main-d\u2019\u0153uvre, les mat\u00e9riaux et les composantes pour une p\u00e9riode de cinq (5) ans \u00e0 partir de la date de facturation. Cette garantie est valide seulement si la manutention, l\u2019assemblage et l\u2019installation des produits Maglin ont \u00e9t\u00e9 effectu\u00e9s conform\u00e9ment aux directives de manutention, d\u2019assemblage et d\u2019installation standard de Maglin; et si les produits ont \u00e9t\u00e9 entretenus et inspect\u00e9s ad\u00e9quatement chaque ann\u00e9e.<\/p>\n\t\t<\/div>\n\t\t<div class=\"animated-spaces__outline media-curve-bottom-left large-curve\"><\/div>\n\n\t\t<div class=\"modal fade animated-spaces__modal\" id=\"video-modal-3939115339\" tabindex=\"-1\" aria-labelledby=\"video-modal-3939115339-label\" aria-hidden=\"true\">\n\t\t\t<div class=\"modal-dialog modal-xl modal-dialog-centered\">\n\t\t\t\t<div class=\"modal-content\">\n\t\t\t\t\t<button type=\"button\" class=\"close\" data-bs-dismiss=\"modal\" aria-label=\"Fermer\">\n\t\t\t\t\t\t<span class=\"icon icon-close\"><\/span>\n\t\t\t\t\t<\/button>\n\t\t\t\t\t<div class=\"modal-body\">\n\t\t\t\t\t\t<div class=\"responsive-video-container\">\n\t\t\t\t\t\t\t<iframe src=\"https:\/\/player.vimeo.com\/video\/1020649282?autoplay=0\" loading=\"lazy\"\n\t\t\t\t\t\t\t\tframeborder=\"0\"\n\t\t\t\t\t\t\t\tallow=\"autoplay; fullscreen\"\n\t\t\t\t\t\t\t\tallowfullscreen\n\t\t\t\t\t\t\t\ttitle=\"\u00c9levez vos site\">\n\t\t\t\t\t\t\t<\/iframe>\n\t\t\t\t\t\t<\/div>\n\t\t\t\t\t<\/div>\n\t\t\t\t<\/div>\n\t\t\t<\/div>\n\t\t<\/div>\n\t<\/div>\n<\/div>\n[\/vc_column][\/vc_row][vc_row][vc_column][alternating_content_container]\t<div class=\"alternating-content-item-wrapper transparent\">\n\t\t<div class=\"container\">\n\t\t\t\t\t\t\t<div class=\"advanced-media alternating-content-item-image start-bg-center\">\n\t\t\t<img fetchpriority=\"high\" decoding=\"async\" src=\"https:\/\/www.maglin.com\/app\/uploads\/2025\/05\/maglin-resources-care-maintenance.jpg\" width=\"1440\" height=\"1800\" alt=\"Two men outdoors lift blue lids on modern white benches with wood seating, next to a concrete wall with green vines growing on it.\"  loading='eager'\/>\n\t\t<\/div>\n\t\t\t\t\t\t<div class=\"alternating-content-item-content-container\">\n\t\t\t\t<div class=\"alternating-content-item-inner\">\n\t\t\t\t\t\t\t\t\t\t\t<h2 class=\"alternating-content-item-heading\">Mauvaise utilisation<\/h2>\n\t\t\t\t\t\t\t\t\t\t\t\t\t\t\t\t\t\t\t\t\t<div class=\"alternating-content-item-content\">\n\t\t\t\t\t\t\t<p>Cette garantie ne couvre pas les r\u00e9clamations pour les produits ayant subi une mauvaise utilisation, de la n\u00e9gligence, des accidents, actes de vandalisme, forces majeures ou dommages d\u00e9passant l\u2019utilisation ou la fonction normale; ou les produits ayant \u00e9t\u00e9 modifi\u00e9s, alt\u00e9r\u00e9s ou r\u00e9par\u00e9s par toute personne autre que Maglin, ses agents autoris\u00e9s ou d\u2019autres personnes d\u00e9sign\u00e9es par Maglin.<\/p>\n\t\t\t\t\t\t<\/div>\n\t\t\t\t\t\t\t\t\t\t\t\t\t\t<\/div>\n\t\t\t<\/div>\n\t\t<\/div>\n\t<\/div>\n\t<div class=\"alternating-content-item-wrapper transparent\">\n\t\t<div class=\"container\">\n\t\t\t\t\t\t\t<div class=\"advanced-media alternating-content-item-image start-bg-center\">\n\t\t\t<img decoding=\"async\" src=\"https:\/\/www.maglin.com\/app\/uploads\/2025\/05\/maglin-resources-warranty.jpg\" width=\"1440\" height=\"1800\" alt=\"Maglin Kraft Box on grass with trees and blue sky\"  loading='eager'\/>\n\t\t<\/div>\n\t\t\t\t\t\t<div class=\"alternating-content-item-content-container\">\n\t\t\t\t<div class=\"alternating-content-item-inner\">\n\t\t\t\t\t\t\t\t\t\t\t<h2 class=\"alternating-content-item-heading\">Dommages<\/h2>\n\t\t\t\t\t\t\t\t\t\t\t\t\t\t\t\t\t\t\t\t\t<div class=\"alternating-content-item-content\">\n\t\t\t\t\t\t\t<p>Maglin ne pourra \u00eatre tenue responsable et ne couvrira pas les co\u00fbts pour tout dommage aux produits qui n\u2019ont pas \u00e9t\u00e9 entrepos\u00e9s correctement avant l\u2019installation, les dommages signal\u00e9s apr\u00e8s l\u2019inspection de r\u00e9ception, ou les dommages signal\u00e9s apr\u00e8s l\u2019installation. Les d\u00e9faillances dues \u00e0 un manque d\u2019entretien de routine ne seront pas couvertes. Les variations mineures de couleur, de texture ou de finition et les imperfections de surface r\u00e9sultant du processus de moulage et\/ou de finition ne seront pas couvertes par la garantie.<\/p>\n<p>Maglin r\u00e9parera, remplacera ou remboursera le co\u00fbt d\u2019achat de tout produit d\u00e9fectueux sans frais, \u00e0 sa discr\u00e9tion, suite \u00e0 une inspection du produit par un repr\u00e9sentant Maglin.<\/p>\n\t\t\t\t\t\t<\/div>\n\t\t\t\t\t\t\t\t\t\t\t\t\t\t<\/div>\n\t\t\t<\/div>\n\t\t<\/div>\n\t<\/div>\n\t<div class=\"alternating-content-item-wrapper transparent\">\n\t\t<div class=\"container\">\n\t\t\t\t\t\t\t<div class=\"advanced-media alternating-content-item-image start-bg-center\">\n\t\t\t<img decoding=\"async\" src=\"https:\/\/www.maglin.com\/app\/uploads\/2025\/05\/maglin-installation-maintenance.jpg\" width=\"1342\" height=\"1006\" alt=\"Edgar, Vidu and Shane organizing Ogden bench sections for installation\"  loading='eager'\/>\n\t\t<\/div>\n\t\t\t\t\t\t<div class=\"alternating-content-item-content-container\">\n\t\t\t\t<div class=\"alternating-content-item-inner\">\n\t\t\t\t\t\t\t\t\t\t\t<h2 class=\"alternating-content-item-heading\">Installation et entretien<\/h2>\n\t\t\t\t\t\t\t\t\t\t\t\t\t\t\t\t\t\t\t\t\t<div class=\"alternating-content-item-content\">\n\t\t\t\t\t\t\t<p>Le respect des directives d\u2019installation et d\u2019entretien de Maglin vous assurera que vos produits Maglin r\u00e9sisteront \u00e0 l\u2019usure du temps et des \u00e9l\u00e9ments. Veuillez consulter les\u00a0<u><a href=\"https:\/\/www.maglin.com\/fr\/ressources\/donnees-produits\/#!page=1&amp;search=installation\">Instructions d\u2019installation<\/a><\/u>\u00a0et les\u00a0<u><a href=\"https:\/\/www.maglin.com\/fr\/ressources\/soin-et-entretien\/\">Instructions d\u2019entretien<\/a><\/u>\u00a0sur notre site web pour plus d\u2019informations.<\/p>\n\t\t\t\t\t\t<\/div>\n\t\t\t\t\t\t\t\t\t\t\t\t\t\t<\/div>\n\t\t\t<\/div>\n\t\t<\/div>\n\t<\/div>\n[\/alternating_content_container][\/vc_column][\/vc_row][vc_row full_width=&#8221;stretch_row_content_no_spaces&#8221;][vc_column]<div class=\"templatera_shortcode\"><div class=\"vc_row wpb_row vc_row-fluid\"><div class=\"wpb_column vc_column_container vc_col-sm-12\"><div class=\"vc_column-inner\"><div class=\"wpb_wrapper\"><div class=\"epd-cta\">\n\t<div class=\"epd-cta__container container\">\n\t\t<div class=\"epd-cta__content container\">\n\t\t\t\t\t\t\t<h2 class=\"epd-cta__heading\">\n\t\t\t\t\tCon\u00e7u pour \u00eatre respectueux de l'environnement. Con\u00e7u pour durer.\t\t\t\t<\/h2>\n\t\t\t\n\t\t\t\t\t\t\t<div class=\"epd-cta__description\">\n\t\t\t\t\t<p>L\u2019\u00e9laboration de d\u00e9clarations environnementales de produits (DEP) pour am\u00e9liorer la transparence fait partie de notre engagement \u00e0 \u00e9valuer en permanence l\u2019empreinte climatique de tous les aspects de nos produits et processus de fabrication.<\/p>\t\t\t\t<\/div>\n\t\t\t\n\t\t\t\t\t\t\t<a href=\"https:\/\/www.maglin.com\/fr\/sustainability\/dep\/\" target=\"\" class=\"btn btn-sm btn-light btn-inverse\">\n\t\t\t\t\tApprendre encore plus\t\t\t\t<\/a>\n\t\t\t\t\t\t<svg class=\"epd-cta__accent--mobile\" width=\"328\" height=\"258\" viewBox=\"0 0 328 258\" fill=\"none\" xmlns=\"http:\/\/www.w3.org\/2000\/svg\">\n\t\t\t\t<g clip-path=\"url(#clip0_1968_17)\">\n\t\t\t\t\t<g opacity=\"0.2\">\n\t\t\t\t\t\t<rect x=\"285.672\" y=\"-307.04\" width=\"41.9504\" height=\"409.711\" rx=\"20.9752\" stroke=\"white\" stroke-width=\"0.484653\"\/>\n\t\t\t\t\t\t<rect x=\"196.355\" y=\"-233.161\" width=\"41.9504\" height=\"409.711\" rx=\"20.9752\" stroke=\"white\" stroke-width=\"0.484653\"\/>\n\t\t\t\t\t\t<rect x=\"107.038\" y=\"-62.2455\" width=\"41.9504\" height=\"164.917\" rx=\"20.9752\" stroke=\"white\" stroke-width=\"0.484653\"\/>\n\t\t\t\t\t\t<rect x=\"17.7209\" y=\"11.6337\" width=\"41.9504\" height=\"245.993\" rx=\"20.9752\" stroke=\"white\" stroke-width=\"0.484653\"\/>\n\t\t\t\t\t<\/g>\n\t\t\t\t<\/g>\n\t\t\t\t<defs>\n\t\t\t\t\t<clipPath id=\"clip0_1968_17\">\n\t\t\t\t\t\t<rect width=\"328\" height=\"258\" fill=\"white\"\/>\n\t\t\t\t\t<\/clipPath>\n\t\t\t\t<\/defs>\n\t\t\t<\/svg>\n\t\t<\/div>\n\t\t<div class=\"epd-cta__media media-curve-top-left\">\n\t\t\t<div class=\"advanced-media \">\n\t\t\t\t<div class=\"vimeo-bg-video-wrapper\">\n\t\t\t<div class=\"vimeo-video-controls\">\n\t\t\t\t<button class=\"vimeo-video-control vimeo-video-control-play d-none\">\n\t\t\t\t\t<span class=\"vimeo-video-control-icon icon-play\"><\/span>\n\t\t\t\t\t<span class=\"video-control-text sr-only\">Jouer la vid\u00e9o<\/span>\n\t\t\t\t<\/button>\n\t\t\t\t<button class=\"vimeo-video-control vimeo-video-control-pause\">\n\t\t\t\t\t<span class=\"vimeo-video-control-icon icon-pause\"><\/span>\n\t\t\t\t\t<span class=\"video-control-text sr-only\">Mettre la vid\u00e9o en pause<\/span>\n\t\t\t\t<\/button>\n\t\t\t<\/div>\n\t\t\t<iframe\n\t\t\t\tsrc=\"https:\/\/player.vimeo.com\/video\/1080911025?background=1&autoplay=0&loop=1&muted=1&playsinline=1\"\n\t\t\t\tloading=\"lazy\"\n\t\t\t\t\t\t\t\ttitle=\"Vimeo video\"\n\t\t\t\twidth=\"100%\"\n\t\t\t\theight=\"100%\"\n\t\t\t\tframeborder=\"0\"\n\t\t\t\tallowfullscreen>\n\t\t\t<\/iframe>\n\t\t<\/div>\n\t<\/div>\n\t\t\t\t\t<\/div>\n\t<\/div>\n\t<svg class=\"epd-cta__accent width=\"619\" height=\"758\" viewBox=\"0 0 619 758\" fill=\"none\" xmlns=\"http:\/\/www.w3.org\/2000\/svg\">\n\t\t<g opacity=\"0.2\">\n\t\t<rect x=\"531.663\" y=\"-408.5\" width=\"86.5577\" height=\"845.371\" rx=\"43.2789\" stroke=\"white\"\/>\n\t\t<rect x=\"347.373\" y=\"-256.062\" width=\"86.5577\" height=\"845.371\" rx=\"43.2789\" stroke=\"white\"\/>\n\t\t<rect x=\"163.082\" y=\"96.5923\" width=\"86.5577\" height=\"340.279\" rx=\"43.2789\" stroke=\"white\"\/>\n\t\t<rect x=\"-21.209\" y=\"249.03\" width=\"86.5577\" height=\"507.565\" rx=\"43.2789\" stroke=\"white\"\/>\n\t\t<\/g>\n\t<\/svg>\n<\/div><\/div><\/div><\/div><\/div><\/div>[\/vc_column][\/vc_row]<\/p>\n<\/div>","protected":false},"excerpt":{"rendered":"Maglin Site Furniture fabrique ses produits selon les normes les plus strictes en mati\u00e8re d'excellence, d'int\u00e9grit\u00e9 de conception, de durabilit\u00e9 et de fiabilit\u00e9, soutenues par une garantie de 5 ans. T\u00e9l\u00e9charger la garantie \u00c9levez vos site VOIR LA VID\u00c9O Nos produits standard sont garantis contre tout d\u00e9faut au niveau des composantes, des finis standard ou [...]","protected":false},"author":4,"featured_media":80990,"parent":16666,"menu_order":340,"comment_status":"closed","ping_status":"closed","template":"","meta":{"_acf_changed":false,"footnotes":""},"class_list":["post-16878","page","type-page","status-publish","has-post-thumbnail","hentry"],"acf":[],"yoast_head":"<!-- This site is optimized with the Yoast SEO plugin v26.6 - https:\/\/yoast.com\/wordpress\/plugins\/seo\/ -->\n<title>Garantie - Maglin<\/title>\n<meta name=\"description\" content=\"Maglin Site Furniture fabrique ses produits selon les normes les plus \u00e9lev\u00e9es. Nous garantissons nos produits standard pendant une p\u00e9riode de cinq ans \u00e0 partir de la date de facturation.\" \/>\n<meta name=\"robots\" content=\"index, follow, max-snippet:-1, max-image-preview:large, max-video-preview:-1\" \/>\n<link rel=\"canonical\" href=\"https:\/\/www.maglin.com\/fr\/ressources\/garantie\/\" \/>\n<meta property=\"og:locale\" content=\"fr_FR\" \/>\n<meta property=\"og:type\" content=\"article\" \/>\n<meta property=\"og:title\" content=\"Garantie - Maglin\" \/>\n<meta property=\"og:description\" content=\"Maglin Site Furniture fabrique ses produits selon les normes les plus \u00e9lev\u00e9es. Nous garantissons nos produits standard pendant une p\u00e9riode de cinq ans \u00e0 partir de la date de facturation.\" \/>\n<meta property=\"og:url\" content=\"https:\/\/www.maglin.com\/fr\/ressources\/garantie\/\" \/>\n<meta property=\"og:site_name\" content=\"Maglin\" \/>\n<meta property=\"article:publisher\" content=\"https:\/\/www.facebook.com\/MaglinFurniture\/\" \/>\n<meta property=\"article:modified_time\" content=\"2025-06-06T15:03:43+00:00\" \/>\n<meta property=\"og:image\" content=\"https:\/\/www.maglin.com\/app\/uploads\/2025\/05\/maglin-warranty-hero.jpg\" \/>\n\t<meta property=\"og:image:width\" content=\"2880\" \/>\n\t<meta property=\"og:image:height\" content=\"1552\" \/>\n\t<meta property=\"og:image:type\" content=\"image\/jpeg\" \/>\n<meta name=\"twitter:card\" content=\"summary_large_image\" \/>\n<meta name=\"twitter:site\" content=\"@maglinfurniture\" \/>\n<meta name=\"twitter:label1\" content=\"Est. reading time\" \/>\n\t<meta name=\"twitter:data1\" content=\"2 minutes\" \/>\n<script type=\"application\/ld+json\" class=\"yoast-schema-graph\">{\"@context\":\"https:\/\/schema.org\",\"@graph\":[{\"@type\":\"WebPage\",\"@id\":\"https:\/\/www.maglin.com\/fr\/ressources\/garantie\/\",\"url\":\"https:\/\/www.maglin.com\/fr\/ressources\/garantie\/\",\"name\":\"Garantie - Maglin\",\"isPartOf\":{\"@id\":\"https:\/\/www.maglin.com\/fr\/#website\"},\"primaryImageOfPage\":{\"@id\":\"https:\/\/www.maglin.com\/fr\/ressources\/garantie\/#primaryimage\"},\"image\":{\"@id\":\"https:\/\/www.maglin.com\/fr\/ressources\/garantie\/#primaryimage\"},\"thumbnailUrl\":\"https:\/\/www.maglin.com\/app\/uploads\/2025\/05\/maglin-warranty-hero.jpg\",\"datePublished\":\"2021-03-06T20:30:01+00:00\",\"dateModified\":\"2025-06-06T15:03:43+00:00\",\"description\":\"Maglin Site Furniture fabrique ses produits selon les normes les plus \u00e9lev\u00e9es. Nous garantissons nos produits standard pendant une p\u00e9riode de cinq ans \u00e0 partir de la date de facturation.\",\"breadcrumb\":{\"@id\":\"https:\/\/www.maglin.com\/fr\/ressources\/garantie\/#breadcrumb\"},\"inLanguage\":\"fr-FR\",\"potentialAction\":[{\"@type\":\"ReadAction\",\"target\":[\"https:\/\/www.maglin.com\/fr\/ressources\/garantie\/\"]}]},{\"@type\":\"ImageObject\",\"inLanguage\":\"fr-FR\",\"@id\":\"https:\/\/www.maglin.com\/fr\/ressources\/garantie\/#primaryimage\",\"url\":\"https:\/\/www.maglin.com\/app\/uploads\/2025\/05\/maglin-warranty-hero.jpg\",\"contentUrl\":\"https:\/\/www.maglin.com\/app\/uploads\/2025\/05\/maglin-warranty-hero.jpg\",\"width\":2880,\"height\":1552,\"caption\":\"Man and woman sitting on backed wooden bench with stones and greenery in background\"},{\"@type\":\"BreadcrumbList\",\"@id\":\"https:\/\/www.maglin.com\/fr\/ressources\/garantie\/#breadcrumb\",\"itemListElement\":[{\"@type\":\"ListItem\",\"position\":1,\"name\":\"Accueil\",\"item\":\"https:\/\/www.maglin.com\/fr\/\"},{\"@type\":\"ListItem\",\"position\":2,\"name\":\"Ressources\",\"item\":\"https:\/\/www.maglin.com\/fr\/ressources\/\"},{\"@type\":\"ListItem\",\"position\":3,\"name\":\"Garantie\"}]},{\"@type\":\"WebSite\",\"@id\":\"https:\/\/www.maglin.com\/fr\/#website\",\"url\":\"https:\/\/www.maglin.com\/fr\/\",\"name\":\"Maglin\",\"description\":\"Site Furniture\",\"potentialAction\":[{\"@type\":\"SearchAction\",\"target\":{\"@type\":\"EntryPoint\",\"urlTemplate\":\"https:\/\/www.maglin.com\/fr\/?s={search_term_string}\"},\"query-input\":{\"@type\":\"PropertyValueSpecification\",\"valueRequired\":true,\"valueName\":\"search_term_string\"}}],\"inLanguage\":\"fr-FR\"}]}<\/script>\n<!-- \/ Yoast SEO plugin. -->","yoast_head_json":{"title":"Garantie - Maglin","description":"Maglin Site Furniture fabrique ses produits selon les normes les plus \u00e9lev\u00e9es. Nous garantissons nos produits standard pendant une p\u00e9riode de cinq ans \u00e0 partir de la date de facturation.","robots":{"index":"index","follow":"follow","max-snippet":"max-snippet:-1","max-image-preview":"max-image-preview:large","max-video-preview":"max-video-preview:-1"},"canonical":"https:\/\/www.maglin.com\/fr\/ressources\/garantie\/","og_locale":"fr_FR","og_type":"article","og_title":"Garantie - Maglin","og_description":"Maglin Site Furniture fabrique ses produits selon les normes les plus \u00e9lev\u00e9es. Nous garantissons nos produits standard pendant une p\u00e9riode de cinq ans \u00e0 partir de la date de facturation.","og_url":"https:\/\/www.maglin.com\/fr\/ressources\/garantie\/","og_site_name":"Maglin","article_publisher":"https:\/\/www.facebook.com\/MaglinFurniture\/","article_modified_time":"2025-06-06T15:03:43+00:00","og_image":[{"width":2880,"height":1552,"url":"https:\/\/www.maglin.com\/app\/uploads\/2025\/05\/maglin-warranty-hero.jpg","type":"image\/jpeg"}],"twitter_card":"summary_large_image","twitter_site":"@maglinfurniture","twitter_misc":{"Est. reading time":"2 minutes"},"schema":{"@context":"https:\/\/schema.org","@graph":[{"@type":"WebPage","@id":"https:\/\/www.maglin.com\/fr\/ressources\/garantie\/","url":"https:\/\/www.maglin.com\/fr\/ressources\/garantie\/","name":"Garantie - Maglin","isPartOf":{"@id":"https:\/\/www.maglin.com\/fr\/#website"},"primaryImageOfPage":{"@id":"https:\/\/www.maglin.com\/fr\/ressources\/garantie\/#primaryimage"},"image":{"@id":"https:\/\/www.maglin.com\/fr\/ressources\/garantie\/#primaryimage"},"thumbnailUrl":"https:\/\/www.maglin.com\/app\/uploads\/2025\/05\/maglin-warranty-hero.jpg","datePublished":"2021-03-06T20:30:01+00:00","dateModified":"2025-06-06T15:03:43+00:00","description":"Maglin Site Furniture fabrique ses produits selon les normes les plus \u00e9lev\u00e9es. Nous garantissons nos produits standard pendant une p\u00e9riode de cinq ans \u00e0 partir de la date de facturation.","breadcrumb":{"@id":"https:\/\/www.maglin.com\/fr\/ressources\/garantie\/#breadcrumb"},"inLanguage":"fr-FR","potentialAction":[{"@type":"ReadAction","target":["https:\/\/www.maglin.com\/fr\/ressources\/garantie\/"]}]},{"@type":"ImageObject","inLanguage":"fr-FR","@id":"https:\/\/www.maglin.com\/fr\/ressources\/garantie\/#primaryimage","url":"https:\/\/www.maglin.com\/app\/uploads\/2025\/05\/maglin-warranty-hero.jpg","contentUrl":"https:\/\/www.maglin.com\/app\/uploads\/2025\/05\/maglin-warranty-hero.jpg","width":2880,"height":1552,"caption":"Man and woman sitting on backed wooden bench with stones and greenery in background"},{"@type":"BreadcrumbList","@id":"https:\/\/www.maglin.com\/fr\/ressources\/garantie\/#breadcrumb","itemListElement":[{"@type":"ListItem","position":1,"name":"Accueil","item":"https:\/\/www.maglin.com\/fr\/"},{"@type":"ListItem","position":2,"name":"Ressources","item":"https:\/\/www.maglin.com\/fr\/ressources\/"},{"@type":"ListItem","position":3,"name":"Garantie"}]},{"@type":"WebSite","@id":"https:\/\/www.maglin.com\/fr\/#website","url":"https:\/\/www.maglin.com\/fr\/","name":"Maglin","description":"Site Furniture","potentialAction":[{"@type":"SearchAction","target":{"@type":"EntryPoint","urlTemplate":"https:\/\/www.maglin.com\/fr\/?s={search_term_string}"},"query-input":{"@type":"PropertyValueSpecification","valueRequired":true,"valueName":"search_term_string"}}],"inLanguage":"fr-FR"}]}},"_links":{"self":[{"href":"https:\/\/www.maglin.com\/fr\/wp-json\/wp\/v2\/pages\/16878","targetHints":{"allow":["GET"]}}],"collection":[{"href":"https:\/\/www.maglin.com\/fr\/wp-json\/wp\/v2\/pages"}],"about":[{"href":"https:\/\/www.maglin.com\/fr\/wp-json\/wp\/v2\/types\/page"}],"author":[{"embeddable":true,"href":"https:\/\/www.maglin.com\/fr\/wp-json\/wp\/v2\/users\/4"}],"replies":[{"embeddable":true,"href":"https:\/\/www.maglin.com\/fr\/wp-json\/wp\/v2\/comments?post=16878"}],"version-history":[{"count":0,"href":"https:\/\/www.maglin.com\/fr\/wp-json\/wp\/v2\/pages\/16878\/revisions"}],"up":[{"embeddable":true,"href":"https:\/\/www.maglin.com\/fr\/wp-json\/wp\/v2\/pages\/16666"}],"wp:featuredmedia":[{"embeddable":true,"href":"https:\/\/www.maglin.com\/fr\/wp-json\/wp\/v2\/media\/80990"}],"wp:attachment":[{"href":"https:\/\/www.maglin.com\/fr\/wp-json\/wp\/v2\/media?parent=16878"}],"curies":[{"name":"wp","href":"https:\/\/api.w.org\/{rel}","templated":true}]}}