{"id":16767,"date":"2021-03-04T12:04:44","date_gmt":"2021-03-04T17:04:44","guid":{"rendered":"https:\/\/www.maglin.com\/?page_id=16767"},"modified":"2025-06-18T19:55:47","modified_gmt":"2025-06-18T23:55:47","slug":"formation","status":"publish","type":"page","link":"https:\/\/www.maglin.com\/fr\/ressources\/formation\/","title":{"rendered":"Formation"},"content":{"rendered":"<div class=\"wpb-content-wrapper\"><p>[vc_row][vc_column][basic_container container_size=&#8221;container container-narrow&#8221;]<div class=\"clearfix global-margin-y\"><\/div>[vc_column_text css=&#8221;&#8221;]<\/p>\n<h3><img loading=\"lazy\" decoding=\"async\" class=\"size-medium wp-image-2927 alignleft\" src=\"https:\/\/www.maglin.com\/app\/uploads\/2020\/09\/LACES_LOGO.jpg\" alt=\"LACES Education Provider Logo\" width=\"300\" height=\"100\" srcset=\"https:\/\/www.maglin.com\/app\/uploads\/2020\/09\/LACES_LOGO.jpg 809w, https:\/\/www.maglin.com\/app\/uploads\/2020\/09\/LACES_LOGO-300x100.jpg 300w, https:\/\/www.maglin.com\/app\/uploads\/2020\/09\/LACES_LOGO-768x257.jpg 768w\" sizes=\"auto, (max-width: 300px) 100vw, 300px\" \/>Maglin est un fournisseur d\u2019\u00e9ducation agr\u00e9\u00e9<br \/>\npour LA CES\u2122.<\/h3>\n<p>[\/vc_column_text]<div class=\"clearfix global-margin-y\"><\/div>[\/basic_container]<div class=\"custom-separator-wrapper\">\n\t<hr class=\"custom-separator bg-primary\"\/>\n<\/div>[\/vc_column][\/vc_row][vc_row][vc_column][basic_container container_size=&#8221;container-fluid&#8221; text_align=&#8221;text-center&#8221;]<div class=\"clearfix global-margin-y\"><\/div>[vc_column_text css=&#8221;&#8221;]<\/p>\n<h2 style=\"text-align: center;\">Offres de cours S\u00c9PAP actuelles<\/h2>\n<p>[\/vc_column_text][alternating_content_container]\t<div class=\"alternating-content-item-wrapper transparent\">\n\t\t<div class=\"container\">\n\t\t\t\t\t\t\t<div class=\"advanced-media alternating-content-item-image start-bg-center\">\n\t\t\t<img fetchpriority=\"high\" decoding=\"async\" src=\"https:\/\/www.maglin.com\/app\/uploads\/2022\/01\/Lake-Forest-Hospital_Custom-Amphitheater_004-scaled.jpg\" width=\"2560\" height=\"1920\" alt=\"Lake Forest Hospital Custom platform amphitheater\"  loading='eager'\/>\n\t\t<\/div>\n\t\t\t\t\t\t<div class=\"alternating-content-item-content-container\">\n\t\t\t\t<div class=\"alternating-content-item-inner\">\n\t\t\t\t\t\t\t\t\t\t\t<h3 class=\"alternating-content-item-heading\">Sur mesure, modifi\u00e9 ou modulaire : pleins feux sur la fabrication de mobilier urbain<\/h3>\n\t\t\t\t\t\t\t\t\t\t\t\t\t\t\t\t\t\t\t\t\t<div class=\"alternating-content-item-content\">\n\t\t\t\t\t\t\t<p><span style=\"color: #5c5959;\"><strong>Cr\u00e9dits : S\u00c9PAP 1,0 PDH<\/strong><\/span><\/p>\n<p>Le mobilier urbain est un aspect n\u00e9cessaire de nombreux projets d\u2019am\u00e9nagement, et la plupart d\u2019entre eux ont recours \u00e0 des produits standard avec beaucoup de succ\u00e8s. Cependant, certains projets peuvent b\u00e9n\u00e9ficier d\u2019options non standard pour rehausser leurs sites. D\u00e9couvrez comment d\u00e9terminer que les produits standard ne sont pas la meilleure solution ; et apprenez-en plus sur le processus unique de cr\u00e9ation de produits sur mesure, modifi\u00e9s et modulaires. Des \u00e9tudes de cas int\u00e9ressantes vous d\u00e9montreront la planification et l\u2019impact de la conception de mobilier urbain non standard.<\/p>\n<p>Description sommaire<\/p>\n<ul>\n<li>Identifier les caract\u00e9ristiques qui diff\u00e9rencient le mobilier urbain sur mesure, modifi\u00e9 et modulaire ;<\/li>\n<li>Comprendre les diff\u00e9rentes exigences de fabrication entre les produits standard et les produits sur mesure\/modifi\u00e9s\/modulaires ;<\/li>\n<li>D\u00e9terminer les cas o\u00f9 des produits non standard sont pr\u00e9f\u00e9rables dans le cadre d\u2019un projet ;<\/li>\n<li>\u00c9valuer et anticiper les difficult\u00e9s\/ consid\u00e9rations potentielles lors de la commande de produits nonstandard.<\/li>\n<\/ul>\n\t\t\t\t\t\t<\/div>\n\t\t\t\t\t\t\t\t\t\t\t\t\t\t\t\t<a href=\"mailto:amelie.cadieux@maglin.com?subject=S%27inscrire%20%3A%20Sur%20mesure%2C%20modifi%C3%A9%20ou%20modulaire\" target=\"_blank\" class=\"alternating-content-item-button btn btn-sm btn-primary \" title=\"S&#039;inscrire\">\n\t\t\t\t\t\t\tS'inscrire\t\t\t\t\t\t<\/a>\n\t\t\t\t\t\t\t\t\t<\/div>\n\t\t\t<\/div>\n\t\t<\/div>\n\t<\/div>\n\t<div class=\"alternating-content-item-wrapper transparent\">\n\t\t<div class=\"container\">\n\t\t\t\t\t\t\t<div class=\"advanced-media alternating-content-item-image start-bg-center\">\n\t\t\t<img decoding=\"async\" src=\"https:\/\/www.maglin.com\/app\/uploads\/2021\/06\/CSU-Long-Beach-Peterson-Hall-David-Lloyd-6639.jpg\" width=\"1920\" height=\"1080\" alt=\"University students outside on campus\"  loading='eager'\/>\n\t\t<\/div>\n\t\t\t\t\t\t<div class=\"alternating-content-item-content-container\">\n\t\t\t\t<div class=\"alternating-content-item-inner\">\n\t\t\t\t\t\t\t\t\t\t\t<h3 class=\"alternating-content-item-heading\">L\u2019am\u00e9nagement d\u2019espaces d\u2019apprentissage en plein air<\/h3>\n\t\t\t\t\t\t\t\t\t\t\t\t\t\t\t\t\t\t\t\t\t<div class=\"alternating-content-item-content\">\n\t\t\t\t\t\t\t<p><span style=\"color: #5c5959;\"><strong>Cr\u00e9dits : S\u00c9PAP 1,0 PDH<br \/>\n<\/strong><\/span><\/p>\n<p>L&#8217;apprentissage en plein air peut offrir un contraste spectaculaire avec la salle de classe int\u00e9rieure et procure aux apprenants d&#8217;innombrables avantages. Cependant, les bons environnements d&#8217;apprentissage stimulants en plein air exigent une planification sp\u00e9ciale qui tienne compte des objectifs d&#8217;apprentissage et s&#8217;y r\u00e9f\u00e8re. Cette formation identifiera le cadre de conception et les principes de planification pour la cr\u00e9ation d&#8217;espaces d&#8217;apprentissage ext\u00e9rieurs efficaces.<\/p>\n<p>Description sommaire<\/p>\n<ul>\n<li>D\u00e9finition de l&#8217;apprentissage en plein air, y compris les avantages et les d\u00e9fis<\/li>\n<li>Exploration du cadre de conception pour cibler et organiser la r\u00e9flexion sur les environnements de plein air;<\/li>\n<li>Identification des principes de planification pour l&#8217;apprentissage en plein air;<\/li>\n<li>Prise en compte de l&#8217;impact du climat et des environnements \u00e9ducatifs ruraux et urbains;<\/li>\n<li>Prise en compte de l&#8217;impact du climat et des environnements \u00e9ducatifs ruraux et urbains;<\/li>\n<\/ul>\n\t\t\t\t\t\t<\/div>\n\t\t\t\t\t\t\t\t\t\t\t\t\t\t\t\t<a href=\"mailto:amelie.cadieux@maglin.com?subject=S'inscrire&nbsp;:&nbsp;L\u2019am\u00e9nagement&nbsp;d\u2019espaces&nbsp;d\u2019apprentissage&nbsp;en&nbsp;plein&nbsp;air\" target=\"_blank\" class=\"alternating-content-item-button btn btn-sm btn-primary \" title=\"S&#039;inscrire\">\n\t\t\t\t\t\t\tS'inscrire\t\t\t\t\t\t<\/a>\n\t\t\t\t\t\t\t\t\t<\/div>\n\t\t\t<\/div>\n\t\t<\/div>\n\t<\/div>\n\t<div class=\"alternating-content-item-wrapper transparent\">\n\t\t<div class=\"container\">\n\t\t\t\t\t\t\t<div class=\"advanced-media alternating-content-item-image start-bg-center\">\n\t\t\t<img decoding=\"async\" src=\"https:\/\/www.maglin.com\/app\/uploads\/2020\/09\/BOA-site-furniture-selection-placement.jpg\" width=\"1200\" height=\"1200\" alt=\"People sitting together at table and chairs in an outdoor corporate plaza\"  loading='eager'\/>\n\t\t<\/div>\n\t\t\t\t\t\t<div class=\"alternating-content-item-content-container\">\n\t\t\t\t<div class=\"alternating-content-item-inner\">\n\t\t\t\t\t\t\t\t\t\t\t<h3 class=\"alternating-content-item-heading\">S\u00e9lection et placement du mobilier urbain<\/h3>\n\t\t\t\t\t\t\t\t\t\t\t\t\t\t\t\t\t\t\t\t\t<div class=\"alternating-content-item-content\">\n\t\t\t\t\t\t\t<p><span style=\"color: #5c5959;\"><strong>Cr\u00e9dits : S\u00c9PAP 1,0 PDH<br \/>\n<\/strong><\/span><\/p>\n<p>Le mobilier n&#8217;est qu&#8217;un \u00e9l\u00e9ment de la conception d\u2019espaces publics. Les concepteurs doivent prendre en consid\u00e9ration la fonction et les objectifs de l\u2019espace, en se concentrant sur la mani\u00e8re dont les gens utiliseront le lieu. La circulation et la fa\u00e7on pr\u00e9vue d&#8217;utiliser les installation dans l\u2019espace sont tout aussi importants que l&#8217;esth\u00e9tique du produit.\u00a0 Un produit flexible offrira d&#8217;innombrables possibilit\u00e9s d&#8217;agencement et pourra s&#8217;adapter aux objectifs fonctionnels du site.<\/p>\n<p>Description sommaire<\/p>\n<ul>\n<li>Pourquoi le placement est important<\/li>\n<li>Fonctions des produits et s\u00e9lection \/ placement<\/li>\n<li>\u00c9l\u00e9ments \u00e0 consid\u00e9rer en vertu de l\u2019<em>Americans with Disabilities Act <\/em>(ADA)<\/li>\n<li>\u00c9l\u00e9mets \u00e0 consid\u00e9rer en vertu de la <em>Global Alliance for Accessible Technologies and Environments <\/em>(GAATES)<\/li>\n<li>Placement des supports \u00e0 v\u00e9los<\/li>\n<li>Placement des tables et chaises<\/li>\n<li>Placement des bancs<\/li>\n<\/ul>\n\t\t\t\t\t\t<\/div>\n\t\t\t\t\t\t\t\t\t\t\t\t\t\t\t\t<a href=\"mailto:amelie.cadieux@maglin.com?subject=S'inscrire&nbsp;:&nbsp;S\u00e9lection&nbsp;et&nbsp;placement&nbsp;du&nbsp;mobilier&nbsp;urbain\" target=\"_blank\" class=\"alternating-content-item-button btn btn-sm btn-primary \" title=\"S&#039;inscrire\">\n\t\t\t\t\t\t\tS'inscrire\t\t\t\t\t\t<\/a>\n\t\t\t\t\t\t\t\t\t<\/div>\n\t\t\t<\/div>\n\t\t<\/div>\n\t<\/div>\n[\/alternating_content_container][\/basic_container][\/vc_column][\/vc_row][vc_row][vc_column]<div class=\"templatera_shortcode\"><div data-vc-full-width=\"true\" data-vc-full-width-init=\"false\" data-vc-stretch-content=\"true\" class=\"vc_row wpb_row vc_row-fluid vc_row-no-padding\"><div class=\"wpb_column vc_column_container vc_col-sm-12\"><div class=\"vc_column-inner\"><div class=\"wpb_wrapper\"><div class=\"media-banner media-curve-bottom-right large-curve no-video\">\n\t\t<div class=\"media-banner__container container\">\n\t\t<div class=\"media-banner__content\">\n\t\t\t\t\t\t\t<h2 class=\"media-banner__heading h1\">\n\t\t\t\t\tConstruisons ensemble\t\t\t\t<\/h2>\n\t\t\t\t\t\t\t\t\t\t<div class=\"media-banner__description text-large\">\n\t\t\t\t\t<p>Commencez \u00e0 planifier votre espace avec nous d\u00e8s aujourd'hui et voyez exactement comment les liens que nous construisons avec nos clients sont aussi forts et durables que les meubles que nous soutenons.<\/p>\t\t\t\t<\/div>\n\t\t\t\t\t\t\t\t\t\t<div class=\"media-banner__button\">\n\t\t\t\t\t<a href=\"https:\/\/www.maglin.com\/fr\/contact\/\" class=\"btn btn-inverse btn-light\" target=\"\">\n\t\t\t\t\t\tParlons\t\t\t\t\t<\/a>\n\t\t\t\t<\/div>\n\t\t\t\t\t<\/div>\n\t<\/div>\n\t<div class=\"advanced-media media-banner__media\">\n\t\t\t<img decoding=\"async\" src=\"https:\/\/www.maglin.com\/app\/uploads\/2020\/09\/Maglin-Head-Office_blue-skies_1-2.jpg\" width=\"1500\" height=\"918\" alt=\"Maglin Site Furniture Head Office\"  loading='eager'\/>\n\t\t<\/div>\n<\/div><\/div><\/div><\/div><\/div><div class=\"vc_row-full-width vc_clearfix\"><\/div>\r\n<\/div>[\/vc_column][\/vc_row][vc_row][vc_column][\/vc_column][\/vc_row]<\/p>\n<\/div>","protected":false},"excerpt":{"rendered":"Maglin est un fournisseur d\u2019\u00e9ducation agr\u00e9\u00e9 pour LA CES\u2122. Offres de cours S\u00c9PAP actuelles Sur mesure, modifi\u00e9 ou modulaire : pleins feux sur la fabrication de mobilier urbain Cr\u00e9dits : S\u00c9PAP 1,0 PDH Le mobilier urbain est un aspect n\u00e9cessaire de nombreux projets d\u2019am\u00e9nagement, et la plupart d\u2019entre eux ont recours \u00e0 des produits standard [...]","protected":false},"author":2,"featured_media":80875,"parent":16666,"menu_order":310,"comment_status":"closed","ping_status":"closed","template":"","meta":{"_acf_changed":false,"footnotes":""},"class_list":["post-16767","page","type-page","status-publish","has-post-thumbnail","hentry"],"acf":[],"yoast_head":"<!-- This site is optimized with the Yoast SEO plugin v26.6 - https:\/\/yoast.com\/wordpress\/plugins\/seo\/ -->\n<title>Formation - Maglin<\/title>\n<meta name=\"description\" content=\"Maglin Site Furniture offer aux professionnels de l\u2019am\u00e9nagement un repertoire complet de formations. Obtenez des cr\u00e9dits en formation continue par le biais de nos formations approuv\u00e9es par LA CES\u2122.\" \/>\n<meta name=\"robots\" content=\"index, follow, max-snippet:-1, max-image-preview:large, max-video-preview:-1\" \/>\n<link rel=\"canonical\" href=\"https:\/\/www.maglin.com\/fr\/ressources\/formation\/\" \/>\n<meta property=\"og:locale\" content=\"fr_FR\" \/>\n<meta property=\"og:type\" content=\"article\" \/>\n<meta property=\"og:title\" content=\"Formation - Maglin\" \/>\n<meta property=\"og:description\" content=\"Maglin Site Furniture offer aux professionnels de l\u2019am\u00e9nagement un repertoire complet de formations. Obtenez des cr\u00e9dits en formation continue par le biais de nos formations approuv\u00e9es par LA CES\u2122.\" \/>\n<meta property=\"og:url\" content=\"https:\/\/www.maglin.com\/fr\/ressources\/formation\/\" \/>\n<meta property=\"og:site_name\" content=\"Maglin\" \/>\n<meta property=\"article:publisher\" content=\"https:\/\/www.facebook.com\/MaglinFurniture\/\" \/>\n<meta property=\"article:modified_time\" content=\"2025-06-18T23:55:47+00:00\" \/>\n<meta property=\"og:image\" content=\"https:\/\/www.maglin.com\/app\/uploads\/2025\/05\/maglin-education-hero-img-1.jpg\" \/>\n\t<meta property=\"og:image:width\" content=\"2880\" \/>\n\t<meta property=\"og:image:height\" content=\"1552\" \/>\n\t<meta property=\"og:image:type\" content=\"image\/jpeg\" \/>\n<meta name=\"twitter:card\" content=\"summary_large_image\" \/>\n<meta name=\"twitter:site\" content=\"@maglinfurniture\" \/>\n<meta name=\"twitter:label1\" content=\"Est. reading time\" \/>\n\t<meta name=\"twitter:data1\" content=\"3 minutes\" \/>\n<script type=\"application\/ld+json\" class=\"yoast-schema-graph\">{\"@context\":\"https:\/\/schema.org\",\"@graph\":[{\"@type\":\"WebPage\",\"@id\":\"https:\/\/www.maglin.com\/fr\/ressources\/formation\/\",\"url\":\"https:\/\/www.maglin.com\/fr\/ressources\/formation\/\",\"name\":\"Formation - Maglin\",\"isPartOf\":{\"@id\":\"https:\/\/www.maglin.com\/fr\/#website\"},\"primaryImageOfPage\":{\"@id\":\"https:\/\/www.maglin.com\/fr\/ressources\/formation\/#primaryimage\"},\"image\":{\"@id\":\"https:\/\/www.maglin.com\/fr\/ressources\/formation\/#primaryimage\"},\"thumbnailUrl\":\"https:\/\/www.maglin.com\/app\/uploads\/2025\/05\/maglin-education-hero-img-1.jpg\",\"datePublished\":\"2021-03-04T17:04:44+00:00\",\"dateModified\":\"2025-06-18T23:55:47+00:00\",\"description\":\"Maglin Site Furniture offer aux professionnels de l\u2019am\u00e9nagement un repertoire complet de formations. Obtenez des cr\u00e9dits en formation continue par le biais de nos formations approuv\u00e9es par LA CES\u2122.\",\"breadcrumb\":{\"@id\":\"https:\/\/www.maglin.com\/fr\/ressources\/formation\/#breadcrumb\"},\"inLanguage\":\"fr-FR\",\"potentialAction\":[{\"@type\":\"ReadAction\",\"target\":[\"https:\/\/www.maglin.com\/fr\/ressources\/formation\/\"]}]},{\"@type\":\"ImageObject\",\"inLanguage\":\"fr-FR\",\"@id\":\"https:\/\/www.maglin.com\/fr\/ressources\/formation\/#primaryimage\",\"url\":\"https:\/\/www.maglin.com\/app\/uploads\/2025\/05\/maglin-education-hero-img-1.jpg\",\"contentUrl\":\"https:\/\/www.maglin.com\/app\/uploads\/2025\/05\/maglin-education-hero-img-1.jpg\",\"width\":2880,\"height\":1552,\"caption\":\"Student sitting at Ogden modular table with laptop\"},{\"@type\":\"BreadcrumbList\",\"@id\":\"https:\/\/www.maglin.com\/fr\/ressources\/formation\/#breadcrumb\",\"itemListElement\":[{\"@type\":\"ListItem\",\"position\":1,\"name\":\"Accueil\",\"item\":\"https:\/\/www.maglin.com\/fr\/\"},{\"@type\":\"ListItem\",\"position\":2,\"name\":\"Ressources\",\"item\":\"https:\/\/www.maglin.com\/fr\/ressources\/\"},{\"@type\":\"ListItem\",\"position\":3,\"name\":\"Formation\"}]},{\"@type\":\"WebSite\",\"@id\":\"https:\/\/www.maglin.com\/fr\/#website\",\"url\":\"https:\/\/www.maglin.com\/fr\/\",\"name\":\"Maglin\",\"description\":\"Site Furniture\",\"potentialAction\":[{\"@type\":\"SearchAction\",\"target\":{\"@type\":\"EntryPoint\",\"urlTemplate\":\"https:\/\/www.maglin.com\/fr\/?s={search_term_string}\"},\"query-input\":{\"@type\":\"PropertyValueSpecification\",\"valueRequired\":true,\"valueName\":\"search_term_string\"}}],\"inLanguage\":\"fr-FR\"}]}<\/script>\n<!-- \/ Yoast SEO plugin. -->","yoast_head_json":{"title":"Formation - Maglin","description":"Maglin Site Furniture offer aux professionnels de l\u2019am\u00e9nagement un repertoire complet de formations. Obtenez des cr\u00e9dits en formation continue par le biais de nos formations approuv\u00e9es par LA CES\u2122.","robots":{"index":"index","follow":"follow","max-snippet":"max-snippet:-1","max-image-preview":"max-image-preview:large","max-video-preview":"max-video-preview:-1"},"canonical":"https:\/\/www.maglin.com\/fr\/ressources\/formation\/","og_locale":"fr_FR","og_type":"article","og_title":"Formation - Maglin","og_description":"Maglin Site Furniture offer aux professionnels de l\u2019am\u00e9nagement un repertoire complet de formations. Obtenez des cr\u00e9dits en formation continue par le biais de nos formations approuv\u00e9es par LA CES\u2122.","og_url":"https:\/\/www.maglin.com\/fr\/ressources\/formation\/","og_site_name":"Maglin","article_publisher":"https:\/\/www.facebook.com\/MaglinFurniture\/","article_modified_time":"2025-06-18T23:55:47+00:00","og_image":[{"width":2880,"height":1552,"url":"https:\/\/www.maglin.com\/app\/uploads\/2025\/05\/maglin-education-hero-img-1.jpg","type":"image\/jpeg"}],"twitter_card":"summary_large_image","twitter_site":"@maglinfurniture","twitter_misc":{"Est. reading time":"3 minutes"},"schema":{"@context":"https:\/\/schema.org","@graph":[{"@type":"WebPage","@id":"https:\/\/www.maglin.com\/fr\/ressources\/formation\/","url":"https:\/\/www.maglin.com\/fr\/ressources\/formation\/","name":"Formation - Maglin","isPartOf":{"@id":"https:\/\/www.maglin.com\/fr\/#website"},"primaryImageOfPage":{"@id":"https:\/\/www.maglin.com\/fr\/ressources\/formation\/#primaryimage"},"image":{"@id":"https:\/\/www.maglin.com\/fr\/ressources\/formation\/#primaryimage"},"thumbnailUrl":"https:\/\/www.maglin.com\/app\/uploads\/2025\/05\/maglin-education-hero-img-1.jpg","datePublished":"2021-03-04T17:04:44+00:00","dateModified":"2025-06-18T23:55:47+00:00","description":"Maglin Site Furniture offer aux professionnels de l\u2019am\u00e9nagement un repertoire complet de formations. Obtenez des cr\u00e9dits en formation continue par le biais de nos formations approuv\u00e9es par LA CES\u2122.","breadcrumb":{"@id":"https:\/\/www.maglin.com\/fr\/ressources\/formation\/#breadcrumb"},"inLanguage":"fr-FR","potentialAction":[{"@type":"ReadAction","target":["https:\/\/www.maglin.com\/fr\/ressources\/formation\/"]}]},{"@type":"ImageObject","inLanguage":"fr-FR","@id":"https:\/\/www.maglin.com\/fr\/ressources\/formation\/#primaryimage","url":"https:\/\/www.maglin.com\/app\/uploads\/2025\/05\/maglin-education-hero-img-1.jpg","contentUrl":"https:\/\/www.maglin.com\/app\/uploads\/2025\/05\/maglin-education-hero-img-1.jpg","width":2880,"height":1552,"caption":"Student sitting at Ogden modular table with laptop"},{"@type":"BreadcrumbList","@id":"https:\/\/www.maglin.com\/fr\/ressources\/formation\/#breadcrumb","itemListElement":[{"@type":"ListItem","position":1,"name":"Accueil","item":"https:\/\/www.maglin.com\/fr\/"},{"@type":"ListItem","position":2,"name":"Ressources","item":"https:\/\/www.maglin.com\/fr\/ressources\/"},{"@type":"ListItem","position":3,"name":"Formation"}]},{"@type":"WebSite","@id":"https:\/\/www.maglin.com\/fr\/#website","url":"https:\/\/www.maglin.com\/fr\/","name":"Maglin","description":"Site Furniture","potentialAction":[{"@type":"SearchAction","target":{"@type":"EntryPoint","urlTemplate":"https:\/\/www.maglin.com\/fr\/?s={search_term_string}"},"query-input":{"@type":"PropertyValueSpecification","valueRequired":true,"valueName":"search_term_string"}}],"inLanguage":"fr-FR"}]}},"_links":{"self":[{"href":"https:\/\/www.maglin.com\/fr\/wp-json\/wp\/v2\/pages\/16767","targetHints":{"allow":["GET"]}}],"collection":[{"href":"https:\/\/www.maglin.com\/fr\/wp-json\/wp\/v2\/pages"}],"about":[{"href":"https:\/\/www.maglin.com\/fr\/wp-json\/wp\/v2\/types\/page"}],"author":[{"embeddable":true,"href":"https:\/\/www.maglin.com\/fr\/wp-json\/wp\/v2\/users\/2"}],"replies":[{"embeddable":true,"href":"https:\/\/www.maglin.com\/fr\/wp-json\/wp\/v2\/comments?post=16767"}],"version-history":[{"count":0,"href":"https:\/\/www.maglin.com\/fr\/wp-json\/wp\/v2\/pages\/16767\/revisions"}],"up":[{"embeddable":true,"href":"https:\/\/www.maglin.com\/fr\/wp-json\/wp\/v2\/pages\/16666"}],"wp:featuredmedia":[{"embeddable":true,"href":"https:\/\/www.maglin.com\/fr\/wp-json\/wp\/v2\/media\/80875"}],"wp:attachment":[{"href":"https:\/\/www.maglin.com\/fr\/wp-json\/wp\/v2\/media?parent=16767"}],"curies":[{"name":"wp","href":"https:\/\/api.w.org\/{rel}","templated":true}]}}