{"id":16749,"date":"2021-03-03T11:29:56","date_gmt":"2021-03-03T16:29:56","guid":{"rendered":"https:\/\/www.maglin.com\/?page_id=16749"},"modified":"2025-06-05T16:08:48","modified_gmt":"2025-06-05T20:08:48","slug":"travailler-avec-maglin","status":"publish","type":"page","link":"https:\/\/www.maglin.com\/fr\/entreprise\/travailler-avec-maglin\/","title":{"rendered":"Travailler avec Maglin"},"content":{"rendered":"<div class=\"wpb-content-wrapper\"><p>[vc_row][vc_column]<div class=\"text-pattern\">\n\t<div class=\"text-pattern__container container\">\n\t\t<div class=\"text-pattern__background\">\n\t\t\t<img decoding=\"async\" src=\"https:\/\/www.maglin.com\/app\/themes\/maglin\/images\/corner-accent.svg\" alt=\"\" class=\"text-pattern__image\" aria-hidden=\"true\" \/>\n\t\t<\/div>\n\t\t<div class=\"text-pattern__content\">\n\t\t\t<div class=\"text-pattern__text text-large\">\n\t\t\t\t<\/p>\n<h3>Un processus sens\u00e9. Des solutions cr\u00e9atives. Un v\u00e9ritable partenariat.<\/h3>\n<p>Que vous souhaitiez acheter un seul banc ou am\u00e9nager un \u00e9l\u00e9ment distinctif pour votre site, en travaillant avec Maglin, vous n\u2019\u00eates jamais seul. Notre \u00e9quipe est l\u00e0 pour vous aider \u00e0 concr\u00e9tiser votre vision gr\u00e2ce \u00e0 des processus \u00e9prouv\u00e9s, un service attentionn\u00e9 et des pro duits con\u00e7us pour r\u00e9sister \u00e0 l\u2019\u00e9preuve du temps.\t\t\t<\/div>\n\t\t<\/div>\n\t<\/div>\n<\/div>\n[\/vc_column][\/vc_row][vc_row][vc_column][alternating_content_container]\t<div class=\"alternating-content-item-wrapper transparent\">\n\t\t<div class=\"container\">\n\t\t\t\t\t\t\t<div class=\"advanced-media alternating-content-item-image start-bg-center\">\n\t\t\t<img fetchpriority=\"high\" decoding=\"async\" src=\"https:\/\/www.maglin.com\/app\/uploads\/2025\/05\/maglin-working-with-maglin-sales.jpg\" width=\"1342\" height=\"1006\" alt=\"Maglin sales team at ASLA tradeshow sitting on CANOE planter with Ogden Benches\"  loading='eager'\/>\n\t\t<\/div>\n\t\t\t\t\t\t<div class=\"alternating-content-item-content-container\">\n\t\t\t\t<div class=\"alternating-content-item-inner\">\n\t\t\t\t\t\t\t\t\t\t\t<h2 class=\"alternating-content-item-heading\">Un partenariat ax\u00e9 sur la personne<\/h2>\n\t\t\t\t\t\t\t\t\t\t\t\t\t\t\t\t\t\t\t\t\t<div class=\"alternating-content-item-content\">\n\t\t\t\t\t\t\t<p>Nos directeurs de territoire, coordonnateurs de projet, ing\u00e9nieurs et \u00e9quipes de production interviennent rapidement, r\u00e9pondent sans d\u00e9lai et vous accompagnent \u00e0 toutes les \u00e9tapes, jusqu\u2019\u00e0 la r\u00e9alisation du projet.<\/p>\n\t\t\t\t\t\t<\/div>\n\t\t\t\t\t\t\t\t\t\t\t\t\t\t<\/div>\n\t\t\t<\/div>\n\t\t<\/div>\n\t<\/div>\n\t<div class=\"alternating-content-item-wrapper transparent\">\n\t\t<div class=\"container\">\n\t\t\t\t\t\t\t<div class=\"advanced-media alternating-content-item-image start-bg-center\">\n\t\t\t<img decoding=\"async\" src=\"https:\/\/www.maglin.com\/app\/uploads\/2025\/05\/maglin-working-with-maglin-process.jpg\" width=\"1342\" height=\"1006\" alt=\"Maglin team working in office with big screen and laptop on ALUM table\"  loading='eager'\/>\n\t\t<\/div>\n\t\t\t\t\t\t<div class=\"alternating-content-item-content-container\">\n\t\t\t\t<div class=\"alternating-content-item-inner\">\n\t\t\t\t\t\t\t\t\t\t\t<h2 class=\"alternating-content-item-heading\">Des produits qui performent<\/h2>\n\t\t\t\t\t\t\t\t\t\t\t\t\t\t\t\t\t\t\t\t\t<div class=\"alternating-content-item-content\">\n\t\t\t\t\t\t\t<h3>Le processus de commande<\/h3>\n<ol>\n<li><a href=\"https:\/\/www.maglin.com\/fr\/linscription-de-quick-quote\/\">Obtenez un devis<\/a>\u00a0&#8211; ou\u00a0<a href=\"https:\/\/www.maglin.com\/fr\/contact\/\">demandez de l&#8217;aide<\/a>\u00a0pour la configuration personnalis\u00e9e de votre projet. Appelez au 1-800-716-5506 (ligne sans frais) si vous souhaitez parler \u00e0 quelqu&#8217;un imm\u00e9diatement.<\/li>\n<li>Commandez ais\u00e9ment vos produits aupr\u00e8s de votre repr\u00e9sentant Maglin. Vous ne savez pas qui est votre repr\u00e9sentant ? Utilisez notre outil en ligne et <a href=\"https:\/\/www.maglin.com\/fr\/contact\/\">trouvez-le d\u00e8s<\/a> aujourd&#8217;hui\u2009!<\/li>\n<li>Les commandes standard seront livr\u00e9es en 6 \u00e0 8 semaines. Pour <a href=\"https:\/\/www.maglin.com\/fr\/sur-mesure\/\">les produits sur mesure<\/a>, les d\u00e9lais de livraison sont g\u00e9n\u00e9ralement de 10 \u00e0 12 semaines.<\/li>\n<\/ol>\n\t\t\t\t\t\t<\/div>\n\t\t\t\t\t\t\t\t\t\t\t\t\t\t<\/div>\n\t\t\t<\/div>\n\t\t<\/div>\n\t<\/div>\n\t<div class=\"alternating-content-item-wrapper transparent\">\n\t\t<div class=\"container\">\n\t\t\t\t\t\t\t<div class=\"advanced-media alternating-content-item-image start-bg-center\">\n\t\t\t<img decoding=\"async\" src=\"https:\/\/www.maglin.com\/app\/uploads\/2020\/09\/Maglin-Drivers-Trucks.jpg\" width=\"1270\" height=\"720\" alt=\"Maglin branded delivery trucks lined up with drivers standing in front\"  loading='eager'\/>\n\t\t<\/div>\n\t\t\t\t\t\t<div class=\"alternating-content-item-content-container\">\n\t\t\t\t<div class=\"alternating-content-item-inner\">\n\t\t\t\t\t\t\t\t\t\t\t<h2 class=\"alternating-content-item-heading\">Notre processus<\/h2>\n\t\t\t\t\t\t\t\t\t\t\t\t\t\t\t\t\t\t\t\t\t<div class=\"alternating-content-item-content\">\n\t\t\t\t\t\t\t<p>Maglin travaille avec de nombreux clients \u00e0 travers l\u2019Am\u00e9rique du Nord et le processus de s\u00e9lection, de commande et de r\u00e9ception de votre mobilier urbain avec nous est simple comme bonjour ! Bien s\u00fbr, ces tirets entre les chiffres contiennent les d\u00e9tails comme les modalit\u00e9s de paiement, les taxes\u2026 vous savez, toutes les choses amusantes ! Pour en savoir plus \u00e0 ce sujet, cliquez ici :\u00a0 <a href=\"https:\/\/www.maglin.com\/app\/uploads\/2020\/09\/Working-with-MaglinSiteFurniture-QC-FR.pdf\" target=\"_blank\" rel=\"noopener noreferrer\">Quebec<\/a><\/p>\n\t\t\t\t\t\t<\/div>\n\t\t\t\t\t\t\t\t\t\t\t\t\t\t<\/div>\n\t\t\t<\/div>\n\t\t<\/div>\n\t<\/div>\n[\/alternating_content_container][\/vc_column][\/vc_row][vc_row][vc_column]<div class=\"custom-separator-wrapper\">\n\t<hr class=\"custom-separator bg-light\"\/>\n<\/div>[\/vc_column][\/vc_row][vc_row][vc_column][basic_container container_size=&#8221;container container-narrow&#8221;]<div class=\"clearfix global-margin-y\"><\/div>[vc_column_text css=&#8221;&#8221;]<\/p>\n<h2 style=\"text-align: center;\">Voici ce que disent nos clients<\/h2>\n<p>[\/vc_column_text][generic_carousel_container items=&#8221;1&#8243; bg_type=&#8221;solid&#8221;]\t<div class=\"testimonial\">\n\t\t<div class=\"container container-narrow\">\n\t\t\t<div class=\"blockquote-container\">\n\t\t\t\t<blockquote class=\"text-left\">\n\t\t\t\t\t<div class=\"testimonial-content\">\n\t\t\t\t\t\t\t\t\t\t\t\t\t<div class=\"testimonial-content-quote\">\n\t\t\t\t\t\t\t\t<p>Je suis en contact avec Maglin Site Furniture depuis 2014, et chaque ann\u00e9e ils continuent \u00e0 d\u00e9passer nos attentes avec des r\u00e9ponses rapides et un service amical. La qualit\u00e9 des produits est exceptionnelle et les d\u00e9lais de livraison ne sont jamais exag\u00e9r\u00e9s. Je recommande fortement leurs produits. <\/p>\n\t\t\t\t\t\t\t<\/div>\n\t\t\t\t\t\t\t\t\t\t\t\t\t\t\t\t\t\t\t\t\t\t\t\t<p class=\"testimonial-content-author-name\">\n\t\t\t\t\t\t\tMiranda P.,\t\t\t\t\t\t\t\t\t\t\t\t\t\t\t<span class=\"testimonial-content-author-location\">Coordonnatrice au paysagement, Aldershot Landscape Contractors<\/span>\n\t\t\t\t\t\t\t\t\t\t\t\t\t<\/p>\n\t\t\t\t\t<\/div>\n\t\t\t\t<\/blockquote>\n\t\t\t<\/div>\n\t\t<\/div>\n\t<\/div>\n\t<div class=\"testimonial\">\n\t\t<div class=\"container container-narrow\">\n\t\t\t<div class=\"blockquote-container\">\n\t\t\t\t<blockquote class=\"text-left\">\n\t\t\t\t\t<div class=\"testimonial-content\">\n\t\t\t\t\t\t\t\t\t\t\t\t\t<div class=\"testimonial-content-quote\">\n\t\t\t\t\t\t\t\t<p>Nous avons plus de 100 conteneurs \u00e0 d\u00e9chets (poubelles) de Maglin \u00e0 Palisades Park, ici \u00e0 Santa Monica. Nous sommes extr\u00eamement satisfaits de la qualit\u00e9 du travail et de la finition de leurs produits. Ils sont situ\u00e9s directement sur les c\u00f4tes et r\u00e9sistent non seulement \u00e0 l'air salin, mais aussi \u00e0 l'usage intensif qu'ils re\u00e7oivent. Notre \u00e9quipe d\u2019entretien vide chacune de ces poubelles deux fois par jour, 365 jours par ann\u00e9e, et nous n'avons jamais eu \u00e0 remplacer une seule unit\u00e9 Maglin jusqu'\u00e0 pr\u00e9sent. La seule chose qui soit meilleure que vos produits est le service \u00e0 la client\u00e8le exceptionnel dont j\u2019ai b\u00e9n\u00e9fici\u00e9 de vous et de votre \u00e9quipe au fil des ans.<\/p>\n\t\t\t\t\t\t\t<\/div>\n\t\t\t\t\t\t\t\t\t\t\t\t\t\t\t\t\t\t\t\t\t\t\t\t<p class=\"testimonial-content-author-name\">\n\t\t\t\t\t\t\tAndrew G.,\t\t\t\t\t\t\t\t\t\t\t\t\t\t\t<span class=\"testimonial-content-author-location\">Superviseur de l\u2019entretien des parcs, Ville de Santa Monica<\/span>\n\t\t\t\t\t\t\t\t\t\t\t\t\t<\/p>\n\t\t\t\t\t<\/div>\n\t\t\t\t<\/blockquote>\n\t\t\t<\/div>\n\t\t<\/div>\n\t<\/div>\n\t<div class=\"testimonial\">\n\t\t<div class=\"container container-narrow\">\n\t\t\t<div class=\"blockquote-container\">\n\t\t\t\t<blockquote class=\"text-left\">\n\t\t\t\t\t<div class=\"testimonial-content\">\n\t\t\t\t\t\t\t\t\t\t\t\t\t<div class=\"testimonial-content-quote\">\n\t\t\t\t\t\t\t\t<p>Nous travaillons avec Maglin Site Furniture depuis de nombreuses ann\u00e9es. Ils nous ont toujours fourni un service exceptionnel et leurs produits ont r\u00e9pondu \u00e0 nos besoins en mati\u00e8re de design, de durabilit\u00e9 et de fiabilit\u00e9. Nous recommandons Maglin \u00e0 titre de fournisseur de mobilier pour les propri\u00e9taires et gestionnaires de b\u00e2timents \u00e0 travers le Canada.<\/p>\n\t\t\t\t\t\t\t<\/div>\n\t\t\t\t\t\t\t\t\t\t\t\t\t\t\t\t\t\t\t\t\t\t\t\t<p class=\"testimonial-content-author-name\">\n\t\t\t\t\t\t\tCindy M.,\t\t\t\t\t\t\t\t\t\t\t\t\t\t\t<span class=\"testimonial-content-author-location\">Directeur r\u00e9gional \u2013 Canada Atlantique, Arcturus Realty Corporation<\/span>\n\t\t\t\t\t\t\t\t\t\t\t\t\t<\/p>\n\t\t\t\t\t<\/div>\n\t\t\t\t<\/blockquote>\n\t\t\t<\/div>\n\t\t<\/div>\n\t<\/div>\n\t<div class=\"testimonial\">\n\t\t<div class=\"container container-narrow\">\n\t\t\t<div class=\"blockquote-container\">\n\t\t\t\t<blockquote class=\"text-left\">\n\t\t\t\t\t<div class=\"testimonial-content\">\n\t\t\t\t\t\t\t\t\t\t\t\t\t<div class=\"testimonial-content-quote\">\n\t\t\t\t\t\t\t\t<p>Maglin nous fait gagner du temps\u2009! Notre partenariat a d\u00e9but\u00e9 en 2016, lorsqu'ils ont cr\u00e9\u00e9 un programme personnalis\u00e9 selon nos besoins d'achat de mobilier urbain pour l\u2019ensemble de nos sites \u00e0 travers le Canada. Maglin a su nous offrir une grande vari\u00e9t\u00e9 de produits parmi lesquels choisir. De la commande \u00e0 la livraison, le processus est convivial, les produits sont de grande qualit\u00e9 et leur service \u00e0 la client\u00e8le est excellent.<\/p>\n\t\t\t\t\t\t\t<\/div>\n\t\t\t\t\t\t\t\t\t\t\t\t\t\t\t\t\t\t\t\t\t\t\t\t<p class=\"testimonial-content-author-name\">\n\t\t\t\t\t\t\tChris M.,\t\t\t\t\t\t\t\t\t\t\t\t\t\t\t<span class=\"testimonial-content-author-location\">Directeur de propri\u00e9t\u00e9, Choice Properties<\/span>\n\t\t\t\t\t\t\t\t\t\t\t\t\t<\/p>\n\t\t\t\t\t<\/div>\n\t\t\t\t<\/blockquote>\n\t\t\t<\/div>\n\t\t<\/div>\n\t<\/div>\n\t<div class=\"testimonial\">\n\t\t<div class=\"container container-narrow\">\n\t\t\t<div class=\"blockquote-container\">\n\t\t\t\t<blockquote class=\"text-left\">\n\t\t\t\t\t<div class=\"testimonial-content\">\n\t\t\t\t\t\t\t\t\t\t\t\t\t<div class=\"testimonial-content-quote\">\n\t\t\t\t\t\t\t\t<p>Maglin offre une gamme compl\u00e8te de meubles d'ext\u00e9rieur bien con\u00e7us et de grande qualit\u00e9, adapt\u00e9s aux aires ext\u00e9rieures de tout b\u00e2timent. Nous avons s\u00e9lectionn\u00e9 des produits Maglin qui compl\u00e8tent parfaitement les caract\u00e9ristiques de nos b\u00e2timents historiques ainsi que ceux de style contemporain. Nous appr\u00e9cions grandement nos relations d\u2019affaires avec Maglin Site Furniture car ils continuent \u00e0 r\u00e9pondre \u00e0 nos attentes en fournissant un excellent service et des produits de qualit\u00e9 sup\u00e9rieure.<\/p>\n\t\t\t\t\t\t\t<\/div>\n\t\t\t\t\t\t\t\t\t\t\t\t\t\t\t\t\t\t\t\t\t\t\t\t<p class=\"testimonial-content-author-name\">\n\t\t\t\t\t\t\tHeather M.,\t\t\t\t\t\t\t\t\t\t\t\t\t\t\t<span class=\"testimonial-content-author-location\">Directrice d\u2019assurance-qualit\u00e9, Redcliff Realty Management Inc.<\/span>\n\t\t\t\t\t\t\t\t\t\t\t\t\t<\/p>\n\t\t\t\t\t<\/div>\n\t\t\t\t<\/blockquote>\n\t\t\t<\/div>\n\t\t<\/div>\n\t<\/div>\n\t<div class=\"testimonial\">\n\t\t<div class=\"container container-narrow\">\n\t\t\t<div class=\"blockquote-container\">\n\t\t\t\t<blockquote class=\"text-left\">\n\t\t\t\t\t<div class=\"testimonial-content\">\n\t\t\t\t\t\t\t\t\t\t\t\t\t<div class=\"testimonial-content-quote\">\n\t\t\t\t\t\t\t\t<p>L'autre jour, je regardais les bancs ayant \u00e9t\u00e9 remplac\u00e9s sur l'avenue Bernard. Ils tiennent bien la route\u2009! Il faut rendre hommage \u00e0 Maglin pour leur grand soutien envers leurs produits et leurs marques.<\/p>\n\t\t\t\t\t\t\t<\/div>\n\t\t\t\t\t\t\t\t\t\t\t\t\t\t\t\t\t\t\t\t\t\t\t\t<p class=\"testimonial-content-author-name\">\n\t\t\t\t\t\t\tAndrew G.,\t\t\t\t\t\t\t\t\t\t\t\t\t\t\t<span class=\"testimonial-content-author-location\">Directeur principal des projets, Ville de Kelowna<\/span>\n\t\t\t\t\t\t\t\t\t\t\t\t\t<\/p>\n\t\t\t\t\t<\/div>\n\t\t\t\t<\/blockquote>\n\t\t\t<\/div>\n\t\t<\/div>\n\t<\/div>\n[\/generic_carousel_container]<div class=\"clearfix global-margin-y\"><\/div>[\/basic_container][\/vc_column][\/vc_row][vc_row full_width=&#8221;stretch_row_content_no_spaces&#8221;][vc_column]<div class=\"templatera_shortcode\"><div data-vc-full-width=\"true\" data-vc-full-width-init=\"false\" data-vc-stretch-content=\"true\" class=\"vc_row wpb_row vc_row-fluid vc_row-no-padding\"><div class=\"wpb_column vc_column_container vc_col-sm-12\"><div class=\"vc_column-inner\"><div class=\"wpb_wrapper\"><div class=\"media-banner media-curve-bottom-right large-curve with-video\">\n\t\t<div class=\"media-banner__container container\">\n\t\t<div class=\"media-banner__content\">\n\t\t\t\t\t\t\t<h2 class=\"media-banner__heading h1\">\n\t\t\t\t\tContactez-nous d\u00e8s aujourd\u2019hui\t\t\t\t<\/h2>\n\t\t\t\t\t\t\t\t\t\t<div class=\"media-banner__description text-large\">\n\t\t\t\t\t<p>Votre repr\u00e9sentant Maglin local est \u00e0 votre disposition pour vous aider avec vos projets et r\u00e9pondre \u00e0 toutes vos questions \u00e0 propos de l\u2019installation ou des produits.<\/p>\t\t\t\t<\/div>\n\t\t\t\t\t\t\t\t\t\t<div class=\"media-banner__button\">\n\t\t\t\t\t<a href=\"https:\/\/www.maglin.com\/fr\/contact\/\" class=\"btn btn-inverse btn-light\" target=\"\">\n\t\t\t\t\t\tContactez-nous\t\t\t\t\t<\/a>\n\t\t\t\t<\/div>\n\t\t\t\t\t<\/div>\n\t<\/div>\n\t<div class=\"advanced-media media-banner__media\">\n\t\t\t\t<div class=\"vimeo-bg-video-wrapper\">\n\t\t\t<div class=\"vimeo-video-controls\">\n\t\t\t\t<button class=\"vimeo-video-control vimeo-video-control-play d-none\">\n\t\t\t\t\t<span class=\"vimeo-video-control-icon icon-play\"><\/span>\n\t\t\t\t\t<span class=\"video-control-text sr-only\">Jouer la vid\u00e9o<\/span>\n\t\t\t\t<\/button>\n\t\t\t\t<button class=\"vimeo-video-control vimeo-video-control-pause\">\n\t\t\t\t\t<span class=\"vimeo-video-control-icon icon-pause\"><\/span>\n\t\t\t\t\t<span class=\"video-control-text sr-only\">Mettre la vid\u00e9o en pause<\/span>\n\t\t\t\t<\/button>\n\t\t\t<\/div>\n\t\t\t<iframe\n\t\t\t\tsrc=\"https:\/\/player.vimeo.com\/video\/1020649282?background=1&autoplay=0&loop=1&muted=1&playsinline=1\"\n\t\t\t\tloading=\"lazy\"\n\t\t\t\t\t\t\t\ttitle=\"Vimeo video\"\n\t\t\t\twidth=\"100%\"\n\t\t\t\theight=\"100%\"\n\t\t\t\tframeborder=\"0\"\n\t\t\t\tallowfullscreen>\n\t\t\t<\/iframe>\n\t\t<\/div>\n\t<\/div>\n<\/div><\/div><\/div><\/div><\/div><div class=\"vc_row-full-width vc_clearfix\"><\/div><\/div>[\/vc_column][\/vc_row]<\/p>\n<\/div>","protected":false},"excerpt":{"rendered":"Un processus sens\u00e9. Des solutions cr\u00e9atives. Un v\u00e9ritable partenariat. Que vous souhaitiez acheter un seul banc ou am\u00e9nager un \u00e9l\u00e9ment distinctif pour votre site, en travaillant avec Maglin, vous n\u2019\u00eates jamais seul. Notre \u00e9quipe est l\u00e0 pour vous aider \u00e0 concr\u00e9tiser votre vision gr\u00e2ce \u00e0 des processus \u00e9prouv\u00e9s, un service attentionn\u00e9 et des pro duits [...]","protected":false},"author":2,"featured_media":5888,"parent":81312,"menu_order":300,"comment_status":"closed","ping_status":"closed","template":"","meta":{"_acf_changed":false,"footnotes":""},"class_list":["post-16749","page","type-page","status-publish","has-post-thumbnail","hentry"],"acf":[],"yoast_head":"<!-- This site is optimized with the Yoast SEO plugin v26.6 - https:\/\/yoast.com\/wordpress\/plugins\/seo\/ -->\n<title>Travailler avec Maglin - Maglin<\/title>\n<meta name=\"description\" content=\"Produits de Maglin seront fabriqu\u00e9s selon les normes les plus strictes et livr\u00e9s \u00e0 temps, tout en respectant votre budget.\" \/>\n<meta name=\"robots\" content=\"index, follow, max-snippet:-1, max-image-preview:large, max-video-preview:-1\" \/>\n<link rel=\"canonical\" href=\"https:\/\/www.maglin.com\/fr\/entreprise\/travailler-avec-maglin\/\" \/>\n<meta property=\"og:locale\" content=\"fr_FR\" \/>\n<meta property=\"og:type\" content=\"article\" \/>\n<meta property=\"og:title\" content=\"Travailler avec Maglin - Maglin\" \/>\n<meta property=\"og:description\" content=\"Produits de Maglin seront fabriqu\u00e9s selon les normes les plus strictes et livr\u00e9s \u00e0 temps, tout en respectant votre budget.\" \/>\n<meta property=\"og:url\" content=\"https:\/\/www.maglin.com\/fr\/entreprise\/travailler-avec-maglin\/\" \/>\n<meta property=\"og:site_name\" content=\"Maglin\" \/>\n<meta property=\"article:publisher\" content=\"https:\/\/www.facebook.com\/MaglinFurniture\/\" \/>\n<meta property=\"article:modified_time\" content=\"2025-06-05T20:08:48+00:00\" \/>\n<meta property=\"og:image\" content=\"https:\/\/www.maglin.com\/app\/uploads\/2020\/09\/Maglin-Head-Office.jpg\" \/>\n\t<meta property=\"og:image:width\" content=\"1500\" \/>\n\t<meta property=\"og:image:height\" content=\"990\" \/>\n\t<meta property=\"og:image:type\" content=\"image\/jpeg\" \/>\n<meta name=\"twitter:card\" content=\"summary_large_image\" \/>\n<meta name=\"twitter:site\" content=\"@maglinfurniture\" \/>\n<meta name=\"twitter:label1\" content=\"Est. reading time\" \/>\n\t<meta name=\"twitter:data1\" content=\"2 minutes\" \/>\n<script type=\"application\/ld+json\" class=\"yoast-schema-graph\">{\"@context\":\"https:\/\/schema.org\",\"@graph\":[{\"@type\":\"WebPage\",\"@id\":\"https:\/\/www.maglin.com\/fr\/entreprise\/travailler-avec-maglin\/\",\"url\":\"https:\/\/www.maglin.com\/fr\/entreprise\/travailler-avec-maglin\/\",\"name\":\"Travailler avec Maglin - Maglin\",\"isPartOf\":{\"@id\":\"https:\/\/www.maglin.com\/fr\/#website\"},\"primaryImageOfPage\":{\"@id\":\"https:\/\/www.maglin.com\/fr\/entreprise\/travailler-avec-maglin\/#primaryimage\"},\"image\":{\"@id\":\"https:\/\/www.maglin.com\/fr\/entreprise\/travailler-avec-maglin\/#primaryimage\"},\"thumbnailUrl\":\"https:\/\/www.maglin.com\/app\/uploads\/2020\/09\/Maglin-Head-Office.jpg\",\"datePublished\":\"2021-03-03T16:29:56+00:00\",\"dateModified\":\"2025-06-05T20:08:48+00:00\",\"description\":\"Produits de Maglin seront fabriqu\u00e9s selon les normes les plus strictes et livr\u00e9s \u00e0 temps, tout en respectant votre budget.\",\"breadcrumb\":{\"@id\":\"https:\/\/www.maglin.com\/fr\/entreprise\/travailler-avec-maglin\/#breadcrumb\"},\"inLanguage\":\"fr-FR\",\"potentialAction\":[{\"@type\":\"ReadAction\",\"target\":[\"https:\/\/www.maglin.com\/fr\/entreprise\/travailler-avec-maglin\/\"]}]},{\"@type\":\"ImageObject\",\"inLanguage\":\"fr-FR\",\"@id\":\"https:\/\/www.maglin.com\/fr\/entreprise\/travailler-avec-maglin\/#primaryimage\",\"url\":\"https:\/\/www.maglin.com\/app\/uploads\/2020\/09\/Maglin-Head-Office.jpg\",\"contentUrl\":\"https:\/\/www.maglin.com\/app\/uploads\/2020\/09\/Maglin-Head-Office.jpg\",\"width\":1500,\"height\":990,\"caption\":\"Maglin Logo on Building with patio below\"},{\"@type\":\"BreadcrumbList\",\"@id\":\"https:\/\/www.maglin.com\/fr\/entreprise\/travailler-avec-maglin\/#breadcrumb\",\"itemListElement\":[{\"@type\":\"ListItem\",\"position\":1,\"name\":\"Accueil\",\"item\":\"https:\/\/www.maglin.com\/fr\/\"},{\"@type\":\"ListItem\",\"position\":2,\"name\":\"Entreprise\",\"item\":\"https:\/\/www.maglin.com\/fr\/entreprise\/\"},{\"@type\":\"ListItem\",\"position\":3,\"name\":\"Travailler avec Maglin\"}]},{\"@type\":\"WebSite\",\"@id\":\"https:\/\/www.maglin.com\/fr\/#website\",\"url\":\"https:\/\/www.maglin.com\/fr\/\",\"name\":\"Maglin\",\"description\":\"Site Furniture\",\"potentialAction\":[{\"@type\":\"SearchAction\",\"target\":{\"@type\":\"EntryPoint\",\"urlTemplate\":\"https:\/\/www.maglin.com\/fr\/?s={search_term_string}\"},\"query-input\":{\"@type\":\"PropertyValueSpecification\",\"valueRequired\":true,\"valueName\":\"search_term_string\"}}],\"inLanguage\":\"fr-FR\"}]}<\/script>\n<!-- \/ Yoast SEO plugin. -->","yoast_head_json":{"title":"Travailler avec Maglin - Maglin","description":"Produits de Maglin seront fabriqu\u00e9s selon les normes les plus strictes et livr\u00e9s \u00e0 temps, tout en respectant votre budget.","robots":{"index":"index","follow":"follow","max-snippet":"max-snippet:-1","max-image-preview":"max-image-preview:large","max-video-preview":"max-video-preview:-1"},"canonical":"https:\/\/www.maglin.com\/fr\/entreprise\/travailler-avec-maglin\/","og_locale":"fr_FR","og_type":"article","og_title":"Travailler avec Maglin - Maglin","og_description":"Produits de Maglin seront fabriqu\u00e9s selon les normes les plus strictes et livr\u00e9s \u00e0 temps, tout en respectant votre budget.","og_url":"https:\/\/www.maglin.com\/fr\/entreprise\/travailler-avec-maglin\/","og_site_name":"Maglin","article_publisher":"https:\/\/www.facebook.com\/MaglinFurniture\/","article_modified_time":"2025-06-05T20:08:48+00:00","og_image":[{"width":1500,"height":990,"url":"https:\/\/www.maglin.com\/app\/uploads\/2020\/09\/Maglin-Head-Office.jpg","type":"image\/jpeg"}],"twitter_card":"summary_large_image","twitter_site":"@maglinfurniture","twitter_misc":{"Est. reading time":"2 minutes"},"schema":{"@context":"https:\/\/schema.org","@graph":[{"@type":"WebPage","@id":"https:\/\/www.maglin.com\/fr\/entreprise\/travailler-avec-maglin\/","url":"https:\/\/www.maglin.com\/fr\/entreprise\/travailler-avec-maglin\/","name":"Travailler avec Maglin - Maglin","isPartOf":{"@id":"https:\/\/www.maglin.com\/fr\/#website"},"primaryImageOfPage":{"@id":"https:\/\/www.maglin.com\/fr\/entreprise\/travailler-avec-maglin\/#primaryimage"},"image":{"@id":"https:\/\/www.maglin.com\/fr\/entreprise\/travailler-avec-maglin\/#primaryimage"},"thumbnailUrl":"https:\/\/www.maglin.com\/app\/uploads\/2020\/09\/Maglin-Head-Office.jpg","datePublished":"2021-03-03T16:29:56+00:00","dateModified":"2025-06-05T20:08:48+00:00","description":"Produits de Maglin seront fabriqu\u00e9s selon les normes les plus strictes et livr\u00e9s \u00e0 temps, tout en respectant votre budget.","breadcrumb":{"@id":"https:\/\/www.maglin.com\/fr\/entreprise\/travailler-avec-maglin\/#breadcrumb"},"inLanguage":"fr-FR","potentialAction":[{"@type":"ReadAction","target":["https:\/\/www.maglin.com\/fr\/entreprise\/travailler-avec-maglin\/"]}]},{"@type":"ImageObject","inLanguage":"fr-FR","@id":"https:\/\/www.maglin.com\/fr\/entreprise\/travailler-avec-maglin\/#primaryimage","url":"https:\/\/www.maglin.com\/app\/uploads\/2020\/09\/Maglin-Head-Office.jpg","contentUrl":"https:\/\/www.maglin.com\/app\/uploads\/2020\/09\/Maglin-Head-Office.jpg","width":1500,"height":990,"caption":"Maglin Logo on Building with patio below"},{"@type":"BreadcrumbList","@id":"https:\/\/www.maglin.com\/fr\/entreprise\/travailler-avec-maglin\/#breadcrumb","itemListElement":[{"@type":"ListItem","position":1,"name":"Accueil","item":"https:\/\/www.maglin.com\/fr\/"},{"@type":"ListItem","position":2,"name":"Entreprise","item":"https:\/\/www.maglin.com\/fr\/entreprise\/"},{"@type":"ListItem","position":3,"name":"Travailler avec Maglin"}]},{"@type":"WebSite","@id":"https:\/\/www.maglin.com\/fr\/#website","url":"https:\/\/www.maglin.com\/fr\/","name":"Maglin","description":"Site Furniture","potentialAction":[{"@type":"SearchAction","target":{"@type":"EntryPoint","urlTemplate":"https:\/\/www.maglin.com\/fr\/?s={search_term_string}"},"query-input":{"@type":"PropertyValueSpecification","valueRequired":true,"valueName":"search_term_string"}}],"inLanguage":"fr-FR"}]}},"_links":{"self":[{"href":"https:\/\/www.maglin.com\/fr\/wp-json\/wp\/v2\/pages\/16749","targetHints":{"allow":["GET"]}}],"collection":[{"href":"https:\/\/www.maglin.com\/fr\/wp-json\/wp\/v2\/pages"}],"about":[{"href":"https:\/\/www.maglin.com\/fr\/wp-json\/wp\/v2\/types\/page"}],"author":[{"embeddable":true,"href":"https:\/\/www.maglin.com\/fr\/wp-json\/wp\/v2\/users\/2"}],"replies":[{"embeddable":true,"href":"https:\/\/www.maglin.com\/fr\/wp-json\/wp\/v2\/comments?post=16749"}],"version-history":[{"count":0,"href":"https:\/\/www.maglin.com\/fr\/wp-json\/wp\/v2\/pages\/16749\/revisions"}],"up":[{"embeddable":true,"href":"https:\/\/www.maglin.com\/fr\/wp-json\/wp\/v2\/pages\/81312"}],"wp:featuredmedia":[{"embeddable":true,"href":"https:\/\/www.maglin.com\/fr\/wp-json\/wp\/v2\/media\/5888"}],"wp:attachment":[{"href":"https:\/\/www.maglin.com\/fr\/wp-json\/wp\/v2\/media?parent=16749"}],"curies":[{"name":"wp","href":"https:\/\/api.w.org\/{rel}","templated":true}]}}