{"id":16746,"date":"2021-03-03T10:09:45","date_gmt":"2021-03-03T15:09:45","guid":{"rendered":"https:\/\/www.maglin.com\/?page_id=16746"},"modified":"2025-05-29T10:23:27","modified_gmt":"2025-05-29T14:23:27","slug":"donnees-produits","status":"publish","type":"page","link":"https:\/\/www.maglin.com\/fr\/ressources\/donnees-produits\/","title":{"rendered":"Donn\u00e9es \u2013 produits"},"content":{"rendered":"<div class=\"wpb-content-wrapper\"><p>[vc_row][vc_column]\t\t<noscript>You need to enable JavaScript to run this app.<\/noscript>\n\t\t<div class=\"resource-page-app-root\" data-app-data=\"{&quot;shortcode_atts&quot;:{}}\"><\/div>\n\t\t[\/vc_column][\/vc_row]<\/p>\n<\/div>","protected":false},"excerpt":{"rendered":"<p>[vc_row][vc_column][\/vc_column][\/vc_row]<\/p>\n","protected":false},"author":2,"featured_media":73158,"parent":16666,"menu_order":290,"comment_status":"closed","ping_status":"closed","template":"","meta":{"_acf_changed":false,"footnotes":""},"class_list":["post-16746","page","type-page","status-publish","has-post-thumbnail","hentry"],"acf":[],"yoast_head":"<!-- This site is optimized with the Yoast SEO plugin v26.6 - https:\/\/yoast.com\/wordpress\/plugins\/seo\/ -->\n<title>Donn\u00e9es \u2013 produits - Maglin<\/title>\n<meta name=\"description\" content=\"\u00c0 l\u2019aide de la barre de recherche, cherchez parmi les diff\u00e9rentes cat\u00e9gories et types de ressources afin de trouver les documents Maglin \u00e0 t\u00e9l\u00e9charger.\" \/>\n<meta name=\"robots\" content=\"index, follow, max-snippet:-1, max-image-preview:large, max-video-preview:-1\" \/>\n<link rel=\"canonical\" href=\"https:\/\/www.maglin.com\/fr\/ressources\/donnees-produits\/\" \/>\n<meta property=\"og:locale\" content=\"fr_FR\" \/>\n<meta property=\"og:type\" content=\"article\" \/>\n<meta property=\"og:title\" content=\"Donn\u00e9es \u2013 produits - Maglin\" \/>\n<meta property=\"og:description\" content=\"\u00c0 l\u2019aide de la barre de recherche, cherchez parmi les diff\u00e9rentes cat\u00e9gories et types de ressources afin de trouver les documents Maglin \u00e0 t\u00e9l\u00e9charger.\" \/>\n<meta property=\"og:url\" content=\"https:\/\/www.maglin.com\/fr\/ressources\/donnees-produits\/\" \/>\n<meta property=\"og:site_name\" content=\"Maglin\" \/>\n<meta property=\"article:publisher\" content=\"https:\/\/www.facebook.com\/MaglinFurniture\/\" \/>\n<meta property=\"article:modified_time\" content=\"2025-05-29T14:23:27+00:00\" \/>\n<meta property=\"og:image\" content=\"https:\/\/www.maglin.com\/app\/uploads\/2025\/04\/resources-library-1500x1000-1.webp\" \/>\n\t<meta property=\"og:image:width\" content=\"1500\" \/>\n\t<meta property=\"og:image:height\" content=\"1000\" \/>\n\t<meta property=\"og:image:type\" content=\"image\/webp\" \/>\n<meta name=\"twitter:card\" content=\"summary_large_image\" \/>\n<meta name=\"twitter:site\" content=\"@maglinfurniture\" \/>\n<meta name=\"twitter:label1\" content=\"Est. reading time\" \/>\n\t<meta name=\"twitter:data1\" content=\"1 minute\" \/>\n<script type=\"application\/ld+json\" class=\"yoast-schema-graph\">{\"@context\":\"https:\/\/schema.org\",\"@graph\":[{\"@type\":\"WebPage\",\"@id\":\"https:\/\/www.maglin.com\/fr\/ressources\/donnees-produits\/\",\"url\":\"https:\/\/www.maglin.com\/fr\/ressources\/donnees-produits\/\",\"name\":\"Donn\u00e9es \u2013 produits - Maglin\",\"isPartOf\":{\"@id\":\"https:\/\/www.maglin.com\/fr\/#website\"},\"primaryImageOfPage\":{\"@id\":\"https:\/\/www.maglin.com\/fr\/ressources\/donnees-produits\/#primaryimage\"},\"image\":{\"@id\":\"https:\/\/www.maglin.com\/fr\/ressources\/donnees-produits\/#primaryimage\"},\"thumbnailUrl\":\"https:\/\/www.maglin.com\/app\/uploads\/2025\/04\/resources-library-1500x1000-1.webp\",\"datePublished\":\"2021-03-03T15:09:45+00:00\",\"dateModified\":\"2025-05-29T14:23:27+00:00\",\"description\":\"\u00c0 l\u2019aide de la barre de recherche, cherchez parmi les diff\u00e9rentes cat\u00e9gories et types de ressources afin de trouver les documents Maglin \u00e0 t\u00e9l\u00e9charger.\",\"breadcrumb\":{\"@id\":\"https:\/\/www.maglin.com\/fr\/ressources\/donnees-produits\/#breadcrumb\"},\"inLanguage\":\"fr-FR\",\"potentialAction\":[{\"@type\":\"ReadAction\",\"target\":[\"https:\/\/www.maglin.com\/fr\/ressources\/donnees-produits\/\"]}]},{\"@type\":\"ImageObject\",\"inLanguage\":\"fr-FR\",\"@id\":\"https:\/\/www.maglin.com\/fr\/ressources\/donnees-produits\/#primaryimage\",\"url\":\"https:\/\/www.maglin.com\/app\/uploads\/2025\/04\/resources-library-1500x1000-1.webp\",\"contentUrl\":\"https:\/\/www.maglin.com\/app\/uploads\/2025\/04\/resources-library-1500x1000-1.webp\",\"width\":1500,\"height\":1000,\"caption\":\"Trois personnes se trouvent dans une biblioth\u00e8que moderne ; deux travaillent ensemble \u00e0 une table avec un ordinateur portable, tandis qu'une personne est assise pr\u00e8s de la fen\u00eatre et lit un livre. Des \u00e9tag\u00e8res remplies de livres bordent le mur.\"},{\"@type\":\"BreadcrumbList\",\"@id\":\"https:\/\/www.maglin.com\/fr\/ressources\/donnees-produits\/#breadcrumb\",\"itemListElement\":[{\"@type\":\"ListItem\",\"position\":1,\"name\":\"Accueil\",\"item\":\"https:\/\/www.maglin.com\/fr\/\"},{\"@type\":\"ListItem\",\"position\":2,\"name\":\"Ressources\",\"item\":\"https:\/\/www.maglin.com\/fr\/ressources\/\"},{\"@type\":\"ListItem\",\"position\":3,\"name\":\"Donn\u00e9es \u2013 produits\"}]},{\"@type\":\"WebSite\",\"@id\":\"https:\/\/www.maglin.com\/fr\/#website\",\"url\":\"https:\/\/www.maglin.com\/fr\/\",\"name\":\"Maglin\",\"description\":\"Site Furniture\",\"potentialAction\":[{\"@type\":\"SearchAction\",\"target\":{\"@type\":\"EntryPoint\",\"urlTemplate\":\"https:\/\/www.maglin.com\/fr\/?s={search_term_string}\"},\"query-input\":{\"@type\":\"PropertyValueSpecification\",\"valueRequired\":true,\"valueName\":\"search_term_string\"}}],\"inLanguage\":\"fr-FR\"}]}<\/script>\n<!-- \/ Yoast SEO plugin. -->","yoast_head_json":{"title":"Donn\u00e9es \u2013 produits - Maglin","description":"\u00c0 l\u2019aide de la barre de recherche, cherchez parmi les diff\u00e9rentes cat\u00e9gories et types de ressources afin de trouver les documents Maglin \u00e0 t\u00e9l\u00e9charger.","robots":{"index":"index","follow":"follow","max-snippet":"max-snippet:-1","max-image-preview":"max-image-preview:large","max-video-preview":"max-video-preview:-1"},"canonical":"https:\/\/www.maglin.com\/fr\/ressources\/donnees-produits\/","og_locale":"fr_FR","og_type":"article","og_title":"Donn\u00e9es \u2013 produits - Maglin","og_description":"\u00c0 l\u2019aide de la barre de recherche, cherchez parmi les diff\u00e9rentes cat\u00e9gories et types de ressources afin de trouver les documents Maglin \u00e0 t\u00e9l\u00e9charger.","og_url":"https:\/\/www.maglin.com\/fr\/ressources\/donnees-produits\/","og_site_name":"Maglin","article_publisher":"https:\/\/www.facebook.com\/MaglinFurniture\/","article_modified_time":"2025-05-29T14:23:27+00:00","og_image":[{"width":1500,"height":1000,"url":"https:\/\/www.maglin.com\/app\/uploads\/2025\/04\/resources-library-1500x1000-1.webp","type":"image\/webp"}],"twitter_card":"summary_large_image","twitter_site":"@maglinfurniture","twitter_misc":{"Est. reading time":"1 minute"},"schema":{"@context":"https:\/\/schema.org","@graph":[{"@type":"WebPage","@id":"https:\/\/www.maglin.com\/fr\/ressources\/donnees-produits\/","url":"https:\/\/www.maglin.com\/fr\/ressources\/donnees-produits\/","name":"Donn\u00e9es \u2013 produits - Maglin","isPartOf":{"@id":"https:\/\/www.maglin.com\/fr\/#website"},"primaryImageOfPage":{"@id":"https:\/\/www.maglin.com\/fr\/ressources\/donnees-produits\/#primaryimage"},"image":{"@id":"https:\/\/www.maglin.com\/fr\/ressources\/donnees-produits\/#primaryimage"},"thumbnailUrl":"https:\/\/www.maglin.com\/app\/uploads\/2025\/04\/resources-library-1500x1000-1.webp","datePublished":"2021-03-03T15:09:45+00:00","dateModified":"2025-05-29T14:23:27+00:00","description":"\u00c0 l\u2019aide de la barre de recherche, cherchez parmi les diff\u00e9rentes cat\u00e9gories et types de ressources afin de trouver les documents Maglin \u00e0 t\u00e9l\u00e9charger.","breadcrumb":{"@id":"https:\/\/www.maglin.com\/fr\/ressources\/donnees-produits\/#breadcrumb"},"inLanguage":"fr-FR","potentialAction":[{"@type":"ReadAction","target":["https:\/\/www.maglin.com\/fr\/ressources\/donnees-produits\/"]}]},{"@type":"ImageObject","inLanguage":"fr-FR","@id":"https:\/\/www.maglin.com\/fr\/ressources\/donnees-produits\/#primaryimage","url":"https:\/\/www.maglin.com\/app\/uploads\/2025\/04\/resources-library-1500x1000-1.webp","contentUrl":"https:\/\/www.maglin.com\/app\/uploads\/2025\/04\/resources-library-1500x1000-1.webp","width":1500,"height":1000,"caption":"Trois personnes se trouvent dans une biblioth\u00e8que moderne ; deux travaillent ensemble \u00e0 une table avec un ordinateur portable, tandis qu'une personne est assise pr\u00e8s de la fen\u00eatre et lit un livre. Des \u00e9tag\u00e8res remplies de livres bordent le mur."},{"@type":"BreadcrumbList","@id":"https:\/\/www.maglin.com\/fr\/ressources\/donnees-produits\/#breadcrumb","itemListElement":[{"@type":"ListItem","position":1,"name":"Accueil","item":"https:\/\/www.maglin.com\/fr\/"},{"@type":"ListItem","position":2,"name":"Ressources","item":"https:\/\/www.maglin.com\/fr\/ressources\/"},{"@type":"ListItem","position":3,"name":"Donn\u00e9es \u2013 produits"}]},{"@type":"WebSite","@id":"https:\/\/www.maglin.com\/fr\/#website","url":"https:\/\/www.maglin.com\/fr\/","name":"Maglin","description":"Site Furniture","potentialAction":[{"@type":"SearchAction","target":{"@type":"EntryPoint","urlTemplate":"https:\/\/www.maglin.com\/fr\/?s={search_term_string}"},"query-input":{"@type":"PropertyValueSpecification","valueRequired":true,"valueName":"search_term_string"}}],"inLanguage":"fr-FR"}]}},"_links":{"self":[{"href":"https:\/\/www.maglin.com\/fr\/wp-json\/wp\/v2\/pages\/16746","targetHints":{"allow":["GET"]}}],"collection":[{"href":"https:\/\/www.maglin.com\/fr\/wp-json\/wp\/v2\/pages"}],"about":[{"href":"https:\/\/www.maglin.com\/fr\/wp-json\/wp\/v2\/types\/page"}],"author":[{"embeddable":true,"href":"https:\/\/www.maglin.com\/fr\/wp-json\/wp\/v2\/users\/2"}],"replies":[{"embeddable":true,"href":"https:\/\/www.maglin.com\/fr\/wp-json\/wp\/v2\/comments?post=16746"}],"version-history":[{"count":0,"href":"https:\/\/www.maglin.com\/fr\/wp-json\/wp\/v2\/pages\/16746\/revisions"}],"up":[{"embeddable":true,"href":"https:\/\/www.maglin.com\/fr\/wp-json\/wp\/v2\/pages\/16666"}],"wp:featuredmedia":[{"embeddable":true,"href":"https:\/\/www.maglin.com\/fr\/wp-json\/wp\/v2\/media\/73158"}],"wp:attachment":[{"href":"https:\/\/www.maglin.com\/fr\/wp-json\/wp\/v2\/media?parent=16746"}],"curies":[{"name":"wp","href":"https:\/\/api.w.org\/{rel}","templated":true}]}}