{"id":16694,"date":"2021-02-28T16:07:47","date_gmt":"2021-02-28T21:07:47","guid":{"rendered":"https:\/\/www.maglin.com\/?page_id=16694"},"modified":"2026-02-19T16:12:08","modified_gmt":"2026-02-19T21:12:08","slug":"soin-et-entretien","status":"publish","type":"page","link":"https:\/\/www.maglin.com\/fr\/ressources\/soin-et-entretien\/","title":{"rendered":"Soin et entretien"},"content":{"rendered":"<div class=\"wpb-content-wrapper\"><p>[vc_row][vc_column][basic_container]<div class=\"maglin-intro-section\">\n\t<div class=\"maglin-intro-section__text lead-large\">\n\t\tMaglin fabrique des produits selon les standards les plus stricts d\u2019excellence, d\u2019int\u00e9grit\u00e9 du design, de durabilit\u00e9 et de fiabilit\u00e9.\t<\/div>\n\n\t<a class=\"btn btn-primary btn-sm  maglin-intro-section__btn\" href=\"https:\/\/www.maglin.com\/app\/themes\/maglin\/api\/resources\/2026\/02\/MAGLIN-Soin-et-entretien-2026.pdf\">T\u00e9l\u00e9chargez le guide de soin et entretien<\/a><\/div>\n[\/basic_container][\/vc_column][\/vc_row][vc_row][vc_column][alternating_content_container]\t<div class=\"alternating-content-item-wrapper transparent\">\n\t\t<div class=\"container\">\n\t\t\t\t\t\t\t<div class=\"advanced-media alternating-content-item-image start-bg-center\">\n\t\t\t<img fetchpriority=\"high\" decoding=\"async\" src=\"https:\/\/www.maglin.com\/app\/uploads\/2025\/05\/maglin-care-maintenance_product-info.jpg\" width=\"1342\" height=\"1006\" alt=\"Maglin employee assembling 720 chaise lounge in warehouse\"  loading='eager'\/>\n\t\t<\/div>\n\t\t\t\t\t\t<div class=\"alternating-content-item-content-container\">\n\t\t\t\t<div class=\"alternating-content-item-inner\">\n\t\t\t\t\t\t\t\t\t\t\t<h2 class=\"alternating-content-item-heading\">Information sur les produits<\/h2>\n\t\t\t\t\t\t\t\t\t\t\t\t\t\t\t\t\t\t\t\t\t<div class=\"alternating-content-item-content\">\n\t\t\t\t\t\t\t<p>Maglin fabrique des produits selon les standards les plus stricts d\u2019excellence, d\u2019int\u00e9grit\u00e9 du design, de durabilit\u00e9 et de fiabilit\u00e9. Cependant, certains \u00e9l\u00e9ments hors de notre contr\u00f4le peuvent survenir\u2009; par exemple, un usage abusif, le vandalisme ou une installation inad\u00e9quate. Si l\u2019une de ces situations se pr\u00e9sente, vous pouvez nettoyer ou r\u00e9parer votre produit Maglin selon les directives sugg\u00e9r\u00e9es ci-dessous, afin de maintenir l\u2019apparence de votre produit et lui permettre de retrouver sa beaut\u00e9 d\u2019origine.<\/p>\n\t\t\t\t\t\t<\/div>\n\t\t\t\t\t\t\t\t\t\t\t\t\t\t\t\t<a href=\"https:\/\/www.maglin.com\/app\/themes\/maglin\/api\/resources\/2026\/02\/MAGLIN-Soin-et-entretien-2026.pdf\" target=\"\" class=\"alternating-content-item-button btn btn-sm btn-primary \" title=\"Soin et entretien\">\n\t\t\t\t\t\t\tEn savoir plus\t\t\t\t\t\t<\/a>\n\t\t\t\t\t\t\t\t\t<\/div>\n\t\t\t<\/div>\n\t\t<\/div>\n\t<\/div>\n\t<div class=\"alternating-content-item-wrapper transparent\">\n\t\t<div class=\"container\">\n\t\t\t\t\t\t\t<div class=\"advanced-media alternating-content-item-image start-bg-center\">\n\t\t\t<img decoding=\"async\" src=\"https:\/\/www.maglin.com\/app\/uploads\/2025\/05\/maglin-resources-materials.jpg\" width=\"1440\" height=\"1800\" alt=\"Materials sample kit\"  loading='eager'\/>\n\t\t<\/div>\n\t\t\t\t\t\t<div class=\"alternating-content-item-content-container\">\n\t\t\t\t<div class=\"alternating-content-item-inner\">\n\t\t\t\t\t\t\t\t\t\t\t<h2 class=\"alternating-content-item-heading\">Mat\u00e9riaux, nettoyage et entretien<\/h2>\n\t\t\t\t\t\t\t\t\t\t\t\t\t\t\t\t\t\t\t\t\t<div class=\"alternating-content-item-content\">\n\t\t\t\t\t\t\t<p>Nous vous sugg\u00e9rons d\u2019inspecter r\u00e9guli\u00e8rement votre produit, afin d\u2019identifier les fixations desserr\u00e9es ou manquantes. Le cas \u00e9ch\u00e9ant, celles-ci devraient \u00eatre serr\u00e9es ou remplac\u00e9es imm\u00e9diatement. Si une partie de votre produit Maglin est bris\u00e9e ou fissur\u00e9e, nous recommandons de mettre le produit hors service jusqu\u2019\u00e0 ce qu\u2019il soit r\u00e9par\u00e9 ad\u00e9quatement. Contactez Maglin pour obtenir des pi\u00e8ces de remplacement. Les accumulations de salet\u00e9 sur les surfaces peuvent \u00eatre nettoy\u00e9es \u00e0 l\u2019aide d\u2019un d\u00e9tergent doux et d\u2019un linge. Les nettoyants abrasifs, les brosses, la laine d\u2019acier et le nettoyage \u00e0 pression ne doivent pas \u00eatre utilis\u00e9s sur les surfaces.<\/p>\n\t\t\t\t\t\t<\/div>\n\t\t\t\t\t\t\t\t\t\t\t\t\t\t\t\t<a href=\"https:\/\/www.maglin.com\/app\/themes\/maglin\/api\/resources\/2026\/02\/MAGLIN-Soin-et-entretien-2026.pdf\" target=\"\" class=\"alternating-content-item-button btn btn-sm btn-primary \" title=\"Soin et entretien\">\n\t\t\t\t\t\t\tEn savoir plus\t\t\t\t\t\t<\/a>\n\t\t\t\t\t\t\t\t\t<\/div>\n\t\t\t<\/div>\n\t\t<\/div>\n\t<\/div>\n\t<div class=\"alternating-content-item-wrapper transparent\">\n\t\t<div class=\"container\">\n\t\t\t\t\t\t\t<div class=\"advanced-media alternating-content-item-image start-bg-center\">\n\t\t\t<img decoding=\"async\" src=\"https:\/\/www.maglin.com\/app\/uploads\/2026\/02\/maglin_care-maintenance_720-chairs-coastal.jpg\" width=\"1342\" height=\"1006\" alt=\"Deux chaises longues modernes en bois avec des cadres orange, con\u00e7ues pour faciliter le soin et l&#039;entretien, sont plac\u00e9es sur un trottoir pr\u00e8s d&#039;un front de mer, avec des bateaux, des v\u00e9los et un panneau de signalisation visible \u00e0 proximit\u00e9.\"  loading='eager'\/>\n\t\t<\/div>\n\t\t\t\t\t\t<div class=\"alternating-content-item-content-container\">\n\t\t\t\t<div class=\"alternating-content-item-inner\">\n\t\t\t\t\t\t\t\t\t\t\t<h2 class=\"alternating-content-item-heading\">Installation en milieu c\u00f4ti\u00e8r<\/h2>\n\t\t\t\t\t\t\t\t\t\t\t\t\t\t\t\t\t\t\t\t\t<div class=\"alternating-content-item-content\">\n\t\t\t\t\t\t\t<p>Le scellant pour installation c\u00f4ti\u00e8re est un processus de protection suppl\u00e9mentaire recommand\u00e9 pour les produits en acier Maglin install\u00e9s \u00e0 moins de 36 km (20 milles) d\u2019un<br \/>\nsecteur c\u00f4tier, afin de r\u00e9duire la corrosion caus\u00e9e par l\u2019exposition \u00e0 l\u2019air salin.<\/p>\n\t\t\t\t\t\t<\/div>\n\t\t\t\t\t\t\t\t\t\t\t\t\t\t\t\t<a href=\"https:\/\/www.maglin.com\/app\/themes\/maglin\/api\/resources\/2026\/02\/MAGLIN-Soin-et-entretien-2026.pdf\" target=\"\" class=\"alternating-content-item-button btn btn-sm btn-primary \" title=\"Soin et entretien\">\n\t\t\t\t\t\t\tEn savoir plus\t\t\t\t\t\t<\/a>\n\t\t\t\t\t\t\t\t\t<\/div>\n\t\t\t<\/div>\n\t\t<\/div>\n\t<\/div>\n[\/alternating_content_container][\/vc_column][\/vc_row][vc_row][vc_column]<div class=\"templatera_shortcode\"><div data-vc-full-width=\"true\" data-vc-full-width-init=\"false\" data-vc-stretch-content=\"true\" class=\"vc_row wpb_row vc_row-fluid vc_row-no-padding\"><div class=\"wpb_column vc_column_container vc_col-sm-12\"><div class=\"vc_column-inner\"><div class=\"wpb_wrapper\"><div class=\"media-banner media-curve-bottom-right large-curve no-video\">\n\t\t<div class=\"media-banner__container container\">\n\t\t<div class=\"media-banner__content\">\n\t\t\t\t\t\t\t<h2 class=\"media-banner__heading h1\">\n\t\t\t\t\tConstruisons ensemble\t\t\t\t<\/h2>\n\t\t\t\t\t\t\t\t\t\t<div class=\"media-banner__description text-large\">\n\t\t\t\t\t<p>Commencez \u00e0 planifier votre espace avec nous d\u00e8s aujourd'hui et voyez exactement comment les liens que nous construisons avec nos clients sont aussi forts et durables que les meubles que nous soutenons.<\/p>\t\t\t\t<\/div>\n\t\t\t\t\t\t\t\t\t\t<div class=\"media-banner__button\">\n\t\t\t\t\t<a href=\"https:\/\/www.maglin.com\/fr\/contact\/\" class=\"btn btn-inverse btn-light\" target=\"\">\n\t\t\t\t\t\tParlons\t\t\t\t\t<\/a>\n\t\t\t\t<\/div>\n\t\t\t\t\t<\/div>\n\t<\/div>\n\t<div class=\"advanced-media media-banner__media\">\n\t\t\t<img decoding=\"async\" src=\"https:\/\/www.maglin.com\/app\/uploads\/2020\/09\/Maglin-Head-Office_blue-skies_1-2.jpg\" width=\"1500\" height=\"918\" alt=\"Maglin Site Furniture Head Office\"  loading='eager'\/>\n\t\t<\/div>\n<\/div><\/div><\/div><\/div><\/div><div class=\"vc_row-full-width vc_clearfix\"><\/div>\r\n<\/div>[\/vc_column][\/vc_row][vc_row][vc_column][\/vc_column][\/vc_row]<\/p>\n<\/div>","protected":false},"excerpt":{"rendered":"Maglin fabrique des produits selon les standards les plus stricts d\u2019excellence, d\u2019int\u00e9grit\u00e9 du design, de durabilit\u00e9 et de fiabilit\u00e9. T\u00e9l\u00e9chargez le guide de soin et entretien Information sur les produits Maglin fabrique des produits selon les standards les plus stricts d\u2019excellence, d\u2019int\u00e9grit\u00e9 du design, de durabilit\u00e9 et de fiabilit\u00e9. Cependant, certains \u00e9l\u00e9ments hors de notre [...]","protected":false},"author":2,"featured_media":6722,"parent":16666,"menu_order":270,"comment_status":"closed","ping_status":"closed","template":"","meta":{"_acf_changed":false,"footnotes":""},"class_list":["post-16694","page","type-page","status-publish","has-post-thumbnail","hentry"],"acf":[],"yoast_head":"<!-- This site is optimized with the Yoast SEO plugin v26.6 - https:\/\/yoast.com\/wordpress\/plugins\/seo\/ -->\n<title>Soin et entretien - Maglin<\/title>\n<meta name=\"description\" content=\"Les directives d\u2019entretien de Maglin vous aideront \u00e0 pr\u00e9server la beaut\u00e9 de votre produit ou le retourner \u00e0 son apparence d\u2019origine.\" \/>\n<meta name=\"robots\" content=\"index, follow, max-snippet:-1, max-image-preview:large, max-video-preview:-1\" \/>\n<link rel=\"canonical\" href=\"https:\/\/www.maglin.com\/fr\/ressources\/soin-et-entretien\/\" \/>\n<meta property=\"og:locale\" content=\"fr_FR\" \/>\n<meta property=\"og:type\" content=\"article\" \/>\n<meta property=\"og:title\" content=\"Soin et entretien - Maglin\" \/>\n<meta property=\"og:description\" content=\"Les directives d\u2019entretien de Maglin vous aideront \u00e0 pr\u00e9server la beaut\u00e9 de votre produit ou le retourner \u00e0 son apparence d\u2019origine.\" \/>\n<meta property=\"og:url\" content=\"https:\/\/www.maglin.com\/fr\/ressources\/soin-et-entretien\/\" \/>\n<meta property=\"og:site_name\" content=\"Maglin\" \/>\n<meta property=\"article:publisher\" content=\"https:\/\/www.facebook.com\/MaglinFurniture\/\" \/>\n<meta property=\"article:modified_time\" content=\"2026-02-19T21:12:08+00:00\" \/>\n<meta property=\"og:image\" content=\"https:\/\/www.maglin.com\/app\/uploads\/2020\/09\/care-maintenance_pixel-assembly-1.jpg\" \/>\n\t<meta property=\"og:image:width\" content=\"1500\" \/>\n\t<meta property=\"og:image:height\" content=\"916\" \/>\n\t<meta property=\"og:image:type\" content=\"image\/jpeg\" \/>\n<meta name=\"twitter:card\" content=\"summary_large_image\" \/>\n<meta name=\"twitter:site\" content=\"@maglinfurniture\" \/>\n<meta name=\"twitter:label1\" content=\"Est. reading time\" \/>\n\t<meta name=\"twitter:data1\" content=\"2 minutes\" \/>\n<script type=\"application\/ld+json\" class=\"yoast-schema-graph\">{\"@context\":\"https:\/\/schema.org\",\"@graph\":[{\"@type\":\"WebPage\",\"@id\":\"https:\/\/www.maglin.com\/fr\/ressources\/soin-et-entretien\/\",\"url\":\"https:\/\/www.maglin.com\/fr\/ressources\/soin-et-entretien\/\",\"name\":\"Soin et entretien - Maglin\",\"isPartOf\":{\"@id\":\"https:\/\/www.maglin.com\/fr\/#website\"},\"primaryImageOfPage\":{\"@id\":\"https:\/\/www.maglin.com\/fr\/ressources\/soin-et-entretien\/#primaryimage\"},\"image\":{\"@id\":\"https:\/\/www.maglin.com\/fr\/ressources\/soin-et-entretien\/#primaryimage\"},\"thumbnailUrl\":\"https:\/\/www.maglin.com\/app\/uploads\/2020\/09\/care-maintenance_pixel-assembly-1.jpg\",\"datePublished\":\"2021-02-28T21:07:47+00:00\",\"dateModified\":\"2026-02-19T21:12:08+00:00\",\"description\":\"Les directives d\u2019entretien de Maglin vous aideront \u00e0 pr\u00e9server la beaut\u00e9 de votre produit ou le retourner \u00e0 son apparence d\u2019origine.\",\"breadcrumb\":{\"@id\":\"https:\/\/www.maglin.com\/fr\/ressources\/soin-et-entretien\/#breadcrumb\"},\"inLanguage\":\"fr-FR\",\"potentialAction\":[{\"@type\":\"ReadAction\",\"target\":[\"https:\/\/www.maglin.com\/fr\/ressources\/soin-et-entretien\/\"]}]},{\"@type\":\"ImageObject\",\"inLanguage\":\"fr-FR\",\"@id\":\"https:\/\/www.maglin.com\/fr\/ressources\/soin-et-entretien\/#primaryimage\",\"url\":\"https:\/\/www.maglin.com\/app\/uploads\/2020\/09\/care-maintenance_pixel-assembly-1.jpg\",\"contentUrl\":\"https:\/\/www.maglin.com\/app\/uploads\/2020\/09\/care-maintenance_pixel-assembly-1.jpg\",\"width\":1500,\"height\":916,\"caption\":\"Two men assembling Pixel blocks against a wall with greenery\"},{\"@type\":\"BreadcrumbList\",\"@id\":\"https:\/\/www.maglin.com\/fr\/ressources\/soin-et-entretien\/#breadcrumb\",\"itemListElement\":[{\"@type\":\"ListItem\",\"position\":1,\"name\":\"Accueil\",\"item\":\"https:\/\/www.maglin.com\/fr\/\"},{\"@type\":\"ListItem\",\"position\":2,\"name\":\"Ressources\",\"item\":\"https:\/\/www.maglin.com\/fr\/ressources\/\"},{\"@type\":\"ListItem\",\"position\":3,\"name\":\"Soin et entretien\"}]},{\"@type\":\"WebSite\",\"@id\":\"https:\/\/www.maglin.com\/fr\/#website\",\"url\":\"https:\/\/www.maglin.com\/fr\/\",\"name\":\"Maglin\",\"description\":\"Site Furniture\",\"potentialAction\":[{\"@type\":\"SearchAction\",\"target\":{\"@type\":\"EntryPoint\",\"urlTemplate\":\"https:\/\/www.maglin.com\/fr\/?s={search_term_string}\"},\"query-input\":{\"@type\":\"PropertyValueSpecification\",\"valueRequired\":true,\"valueName\":\"search_term_string\"}}],\"inLanguage\":\"fr-FR\"}]}<\/script>\n<!-- \/ Yoast SEO plugin. -->","yoast_head_json":{"title":"Soin et entretien - Maglin","description":"Les directives d\u2019entretien de Maglin vous aideront \u00e0 pr\u00e9server la beaut\u00e9 de votre produit ou le retourner \u00e0 son apparence d\u2019origine.","robots":{"index":"index","follow":"follow","max-snippet":"max-snippet:-1","max-image-preview":"max-image-preview:large","max-video-preview":"max-video-preview:-1"},"canonical":"https:\/\/www.maglin.com\/fr\/ressources\/soin-et-entretien\/","og_locale":"fr_FR","og_type":"article","og_title":"Soin et entretien - Maglin","og_description":"Les directives d\u2019entretien de Maglin vous aideront \u00e0 pr\u00e9server la beaut\u00e9 de votre produit ou le retourner \u00e0 son apparence d\u2019origine.","og_url":"https:\/\/www.maglin.com\/fr\/ressources\/soin-et-entretien\/","og_site_name":"Maglin","article_publisher":"https:\/\/www.facebook.com\/MaglinFurniture\/","article_modified_time":"2026-02-19T21:12:08+00:00","og_image":[{"width":1500,"height":916,"url":"https:\/\/www.maglin.com\/app\/uploads\/2020\/09\/care-maintenance_pixel-assembly-1.jpg","type":"image\/jpeg"}],"twitter_card":"summary_large_image","twitter_site":"@maglinfurniture","twitter_misc":{"Est. reading time":"2 minutes"},"schema":{"@context":"https:\/\/schema.org","@graph":[{"@type":"WebPage","@id":"https:\/\/www.maglin.com\/fr\/ressources\/soin-et-entretien\/","url":"https:\/\/www.maglin.com\/fr\/ressources\/soin-et-entretien\/","name":"Soin et entretien - Maglin","isPartOf":{"@id":"https:\/\/www.maglin.com\/fr\/#website"},"primaryImageOfPage":{"@id":"https:\/\/www.maglin.com\/fr\/ressources\/soin-et-entretien\/#primaryimage"},"image":{"@id":"https:\/\/www.maglin.com\/fr\/ressources\/soin-et-entretien\/#primaryimage"},"thumbnailUrl":"https:\/\/www.maglin.com\/app\/uploads\/2020\/09\/care-maintenance_pixel-assembly-1.jpg","datePublished":"2021-02-28T21:07:47+00:00","dateModified":"2026-02-19T21:12:08+00:00","description":"Les directives d\u2019entretien de Maglin vous aideront \u00e0 pr\u00e9server la beaut\u00e9 de votre produit ou le retourner \u00e0 son apparence d\u2019origine.","breadcrumb":{"@id":"https:\/\/www.maglin.com\/fr\/ressources\/soin-et-entretien\/#breadcrumb"},"inLanguage":"fr-FR","potentialAction":[{"@type":"ReadAction","target":["https:\/\/www.maglin.com\/fr\/ressources\/soin-et-entretien\/"]}]},{"@type":"ImageObject","inLanguage":"fr-FR","@id":"https:\/\/www.maglin.com\/fr\/ressources\/soin-et-entretien\/#primaryimage","url":"https:\/\/www.maglin.com\/app\/uploads\/2020\/09\/care-maintenance_pixel-assembly-1.jpg","contentUrl":"https:\/\/www.maglin.com\/app\/uploads\/2020\/09\/care-maintenance_pixel-assembly-1.jpg","width":1500,"height":916,"caption":"Two men assembling Pixel blocks against a wall with greenery"},{"@type":"BreadcrumbList","@id":"https:\/\/www.maglin.com\/fr\/ressources\/soin-et-entretien\/#breadcrumb","itemListElement":[{"@type":"ListItem","position":1,"name":"Accueil","item":"https:\/\/www.maglin.com\/fr\/"},{"@type":"ListItem","position":2,"name":"Ressources","item":"https:\/\/www.maglin.com\/fr\/ressources\/"},{"@type":"ListItem","position":3,"name":"Soin et entretien"}]},{"@type":"WebSite","@id":"https:\/\/www.maglin.com\/fr\/#website","url":"https:\/\/www.maglin.com\/fr\/","name":"Maglin","description":"Site Furniture","potentialAction":[{"@type":"SearchAction","target":{"@type":"EntryPoint","urlTemplate":"https:\/\/www.maglin.com\/fr\/?s={search_term_string}"},"query-input":{"@type":"PropertyValueSpecification","valueRequired":true,"valueName":"search_term_string"}}],"inLanguage":"fr-FR"}]}},"_links":{"self":[{"href":"https:\/\/www.maglin.com\/fr\/wp-json\/wp\/v2\/pages\/16694","targetHints":{"allow":["GET"]}}],"collection":[{"href":"https:\/\/www.maglin.com\/fr\/wp-json\/wp\/v2\/pages"}],"about":[{"href":"https:\/\/www.maglin.com\/fr\/wp-json\/wp\/v2\/types\/page"}],"author":[{"embeddable":true,"href":"https:\/\/www.maglin.com\/fr\/wp-json\/wp\/v2\/users\/2"}],"replies":[{"embeddable":true,"href":"https:\/\/www.maglin.com\/fr\/wp-json\/wp\/v2\/comments?post=16694"}],"version-history":[{"count":0,"href":"https:\/\/www.maglin.com\/fr\/wp-json\/wp\/v2\/pages\/16694\/revisions"}],"up":[{"embeddable":true,"href":"https:\/\/www.maglin.com\/fr\/wp-json\/wp\/v2\/pages\/16666"}],"wp:featuredmedia":[{"embeddable":true,"href":"https:\/\/www.maglin.com\/fr\/wp-json\/wp\/v2\/media\/6722"}],"wp:attachment":[{"href":"https:\/\/www.maglin.com\/fr\/wp-json\/wp\/v2\/media?parent=16694"}],"curies":[{"name":"wp","href":"https:\/\/api.w.org\/{rel}","templated":true}]}}