{"id":16682,"date":"2021-02-27T19:24:04","date_gmt":"2021-02-28T00:24:04","guid":{"rendered":"https:\/\/www.maglin.com\/?page_id=16682"},"modified":"2025-06-13T13:21:09","modified_gmt":"2025-06-13T17:21:09","slug":"finition-du-metal","status":"publish","type":"page","link":"https:\/\/www.maglin.com\/fr\/ressources\/finition-du-metal\/","title":{"rendered":"Finition du m\u00e9tal"},"content":{"rendered":"<div class=\"wpb-content-wrapper\"><p>[vc_row][vc_column][basic_container]<div class=\"maglin-intro-section\">\n\t<div class=\"maglin-intro-section__text lead-large\">\n\t\tMaglin a mis au point un syst\u00e8me de finition sup\u00e9rieur pour le m\u00e9tal, combinant \u00e9lectrophor\u00e8se et rev\u00eatement en poudre afin de garantir une adh\u00e9rence optimale, une protection anticorrosion sup\u00e9rieure et des couleurs \u00e9clatantes qui r\u00e9sistent aux rayons UV.\t<\/div>\n\n\t<a class=\"btn btn-primary btn-sm  maglin-intro-section__btn\" href=\"https:\/\/www.maglin.com\/app\/themes\/maglin\/api\/resources\/2021\/03\/MAGLIN_FINITION-SUPERIEURE-DU-METAL.pdf\">T\u00e9l\u00e9charger la fiche d\u2019informations<\/a><\/div>\n[\/basic_container][\/vc_column][\/vc_row][vc_row][vc_column][alternating_content_container]\t<div class=\"alternating-content-item-wrapper transparent\">\n\t\t<div class=\"container\">\n\t\t\t\t\t\t\t<div class=\"advanced-media alternating-content-item-image start-bg-center\">\n\t\t\t<img fetchpriority=\"high\" decoding=\"async\" src=\"https:\/\/www.maglin.com\/app\/uploads\/2025\/05\/maglin-resources-metal-finishing.jpg\" width=\"1440\" height=\"1800\" alt=\"Partial metal bench with green grasses in background\"  loading='eager'\/>\n\t\t<\/div>\n\t\t\t\t\t\t<div class=\"alternating-content-item-content-container\">\n\t\t\t\t<div class=\"alternating-content-item-inner\">\n\t\t\t\t\t\t\t\t\t\t\t<h2 class=\"alternating-content-item-heading\">\u00c9lectrophor\u00e8se (e-coat)<\/h2>\n\t\t\t\t\t\t\t\t\t\t\t\t\t\t\t\t\t\t\t\t\t<div class=\"alternating-content-item-content\">\n\t\t\t\t\t\t\t<p class=\"p1\">Le proc\u00e9d\u00e9 d&#8217;\u00e9lectrophor\u00e8se par immersion en douze \u00e9tapes de Maglin offre une protection primaire contre la corrosion pour les composantes en acier et une adh\u00e9rence sup\u00e9rieure du rev\u00eatement en poudre pour les recoins et les rebords.<\/p>\n<p class=\"p1\">L&#8217;\u00e9lectrophor\u00e8se utilise une charge \u00e9lectrique pour appliquer un rev\u00eatement protecteur uniforme sur les produits m\u00e9talliques usin\u00e9s. \u00c9labor\u00e9e \u00e0 l&#8217;origine pour l&#8217;industrie automobile, l&#8217;\u00e9lectrophor\u00e8se offre une couverture, une adh\u00e9rence et une r\u00e9sistance \u00e0 la corrosion sup\u00e9rieures pour les pi\u00e8ces et les surfaces m\u00e9talliques.<\/p>\n\t\t\t\t\t\t<\/div>\n\t\t\t\t\t\t\t\t\t\t\t\t\t\t\t\t<a href=\"https:\/\/www.maglin.com\/app\/themes\/maglin\/api\/resources\/2021\/03\/MAGLIN_FINITION-SUPERIEURE-DU-METAL.pdf\" target=\"_blank\" class=\"alternating-content-item-button btn btn-sm btn-primary \" title=\"En savoir plus\">\n\t\t\t\t\t\t\tEn savoir plus\t\t\t\t\t\t<\/a>\n\t\t\t\t\t\t\t\t\t<\/div>\n\t\t\t<\/div>\n\t\t<\/div>\n\t<\/div>\n\t<div class=\"alternating-content-item-wrapper transparent\">\n\t\t<div class=\"container\">\n\t\t\t\t\t\t\t<div class=\"advanced-media alternating-content-item-image start-bg-center\">\n\t\t\t<img decoding=\"async\" src=\"https:\/\/www.maglin.com\/app\/uploads\/2025\/05\/maglin-products_main.jpg\" width=\"1440\" height=\"1800\" alt=\"Blue ALUM chairs with Foro tables on patio\"  loading='eager'\/>\n\t\t<\/div>\n\t\t\t\t\t\t<div class=\"alternating-content-item-content-container\">\n\t\t\t\t<div class=\"alternating-content-item-inner\">\n\t\t\t\t\t\t\t\t\t\t\t<h2 class=\"alternating-content-item-heading\">Rev\u00eatement en poudre<\/h2>\n\t\t\t\t\t\t\t\t\t\t\t\t\t\t\t\t\t\t\t\t\t<div class=\"alternating-content-item-content\">\n\t\t\t\t\t\t\t<p class=\"p1\">Le rev\u00eatement en poudre s&#8217;\u00e9rode rapidement s&#8217;il est appliqu\u00e9 en couche trop mince\u2009; s&#8217;il est trop \u00e9pais, il se fissure et s&#8217;\u00e9caille. Le rev\u00eatement en poudre Maglin est appliqu\u00e9 conform\u00e9ment aux exigences du fabricant afin d&#8217;obtenir une \u00e9paisseur optimale pour une protection maximale de la surface contre l&#8217;abrasion, les produits chimiques et les conditions climatiques.<\/p>\n<p class=\"p1\">Le processus de rev\u00eatement en poudre Maglin comprend plusieurs \u00e9tapes\u2009: le nettoyage, le rin\u00e7age, l&#8217;application de la poudre par \u00e9lectrophor\u00e8se et la cuisson au four afin d&#8217;assurer une adh\u00e9rence et une protection optimales de la surface. Toutes les couleurs Maglin sont sp\u00e9cialement con\u00e7ues pour une utilisation \u00e0 l&#8217;ext\u00e9rieur, avec une haute r\u00e9sistance aux UV et une protection contre les chocs et la corrosion.<\/p>\n\t\t\t\t\t\t<\/div>\n\t\t\t\t\t\t\t\t\t\t\t\t\t\t<\/div>\n\t\t\t<\/div>\n\t\t<\/div>\n\t<\/div>\n[\/alternating_content_container]<div class=\"clearfix global-margin-y\"><\/div>[\/vc_column][\/vc_row][vc_row][vc_column]<div class=\"templatera_shortcode\"><div data-vc-full-width=\"true\" data-vc-full-width-init=\"false\" data-vc-stretch-content=\"true\" class=\"vc_row wpb_row vc_row-fluid vc_row-no-padding\"><div class=\"wpb_column vc_column_container vc_col-sm-12\"><div class=\"vc_column-inner\"><div class=\"wpb_wrapper\"><div class=\"media-banner media-curve-bottom-right large-curve no-video\">\n\t\t<div class=\"media-banner__container container\">\n\t\t<div class=\"media-banner__content\">\n\t\t\t\t\t\t\t<h2 class=\"media-banner__heading h1\">\n\t\t\t\t\tConstruisons ensemble\t\t\t\t<\/h2>\n\t\t\t\t\t\t\t\t\t\t<div class=\"media-banner__description text-large\">\n\t\t\t\t\t<p>Commencez \u00e0 planifier votre espace avec nous d\u00e8s aujourd'hui et voyez exactement comment les liens que nous construisons avec nos clients sont aussi forts et durables que les meubles que nous soutenons.<\/p>\t\t\t\t<\/div>\n\t\t\t\t\t\t\t\t\t\t<div class=\"media-banner__button\">\n\t\t\t\t\t<a href=\"https:\/\/www.maglin.com\/fr\/contact\/\" class=\"btn btn-inverse btn-light\" target=\"\">\n\t\t\t\t\t\tParlons\t\t\t\t\t<\/a>\n\t\t\t\t<\/div>\n\t\t\t\t\t<\/div>\n\t<\/div>\n\t<div class=\"advanced-media media-banner__media\">\n\t\t\t<img decoding=\"async\" src=\"https:\/\/www.maglin.com\/app\/uploads\/2020\/09\/Maglin-Head-Office_blue-skies_1-2.jpg\" width=\"1500\" height=\"918\" alt=\"Maglin Site Furniture Head Office\"  loading='eager'\/>\n\t\t<\/div>\n<\/div><\/div><\/div><\/div><\/div><div class=\"vc_row-full-width vc_clearfix\"><\/div>\r\n<\/div>[\/vc_column][\/vc_row]<\/p>\n<\/div>","protected":false},"excerpt":{"rendered":"Maglin a mis au point un syst\u00e8me de finition sup\u00e9rieur pour le m\u00e9tal, combinant \u00e9lectrophor\u00e8se et rev\u00eatement en poudre afin de garantir une adh\u00e9rence optimale, une protection anticorrosion sup\u00e9rieure et des couleurs \u00e9clatantes qui r\u00e9sistent aux rayons UV. T\u00e9l\u00e9charger la fiche d\u2019informations \u00c9lectrophor\u00e8se (e-coat) Le proc\u00e9d\u00e9 d'\u00e9lectrophor\u00e8se par immersion en douze \u00e9tapes de Maglin offre [...]","protected":false},"author":2,"featured_media":80654,"parent":16666,"menu_order":250,"comment_status":"closed","ping_status":"closed","template":"","meta":{"_acf_changed":false,"footnotes":""},"class_list":["post-16682","page","type-page","status-publish","has-post-thumbnail","hentry"],"acf":[],"yoast_head":"<!-- This site is optimized with the Yoast SEO plugin v26.6 - https:\/\/yoast.com\/wordpress\/plugins\/seo\/ -->\n<title>Finition du m\u00e9tal - Maglin<\/title>\n<meta name=\"description\" content=\"Le syst\u00e8me sup\u00e9rieur de finition du m\u00e9tal de Maglin emploie l\u2019application par \u00e9lectrophor\u00e8se (e-coat) et le rev\u00eatement en poudre.\" \/>\n<meta name=\"robots\" content=\"index, follow, max-snippet:-1, max-image-preview:large, max-video-preview:-1\" \/>\n<link rel=\"canonical\" href=\"https:\/\/www.maglin.com\/fr\/ressources\/finition-du-metal\/\" \/>\n<meta property=\"og:locale\" content=\"fr_FR\" \/>\n<meta property=\"og:type\" content=\"article\" \/>\n<meta property=\"og:title\" content=\"Finition du m\u00e9tal - Maglin\" \/>\n<meta property=\"og:description\" content=\"Le syst\u00e8me sup\u00e9rieur de finition du m\u00e9tal de Maglin emploie l\u2019application par \u00e9lectrophor\u00e8se (e-coat) et le rev\u00eatement en poudre.\" \/>\n<meta property=\"og:url\" content=\"https:\/\/www.maglin.com\/fr\/ressources\/finition-du-metal\/\" \/>\n<meta property=\"og:site_name\" content=\"Maglin\" \/>\n<meta property=\"article:publisher\" content=\"https:\/\/www.facebook.com\/MaglinFurniture\/\" \/>\n<meta property=\"article:modified_time\" content=\"2025-06-13T17:21:09+00:00\" \/>\n<meta property=\"og:image\" content=\"https:\/\/www.maglin.com\/app\/uploads\/2025\/05\/maglin-metal-finishing-hero-img-2.jpg\" \/>\n\t<meta property=\"og:image:width\" content=\"2880\" \/>\n\t<meta property=\"og:image:height\" content=\"1552\" \/>\n\t<meta property=\"og:image:type\" content=\"image\/jpeg\" \/>\n<meta name=\"twitter:card\" content=\"summary_large_image\" \/>\n<meta name=\"twitter:site\" content=\"@maglinfurniture\" \/>\n<meta name=\"twitter:label1\" content=\"Est. reading time\" \/>\n\t<meta name=\"twitter:data1\" content=\"2 minutes\" \/>\n<script type=\"application\/ld+json\" class=\"yoast-schema-graph\">{\"@context\":\"https:\/\/schema.org\",\"@graph\":[{\"@type\":\"WebPage\",\"@id\":\"https:\/\/www.maglin.com\/fr\/ressources\/finition-du-metal\/\",\"url\":\"https:\/\/www.maglin.com\/fr\/ressources\/finition-du-metal\/\",\"name\":\"Finition du m\u00e9tal - Maglin\",\"isPartOf\":{\"@id\":\"https:\/\/www.maglin.com\/fr\/#website\"},\"primaryImageOfPage\":{\"@id\":\"https:\/\/www.maglin.com\/fr\/ressources\/finition-du-metal\/#primaryimage\"},\"image\":{\"@id\":\"https:\/\/www.maglin.com\/fr\/ressources\/finition-du-metal\/#primaryimage\"},\"thumbnailUrl\":\"https:\/\/www.maglin.com\/app\/uploads\/2025\/05\/maglin-metal-finishing-hero-img-2.jpg\",\"datePublished\":\"2021-02-28T00:24:04+00:00\",\"dateModified\":\"2025-06-13T17:21:09+00:00\",\"description\":\"Le syst\u00e8me sup\u00e9rieur de finition du m\u00e9tal de Maglin emploie l\u2019application par \u00e9lectrophor\u00e8se (e-coat) et le rev\u00eatement en poudre.\",\"breadcrumb\":{\"@id\":\"https:\/\/www.maglin.com\/fr\/ressources\/finition-du-metal\/#breadcrumb\"},\"inLanguage\":\"fr-FR\",\"potentialAction\":[{\"@type\":\"ReadAction\",\"target\":[\"https:\/\/www.maglin.com\/fr\/ressources\/finition-du-metal\/\"]}]},{\"@type\":\"ImageObject\",\"inLanguage\":\"fr-FR\",\"@id\":\"https:\/\/www.maglin.com\/fr\/ressources\/finition-du-metal\/#primaryimage\",\"url\":\"https:\/\/www.maglin.com\/app\/uploads\/2025\/05\/maglin-metal-finishing-hero-img-2.jpg\",\"contentUrl\":\"https:\/\/www.maglin.com\/app\/uploads\/2025\/05\/maglin-metal-finishing-hero-img-2.jpg\",\"width\":2880,\"height\":1552,\"caption\":\"Un banc en m\u00e9tal noir est plac\u00e9 \u00e0 l'ext\u00e9rieur, pr\u00e8s d'une all\u00e9e, avec des plantes floues et une personne en arri\u00e8re-plan.\"},{\"@type\":\"BreadcrumbList\",\"@id\":\"https:\/\/www.maglin.com\/fr\/ressources\/finition-du-metal\/#breadcrumb\",\"itemListElement\":[{\"@type\":\"ListItem\",\"position\":1,\"name\":\"Accueil\",\"item\":\"https:\/\/www.maglin.com\/fr\/\"},{\"@type\":\"ListItem\",\"position\":2,\"name\":\"Ressources\",\"item\":\"https:\/\/www.maglin.com\/fr\/ressources\/\"},{\"@type\":\"ListItem\",\"position\":3,\"name\":\"Finition du m\u00e9tal\"}]},{\"@type\":\"WebSite\",\"@id\":\"https:\/\/www.maglin.com\/fr\/#website\",\"url\":\"https:\/\/www.maglin.com\/fr\/\",\"name\":\"Maglin\",\"description\":\"Site Furniture\",\"potentialAction\":[{\"@type\":\"SearchAction\",\"target\":{\"@type\":\"EntryPoint\",\"urlTemplate\":\"https:\/\/www.maglin.com\/fr\/?s={search_term_string}\"},\"query-input\":{\"@type\":\"PropertyValueSpecification\",\"valueRequired\":true,\"valueName\":\"search_term_string\"}}],\"inLanguage\":\"fr-FR\"}]}<\/script>\n<!-- \/ Yoast SEO plugin. -->","yoast_head_json":{"title":"Finition du m\u00e9tal - Maglin","description":"Le syst\u00e8me sup\u00e9rieur de finition du m\u00e9tal de Maglin emploie l\u2019application par \u00e9lectrophor\u00e8se (e-coat) et le rev\u00eatement en poudre.","robots":{"index":"index","follow":"follow","max-snippet":"max-snippet:-1","max-image-preview":"max-image-preview:large","max-video-preview":"max-video-preview:-1"},"canonical":"https:\/\/www.maglin.com\/fr\/ressources\/finition-du-metal\/","og_locale":"fr_FR","og_type":"article","og_title":"Finition du m\u00e9tal - Maglin","og_description":"Le syst\u00e8me sup\u00e9rieur de finition du m\u00e9tal de Maglin emploie l\u2019application par \u00e9lectrophor\u00e8se (e-coat) et le rev\u00eatement en poudre.","og_url":"https:\/\/www.maglin.com\/fr\/ressources\/finition-du-metal\/","og_site_name":"Maglin","article_publisher":"https:\/\/www.facebook.com\/MaglinFurniture\/","article_modified_time":"2025-06-13T17:21:09+00:00","og_image":[{"width":2880,"height":1552,"url":"https:\/\/www.maglin.com\/app\/uploads\/2025\/05\/maglin-metal-finishing-hero-img-2.jpg","type":"image\/jpeg"}],"twitter_card":"summary_large_image","twitter_site":"@maglinfurniture","twitter_misc":{"Est. reading time":"2 minutes"},"schema":{"@context":"https:\/\/schema.org","@graph":[{"@type":"WebPage","@id":"https:\/\/www.maglin.com\/fr\/ressources\/finition-du-metal\/","url":"https:\/\/www.maglin.com\/fr\/ressources\/finition-du-metal\/","name":"Finition du m\u00e9tal - Maglin","isPartOf":{"@id":"https:\/\/www.maglin.com\/fr\/#website"},"primaryImageOfPage":{"@id":"https:\/\/www.maglin.com\/fr\/ressources\/finition-du-metal\/#primaryimage"},"image":{"@id":"https:\/\/www.maglin.com\/fr\/ressources\/finition-du-metal\/#primaryimage"},"thumbnailUrl":"https:\/\/www.maglin.com\/app\/uploads\/2025\/05\/maglin-metal-finishing-hero-img-2.jpg","datePublished":"2021-02-28T00:24:04+00:00","dateModified":"2025-06-13T17:21:09+00:00","description":"Le syst\u00e8me sup\u00e9rieur de finition du m\u00e9tal de Maglin emploie l\u2019application par \u00e9lectrophor\u00e8se (e-coat) et le rev\u00eatement en poudre.","breadcrumb":{"@id":"https:\/\/www.maglin.com\/fr\/ressources\/finition-du-metal\/#breadcrumb"},"inLanguage":"fr-FR","potentialAction":[{"@type":"ReadAction","target":["https:\/\/www.maglin.com\/fr\/ressources\/finition-du-metal\/"]}]},{"@type":"ImageObject","inLanguage":"fr-FR","@id":"https:\/\/www.maglin.com\/fr\/ressources\/finition-du-metal\/#primaryimage","url":"https:\/\/www.maglin.com\/app\/uploads\/2025\/05\/maglin-metal-finishing-hero-img-2.jpg","contentUrl":"https:\/\/www.maglin.com\/app\/uploads\/2025\/05\/maglin-metal-finishing-hero-img-2.jpg","width":2880,"height":1552,"caption":"Un banc en m\u00e9tal noir est plac\u00e9 \u00e0 l'ext\u00e9rieur, pr\u00e8s d'une all\u00e9e, avec des plantes floues et une personne en arri\u00e8re-plan."},{"@type":"BreadcrumbList","@id":"https:\/\/www.maglin.com\/fr\/ressources\/finition-du-metal\/#breadcrumb","itemListElement":[{"@type":"ListItem","position":1,"name":"Accueil","item":"https:\/\/www.maglin.com\/fr\/"},{"@type":"ListItem","position":2,"name":"Ressources","item":"https:\/\/www.maglin.com\/fr\/ressources\/"},{"@type":"ListItem","position":3,"name":"Finition du m\u00e9tal"}]},{"@type":"WebSite","@id":"https:\/\/www.maglin.com\/fr\/#website","url":"https:\/\/www.maglin.com\/fr\/","name":"Maglin","description":"Site Furniture","potentialAction":[{"@type":"SearchAction","target":{"@type":"EntryPoint","urlTemplate":"https:\/\/www.maglin.com\/fr\/?s={search_term_string}"},"query-input":{"@type":"PropertyValueSpecification","valueRequired":true,"valueName":"search_term_string"}}],"inLanguage":"fr-FR"}]}},"_links":{"self":[{"href":"https:\/\/www.maglin.com\/fr\/wp-json\/wp\/v2\/pages\/16682","targetHints":{"allow":["GET"]}}],"collection":[{"href":"https:\/\/www.maglin.com\/fr\/wp-json\/wp\/v2\/pages"}],"about":[{"href":"https:\/\/www.maglin.com\/fr\/wp-json\/wp\/v2\/types\/page"}],"author":[{"embeddable":true,"href":"https:\/\/www.maglin.com\/fr\/wp-json\/wp\/v2\/users\/2"}],"replies":[{"embeddable":true,"href":"https:\/\/www.maglin.com\/fr\/wp-json\/wp\/v2\/comments?post=16682"}],"version-history":[{"count":0,"href":"https:\/\/www.maglin.com\/fr\/wp-json\/wp\/v2\/pages\/16682\/revisions"}],"up":[{"embeddable":true,"href":"https:\/\/www.maglin.com\/fr\/wp-json\/wp\/v2\/pages\/16666"}],"wp:featuredmedia":[{"embeddable":true,"href":"https:\/\/www.maglin.com\/fr\/wp-json\/wp\/v2\/media\/80654"}],"wp:attachment":[{"href":"https:\/\/www.maglin.com\/fr\/wp-json\/wp\/v2\/media?parent=16682"}],"curies":[{"name":"wp","href":"https:\/\/api.w.org\/{rel}","templated":true}]}}