{"id":16670,"date":"2021-02-27T19:08:54","date_gmt":"2021-02-28T00:08:54","guid":{"rendered":"https:\/\/www.maglin.com\/?page_id=16670"},"modified":"2025-07-04T14:36:26","modified_gmt":"2025-07-04T18:36:26","slug":"couleurs-de-revetement-en-poudre","status":"publish","type":"page","link":"https:\/\/www.maglin.com\/fr\/ressources\/couleurs-de-revetement-en-poudre\/","title":{"rendered":"Couleurs de rev\u00eatement en poudre"},"content":{"rendered":"<div class=\"wpb-content-wrapper\"><p>[vc_row][vc_column][basic_container]<div class=\"maglin-intro-section\">\n\t<div class=\"maglin-intro-section__text lead-large\">\n\t\tToutes les couleurs de finis en poudre Maglin sont sp\u00e9cialement con\u00e7ues pour une utilisation \u00e0 l'ext\u00e9rieur, avec une haute r\u00e9sistance aux rayons UV et une protection contre les chocs et la corrosion. Des teintes douces, neutres et vives sont propos\u00e9es, s'adaptant \u00e0 tous les sites\u2009!\t<\/div>\n\n\t<a class=\"btn btn-primary btn-sm  maglin-intro-section__btn\" href=\"https:\/\/www.maglin.com\/app\/themes\/maglin\/api\/resources\/2024\/11\/MAGLIN_NOS-COULEURS-1.pdf\">T\u00e9l\u00e9charger le nuancier<\/a><\/div>\n[\/basic_container][\/vc_column][\/vc_row][vc_row][vc_column]<div class=\"templatera_shortcode\"><div class=\"basic-container row   \" >\n\t<div class=\"bg-overlay none\"><\/div>\n\t<div class=\"container\">\n\t\t<div class=\"color-swatches-container full-component\">\n\t\t\t<div class=\"color-swatches-heading\">\n\t\t\t<h5>Couleurs standard de rev\u00eatement en poudre<\/h5>\n\t\t<\/div>\n\t\t<div class=\"color-swatches\">\n\t\t<div class=\"color-swatches-collection\">\n\t\t\t<h5>Collection Gloss<\/h5>\n\t\t<div class=\"swatches\">\n\t\t<div class=\"color-swatch-wrapper\">\n\t<div class=\"label-color\"  data-responsive-bg=\"responsive_bg69d26d3a9e281\"><\/div>\n\t<div class=\"label-title\">VERT<\/div>\n\t\t\t<div class=\"ral-label\">RAL 6037<\/div>\n\t<\/div><div class=\"color-swatch-wrapper\">\n\t<div class=\"label-color\"  data-responsive-bg=\"responsive_bg69d26d3a9ec5b\"><\/div>\n\t<div class=\"label-title\">TURQUOISE<\/div>\n\t\t\t<div class=\"ral-label\">RAL 5018<\/div>\n\t<\/div><div class=\"color-swatch-wrapper\">\n\t<div class=\"label-color\"  data-responsive-bg=\"responsive_bg69d26d3a9f5b7\"><\/div>\n\t<div class=\"label-title\">VERT R\u00c9S\u00c9DA<\/div>\n\t\t\t<div class=\"ral-label\">RAL 6011<\/div>\n\t<\/div><div class=\"color-swatch-wrapper\">\n\t<div class=\"label-color\"  data-responsive-bg=\"responsive_bg69d26d3aa0081\"><\/div>\n\t<div class=\"label-title\">BLEU PASTEL<\/div>\n\t\t\t<div class=\"ral-label\">RAL 5024<\/div>\n\t<\/div><div class=\"color-swatch-wrapper\">\n\t<div class=\"label-color\"  data-responsive-bg=\"responsive_bg69d26d3aa0cdc\"><\/div>\n\t<div class=\"label-title\">BLEU<\/div>\n\t\t\t<div class=\"ral-label\">RAL 5005<\/div>\n\t<\/div><div class=\"color-swatch-wrapper\">\n\t<div class=\"label-color\"  data-responsive-bg=\"responsive_bg69d26d3aa1871\"><\/div>\n\t<div class=\"label-title\">BLEU-VIOLET<\/div>\n\t\t\t<div class=\"ral-label\">RAL 5000<\/div>\n\t<\/div>\n\t<\/div>\n\t<\/div><div class=\"color-swatches-collection\">\n\t\t<div class=\"swatches\">\n\t\t<div class=\"color-swatch-wrapper\">\n\t<div class=\"label-color\"  data-responsive-bg=\"responsive_bg69d26d3aa26f5\"><\/div>\n\t<div class=\"label-title\">Saumon<\/div>\n\t\t\t<div class=\"ral-label\">RAL 2012<\/div>\n\t<\/div><div class=\"color-swatch-wrapper\">\n\t<div class=\"label-color\"  data-responsive-bg=\"responsive_bg69d26d3aa30e0\"><\/div>\n\t<div class=\"label-title\">Gris galet<\/div>\n\t\t\t<div class=\"ral-label\">RAL 7032<\/div>\n\t<\/div><div class=\"color-swatch-wrapper\">\n\t<div class=\"label-color\"  data-responsive-bg=\"responsive_bg69d26d3aa3ac3\"><\/div>\n\t<div class=\"label-title\">Rouge<\/div>\n\t\t\t<div class=\"ral-label\">RAL 3002<\/div>\n\t<\/div><div class=\"color-swatch-wrapper\">\n\t<div class=\"label-color\"  data-responsive-bg=\"responsive_bg69d26d3aa446d\"><\/div>\n\t<div class=\"label-title\">Orange<\/div>\n\t\t\t<div class=\"ral-label\">RAL 2009<\/div>\n\t<\/div><div class=\"color-swatch-wrapper\">\n\t<div class=\"label-color\"  data-responsive-bg=\"responsive_bg69d26d3aa4dea\"><\/div>\n\t<div class=\"label-title\">Jaune Safran<\/div>\n\t\t\t<div class=\"ral-label\">RAL 1017<\/div>\n\t<\/div><div class=\"color-swatch-wrapper\">\n\t<div class=\"label-color\"  data-responsive-bg=\"responsive_bg69d26d3aa57e5\"><\/div>\n\t<div class=\"label-title\">Jaune<\/div>\n\t\t\t<div class=\"ral-label\">RAL 1018<\/div>\n\t<\/div>\n\t<\/div>\n\t<\/div><div class=\"color-swatches-collection\">\n\t\t<div class=\"swatches\">\n\t\t<div class=\"color-swatch-wrapper\">\n\t<div class=\"label-color\"  data-responsive-bg=\"responsive_bg69d26d3aa6268\"><\/div>\n\t<div class=\"label-title\">Blanc hu\u00eetre<\/div>\n\t\t\t<div class=\"ral-label\">RAL 1013<\/div>\n\t<\/div><div class=\"color-swatch-wrapper\">\n\t<div class=\"label-color\"  data-responsive-bg=\"responsive_bg69d26d3aa6b32\"><\/div>\n\t<div class=\"label-title\">Gris-brun<\/div>\n\t\t\t<div class=\"ral-label\">RAL 8019<\/div>\n\t<\/div><div class=\"color-swatch-wrapper\">\n\t<div class=\"label-color\"  data-responsive-bg=\"responsive_bg69d26d3aa7976\"><\/div>\n\t<div class=\"label-title\">Blanc<\/div>\n\t\t\t<div class=\"ral-label\">RAL 9016<\/div>\n\t<\/div><div class=\"color-swatch-wrapper\">\n\t<div class=\"label-color\"  data-responsive-bg=\"responsive_bg69d26d3aa8472\"><\/div>\n\t<div class=\"label-title\">Noir<\/div>\n\t\t\t<div class=\"ral-label\">RAL 9005<\/div>\n\t<\/div><div class=\"color-swatch-wrapper\">\n\t<div class=\"label-color\"  data-responsive-bg=\"responsive_bg69d26d3aa8fc8\"><\/div>\n\t<div class=\"label-title\">M\u00e9tal Bleu<\/div>\n\t<\/div><div class=\"color-swatch-wrapper\">\n\t<div class=\"label-color\"  data-responsive-bg=\"responsive_bg69d26d3aa9a92\"><\/div>\n\t<div class=\"label-title\">Titanium<\/div>\n\t<\/div>\n\t<\/div>\n\t<\/div><div class=\"color-swatches-collection\">\n\t\t<div class=\"swatches\">\n\t\t<div class=\"color-swatch-wrapper\">\n\t<div class=\"label-color\"  data-responsive-bg=\"responsive_bg69d26d3aaa842\"><\/div>\n\t<div class=\"label-title\">Argent 14<\/div>\n\t<\/div><div class=\"color-swatch-wrapper\">\n\t<div class=\"label-color\"  data-responsive-bg=\"responsive_bg69d26d3aab23a\"><\/div>\n\t<div class=\"label-title\">Bronze 14<\/div>\n\t<\/div>\n\t<\/div>\n\t<\/div><div class=\"color-swatches-collection\">\n\t\t\t<h5>Collection textur\u00e9 fin* (fini mat)<\/h5>\n\t\t<div class=\"swatches\">\n\t\t<div class=\"color-swatch-wrapper\">\n\t<div class=\"label-color\" style=\"background-color:#000000;\"><\/div>\n\t<div class=\"label-title\">Noir<\/div>\n\t<\/div><div class=\"color-swatch-wrapper\">\n\t<div class=\"label-color\"  data-responsive-bg=\"responsive_bg69d26d3aabf06\"><\/div>\n\t<div class=\"label-title\">M\u00e9tal Bleu<\/div>\n\t<\/div><div class=\"color-swatch-wrapper\">\n\t<div class=\"label-color\"  data-responsive-bg=\"responsive_bg69d26d3aac830\"><\/div>\n\t<div class=\"label-title\">Titanium<\/div>\n\t<\/div><div class=\"color-swatch-wrapper\">\n\t<div class=\"label-color\"  data-responsive-bg=\"responsive_bg69d26d3aad260\"><\/div>\n\t<div class=\"label-title\">Argent 14<\/div>\n\t<\/div><div class=\"color-swatch-wrapper\">\n\t<div class=\"label-color\"  data-responsive-bg=\"responsive_bg69d26d3aadbae\"><\/div>\n\t<div class=\"label-title\">Bronze 14<\/div>\n\t<\/div><div class=\"color-swatch-wrapper\">\n\t<div class=\"label-color\"  data-responsive-bg=\"responsive_bg69d26d3aae421\"><\/div>\n\t<div class=\"label-title\">Corten<\/div>\n\t<\/div>\n\t<\/div>\n\t<\/div>\n\t<\/div>\n<\/div>\n\n\t<div class=\"wpb_text_column wpb_content_element\" >\n\t\t<div class=\"wpb_wrapper\">\n\t\t\t<p>En raison de variations dans la r\u00e9solution des \u00e9crans d\u2019ordinateur, les \u00e9chantillons de couleur peuvent varier des couleurs r\u00e9elles. Pour obtenir un \u00e9chantillon, veuillez communiquer avec Maglin.<\/p>\n<p>*Peinture textur\u00e9e offerte \u00e0 co\u00fbt suppl\u00e9mentaire. Non recommand\u00e9 pour les dessus de table et les chaises empilables en m\u00e9tal, ou avec l\u2019application de d\u00e9calcomanies en vinyle.<\/p>\n\n\t\t<\/div>\n\t<\/div>\n\t<div class=\"text-center\">\n\t\t<a class=\"general-button btn  btn-dark btn-inverse\" href=\"https:\/\/www.maglin.com\/app\/themes\/maglin\/api\/resources\/2026\/01\/MAGLIN_Nos-Couleurs-2026.pdf\" rel=\"\" target=\"_blank\" title=\"Nos couleurs\">\n\t\t\tT\u00e9l\u00e9charger le nuancier\t\t<\/a>\n\t<\/div>\n<div class=\"clearfix global-margin-y\"><\/div>\n\t<\/div>\n<\/div>\n<\/div>[\/vc_column][\/vc_row][vc_row][vc_column]<div class=\"templatera_shortcode\"><div data-vc-full-width=\"true\" data-vc-full-width-init=\"false\" data-vc-stretch-content=\"true\" class=\"vc_row wpb_row vc_row-fluid vc_row-no-padding\"><div class=\"wpb_column vc_column_container vc_col-sm-12\"><div class=\"vc_column-inner\"><div class=\"wpb_wrapper\"><div class=\"media-banner media-curve-bottom-right large-curve no-video\">\n\t\t<div class=\"media-banner__container container\">\n\t\t<div class=\"media-banner__content\">\n\t\t\t\t\t\t\t<h2 class=\"media-banner__heading h1\">\n\t\t\t\t\tConstruisons ensemble\t\t\t\t<\/h2>\n\t\t\t\t\t\t\t\t\t\t<div class=\"media-banner__description text-large\">\n\t\t\t\t\t<p>Commencez \u00e0 planifier votre espace avec nous d\u00e8s aujourd'hui et voyez exactement comment les liens que nous construisons avec nos clients sont aussi forts et durables que les meubles que nous soutenons.<\/p>\t\t\t\t<\/div>\n\t\t\t\t\t\t\t\t\t\t<div class=\"media-banner__button\">\n\t\t\t\t\t<a href=\"https:\/\/www.maglin.com\/fr\/contact\/\" class=\"btn btn-inverse btn-light\" target=\"\">\n\t\t\t\t\t\tParlons\t\t\t\t\t<\/a>\n\t\t\t\t<\/div>\n\t\t\t\t\t<\/div>\n\t<\/div>\n\t<div class=\"advanced-media media-banner__media\">\n\t\t\t<img fetchpriority=\"high\" decoding=\"async\" src=\"https:\/\/www.maglin.com\/app\/uploads\/2020\/09\/Maglin-Head-Office_blue-skies_1-2.jpg\" width=\"1500\" height=\"918\" alt=\"Maglin Site Furniture Head Office\"  loading='eager'\/>\n\t\t<\/div>\n<\/div><\/div><\/div><\/div><\/div><div class=\"vc_row-full-width vc_clearfix\"><\/div>\r\n<\/div>[\/vc_column][\/vc_row]<\/p>\n<\/div>","protected":false},"excerpt":{"rendered":"Toutes les couleurs de finis en poudre Maglin sont sp\u00e9cialement con\u00e7ues pour une utilisation \u00e0 l'ext\u00e9rieur, avec une haute r\u00e9sistance aux rayons UV et une protection contre les chocs et la corrosion. Des teintes douces, neutres et vives sont propos\u00e9es, s'adaptant \u00e0 tous les sites\u2009! T\u00e9l\u00e9charger le nuancier Couleurs standard de rev\u00eatement en poudre Collection [...]","protected":false},"author":2,"featured_media":80646,"parent":16666,"menu_order":240,"comment_status":"closed","ping_status":"closed","template":"","meta":{"_acf_changed":false,"footnotes":""},"class_list":["post-16670","page","type-page","status-publish","has-post-thumbnail","hentry"],"acf":[],"yoast_head":"<!-- This site is optimized with the Yoast SEO plugin v26.6 - https:\/\/yoast.com\/wordpress\/plugins\/seo\/ -->\n<title>Couleurs de rev\u00eatement en poudre - Maglin<\/title>\n<meta name=\"description\" content=\"Toutes les couleurs de rev\u00eatement en poudre en Maglin ont \u00e9t\u00e9 con\u00e7ues pour un usage ext\u00e9rieur, avec une r\u00e9sistance accrue aux rayons UV et une protection.\" \/>\n<meta name=\"robots\" content=\"index, follow, max-snippet:-1, max-image-preview:large, max-video-preview:-1\" \/>\n<link rel=\"canonical\" href=\"https:\/\/www.maglin.com\/fr\/ressources\/couleurs-de-revetement-en-poudre\/\" \/>\n<meta property=\"og:locale\" content=\"fr_FR\" \/>\n<meta property=\"og:type\" content=\"article\" \/>\n<meta property=\"og:title\" content=\"Couleurs de rev\u00eatement en poudre - Maglin\" \/>\n<meta property=\"og:description\" content=\"Toutes les couleurs de rev\u00eatement en poudre en Maglin ont \u00e9t\u00e9 con\u00e7ues pour un usage ext\u00e9rieur, avec une r\u00e9sistance accrue aux rayons UV et une protection.\" \/>\n<meta property=\"og:url\" content=\"https:\/\/www.maglin.com\/fr\/ressources\/couleurs-de-revetement-en-poudre\/\" \/>\n<meta property=\"og:site_name\" content=\"Maglin\" \/>\n<meta property=\"article:publisher\" content=\"https:\/\/www.facebook.com\/MaglinFurniture\/\" \/>\n<meta property=\"article:modified_time\" content=\"2025-07-04T18:36:26+00:00\" \/>\n<meta property=\"og:image\" content=\"https:\/\/www.maglin.com\/app\/uploads\/2025\/05\/maglin-powdercoat-colors-hero-img.jpg\" \/>\n\t<meta property=\"og:image:width\" content=\"2880\" \/>\n\t<meta property=\"og:image:height\" content=\"1552\" \/>\n\t<meta property=\"og:image:type\" content=\"image\/jpeg\" \/>\n<meta name=\"twitter:card\" content=\"summary_large_image\" \/>\n<meta name=\"twitter:site\" content=\"@maglinfurniture\" \/>\n<meta name=\"twitter:label1\" content=\"Est. reading time\" \/>\n\t<meta name=\"twitter:data1\" content=\"2 minutes\" \/>\n<script type=\"application\/ld+json\" class=\"yoast-schema-graph\">{\"@context\":\"https:\/\/schema.org\",\"@graph\":[{\"@type\":\"WebPage\",\"@id\":\"https:\/\/www.maglin.com\/fr\/ressources\/couleurs-de-revetement-en-poudre\/\",\"url\":\"https:\/\/www.maglin.com\/fr\/ressources\/couleurs-de-revetement-en-poudre\/\",\"name\":\"Couleurs de rev\u00eatement en poudre - Maglin\",\"isPartOf\":{\"@id\":\"https:\/\/www.maglin.com\/fr\/#website\"},\"primaryImageOfPage\":{\"@id\":\"https:\/\/www.maglin.com\/fr\/ressources\/couleurs-de-revetement-en-poudre\/#primaryimage\"},\"image\":{\"@id\":\"https:\/\/www.maglin.com\/fr\/ressources\/couleurs-de-revetement-en-poudre\/#primaryimage\"},\"thumbnailUrl\":\"https:\/\/www.maglin.com\/app\/uploads\/2025\/05\/maglin-powdercoat-colors-hero-img.jpg\",\"datePublished\":\"2021-02-28T00:08:54+00:00\",\"dateModified\":\"2025-07-04T18:36:26+00:00\",\"description\":\"Toutes les couleurs de rev\u00eatement en poudre en Maglin ont \u00e9t\u00e9 con\u00e7ues pour un usage ext\u00e9rieur, avec une r\u00e9sistance accrue aux rayons UV et une protection.\",\"breadcrumb\":{\"@id\":\"https:\/\/www.maglin.com\/fr\/ressources\/couleurs-de-revetement-en-poudre\/#breadcrumb\"},\"inLanguage\":\"fr-FR\",\"potentialAction\":[{\"@type\":\"ReadAction\",\"target\":[\"https:\/\/www.maglin.com\/fr\/ressources\/couleurs-de-revetement-en-poudre\/\"]}]},{\"@type\":\"ImageObject\",\"inLanguage\":\"fr-FR\",\"@id\":\"https:\/\/www.maglin.com\/fr\/ressources\/couleurs-de-revetement-en-poudre\/#primaryimage\",\"url\":\"https:\/\/www.maglin.com\/app\/uploads\/2025\/05\/maglin-powdercoat-colors-hero-img.jpg\",\"contentUrl\":\"https:\/\/www.maglin.com\/app\/uploads\/2025\/05\/maglin-powdercoat-colors-hero-img.jpg\",\"width\":2880,\"height\":1552,\"caption\":\"720 Chairs and Battery Chairs powdercoated blue, yellow and green at Bank of America Plaza\"},{\"@type\":\"BreadcrumbList\",\"@id\":\"https:\/\/www.maglin.com\/fr\/ressources\/couleurs-de-revetement-en-poudre\/#breadcrumb\",\"itemListElement\":[{\"@type\":\"ListItem\",\"position\":1,\"name\":\"Accueil\",\"item\":\"https:\/\/www.maglin.com\/fr\/\"},{\"@type\":\"ListItem\",\"position\":2,\"name\":\"Ressources\",\"item\":\"https:\/\/www.maglin.com\/fr\/ressources\/\"},{\"@type\":\"ListItem\",\"position\":3,\"name\":\"Couleurs de rev\u00eatement en poudre\"}]},{\"@type\":\"WebSite\",\"@id\":\"https:\/\/www.maglin.com\/fr\/#website\",\"url\":\"https:\/\/www.maglin.com\/fr\/\",\"name\":\"Maglin\",\"description\":\"Site Furniture\",\"potentialAction\":[{\"@type\":\"SearchAction\",\"target\":{\"@type\":\"EntryPoint\",\"urlTemplate\":\"https:\/\/www.maglin.com\/fr\/?s={search_term_string}\"},\"query-input\":{\"@type\":\"PropertyValueSpecification\",\"valueRequired\":true,\"valueName\":\"search_term_string\"}}],\"inLanguage\":\"fr-FR\"}]}<\/script>\n<!-- \/ Yoast SEO plugin. -->","yoast_head_json":{"title":"Couleurs de rev\u00eatement en poudre - Maglin","description":"Toutes les couleurs de rev\u00eatement en poudre en Maglin ont \u00e9t\u00e9 con\u00e7ues pour un usage ext\u00e9rieur, avec une r\u00e9sistance accrue aux rayons UV et une protection.","robots":{"index":"index","follow":"follow","max-snippet":"max-snippet:-1","max-image-preview":"max-image-preview:large","max-video-preview":"max-video-preview:-1"},"canonical":"https:\/\/www.maglin.com\/fr\/ressources\/couleurs-de-revetement-en-poudre\/","og_locale":"fr_FR","og_type":"article","og_title":"Couleurs de rev\u00eatement en poudre - Maglin","og_description":"Toutes les couleurs de rev\u00eatement en poudre en Maglin ont \u00e9t\u00e9 con\u00e7ues pour un usage ext\u00e9rieur, avec une r\u00e9sistance accrue aux rayons UV et une protection.","og_url":"https:\/\/www.maglin.com\/fr\/ressources\/couleurs-de-revetement-en-poudre\/","og_site_name":"Maglin","article_publisher":"https:\/\/www.facebook.com\/MaglinFurniture\/","article_modified_time":"2025-07-04T18:36:26+00:00","og_image":[{"width":2880,"height":1552,"url":"https:\/\/www.maglin.com\/app\/uploads\/2025\/05\/maglin-powdercoat-colors-hero-img.jpg","type":"image\/jpeg"}],"twitter_card":"summary_large_image","twitter_site":"@maglinfurniture","twitter_misc":{"Est. reading time":"2 minutes"},"schema":{"@context":"https:\/\/schema.org","@graph":[{"@type":"WebPage","@id":"https:\/\/www.maglin.com\/fr\/ressources\/couleurs-de-revetement-en-poudre\/","url":"https:\/\/www.maglin.com\/fr\/ressources\/couleurs-de-revetement-en-poudre\/","name":"Couleurs de rev\u00eatement en poudre - Maglin","isPartOf":{"@id":"https:\/\/www.maglin.com\/fr\/#website"},"primaryImageOfPage":{"@id":"https:\/\/www.maglin.com\/fr\/ressources\/couleurs-de-revetement-en-poudre\/#primaryimage"},"image":{"@id":"https:\/\/www.maglin.com\/fr\/ressources\/couleurs-de-revetement-en-poudre\/#primaryimage"},"thumbnailUrl":"https:\/\/www.maglin.com\/app\/uploads\/2025\/05\/maglin-powdercoat-colors-hero-img.jpg","datePublished":"2021-02-28T00:08:54+00:00","dateModified":"2025-07-04T18:36:26+00:00","description":"Toutes les couleurs de rev\u00eatement en poudre en Maglin ont \u00e9t\u00e9 con\u00e7ues pour un usage ext\u00e9rieur, avec une r\u00e9sistance accrue aux rayons UV et une protection.","breadcrumb":{"@id":"https:\/\/www.maglin.com\/fr\/ressources\/couleurs-de-revetement-en-poudre\/#breadcrumb"},"inLanguage":"fr-FR","potentialAction":[{"@type":"ReadAction","target":["https:\/\/www.maglin.com\/fr\/ressources\/couleurs-de-revetement-en-poudre\/"]}]},{"@type":"ImageObject","inLanguage":"fr-FR","@id":"https:\/\/www.maglin.com\/fr\/ressources\/couleurs-de-revetement-en-poudre\/#primaryimage","url":"https:\/\/www.maglin.com\/app\/uploads\/2025\/05\/maglin-powdercoat-colors-hero-img.jpg","contentUrl":"https:\/\/www.maglin.com\/app\/uploads\/2025\/05\/maglin-powdercoat-colors-hero-img.jpg","width":2880,"height":1552,"caption":"720 Chairs and Battery Chairs powdercoated blue, yellow and green at Bank of America Plaza"},{"@type":"BreadcrumbList","@id":"https:\/\/www.maglin.com\/fr\/ressources\/couleurs-de-revetement-en-poudre\/#breadcrumb","itemListElement":[{"@type":"ListItem","position":1,"name":"Accueil","item":"https:\/\/www.maglin.com\/fr\/"},{"@type":"ListItem","position":2,"name":"Ressources","item":"https:\/\/www.maglin.com\/fr\/ressources\/"},{"@type":"ListItem","position":3,"name":"Couleurs de rev\u00eatement en poudre"}]},{"@type":"WebSite","@id":"https:\/\/www.maglin.com\/fr\/#website","url":"https:\/\/www.maglin.com\/fr\/","name":"Maglin","description":"Site Furniture","potentialAction":[{"@type":"SearchAction","target":{"@type":"EntryPoint","urlTemplate":"https:\/\/www.maglin.com\/fr\/?s={search_term_string}"},"query-input":{"@type":"PropertyValueSpecification","valueRequired":true,"valueName":"search_term_string"}}],"inLanguage":"fr-FR"}]}},"_links":{"self":[{"href":"https:\/\/www.maglin.com\/fr\/wp-json\/wp\/v2\/pages\/16670","targetHints":{"allow":["GET"]}}],"collection":[{"href":"https:\/\/www.maglin.com\/fr\/wp-json\/wp\/v2\/pages"}],"about":[{"href":"https:\/\/www.maglin.com\/fr\/wp-json\/wp\/v2\/types\/page"}],"author":[{"embeddable":true,"href":"https:\/\/www.maglin.com\/fr\/wp-json\/wp\/v2\/users\/2"}],"replies":[{"embeddable":true,"href":"https:\/\/www.maglin.com\/fr\/wp-json\/wp\/v2\/comments?post=16670"}],"version-history":[{"count":0,"href":"https:\/\/www.maglin.com\/fr\/wp-json\/wp\/v2\/pages\/16670\/revisions"}],"up":[{"embeddable":true,"href":"https:\/\/www.maglin.com\/fr\/wp-json\/wp\/v2\/pages\/16666"}],"wp:featuredmedia":[{"embeddable":true,"href":"https:\/\/www.maglin.com\/fr\/wp-json\/wp\/v2\/media\/80646"}],"wp:attachment":[{"href":"https:\/\/www.maglin.com\/fr\/wp-json\/wp\/v2\/media?parent=16670"}],"curies":[{"name":"wp","href":"https:\/\/api.w.org\/{rel}","templated":true}]}}