{"id":16661,"date":"2021-02-27T15:43:16","date_gmt":"2021-02-27T20:43:16","guid":{"rendered":"https:\/\/www.maglin.com\/?page_id=16661"},"modified":"2026-03-16T15:16:40","modified_gmt":"2026-03-16T19:16:40","slug":"materiaux","status":"publish","type":"page","link":"https:\/\/www.maglin.com\/fr\/ressources\/materiaux\/","title":{"rendered":"Mat\u00e9riaux"},"content":{"rendered":"<div class=\"wpb-content-wrapper\"><p>[vc_row][vc_column][basic_container]<div class=\"maglin-intro-section\">\n\t<div class=\"maglin-intro-section__text lead-large\">\n\t\tLes produits Maglin vous sont offerts avec plusieurs options de mat\u00e9riaux durables, magnifiques et con\u00e7us pour r\u00e9sister \u00e0 des ann\u00e9es d\u2019exposition aux conditions environnementales. Nos mat\u00e9riaux durables, recycl\u00e9s et recyclables mettent de l\u2019avant un design \u00e9l\u00e9gant sans sacrifier l\u2019environnement.\t<\/div>\n\n\t<\/div>\n[\/basic_container][\/vc_column][\/vc_row][vc_row][vc_column][alternating_content_container]\t<div class=\"alternating-content-item-wrapper transparent\">\n\t\t<div class=\"container\">\n\t\t\t\t\t\t\t<div class=\"advanced-media alternating-content-item-image start-bg-center\">\n\t\t\t<img fetchpriority=\"high\" decoding=\"async\" src=\"https:\/\/www.maglin.com\/app\/uploads\/2026\/03\/maglin-materials-douglas-fir-wood.jpg\" width=\"1342\" height=\"1006\" alt=\"Gros plan d&#039;un banc moderne avec des lattes en bois clair et lisse et des supports en m\u00e9tal noir, plac\u00e9 sur un sol carrel\u00e9.\"  loading='eager'\/>\n\t\t<\/div>\n\t\t\t\t\t\t<div class=\"alternating-content-item-content-container\">\n\t\t\t\t<div class=\"alternating-content-item-inner\">\n\t\t\t\t\t\t\t\t\t\t\t<h2 class=\"alternating-content-item-heading\">Sapin Douglas<\/h2>\n\t\t\t\t\t\t\t\t\t\t\t\t\t\t\t\t\t\t\t\t\t<div class=\"alternating-content-item-content\">\n\t\t\t\t\t\t\t<p>Le sapin Douglas est un bois tendre haut de gamme originaire d\u2019Am\u00e9rique du Nord, et certifi\u00e9 PEFC, ce qui assure des pratiques foresti\u00e8res responsables et une cha\u00eene de tra\u00e7abilit\u00e9 v\u00e9rifiable. Il pr\u00e9sente une couleur brun clair naturelle avec de subtiles nuances jaunes ou rouge\u00e2tres, et des zones plus fonc\u00e9es dans le grain.<\/p>\n<p>Le sapin de Douglas est disponible pour les bancs Blox <a href=\"https:\/\/www.maglin.com\/fr\/produit\/banc-avec-dossier-blox\/\">avec dossier<\/a> ou <a href=\"https:\/\/www.maglin.com\/fr\/produit\/banc-sans-dossier-blox\/\">sans dossier<\/a> et Floe <a href=\"https:\/\/www.maglin.com\/fr\/produit\/banc-avec-dossier-floe\/\">avec dossier<\/a> ou <a href=\"https:\/\/www.maglin.com\/fr\/produit\/banc-sans-dossier-floe\/\">sans dossier<\/a>.<\/p>\n\t\t\t\t\t\t<\/div>\n\t\t\t\t\t\t\t\t\t\t\t\t\t\t\t\t<a href=\"https:\/\/www.maglin.com\/app\/themes\/maglin\/api\/resources\/2026\/03\/Maglin-Bois-de-sapin-Douglas.pdf\" target=\"_blank\" class=\"alternating-content-item-button btn btn-sm btn-info \" title=\"bois de sapin Douglas\">\n\t\t\t\t\t\t\tEn savoir plus\t\t\t\t\t\t<\/a>\n\t\t\t\t\t\t\t\t\t<\/div>\n\t\t\t<\/div>\n\t\t<\/div>\n\t<\/div>\n\t<div class=\"alternating-content-item-wrapper transparent\">\n\t\t<div class=\"container\">\n\t\t\t\t\t\t\t<div class=\"advanced-media alternating-content-item-image start-bg-center\">\n\t\t\t<img decoding=\"async\" src=\"https:\/\/www.maglin.com\/app\/uploads\/2020\/09\/ICONIC-Mill-Race-Park-Two-Backed-Bench.jpg\" width=\"1260\" height=\"900\" alt=\"Two Backed Benches Facing Water\"  loading='eager'\/>\n\t\t<\/div>\n\t\t\t\t\t\t<div class=\"alternating-content-item-content-container\">\n\t\t\t\t<div class=\"alternating-content-item-inner\">\n\t\t\t\t\t\t\t\t\t\t\t<h2 class=\"alternating-content-item-heading\">Bois modifi\u00e9 thermiquement<\/h2>\n\t\t\t\t\t\t\t\t\t\t\t\t\t\t\t\t\t\t\t\t\t<div class=\"alternating-content-item-content\">\n\t\t\t\t\t\t\t<p>Le bois modifi\u00e9 thermiquement est fabriqu\u00e9 \u00e0 l\u2019aide de temp\u00e9ratures tr\u00e8s \u00e9lev\u00e9es et de vapeur. La modification des propri\u00e9t\u00e9s naturelles du bois diminue sa capacit\u00e9 \u00e0 retenir l\u2019eau, ce qui accro\u00eet sa r\u00e9sistance \u00e0 la pourriture et minimise l\u2019expansion et le<br \/>\nr\u00e9tr\u00e9cissement dus aux conditions environnementales.<\/p>\n\t\t\t\t\t\t<\/div>\n\t\t\t\t\t\t\t\t\t\t\t\t\t\t\t\t<a href=\"https:\/\/www.maglin.com\/app\/themes\/maglin\/api\/resources\/2025\/06\/MAGLIN_INFO_Bois-modifie-thermiquement.pdf\" target=\"_blank\" class=\"alternating-content-item-button btn btn-sm btn-info \" title=\"Bois modifie thermiquement\">\n\t\t\t\t\t\t\tEn savoir plus\t\t\t\t\t\t<\/a>\n\t\t\t\t\t\t\t\t\t<\/div>\n\t\t\t<\/div>\n\t\t<\/div>\n\t<\/div>\n\t<div class=\"alternating-content-item-wrapper transparent\">\n\t\t<div class=\"container\">\n\t\t\t\t\t\t\t<div class=\"advanced-media alternating-content-item-image start-bg-center\">\n\t\t\t<img decoding=\"async\" src=\"https:\/\/www.maglin.com\/app\/uploads\/2020\/09\/HDPE-Ogden-Bench.jpg\" width=\"1215\" height=\"874\" alt=\"Circular Ogden Bench\"  loading='eager'\/>\n\t\t<\/div>\n\t\t\t\t\t\t<div class=\"alternating-content-item-content-container\">\n\t\t\t\t<div class=\"alternating-content-item-inner\">\n\t\t\t\t\t\t\t\t\t\t\t<h2 class=\"alternating-content-item-heading\">Poly\u00e9thyl\u00e8ne haute densit\u00e9 (HDPE)<\/h2>\n\t\t\t\t\t\t\t\t\t\t\t\t\t\t\t\t\t\t\t\t\t<div class=\"alternating-content-item-content\">\n\t\t\t\t\t\t\t<p>Les produits Maglin en plastique recycl\u00e9 sont fabriqu\u00e9s \u00e0 partir de poly\u00e9thyl\u00e8ne de haute densit\u00e9 (PEHD) de qualit\u00e9 sup\u00e9rieure, auquel on a ajout\u00e9 des inhibiteurs UV. L\u2019uniformit\u00e9 de la couleur et la r\u00e9sistance sup\u00e9rieure \u00e0 la d\u00e9coloration sont garanties par nos exigences de production les plus strictes.<\/p>\n\t\t\t\t\t\t<\/div>\n\t\t\t\t\t\t\t\t\t\t\t\t\t\t\t\t<a href=\"https:\/\/www.maglin.com\/app\/uploads\/2021\/03\/MAGLIN_Polyethylene-de-haute-densite.pdf\" target=\"_blank\" class=\"alternating-content-item-button btn btn-sm btn-info \" title=\"Poly\u00e9thyl\u00e8ne de haute densit\u00e9\">\n\t\t\t\t\t\t\tEn savoir plus\t\t\t\t\t\t<\/a>\n\t\t\t\t\t\t\t\t\t<\/div>\n\t\t\t<\/div>\n\t\t<\/div>\n\t<\/div>\n\t<div class=\"alternating-content-item-wrapper transparent\">\n\t\t<div class=\"container\">\n\t\t\t\t\t\t\t<div class=\"advanced-media alternating-content-item-image start-bg-center\">\n\t\t\t<img decoding=\"async\" src=\"https:\/\/www.maglin.com\/app\/uploads\/2020\/09\/Chroma.jpg\" width=\"2235\" height=\"1609\" alt=\"Chroma Pixel Blocks\"  loading='eager'\/>\n\t\t<\/div>\n\t\t\t\t\t\t<div class=\"alternating-content-item-content-container\">\n\t\t\t\t<div class=\"alternating-content-item-inner\">\n\t\t\t\t\t\t\t\t\t\t\t<h2 class=\"alternating-content-item-heading\">Chroma<\/h2>\n\t\t\t\t\t\t\t\t\t\t\t\t\t\t\t\t\t\t\t\t\t<div class=\"alternating-content-item-content\">\n\t\t\t\t\t\t\t<p>Chroma est un mat\u00e9riau color\u00e9 et translucide \u00e0 l\u2019apparence lumineuse. Chroma pour l\u2019ext\u00e9rieur est fait de panneaux en acrylique massif, fabriqu\u00e9s \u00e0 partir de r\u00e9sines de qualit\u00e9. Il comprend un fini mat durable qui peut \u00eatre restaur\u00e9 \u00e0 plusieurs reprises tout au long de la dur\u00e9e de vie du produit.<\/p>\n\t\t\t\t\t\t<\/div>\n\t\t\t\t\t\t\t\t\t\t\t\t\t\t\t\t<a href=\"https:\/\/www.maglin.com\/app\/uploads\/2021\/03\/MAGLIN_Chroma_FR.pdf\" target=\"_blank\" class=\"alternating-content-item-button btn btn-sm btn-info \" title=\"Chroma\">\n\t\t\t\t\t\t\tEn savoir plus\t\t\t\t\t\t<\/a>\n\t\t\t\t\t\t\t\t\t<\/div>\n\t\t\t<\/div>\n\t\t<\/div>\n\t<\/div>\n\t<div class=\"alternating-content-item-wrapper transparent\">\n\t\t<div class=\"container\">\n\t\t\t\t\t\t\t<div class=\"advanced-media alternating-content-item-image start-bg-center\">\n\t\t\t<img decoding=\"async\" src=\"https:\/\/www.maglin.com\/app\/uploads\/2020\/09\/mum-2400-series_tuuci.jpg\" width=\"1270\" height=\"720\" alt=\"TUUCI Umbrella close up\"  loading='eager'\/>\n\t\t<\/div>\n\t\t\t\t\t\t<div class=\"alternating-content-item-content-container\">\n\t\t\t\t<div class=\"alternating-content-item-inner\">\n\t\t\t\t\t\t\t\t\t\t\t<h2 class=\"alternating-content-item-heading\">Tissus de parasol Sunbrella\u00ae<\/h2>\n\t\t\t\t\t\t\t\t\t\t\t\t\t\t\t\t\t\t\t\t\t<div class=\"alternating-content-item-content\">\n\t\t\t\t\t\t\t<p>Les parasols fabriqu\u00e9s avec le tissu Sunbrella vous aident, vous et vos invit\u00e9s, \u00e0 rester au frais et \u00e0 l&#8217;ombre gr\u00e2ce \u00e0 des tissus respirants qui laissent passer la vapeur d&#8217;eau et ne retiennent pas la chaleur.<\/p>\n\t\t\t\t\t\t<\/div>\n\t\t\t\t\t\t\t\t\t\t\t\t\t\t\t\t<a href=\"https:\/\/www.maglin.com\/app\/uploads\/2021\/04\/Sunbrella-2020-Marine-Fabrics.pdf\" target=\"_blank\" class=\"alternating-content-item-button btn btn-sm btn-info \" title=\"Bois d\u2019ip\u00e9\">\n\t\t\t\t\t\t\tEn savoir plus\t\t\t\t\t\t<\/a>\n\t\t\t\t\t\t\t\t\t<\/div>\n\t\t\t<\/div>\n\t\t<\/div>\n\t<\/div>\n[\/alternating_content_container][\/vc_column][\/vc_row][vc_row][vc_column]<div class=\"templatera_shortcode\"><div data-vc-full-width=\"true\" data-vc-full-width-init=\"false\" data-vc-stretch-content=\"true\" class=\"vc_row wpb_row vc_row-fluid vc_row-no-padding\"><div class=\"wpb_column vc_column_container vc_col-sm-12\"><div class=\"vc_column-inner\"><div class=\"wpb_wrapper\"><div class=\"media-banner media-curve-bottom-right large-curve with-video\">\n\t\t<div class=\"media-banner__container container\">\n\t\t<div class=\"media-banner__content\">\n\t\t\t\t\t\t\t<h2 class=\"media-banner__heading h1\">\n\t\t\t\t\tNous aimons avoir de vos nouvelles\u2009!\t\t\t\t<\/h2>\n\t\t\t\t\t\t\t\t\t\t<div class=\"media-banner__description text-large\">\n\t\t\t\t\t<p>Si vous avez une question \u00e0 propos de nos produits et leurs caract\u00e9ristiques, si vous souhaitez obtenir un \u00e9chantillon, ou si vous avez besoin de quoi que ce soit, notre \u00e9quipe est l\u00e0 pour vous aider\u2009!<\/p>\t\t\t\t<\/div>\n\t\t\t\t\t\t\t\t\t\t<div class=\"media-banner__button\">\n\t\t\t\t\t<a href=\"https:\/\/www.maglin.com\/fr\/contact\/\" class=\"btn btn-inverse btn-light\" target=\"\">\n\t\t\t\t\t\tContactez-nous\t\t\t\t\t<\/a>\n\t\t\t\t<\/div>\n\t\t\t\t\t<\/div>\n\t<\/div>\n\t<div class=\"advanced-media media-banner__media\">\n\t\t\t\t<div class=\"vimeo-bg-video-wrapper\">\n\t\t\t<div class=\"vimeo-video-controls\">\n\t\t\t\t<button class=\"vimeo-video-control vimeo-video-control-play d-none\">\n\t\t\t\t\t<span class=\"vimeo-video-control-icon icon-play\"><\/span>\n\t\t\t\t\t<span class=\"video-control-text sr-only\">Jouer la vid\u00e9o<\/span>\n\t\t\t\t<\/button>\n\t\t\t\t<button class=\"vimeo-video-control vimeo-video-control-pause\">\n\t\t\t\t\t<span class=\"vimeo-video-control-icon icon-pause\"><\/span>\n\t\t\t\t\t<span class=\"video-control-text sr-only\">Mettre la vid\u00e9o en pause<\/span>\n\t\t\t\t<\/button>\n\t\t\t<\/div>\n\t\t\t<iframe\n\t\t\t\tsrc=\"https:\/\/player.vimeo.com\/video\/1020649282?background=1&autoplay=0&loop=1&muted=1&playsinline=1\"\n\t\t\t\tloading=\"lazy\"\n\t\t\t\t\t\t\t\ttitle=\"Vimeo video\"\n\t\t\t\twidth=\"100%\"\n\t\t\t\theight=\"100%\"\n\t\t\t\tframeborder=\"0\"\n\t\t\t\tallowfullscreen>\n\t\t\t<\/iframe>\n\t\t<\/div>\n\t<\/div>\n<\/div><\/div><\/div><\/div><\/div><div class=\"vc_row-full-width vc_clearfix\"><\/div><\/div>[\/vc_column][\/vc_row]<\/p>\n<\/div>","protected":false},"excerpt":{"rendered":"Les produits Maglin vous sont offerts avec plusieurs options de mat\u00e9riaux durables, magnifiques et con\u00e7us pour r\u00e9sister \u00e0 des ann\u00e9es d\u2019exposition aux conditions environnementales. Nos mat\u00e9riaux durables, recycl\u00e9s et recyclables mettent de l\u2019avant un design \u00e9l\u00e9gant sans sacrifier l\u2019environnement. Sapin Douglas Le sapin Douglas est un bois tendre haut de gamme originaire d\u2019Am\u00e9rique du Nord, [...]","protected":false},"author":2,"featured_media":80643,"parent":16666,"menu_order":230,"comment_status":"closed","ping_status":"closed","template":"","meta":{"_acf_changed":false,"footnotes":""},"class_list":["post-16661","page","type-page","status-publish","has-post-thumbnail","hentry"],"acf":[],"yoast_head":"<!-- This site is optimized with the Yoast SEO plugin v26.6 - https:\/\/yoast.com\/wordpress\/plugins\/seo\/ -->\n<title>Mat\u00e9riaux - Maglin<\/title>\n<meta name=\"description\" content=\"Les options de mat\u00e9riaux des produits Maglin sont con\u00e7us pour r\u00e9sister \u00e0 des ann\u00e9es d\u2019exposition aux conditions environnementales.\" \/>\n<meta name=\"robots\" content=\"index, follow, max-snippet:-1, max-image-preview:large, max-video-preview:-1\" \/>\n<link rel=\"canonical\" href=\"https:\/\/www.maglin.com\/fr\/ressources\/materiaux\/\" \/>\n<meta property=\"og:locale\" content=\"fr_FR\" \/>\n<meta property=\"og:type\" content=\"article\" \/>\n<meta property=\"og:title\" content=\"Mat\u00e9riaux - Maglin\" \/>\n<meta property=\"og:description\" content=\"Les options de mat\u00e9riaux des produits Maglin sont con\u00e7us pour r\u00e9sister \u00e0 des ann\u00e9es d\u2019exposition aux conditions environnementales.\" \/>\n<meta property=\"og:url\" content=\"https:\/\/www.maglin.com\/fr\/ressources\/materiaux\/\" \/>\n<meta property=\"og:site_name\" content=\"Maglin\" \/>\n<meta property=\"article:publisher\" content=\"https:\/\/www.facebook.com\/MaglinFurniture\/\" \/>\n<meta property=\"article:modified_time\" content=\"2026-03-16T19:16:40+00:00\" \/>\n<meta property=\"og:image\" content=\"https:\/\/www.maglin.com\/app\/uploads\/2025\/05\/maglin-materials-hero-img.jpg\" \/>\n\t<meta property=\"og:image:width\" content=\"2880\" \/>\n\t<meta property=\"og:image:height\" content=\"1552\" \/>\n\t<meta property=\"og:image:type\" content=\"image\/jpeg\" \/>\n<meta name=\"twitter:card\" content=\"summary_large_image\" \/>\n<meta name=\"twitter:site\" content=\"@maglinfurniture\" \/>\n<meta name=\"twitter:label1\" content=\"Est. reading time\" \/>\n\t<meta name=\"twitter:data1\" content=\"3 minutes\" \/>\n<script type=\"application\/ld+json\" class=\"yoast-schema-graph\">{\"@context\":\"https:\/\/schema.org\",\"@graph\":[{\"@type\":\"WebPage\",\"@id\":\"https:\/\/www.maglin.com\/fr\/ressources\/materiaux\/\",\"url\":\"https:\/\/www.maglin.com\/fr\/ressources\/materiaux\/\",\"name\":\"Mat\u00e9riaux - Maglin\",\"isPartOf\":{\"@id\":\"https:\/\/www.maglin.com\/fr\/#website\"},\"primaryImageOfPage\":{\"@id\":\"https:\/\/www.maglin.com\/fr\/ressources\/materiaux\/#primaryimage\"},\"image\":{\"@id\":\"https:\/\/www.maglin.com\/fr\/ressources\/materiaux\/#primaryimage\"},\"thumbnailUrl\":\"https:\/\/www.maglin.com\/app\/uploads\/2025\/05\/maglin-materials-hero-img.jpg\",\"datePublished\":\"2021-02-27T20:43:16+00:00\",\"dateModified\":\"2026-03-16T19:16:40+00:00\",\"description\":\"Les options de mat\u00e9riaux des produits Maglin sont con\u00e7us pour r\u00e9sister \u00e0 des ann\u00e9es d\u2019exposition aux conditions environnementales.\",\"breadcrumb\":{\"@id\":\"https:\/\/www.maglin.com\/fr\/ressources\/materiaux\/#breadcrumb\"},\"inLanguage\":\"fr-FR\",\"potentialAction\":[{\"@type\":\"ReadAction\",\"target\":[\"https:\/\/www.maglin.com\/fr\/ressources\/materiaux\/\"]}]},{\"@type\":\"ImageObject\",\"inLanguage\":\"fr-FR\",\"@id\":\"https:\/\/www.maglin.com\/fr\/ressources\/materiaux\/#primaryimage\",\"url\":\"https:\/\/www.maglin.com\/app\/uploads\/2025\/05\/maglin-materials-hero-img.jpg\",\"contentUrl\":\"https:\/\/www.maglin.com\/app\/uploads\/2025\/05\/maglin-materials-hero-img.jpg\",\"width\":2880,\"height\":1552,\"caption\":\"Maglin Materials Sample Kit\"},{\"@type\":\"BreadcrumbList\",\"@id\":\"https:\/\/www.maglin.com\/fr\/ressources\/materiaux\/#breadcrumb\",\"itemListElement\":[{\"@type\":\"ListItem\",\"position\":1,\"name\":\"Accueil\",\"item\":\"https:\/\/www.maglin.com\/fr\/\"},{\"@type\":\"ListItem\",\"position\":2,\"name\":\"Ressources\",\"item\":\"https:\/\/www.maglin.com\/fr\/ressources\/\"},{\"@type\":\"ListItem\",\"position\":3,\"name\":\"Mat\u00e9riaux\"}]},{\"@type\":\"WebSite\",\"@id\":\"https:\/\/www.maglin.com\/fr\/#website\",\"url\":\"https:\/\/www.maglin.com\/fr\/\",\"name\":\"Maglin\",\"description\":\"Site Furniture\",\"potentialAction\":[{\"@type\":\"SearchAction\",\"target\":{\"@type\":\"EntryPoint\",\"urlTemplate\":\"https:\/\/www.maglin.com\/fr\/?s={search_term_string}\"},\"query-input\":{\"@type\":\"PropertyValueSpecification\",\"valueRequired\":true,\"valueName\":\"search_term_string\"}}],\"inLanguage\":\"fr-FR\"}]}<\/script>\n<!-- \/ Yoast SEO plugin. -->","yoast_head_json":{"title":"Mat\u00e9riaux - Maglin","description":"Les options de mat\u00e9riaux des produits Maglin sont con\u00e7us pour r\u00e9sister \u00e0 des ann\u00e9es d\u2019exposition aux conditions environnementales.","robots":{"index":"index","follow":"follow","max-snippet":"max-snippet:-1","max-image-preview":"max-image-preview:large","max-video-preview":"max-video-preview:-1"},"canonical":"https:\/\/www.maglin.com\/fr\/ressources\/materiaux\/","og_locale":"fr_FR","og_type":"article","og_title":"Mat\u00e9riaux - Maglin","og_description":"Les options de mat\u00e9riaux des produits Maglin sont con\u00e7us pour r\u00e9sister \u00e0 des ann\u00e9es d\u2019exposition aux conditions environnementales.","og_url":"https:\/\/www.maglin.com\/fr\/ressources\/materiaux\/","og_site_name":"Maglin","article_publisher":"https:\/\/www.facebook.com\/MaglinFurniture\/","article_modified_time":"2026-03-16T19:16:40+00:00","og_image":[{"width":2880,"height":1552,"url":"https:\/\/www.maglin.com\/app\/uploads\/2025\/05\/maglin-materials-hero-img.jpg","type":"image\/jpeg"}],"twitter_card":"summary_large_image","twitter_site":"@maglinfurniture","twitter_misc":{"Est. reading time":"3 minutes"},"schema":{"@context":"https:\/\/schema.org","@graph":[{"@type":"WebPage","@id":"https:\/\/www.maglin.com\/fr\/ressources\/materiaux\/","url":"https:\/\/www.maglin.com\/fr\/ressources\/materiaux\/","name":"Mat\u00e9riaux - Maglin","isPartOf":{"@id":"https:\/\/www.maglin.com\/fr\/#website"},"primaryImageOfPage":{"@id":"https:\/\/www.maglin.com\/fr\/ressources\/materiaux\/#primaryimage"},"image":{"@id":"https:\/\/www.maglin.com\/fr\/ressources\/materiaux\/#primaryimage"},"thumbnailUrl":"https:\/\/www.maglin.com\/app\/uploads\/2025\/05\/maglin-materials-hero-img.jpg","datePublished":"2021-02-27T20:43:16+00:00","dateModified":"2026-03-16T19:16:40+00:00","description":"Les options de mat\u00e9riaux des produits Maglin sont con\u00e7us pour r\u00e9sister \u00e0 des ann\u00e9es d\u2019exposition aux conditions environnementales.","breadcrumb":{"@id":"https:\/\/www.maglin.com\/fr\/ressources\/materiaux\/#breadcrumb"},"inLanguage":"fr-FR","potentialAction":[{"@type":"ReadAction","target":["https:\/\/www.maglin.com\/fr\/ressources\/materiaux\/"]}]},{"@type":"ImageObject","inLanguage":"fr-FR","@id":"https:\/\/www.maglin.com\/fr\/ressources\/materiaux\/#primaryimage","url":"https:\/\/www.maglin.com\/app\/uploads\/2025\/05\/maglin-materials-hero-img.jpg","contentUrl":"https:\/\/www.maglin.com\/app\/uploads\/2025\/05\/maglin-materials-hero-img.jpg","width":2880,"height":1552,"caption":"Maglin Materials Sample Kit"},{"@type":"BreadcrumbList","@id":"https:\/\/www.maglin.com\/fr\/ressources\/materiaux\/#breadcrumb","itemListElement":[{"@type":"ListItem","position":1,"name":"Accueil","item":"https:\/\/www.maglin.com\/fr\/"},{"@type":"ListItem","position":2,"name":"Ressources","item":"https:\/\/www.maglin.com\/fr\/ressources\/"},{"@type":"ListItem","position":3,"name":"Mat\u00e9riaux"}]},{"@type":"WebSite","@id":"https:\/\/www.maglin.com\/fr\/#website","url":"https:\/\/www.maglin.com\/fr\/","name":"Maglin","description":"Site Furniture","potentialAction":[{"@type":"SearchAction","target":{"@type":"EntryPoint","urlTemplate":"https:\/\/www.maglin.com\/fr\/?s={search_term_string}"},"query-input":{"@type":"PropertyValueSpecification","valueRequired":true,"valueName":"search_term_string"}}],"inLanguage":"fr-FR"}]}},"_links":{"self":[{"href":"https:\/\/www.maglin.com\/fr\/wp-json\/wp\/v2\/pages\/16661","targetHints":{"allow":["GET"]}}],"collection":[{"href":"https:\/\/www.maglin.com\/fr\/wp-json\/wp\/v2\/pages"}],"about":[{"href":"https:\/\/www.maglin.com\/fr\/wp-json\/wp\/v2\/types\/page"}],"author":[{"embeddable":true,"href":"https:\/\/www.maglin.com\/fr\/wp-json\/wp\/v2\/users\/2"}],"replies":[{"embeddable":true,"href":"https:\/\/www.maglin.com\/fr\/wp-json\/wp\/v2\/comments?post=16661"}],"version-history":[{"count":2,"href":"https:\/\/www.maglin.com\/fr\/wp-json\/wp\/v2\/pages\/16661\/revisions"}],"predecessor-version":[{"id":135793,"href":"https:\/\/www.maglin.com\/fr\/wp-json\/wp\/v2\/pages\/16661\/revisions\/135793"}],"up":[{"embeddable":true,"href":"https:\/\/www.maglin.com\/fr\/wp-json\/wp\/v2\/pages\/16666"}],"wp:featuredmedia":[{"embeddable":true,"href":"https:\/\/www.maglin.com\/fr\/wp-json\/wp\/v2\/media\/80643"}],"wp:attachment":[{"href":"https:\/\/www.maglin.com\/fr\/wp-json\/wp\/v2\/media?parent=16661"}],"curies":[{"name":"wp","href":"https:\/\/api.w.org\/{rel}","templated":true}]}}