{"id":16633,"date":"2021-02-27T11:54:33","date_gmt":"2021-02-27T16:54:33","guid":{"rendered":"https:\/\/www.maglin.com\/?page_id=16633"},"modified":"2021-03-10T16:10:58","modified_gmt":"2021-03-10T21:10:58","slug":"information-produit","status":"publish","type":"page","link":"https:\/\/www.maglin.com\/fr\/information-produit\/","title":{"rendered":"Produits Maglin"},"content":{"rendered":"<div class=\"wpb-content-wrapper\"><p>[vc_row][vc_column][basic_container container_size=&#8221;container container-narrow&#8221;]<div class=\"clearfix global-margin-y\"><\/div>[vc_column_text]Maglin cr\u00e9e du mobilier urbain pour rehausser la vie quotidienne. Notre mobilier urbain est con\u00e7u pour r\u00e9pondre aux besoins d\u2019am\u00e9nagements ext\u00e9rieurs qui sont \u00e0 la fois attrayants et respectueux de l\u2019environnement. Des bancs et bollards aux supports \u00e0 v\u00e9los et contenants \u00e0 d\u00e9chets, nous cr\u00e9ons et configurons des solutions adaptables et strat\u00e9giques qui rehaussent les paysages de rue, parcs, cours, campus et autres espaces ext\u00e9rieurs communs. De plus, nous r\u00e9alisons tout cela \u00e0 l\u2019aide de mat\u00e9riaux que la plan\u00e8te appr\u00e9cierait.[\/vc_column_text]<div class=\"clearfix global-margin-y\"><\/div>[\/basic_container][\/vc_column][\/vc_row][vc_row][vc_column][alternating_content_container]\t<div class=\"alternating-content-item-wrapper bg-light\">\n\t\t<div class=\"container\">\n\t\t\t\t\t\t\t<div class=\"advanced-media alternating-content-item-image start-bg-center\">\n\t\t\t<img fetchpriority=\"high\" decoding=\"async\" src=\"https:\/\/www.maglin.com\/app\/uploads\/2020\/09\/970-bench-tansley-park.jpg\" width=\"1500\" height=\"1093\" alt=\"970 grass pattern bench at Tansley Woods Park\"  loading='eager'\/>\n\t\t<\/div>\n\t\t\t\t\t\t<div class=\"alternating-content-item-content-container\">\n\t\t\t\t<div class=\"alternating-content-item-inner\">\n\t\t\t\t\t\t\t\t\t\t\t<h2 class=\"alternating-content-item-heading\">Bancs<\/h2>\n\t\t\t\t\t\t\t\t\t\t\t\t\t\t\t\t\t\t\t\t\t<div class=\"alternating-content-item-content\">\n\t\t\t\t\t\t\t<p>Des bancs contemporains, classiques et modulaires, con\u00e7us pour performer dans tous les types d\u2019environnements ext\u00e9rieurs.<\/p>\n\t\t\t\t\t\t<\/div>\n\t\t\t\t\t\t\t\t\t\t\t\t\t\t\t\t<a href=\"https:\/\/www.maglin.com\/fr\/information-produit\/bancs\/\" target=\"\" class=\"alternating-content-item-button btn btn-sm btn-primary \" title=\"Bancs\">\n\t\t\t\t\t\t\tEn savoir plus\t\t\t\t\t\t<\/a>\n\t\t\t\t\t\t\t\t\t<\/div>\n\t\t\t<\/div>\n\t\t<\/div>\n\t<\/div>\n\t<div class=\"alternating-content-item-wrapper transparent\">\n\t\t<div class=\"container\">\n\t\t\t\t\t\t\t<div class=\"advanced-media alternating-content-item-image start-bg-center\">\n\t\t\t<img decoding=\"async\" src=\"https:\/\/www.maglin.com\/app\/uploads\/2020\/09\/Foro-Teighan.jpg\" width=\"1500\" height=\"1125\" alt=\"Foro Tables and Chairs powdercoated black\"  loading='eager'\/>\n\t\t<\/div>\n\t\t\t\t\t\t<div class=\"alternating-content-item-content-container\">\n\t\t\t\t<div class=\"alternating-content-item-inner\">\n\t\t\t\t\t\t\t\t\t\t\t<h2 class=\"alternating-content-item-heading\">Tables et chaises<\/h2>\n\t\t\t\t\t\t\t\t\t\t\t\t\t\t\t\t\t\t\t\t\t<div class=\"alternating-content-item-content\">\n\t\t\t\t\t\t\t<p>Des tables standard, basses ou \u00e0 hauteur de bar, des chaises et des tabourets, offerts en une multitude de styles classiques et modernes.<\/p>\n\t\t\t\t\t\t<\/div>\n\t\t\t\t\t\t\t\t\t\t\t\t\t\t\t\t<a href=\"https:\/\/www.maglin.com\/fr\/information-produit\/tables-et-chaises\/\" target=\"\" class=\"alternating-content-item-button btn btn-sm btn-primary \" title=\"Tables et chaises\">\n\t\t\t\t\t\t\tEn savoir plus\t\t\t\t\t\t<\/a>\n\t\t\t\t\t\t\t\t\t<\/div>\n\t\t\t<\/div>\n\t\t<\/div>\n\t<\/div>\n\t<div class=\"alternating-content-item-wrapper bg-light\">\n\t\t<div class=\"container\">\n\t\t\t\t\t\t\t<div class=\"advanced-media alternating-content-item-image start-bg-center\">\n\t\t\t<img decoding=\"async\" src=\"https:\/\/www.maglin.com\/app\/uploads\/2020\/09\/mtr-0650-series_metal-pattern_1.jpg\" width=\"1270\" height=\"720\" alt=\"Birch pattern 650 recycle and trash containers at a park\"  loading='eager'\/>\n\t\t<\/div>\n\t\t\t\t\t\t<div class=\"alternating-content-item-content-container\">\n\t\t\t\t<div class=\"alternating-content-item-inner\">\n\t\t\t\t\t\t\t\t\t\t\t<h2 class=\"alternating-content-item-heading\">Contenants \u00e0 d\u00e9chets et recyclage<\/h2>\n\t\t\t\t\t\t\t\t\t\t\t\t\t\t\t\t\t\t\t\t\t<div class=\"alternating-content-item-content\">\n\t\t\t\t\t\t\t<p>Des contenants de calibre industriel \u00e0 une, deux, ou trois ouvertures pour les d\u00e9chets et le recyclage.<\/p>\n\t\t\t\t\t\t<\/div>\n\t\t\t\t\t\t\t\t\t\t\t\t\t\t\t\t<a href=\"https:\/\/www.maglin.com\/fr\/information-produit\/dechets-et-recyclage\/\" target=\"\" class=\"alternating-content-item-button btn btn-sm btn-primary \" title=\"D\u00e9chets et recyclage\">\n\t\t\t\t\t\t\tEn savoir plus\t\t\t\t\t\t<\/a>\n\t\t\t\t\t\t\t\t\t<\/div>\n\t\t\t<\/div>\n\t\t<\/div>\n\t<\/div>\n\t<div class=\"alternating-content-item-wrapper transparent\">\n\t\t<div class=\"container\">\n\t\t\t\t\t\t\t<div class=\"advanced-media alternating-content-item-image start-bg-center\">\n\t\t\t<img decoding=\"async\" src=\"https:\/\/www.maglin.com\/app\/uploads\/2020\/09\/400-Series-Bike-Rack.jpg\" width=\"1500\" height=\"709\" alt=\"Black 400 Series Bike Racks at Good Life Fitness\"  loading='eager'\/>\n\t\t<\/div>\n\t\t\t\t\t\t<div class=\"alternating-content-item-content-container\">\n\t\t\t\t<div class=\"alternating-content-item-inner\">\n\t\t\t\t\t\t\t\t\t\t\t<h2 class=\"alternating-content-item-heading\">Supports \u00e0 v\u00e9los<\/h2>\n\t\t\t\t\t\t\t\t\t\t\t\t\t\t\t\t\t\t\t\t\t<div class=\"alternating-content-item-content\">\n\t\t\t\t\t\t\t<p>Des supports \u00e0 v\u00e9los qui ont du style, offerts avec un montage en surface ou par enfouissement direct.<\/p>\n\t\t\t\t\t\t<\/div>\n\t\t\t\t\t\t\t\t\t\t\t\t\t\t\t\t<a href=\"https:\/\/www.maglin.com\/fr\/information-produit\/supports-a-velos\/\" target=\"\" class=\"alternating-content-item-button btn btn-sm btn-primary \" title=\"Supports \u00e0 v\u00e9los\">\n\t\t\t\t\t\t\tEn savoir plus\t\t\t\t\t\t<\/a>\n\t\t\t\t\t\t\t\t\t<\/div>\n\t\t\t<\/div>\n\t\t<\/div>\n\t<\/div>\n\t<div class=\"alternating-content-item-wrapper bg-light\">\n\t\t<div class=\"container\">\n\t\t\t\t\t\t\t<div class=\"advanced-media alternating-content-item-image start-bg-center\">\n\t\t\t<img decoding=\"async\" src=\"https:\/\/www.maglin.com\/app\/uploads\/2020\/09\/SC-Bollards-Wood-Trim.jpg\" width=\"1500\" height=\"1125\" alt=\"SC Bollards with Wood Trim at a Shopping Centre\"  loading='eager'\/>\n\t\t<\/div>\n\t\t\t\t\t\t<div class=\"alternating-content-item-content-container\">\n\t\t\t\t<div class=\"alternating-content-item-inner\">\n\t\t\t\t\t\t\t\t\t\t\t<h2 class=\"alternating-content-item-heading\">Bollards<\/h2>\n\t\t\t\t\t\t\t\t\t\t\t\t\t\t\t\t\t\t\t\t\t<div class=\"alternating-content-item-content\">\n\t\t\t\t\t\t\t<p>Bloquez la circulation en beaut\u00e9 afin de diriger les v\u00e9hicules et assurer la s\u00e9curit\u00e9 des pi\u00e9tons.<\/p>\n\t\t\t\t\t\t<\/div>\n\t\t\t\t\t\t\t\t\t\t\t\t\t\t\t\t<a href=\"https:\/\/www.maglin.com\/fr\/information-produit\/bollards\/\" target=\"\" class=\"alternating-content-item-button btn btn-sm btn-primary \" title=\"Bollards\">\n\t\t\t\t\t\t\tEn savoir plus\t\t\t\t\t\t<\/a>\n\t\t\t\t\t\t\t\t\t<\/div>\n\t\t\t<\/div>\n\t\t<\/div>\n\t<\/div>\n\t<div class=\"alternating-content-item-wrapper transparent\">\n\t\t<div class=\"container\">\n\t\t\t\t\t\t\t<div class=\"advanced-media alternating-content-item-image start-bg-center\">\n\t\t\t<img decoding=\"async\" src=\"https:\/\/www.maglin.com\/app\/uploads\/2020\/09\/CalPoly-Lexicon-Planters.jpg\" width=\"1024\" height=\"681\" alt=\"Lexicon Planters and Benches at Cal Poly University\"  loading='eager'\/>\n\t\t<\/div>\n\t\t\t\t\t\t<div class=\"alternating-content-item-content-container\">\n\t\t\t\t<div class=\"alternating-content-item-inner\">\n\t\t\t\t\t\t\t\t\t\t\t<h2 class=\"alternating-content-item-heading\">Bac \u00e0 fleurs<\/h2>\n\t\t\t\t\t\t\t\t\t\t\t\t\t\t\t\t\t\t\t\t\t<div class=\"alternating-content-item-content\">\n\t\t\t\t\t\t\t<p>Des bac \u00e0 fleurs d\u2019ext\u00e9rieur en m\u00e9tal qui vous permettent de cr\u00e9er un jardin dans tout type d\u2019espace urbain.<\/p>\n\t\t\t\t\t\t<\/div>\n\t\t\t\t\t\t\t\t\t\t\t\t\t\t\t\t<a href=\"https:\/\/www.maglin.com\/fr\/information-produit\/bac-a-fleurs\/\" target=\"\" class=\"alternating-content-item-button btn btn-sm btn-primary \" title=\"Bac \u00e0 fleurs\">\n\t\t\t\t\t\t\tEn savoir plus\t\t\t\t\t\t<\/a>\n\t\t\t\t\t\t\t\t\t<\/div>\n\t\t\t<\/div>\n\t\t<\/div>\n\t<\/div>\n\t<div class=\"alternating-content-item-wrapper bg-light\">\n\t\t<div class=\"container\">\n\t\t\t\t\t\t\t<div class=\"advanced-media alternating-content-item-image start-bg-center\">\n\t\t\t<img decoding=\"async\" src=\"https:\/\/www.maglin.com\/app\/uploads\/2020\/09\/Flexx-Panels-720-Chaise-Lounge.jpg\" width=\"1500\" height=\"1083\" alt=\"Flexx Panels on a rooftop patio with planters and chaise lounges\"  loading='eager'\/>\n\t\t<\/div>\n\t\t\t\t\t\t<div class=\"alternating-content-item-content-container\">\n\t\t\t\t<div class=\"alternating-content-item-inner\">\n\t\t\t\t\t\t\t\t\t\t\t<h2 class=\"alternating-content-item-heading\">Panneaux<\/h2>\n\t\t\t\t\t\t\t\t\t\t\t\t\t\t\t\t\t\t\t\t\t<div class=\"alternating-content-item-content\">\n\t\t\t\t\t\t\t<p>Des panneaux de m\u00e9tal \u00e9l\u00e9gants qui divisent les espaces publics de fa\u00e7on polyvalente et esth\u00e9tique.<\/p>\n\t\t\t\t\t\t<\/div>\n\t\t\t\t\t\t\t\t\t\t\t\t\t\t\t\t<a href=\"https:\/\/www.maglin.com\/fr\/collections\/flexx\/\" target=\"\" class=\"alternating-content-item-button btn btn-sm btn-primary \" title=\"Panneaux\">\n\t\t\t\t\t\t\tEn savoir plus\t\t\t\t\t\t<\/a>\n\t\t\t\t\t\t\t\t\t<\/div>\n\t\t\t<\/div>\n\t\t<\/div>\n\t<\/div>\n\t<div class=\"alternating-content-item-wrapper transparent\">\n\t\t<div class=\"container\">\n\t\t\t\t\t\t\t<div class=\"advanced-media alternating-content-item-image start-bg-center\">\n\t\t\t<img decoding=\"async\" src=\"https:\/\/www.maglin.com\/app\/uploads\/2020\/09\/mum-2400-series_tuuci.jpg\" width=\"1270\" height=\"720\" alt=\"TUUCI Umbrella close up\"  loading='eager'\/>\n\t\t<\/div>\n\t\t\t\t\t\t<div class=\"alternating-content-item-content-container\">\n\t\t\t\t<div class=\"alternating-content-item-inner\">\n\t\t\t\t\t\t\t\t\t\t\t<h2 class=\"alternating-content-item-heading\">Accessoires<\/h2>\n\t\t\t\t\t\t\t\t\t\t\t\t\t\t\t\t\t\t\t\t\t<div class=\"alternating-content-item-content\">\n\t\t\t\t\t\t\t<p>Maximisez la fonctionnalit\u00e9 de vos espaces ext\u00e9rieurs \u00e0 l\u2019aide d\u2019accessoires sp\u00e9cialement con\u00e7us pour le mobilier Maglin.<\/p>\n\t\t\t\t\t\t<\/div>\n\t\t\t\t\t\t\t\t\t\t\t\t\t\t\t\t<a href=\"https:\/\/www.maglin.com\/fr\/produits\/accessoires\/\" target=\"\" class=\"alternating-content-item-button btn btn-sm btn-primary \" title=\"Accessories\">\n\t\t\t\t\t\t\tEn savoir plus\t\t\t\t\t\t<\/a>\n\t\t\t\t\t\t\t\t\t<\/div>\n\t\t\t<\/div>\n\t\t<\/div>\n\t<\/div>\n[\/alternating_content_container]<div class=\"clearfix global-margin-y\"><\/div>[\/vc_column][\/vc_row][vc_row][vc_column]<div class=\"templatera_shortcode\"><div data-vc-full-width=\"true\" data-vc-full-width-init=\"false\" data-vc-stretch-content=\"true\" class=\"vc_row wpb_row vc_row-fluid vc_row-no-padding\"><div class=\"wpb_column vc_column_container vc_col-sm-12\"><div class=\"vc_column-inner\"><div class=\"wpb_wrapper\"><div class=\"media-banner media-curve-bottom-right large-curve no-video\">\n\t\t<div class=\"media-banner__container container\">\n\t\t<div class=\"media-banner__content\">\n\t\t\t\t\t\t\t<h2 class=\"media-banner__heading h1\">\n\t\t\t\t\tConstruisons ensemble\t\t\t\t<\/h2>\n\t\t\t\t\t\t\t\t\t\t<div class=\"media-banner__description text-large\">\n\t\t\t\t\t<p>Commencez \u00e0 planifier votre espace avec nous d\u00e8s aujourd'hui et voyez exactement comment les liens que nous construisons avec nos clients sont aussi forts et durables que les meubles que nous soutenons.<\/p>\t\t\t\t<\/div>\n\t\t\t\t\t\t\t\t\t\t<div class=\"media-banner__button\">\n\t\t\t\t\t<a href=\"https:\/\/www.maglin.com\/fr\/contact\/\" class=\"btn btn-inverse btn-light\" target=\"\">\n\t\t\t\t\t\tParlons\t\t\t\t\t<\/a>\n\t\t\t\t<\/div>\n\t\t\t\t\t<\/div>\n\t<\/div>\n\t<div class=\"advanced-media media-banner__media\">\n\t\t\t<img decoding=\"async\" src=\"https:\/\/www.maglin.com\/app\/uploads\/2020\/09\/Maglin-Head-Office_blue-skies_1-2.jpg\" width=\"1500\" height=\"918\" alt=\"Maglin Site Furniture Head Office\"  loading='eager'\/>\n\t\t<\/div>\n<\/div><\/div><\/div><\/div><\/div><div class=\"vc_row-full-width vc_clearfix\"><\/div>\r\n<\/div>[\/vc_column][\/vc_row]<\/p>\n<\/div>","protected":false},"excerpt":{"rendered":"Maglin cr\u00e9e du mobilier urbain pour rehausser la vie quotidienne. Notre mobilier urbain est con\u00e7u pour r\u00e9pondre aux besoins d\u2019am\u00e9nagements ext\u00e9rieurs qui sont \u00e0 la fois attrayants et respectueux de l\u2019environnement. Des bancs et bollards aux supports \u00e0 v\u00e9los et contenants \u00e0 d\u00e9chets, nous cr\u00e9ons et configurons des solutions adaptables et strat\u00e9giques qui rehaussent les [...]","protected":false},"author":2,"featured_media":80646,"parent":0,"menu_order":0,"comment_status":"closed","ping_status":"closed","template":"","meta":{"_acf_changed":false,"footnotes":""},"class_list":["post-16633","page","type-page","status-publish","has-post-thumbnail","hentry"],"acf":[],"yoast_head":"<!-- This site is optimized with the Yoast SEO plugin v26.6 - https:\/\/yoast.com\/wordpress\/plugins\/seo\/ -->\n<title>Produits Maglin - Maglin<\/title>\n<meta name=\"description\" content=\"Notre mobilier urbain est con\u00e7u pour r\u00e9pondre aux besoins d\u2019am\u00e9nagement ext\u00e9rieur qui sont \u00e0 la fois attrayants et respectueux de l\u2019environnement.\" \/>\n<meta name=\"robots\" content=\"index, follow, max-snippet:-1, max-image-preview:large, max-video-preview:-1\" \/>\n<link rel=\"canonical\" href=\"https:\/\/www.maglin.com\/fr\/information-produit\/\" \/>\n<meta property=\"og:locale\" content=\"fr_FR\" \/>\n<meta property=\"og:type\" content=\"article\" \/>\n<meta property=\"og:title\" content=\"Produits Maglin - Maglin\" \/>\n<meta property=\"og:description\" content=\"Notre mobilier urbain est con\u00e7u pour r\u00e9pondre aux besoins d\u2019am\u00e9nagement ext\u00e9rieur qui sont \u00e0 la fois attrayants et respectueux de l\u2019environnement.\" \/>\n<meta property=\"og:url\" content=\"https:\/\/www.maglin.com\/fr\/information-produit\/\" \/>\n<meta property=\"og:site_name\" content=\"Maglin\" \/>\n<meta property=\"article:publisher\" content=\"https:\/\/www.facebook.com\/MaglinFurniture\/\" \/>\n<meta property=\"article:modified_time\" content=\"2021-03-10T21:10:58+00:00\" \/>\n<meta property=\"og:image\" content=\"https:\/\/www.maglin.com\/app\/uploads\/2020\/09\/HOME_INSTALLATIONS_TABLES-SEATING_Bank-of-America_720-Chair.jpg\" \/>\n\t<meta property=\"og:image:width\" content=\"1500\" \/>\n\t<meta property=\"og:image:height\" content=\"1000\" \/>\n\t<meta property=\"og:image:type\" content=\"image\/jpeg\" \/>\n<meta name=\"twitter:card\" content=\"summary_large_image\" \/>\n<meta name=\"twitter:site\" content=\"@maglinfurniture\" \/>\n<meta name=\"twitter:label1\" content=\"Est. reading time\" \/>\n\t<meta name=\"twitter:data1\" content=\"3 minutes\" \/>\n<script type=\"application\/ld+json\" class=\"yoast-schema-graph\">{\"@context\":\"https:\/\/schema.org\",\"@graph\":[{\"@type\":\"WebPage\",\"@id\":\"https:\/\/www.maglin.com\/fr\/information-produit\/\",\"url\":\"https:\/\/www.maglin.com\/fr\/information-produit\/\",\"name\":\"Produits Maglin - Maglin\",\"isPartOf\":{\"@id\":\"https:\/\/www.maglin.com\/fr\/#website\"},\"primaryImageOfPage\":{\"@id\":\"https:\/\/www.maglin.com\/fr\/information-produit\/#primaryimage\"},\"image\":{\"@id\":\"https:\/\/www.maglin.com\/fr\/information-produit\/#primaryimage\"},\"thumbnailUrl\":\"https:\/\/www.maglin.com\/app\/uploads\/2025\/05\/maglin-powdercoat-colors-hero-img.jpg\",\"datePublished\":\"2021-02-27T16:54:33+00:00\",\"dateModified\":\"2021-03-10T21:10:58+00:00\",\"description\":\"Notre mobilier urbain est con\u00e7u pour r\u00e9pondre aux besoins d\u2019am\u00e9nagement ext\u00e9rieur qui sont \u00e0 la fois attrayants et respectueux de l\u2019environnement.\",\"breadcrumb\":{\"@id\":\"https:\/\/www.maglin.com\/fr\/information-produit\/#breadcrumb\"},\"inLanguage\":\"fr-FR\",\"potentialAction\":[{\"@type\":\"ReadAction\",\"target\":[\"https:\/\/www.maglin.com\/fr\/information-produit\/\"]}]},{\"@type\":\"ImageObject\",\"inLanguage\":\"fr-FR\",\"@id\":\"https:\/\/www.maglin.com\/fr\/information-produit\/#primaryimage\",\"url\":\"https:\/\/www.maglin.com\/app\/uploads\/2025\/05\/maglin-powdercoat-colors-hero-img.jpg\",\"contentUrl\":\"https:\/\/www.maglin.com\/app\/uploads\/2025\/05\/maglin-powdercoat-colors-hero-img.jpg\",\"width\":2880,\"height\":1552,\"caption\":\"720 Chairs and Battery Chairs powdercoated blue, yellow and green at Bank of America Plaza\"},{\"@type\":\"BreadcrumbList\",\"@id\":\"https:\/\/www.maglin.com\/fr\/information-produit\/#breadcrumb\",\"itemListElement\":[{\"@type\":\"ListItem\",\"position\":1,\"name\":\"Accueil\",\"item\":\"https:\/\/www.maglin.com\/fr\/\"},{\"@type\":\"ListItem\",\"position\":2,\"name\":\"Produits Maglin\"}]},{\"@type\":\"WebSite\",\"@id\":\"https:\/\/www.maglin.com\/fr\/#website\",\"url\":\"https:\/\/www.maglin.com\/fr\/\",\"name\":\"Maglin\",\"description\":\"Site Furniture\",\"potentialAction\":[{\"@type\":\"SearchAction\",\"target\":{\"@type\":\"EntryPoint\",\"urlTemplate\":\"https:\/\/www.maglin.com\/fr\/?s={search_term_string}\"},\"query-input\":{\"@type\":\"PropertyValueSpecification\",\"valueRequired\":true,\"valueName\":\"search_term_string\"}}],\"inLanguage\":\"fr-FR\"}]}<\/script>\n<!-- \/ Yoast SEO plugin. -->","yoast_head_json":{"title":"Produits Maglin - Maglin","description":"Notre mobilier urbain est con\u00e7u pour r\u00e9pondre aux besoins d\u2019am\u00e9nagement ext\u00e9rieur qui sont \u00e0 la fois attrayants et respectueux de l\u2019environnement.","robots":{"index":"index","follow":"follow","max-snippet":"max-snippet:-1","max-image-preview":"max-image-preview:large","max-video-preview":"max-video-preview:-1"},"canonical":"https:\/\/www.maglin.com\/fr\/information-produit\/","og_locale":"fr_FR","og_type":"article","og_title":"Produits Maglin - Maglin","og_description":"Notre mobilier urbain est con\u00e7u pour r\u00e9pondre aux besoins d\u2019am\u00e9nagement ext\u00e9rieur qui sont \u00e0 la fois attrayants et respectueux de l\u2019environnement.","og_url":"https:\/\/www.maglin.com\/fr\/information-produit\/","og_site_name":"Maglin","article_publisher":"https:\/\/www.facebook.com\/MaglinFurniture\/","article_modified_time":"2021-03-10T21:10:58+00:00","og_image":[{"width":1500,"height":1000,"url":"https:\/\/www.maglin.com\/app\/uploads\/2020\/09\/HOME_INSTALLATIONS_TABLES-SEATING_Bank-of-America_720-Chair.jpg","type":"image\/jpeg"}],"twitter_card":"summary_large_image","twitter_site":"@maglinfurniture","twitter_misc":{"Est. reading time":"3 minutes"},"schema":{"@context":"https:\/\/schema.org","@graph":[{"@type":"WebPage","@id":"https:\/\/www.maglin.com\/fr\/information-produit\/","url":"https:\/\/www.maglin.com\/fr\/information-produit\/","name":"Produits Maglin - Maglin","isPartOf":{"@id":"https:\/\/www.maglin.com\/fr\/#website"},"primaryImageOfPage":{"@id":"https:\/\/www.maglin.com\/fr\/information-produit\/#primaryimage"},"image":{"@id":"https:\/\/www.maglin.com\/fr\/information-produit\/#primaryimage"},"thumbnailUrl":"https:\/\/www.maglin.com\/app\/uploads\/2025\/05\/maglin-powdercoat-colors-hero-img.jpg","datePublished":"2021-02-27T16:54:33+00:00","dateModified":"2021-03-10T21:10:58+00:00","description":"Notre mobilier urbain est con\u00e7u pour r\u00e9pondre aux besoins d\u2019am\u00e9nagement ext\u00e9rieur qui sont \u00e0 la fois attrayants et respectueux de l\u2019environnement.","breadcrumb":{"@id":"https:\/\/www.maglin.com\/fr\/information-produit\/#breadcrumb"},"inLanguage":"fr-FR","potentialAction":[{"@type":"ReadAction","target":["https:\/\/www.maglin.com\/fr\/information-produit\/"]}]},{"@type":"ImageObject","inLanguage":"fr-FR","@id":"https:\/\/www.maglin.com\/fr\/information-produit\/#primaryimage","url":"https:\/\/www.maglin.com\/app\/uploads\/2025\/05\/maglin-powdercoat-colors-hero-img.jpg","contentUrl":"https:\/\/www.maglin.com\/app\/uploads\/2025\/05\/maglin-powdercoat-colors-hero-img.jpg","width":2880,"height":1552,"caption":"720 Chairs and Battery Chairs powdercoated blue, yellow and green at Bank of America Plaza"},{"@type":"BreadcrumbList","@id":"https:\/\/www.maglin.com\/fr\/information-produit\/#breadcrumb","itemListElement":[{"@type":"ListItem","position":1,"name":"Accueil","item":"https:\/\/www.maglin.com\/fr\/"},{"@type":"ListItem","position":2,"name":"Produits Maglin"}]},{"@type":"WebSite","@id":"https:\/\/www.maglin.com\/fr\/#website","url":"https:\/\/www.maglin.com\/fr\/","name":"Maglin","description":"Site Furniture","potentialAction":[{"@type":"SearchAction","target":{"@type":"EntryPoint","urlTemplate":"https:\/\/www.maglin.com\/fr\/?s={search_term_string}"},"query-input":{"@type":"PropertyValueSpecification","valueRequired":true,"valueName":"search_term_string"}}],"inLanguage":"fr-FR"}]}},"_links":{"self":[{"href":"https:\/\/www.maglin.com\/fr\/wp-json\/wp\/v2\/pages\/16633","targetHints":{"allow":["GET"]}}],"collection":[{"href":"https:\/\/www.maglin.com\/fr\/wp-json\/wp\/v2\/pages"}],"about":[{"href":"https:\/\/www.maglin.com\/fr\/wp-json\/wp\/v2\/types\/page"}],"author":[{"embeddable":true,"href":"https:\/\/www.maglin.com\/fr\/wp-json\/wp\/v2\/users\/2"}],"replies":[{"embeddable":true,"href":"https:\/\/www.maglin.com\/fr\/wp-json\/wp\/v2\/comments?post=16633"}],"version-history":[{"count":0,"href":"https:\/\/www.maglin.com\/fr\/wp-json\/wp\/v2\/pages\/16633\/revisions"}],"wp:featuredmedia":[{"embeddable":true,"href":"https:\/\/www.maglin.com\/fr\/wp-json\/wp\/v2\/media\/80646"}],"wp:attachment":[{"href":"https:\/\/www.maglin.com\/fr\/wp-json\/wp\/v2\/media?parent=16633"}],"curies":[{"name":"wp","href":"https:\/\/api.w.org\/{rel}","templated":true}]}}