{"id":15935,"date":"2021-01-27T14:38:32","date_gmt":"2021-01-27T19:38:32","guid":{"rendered":"https:\/\/www.maglin.com\/?page_id=15935"},"modified":"2025-06-06T09:07:46","modified_gmt":"2025-06-06T13:07:46","slug":"product-builder","status":"publish","type":"page","link":"https:\/\/www.maglin.com\/fr\/ressources\/product-builder\/","title":{"rendered":"Product Builder"},"content":{"rendered":"<div class=\"wpb-content-wrapper\"><p>[vc_row][vc_column][basic_container]<div class=\"maglin-intro-section\">\n\t<div class=\"maglin-intro-section__text lead-large\">\n\t\tCr\u00e9ez facilement une mise en page <em>Ogden, Pixel, FLEXX ou CANOE<\/em> personnalis\u00e9e. Vous profiterez d\u2019une exp\u00e9rience visuelle unique en construisant votre mobilier urbain, et recevrez un devis et un prix en temps r\u00e9el. La configuration de votre mobilier n\u2019aura jamais \u00e9t\u00e9 aussi facile\u2009!\t<\/div>\n\n\t<a class=\"btn btn-primary btn-sm  maglin-intro-section__btn\" href=\"https:\/\/maglinproductbuilder.com\/\" target=\"_blank\">Commencer<\/a><\/div>\n[\/basic_container][\/vc_column][\/vc_row][vc_row][vc_column][basic_container][vc_column_text css=&#8221;&#8221;]*Maglin Product Builder est disponible en anglais seulement. Nous sommes d\u00e9sol\u00e9s des inconv\u00e9nients que cela peut vous causer.[\/vc_column_text][\/basic_container][\/vc_column][\/vc_row][vc_row][vc_column][generic_carousel_container control_position=&#8221;generic-carousel__control&#8211;bottom generic-carousel__control&#8211;centre&#8221; arrow_pos=&#8221;arrows-vertical-center&#8221; items=&#8221;1&#8243; image_height=&#8221;maglin-v2-height-776&#8243; border_radius_corners=&#8221;media-curve-top-right&#8221; hide_dots=&#8221;true&#8221;]<div class=\"product-carousel-image media-curve-top-right\">\n\t<div class=\"carousel-image full-height full-image\"><div class=\"img-responsive-wrapper\"><img fetchpriority=\"high\" class=\"img-responsive-placeholder\" src=\"https:\/\/www.maglin.com\/app\/uploads\/2024\/10\/maglin-canoe-people-150x150.jpg\" loading=\"eager\" alt=\"Fall day with people sitting on CANOE modular planters\" decoding=\"async\" width=\"1910\" height=\"1274\" \/><img decoding=\"async\" onload=\"this.parentNode.classList.add('loaded');\" class=\"img-responsive\" src=\"https:\/\/www.maglin.com\/app\/uploads\/2024\/10\/maglin-canoe-people-1910x1274.jpg\" srcset=\"https:\/\/www.maglin.com\/app\/uploads\/2024\/10\/maglin-canoe-people-300x200.jpg 300w, https:\/\/www.maglin.com\/app\/uploads\/2024\/10\/maglin-canoe-people-1024x683.jpg 1024w, https:\/\/www.maglin.com\/app\/uploads\/2024\/10\/maglin-canoe-people-768x512.jpg 768w, https:\/\/www.maglin.com\/app\/uploads\/2024\/10\/maglin-canoe-people-1536x1025.jpg 1536w, https:\/\/www.maglin.com\/app\/uploads\/2024\/10\/maglin-canoe-people.jpg 1910w\" sizes=\"auto, (max-width: 1910px) 100vw, 1910px\" loading=\"lazy\" alt=\"Fall day with people sitting on CANOE modular planters\" width=\"1910\" height=\"1274\"title=\"maglin-canoe-people\"\/><\/div><\/div>\n\n\t<div class=\"product-carousel-image-footer\">\n\t\t\n\t\t\t<\/div>\n<\/div>\n<div class=\"product-carousel-image media-curve-top-right\">\n\t<div class=\"carousel-image full-height full-image\"><div class=\"img-responsive-wrapper\"><img class=\"img-responsive-placeholder\" src=\"https:\/\/www.maglin.com\/app\/uploads\/2023\/11\/maglin-ogden-orange-hdpe-150x150.jpg\" loading=\"eager\" alt=\"Backed Ogden Benches, HDPE Orange at shoreview commons park\" decoding=\"async\" width=\"1500\" height=\"1125\" \/><img decoding=\"async\" onload=\"this.parentNode.classList.add('loaded');\" class=\"img-responsive\" src=\"https:\/\/www.maglin.com\/app\/uploads\/2023\/11\/maglin-ogden-orange-hdpe-1500x1125.jpg\" srcset=\"https:\/\/www.maglin.com\/app\/uploads\/2023\/11\/maglin-ogden-orange-hdpe-300x225.jpg 300w, https:\/\/www.maglin.com\/app\/uploads\/2023\/11\/maglin-ogden-orange-hdpe-1024x768.jpg 1024w, https:\/\/www.maglin.com\/app\/uploads\/2023\/11\/maglin-ogden-orange-hdpe-768x576.jpg 768w, https:\/\/www.maglin.com\/app\/uploads\/2023\/11\/maglin-ogden-orange-hdpe.jpg 1500w\" sizes=\"auto, (max-width: 1500px) 100vw, 1500px\" loading=\"lazy\" alt=\"Backed Ogden Benches, HDPE Orange at shoreview commons park\" width=\"1500\" height=\"1125\"title=\"maglin-ogden-orange-hdpe\"\/><\/div><\/div>\n\n\t<div class=\"product-carousel-image-footer\">\n\t\t\n\t\t\t<\/div>\n<\/div>\n<div class=\"product-carousel-image media-curve-top-right\">\n\t<div class=\"carousel-image full-height full-image\"><div class=\"img-responsive-wrapper\"><img class=\"img-responsive-placeholder\" src=\"https:\/\/www.maglin.com\/app\/uploads\/2025\/05\/maglin_pixel_2-150x150.jpg\" loading=\"eager\" alt=\"A person walks through an outdoor corridor with colorful square benches in pink, blue, and yellow beside modern buildings.\" decoding=\"async\" width=\"2880\" height=\"1552\" \/><img decoding=\"async\" onload=\"this.parentNode.classList.add('loaded');\" class=\"img-responsive\" src=\"https:\/\/www.maglin.com\/app\/uploads\/2025\/05\/maglin_pixel_2-2880x1552.jpg\" srcset=\"https:\/\/www.maglin.com\/app\/uploads\/2025\/05\/maglin_pixel_2-300x162.jpg 300w, https:\/\/www.maglin.com\/app\/uploads\/2025\/05\/maglin_pixel_2-1024x552.jpg 1024w, https:\/\/www.maglin.com\/app\/uploads\/2025\/05\/maglin_pixel_2-768x414.jpg 768w, https:\/\/www.maglin.com\/app\/uploads\/2025\/05\/maglin_pixel_2-1536x828.jpg 1536w, https:\/\/www.maglin.com\/app\/uploads\/2025\/05\/maglin_pixel_2-2048x1104.jpg 2048w, https:\/\/www.maglin.com\/app\/uploads\/2025\/05\/maglin_pixel_2-1920x1035.jpg 1920w, https:\/\/www.maglin.com\/app\/uploads\/2025\/05\/maglin_pixel_2.jpg 2880w\" sizes=\"auto, (max-width: 2880px) 100vw, 2880px\" loading=\"lazy\" alt=\"A person walks through an outdoor corridor with colorful square benches in pink, blue, and yellow beside modern buildings.\" width=\"2880\" height=\"1552\"title=\"maglin_pixel_2\"\/><\/div><\/div>\n\n\t<div class=\"product-carousel-image-footer\">\n\t\t\n\t\t\t<\/div>\n<\/div>\n<div class=\"product-carousel-image media-curve-top-right\">\n\t<div class=\"carousel-image full-height full-image\"><div class=\"img-responsive-wrapper\"><img class=\"img-responsive-placeholder\" src=\"https:\/\/www.maglin.com\/app\/uploads\/2020\/09\/FLEXX_Mary-Browns-150x150.jpg\" loading=\"eager\" alt=\"FLEXX Panels surrounding outdoor patio\" decoding=\"async\" width=\"1500\" height=\"1000\" \/><img decoding=\"async\" onload=\"this.parentNode.classList.add('loaded');\" class=\"img-responsive\" src=\"https:\/\/www.maglin.com\/app\/uploads\/2020\/09\/FLEXX_Mary-Browns-1500x1000.jpg\" srcset=\"https:\/\/www.maglin.com\/app\/uploads\/2020\/09\/FLEXX_Mary-Browns-300x200.jpg 300w, https:\/\/www.maglin.com\/app\/uploads\/2020\/09\/FLEXX_Mary-Browns-1024x683.jpg 1024w, https:\/\/www.maglin.com\/app\/uploads\/2020\/09\/FLEXX_Mary-Browns-768x512.jpg 768w, https:\/\/www.maglin.com\/app\/uploads\/2020\/09\/FLEXX_Mary-Browns.jpg 1500w\" sizes=\"auto, (max-width: 1500px) 100vw, 1500px\" loading=\"lazy\" alt=\"FLEXX Panels surrounding outdoor patio\" width=\"1500\" height=\"1000\"title=\"FLEXX_Mary-Browns\"\/><\/div><\/div>\n\n\t<div class=\"product-carousel-image-footer\">\n\t\t\n\t\t\t<\/div>\n<\/div>\n[\/generic_carousel_container][\/vc_column][\/vc_row][vc_row][vc_column][alternating_content_container]\t<div class=\"alternating-content-item-wrapper transparent\">\n\t\t<div class=\"container\">\n\t\t\t\t\t\t\t<div class=\"advanced-media alternating-content-item-image start-bg-center\">\n\t\t\t<img decoding=\"async\" src=\"https:\/\/www.maglin.com\/app\/uploads\/2025\/05\/maglin-flexx-layout.jpg\" width=\"1342\" height=\"1006\" alt=\"Angled FLEXX layout with fusion pattern\"  loading='eager'\/>\n\t\t<\/div>\n\t\t\t\t\t\t<div class=\"alternating-content-item-content-container\">\n\t\t\t\t<div class=\"alternating-content-item-inner\">\n\t\t\t\t\t\t\t\t\t\t\t<h2 class=\"alternating-content-item-heading\">Visualisation 3D interactive<\/h2>\n\t\t\t\t\t\t\t\t\t\t\t\t\t\t\t\t\t\t\t\t\t<div class=\"alternating-content-item-content\">\n\t\t\t\t\t\t\t<p>D\u00e9placez, pivotez et inclinez votre produit pour l\u2019examiner sous tous ses angles en cr\u00e9ant un agencement de la collection Ogden, Pixel, FLEXX ou CANOE. Cette plateforme interactive vous permet de s\u00e9lectionner, b\u00e2tir, visualiser votre agencement et confirmer vos composantes avant de passer votre commande\u2009; le tout, \u00e0 m\u00eame la plateforme Maglin Product Builde<\/p>\n\t\t\t\t\t\t<\/div>\n\t\t\t\t\t\t\t\t\t\t\t\t\t\t\t\t<a href=\"https:\/\/bit.ly\/3UxgyRc\" target=\"_blank\" class=\"alternating-content-item-button btn btn-sm btn-primary \" title=\"Regarder la vid\u00e9o\">\n\t\t\t\t\t\t\tRegarder la vid\u00e9o\t\t\t\t\t\t<\/a>\n\t\t\t\t\t\t\t\t\t<\/div>\n\t\t\t<\/div>\n\t\t<\/div>\n\t<\/div>\n\t<div class=\"alternating-content-item-wrapper transparent\">\n\t\t<div class=\"container\">\n\t\t\t\t\t\t\t<div class=\"advanced-media alternating-content-item-image start-bg-center\">\n\t\t\t<img decoding=\"async\" src=\"https:\/\/www.maglin.com\/app\/uploads\/2025\/05\/maglin-pb-files.jpg\" width=\"1342\" height=\"1006\" alt=\"CAD file and quote produced from Maglin Product Builder\"  loading='eager'\/>\n\t\t<\/div>\n\t\t\t\t\t\t<div class=\"alternating-content-item-content-container\">\n\t\t\t\t<div class=\"alternating-content-item-inner\">\n\t\t\t\t\t\t\t\t\t\t\t<h2 class=\"alternating-content-item-heading\">Sauvegardez votre projet<\/h2>\n\t\t\t\t\t\t\t\t\t\t\t\t\t\t\t\t\t\t\t\t\t<div class=\"alternating-content-item-content\">\n\t\t\t\t\t\t\t<p>Sauvegardez votre design personnalis\u00e9 et recevez votre projet par courriel en format DWG et PDF, accompagn\u00e9 d\u2019un devis. Pour r\u00e9cup\u00e9rer vos projets ant\u00e9rieurs, il vous suffira d\u2019acc\u00e9der \u00e0 votre compte et de vous rendre \u00e0 la section MY PROJECTS.<\/p>\n\t\t\t\t\t\t<\/div>\n\t\t\t\t\t\t\t\t\t\t\t\t\t\t<\/div>\n\t\t\t<\/div>\n\t\t<\/div>\n\t<\/div>\n[\/alternating_content_container][\/vc_column][\/vc_row][vc_row][vc_column]<div class=\"call-to-action-v2 background-image-loading image-left  media-curve-bottom-right large-curve\"\n        style=\"--custom-bg-color: #F8F8F8;\"\n    >\n    <div class=\"container\">\n\t\t        <div class=\"cta-v2-wrapper no-video\">\n            <div class=\"cta-v2-image\">\n                <img decoding=\"async\" src=\"https:\/\/www.maglin.com\/app\/uploads\/2025\/04\/Screenshots.png\" width=\"878\" height=\"639\" alt=\"Two computer screens display a 3D design software showing different angles of a square wooden bench with an open center.\" loading=\"lazy\" \/>            <\/div>\n            <div class=\"cta-v2-content\">\n                                    <h2 class=\"cta-v2-title\">Maglin Product Builder<\/h2>\n                \n                                    <div class=\"cta-v2-text\">\n                        Utilisez le configurateur de produits 3D pour construire et sauvegarder votre projet, et obtenir un devis et un prix Collections Ogden, Pixel, FLEXX et CANOE.                    <\/div>\n                \n                                    <div class=\"cta-v2-button\">\n                        <a href=\"https:\/\/www.maglinproductbuilder.com\/\"\n                           target=\"_blank\"\n                           class=\"btn btn-primary \"\n                           title=\"Se Connector\">\n                            Se Connector <span class=\"icon icon-arrow-square-out\"><\/span>                        <\/a>\n                    <\/div>\n                            <\/div>\n        <\/div>\n    <\/div>\n<\/div>\n[\/vc_column][\/vc_row]<\/p>\n<\/div>","protected":false},"excerpt":{"rendered":"<p>[vc_row][vc_column][basic_container][\/basic_container][\/vc_column][\/vc_row][vc_row][vc_column][basic_container][vc_column_text css=&#8221;&#8221;]*Maglin Product Builder est disponible en anglais seulement. Nous sommes d\u00e9sol\u00e9s des inconv\u00e9nients que cela peut vous causer.[\/vc_column_text][\/basic_container][\/vc_column][\/vc_row][vc_row][vc_column][generic_carousel_container control_position=&#8221;generic-carousel__control&#8211;bottom generic-carousel__control&#8211;centre&#8221; arrow_pos=&#8221;arrows-vertical-center&#8221; items=&#8221;1&#8243; image_height=&#8221;maglin-v2-height-776&#8243; border_radius_corners=&#8221;media-curve-top-right&#8221; hide_dots=&#8221;true&#8221;][\/generic_carousel_container][\/vc_column][\/vc_row][vc_row][vc_column][alternating_content_container][\/alternating_content_container][\/vc_column][\/vc_row][vc_row][vc_column][\/vc_column][\/vc_row]<\/p>\n","protected":false},"author":2,"featured_media":66153,"parent":16666,"menu_order":0,"comment_status":"closed","ping_status":"closed","template":"","meta":{"_acf_changed":false,"footnotes":""},"class_list":["post-15935","page","type-page","status-publish","has-post-thumbnail","hentry"],"acf":[],"yoast_head":"<!-- This site is optimized with the Yoast SEO plugin v26.6 - https:\/\/yoast.com\/wordpress\/plugins\/seo\/ -->\n<title>Product Builder - Maglin<\/title>\n<meta name=\"description\" content=\"La plateforme Maglin Product Builder vous permet de cr\u00e9er votre propre design en 3D. La configuration de votre mobilier n\u2019aura jamais \u00e9t\u00e9 aussi facile\u2009!\" \/>\n<meta name=\"robots\" content=\"index, follow, max-snippet:-1, max-image-preview:large, max-video-preview:-1\" \/>\n<link rel=\"canonical\" href=\"https:\/\/www.maglin.com\/fr\/ressources\/product-builder\/\" \/>\n<meta property=\"og:locale\" content=\"fr_FR\" \/>\n<meta property=\"og:type\" content=\"article\" \/>\n<meta property=\"og:title\" content=\"Product Builder - Maglin\" \/>\n<meta property=\"og:description\" content=\"La plateforme Maglin Product Builder vous permet de cr\u00e9er votre propre design en 3D. La configuration de votre mobilier n\u2019aura jamais \u00e9t\u00e9 aussi facile\u2009!\" \/>\n<meta property=\"og:url\" content=\"https:\/\/www.maglin.com\/fr\/ressources\/product-builder\/\" \/>\n<meta property=\"og:site_name\" content=\"Maglin\" \/>\n<meta property=\"article:publisher\" content=\"https:\/\/www.facebook.com\/MaglinFurniture\/\" \/>\n<meta property=\"article:modified_time\" content=\"2025-06-06T13:07:46+00:00\" \/>\n<meta property=\"og:image\" content=\"https:\/\/www.maglin.com\/app\/uploads\/2024\/12\/maglin_ogden-benches_2.jpg\" \/>\n\t<meta property=\"og:image:width\" content=\"1887\" \/>\n\t<meta property=\"og:image:height\" content=\"1259\" \/>\n\t<meta property=\"og:image:type\" content=\"image\/jpeg\" \/>\n<meta name=\"twitter:card\" content=\"summary_large_image\" \/>\n<meta name=\"twitter:site\" content=\"@maglinfurniture\" \/>\n<meta name=\"twitter:label1\" content=\"Est. reading time\" \/>\n\t<meta name=\"twitter:data1\" content=\"1 minute\" \/>\n<script type=\"application\/ld+json\" class=\"yoast-schema-graph\">{\"@context\":\"https:\/\/schema.org\",\"@graph\":[{\"@type\":\"WebPage\",\"@id\":\"https:\/\/www.maglin.com\/fr\/ressources\/product-builder\/\",\"url\":\"https:\/\/www.maglin.com\/fr\/ressources\/product-builder\/\",\"name\":\"Product Builder - Maglin\",\"isPartOf\":{\"@id\":\"https:\/\/www.maglin.com\/fr\/#website\"},\"primaryImageOfPage\":{\"@id\":\"https:\/\/www.maglin.com\/fr\/ressources\/product-builder\/#primaryimage\"},\"image\":{\"@id\":\"https:\/\/www.maglin.com\/fr\/ressources\/product-builder\/#primaryimage\"},\"thumbnailUrl\":\"https:\/\/www.maglin.com\/app\/uploads\/2024\/12\/maglin_ogden-benches_2.jpg\",\"datePublished\":\"2021-01-27T19:38:32+00:00\",\"dateModified\":\"2025-06-06T13:07:46+00:00\",\"description\":\"La plateforme Maglin Product Builder vous permet de cr\u00e9er votre propre design en 3D. La configuration de votre mobilier n\u2019aura jamais \u00e9t\u00e9 aussi facile\u2009!\",\"breadcrumb\":{\"@id\":\"https:\/\/www.maglin.com\/fr\/ressources\/product-builder\/#breadcrumb\"},\"inLanguage\":\"fr-FR\",\"potentialAction\":[{\"@type\":\"ReadAction\",\"target\":[\"https:\/\/www.maglin.com\/fr\/ressources\/product-builder\/\"]}]},{\"@type\":\"ImageObject\",\"inLanguage\":\"fr-FR\",\"@id\":\"https:\/\/www.maglin.com\/fr\/ressources\/product-builder\/#primaryimage\",\"url\":\"https:\/\/www.maglin.com\/app\/uploads\/2024\/12\/maglin_ogden-benches_2.jpg\",\"contentUrl\":\"https:\/\/www.maglin.com\/app\/uploads\/2024\/12\/maglin_ogden-benches_2.jpg\",\"width\":1887,\"height\":1259,\"caption\":\"Mitered Ogden benches form a triangle in from of complex with people walking\"},{\"@type\":\"BreadcrumbList\",\"@id\":\"https:\/\/www.maglin.com\/fr\/ressources\/product-builder\/#breadcrumb\",\"itemListElement\":[{\"@type\":\"ListItem\",\"position\":1,\"name\":\"Accueil\",\"item\":\"https:\/\/www.maglin.com\/fr\/\"},{\"@type\":\"ListItem\",\"position\":2,\"name\":\"Ressources\",\"item\":\"https:\/\/www.maglin.com\/fr\/ressources\/\"},{\"@type\":\"ListItem\",\"position\":3,\"name\":\"Product Builder\"}]},{\"@type\":\"WebSite\",\"@id\":\"https:\/\/www.maglin.com\/fr\/#website\",\"url\":\"https:\/\/www.maglin.com\/fr\/\",\"name\":\"Maglin\",\"description\":\"Site Furniture\",\"potentialAction\":[{\"@type\":\"SearchAction\",\"target\":{\"@type\":\"EntryPoint\",\"urlTemplate\":\"https:\/\/www.maglin.com\/fr\/?s={search_term_string}\"},\"query-input\":{\"@type\":\"PropertyValueSpecification\",\"valueRequired\":true,\"valueName\":\"search_term_string\"}}],\"inLanguage\":\"fr-FR\"}]}<\/script>\n<!-- \/ Yoast SEO plugin. -->","yoast_head_json":{"title":"Product Builder - Maglin","description":"La plateforme Maglin Product Builder vous permet de cr\u00e9er votre propre design en 3D. La configuration de votre mobilier n\u2019aura jamais \u00e9t\u00e9 aussi facile\u2009!","robots":{"index":"index","follow":"follow","max-snippet":"max-snippet:-1","max-image-preview":"max-image-preview:large","max-video-preview":"max-video-preview:-1"},"canonical":"https:\/\/www.maglin.com\/fr\/ressources\/product-builder\/","og_locale":"fr_FR","og_type":"article","og_title":"Product Builder - Maglin","og_description":"La plateforme Maglin Product Builder vous permet de cr\u00e9er votre propre design en 3D. La configuration de votre mobilier n\u2019aura jamais \u00e9t\u00e9 aussi facile\u2009!","og_url":"https:\/\/www.maglin.com\/fr\/ressources\/product-builder\/","og_site_name":"Maglin","article_publisher":"https:\/\/www.facebook.com\/MaglinFurniture\/","article_modified_time":"2025-06-06T13:07:46+00:00","og_image":[{"width":1887,"height":1259,"url":"https:\/\/www.maglin.com\/app\/uploads\/2024\/12\/maglin_ogden-benches_2.jpg","type":"image\/jpeg"}],"twitter_card":"summary_large_image","twitter_site":"@maglinfurniture","twitter_misc":{"Est. reading time":"1 minute"},"schema":{"@context":"https:\/\/schema.org","@graph":[{"@type":"WebPage","@id":"https:\/\/www.maglin.com\/fr\/ressources\/product-builder\/","url":"https:\/\/www.maglin.com\/fr\/ressources\/product-builder\/","name":"Product Builder - Maglin","isPartOf":{"@id":"https:\/\/www.maglin.com\/fr\/#website"},"primaryImageOfPage":{"@id":"https:\/\/www.maglin.com\/fr\/ressources\/product-builder\/#primaryimage"},"image":{"@id":"https:\/\/www.maglin.com\/fr\/ressources\/product-builder\/#primaryimage"},"thumbnailUrl":"https:\/\/www.maglin.com\/app\/uploads\/2024\/12\/maglin_ogden-benches_2.jpg","datePublished":"2021-01-27T19:38:32+00:00","dateModified":"2025-06-06T13:07:46+00:00","description":"La plateforme Maglin Product Builder vous permet de cr\u00e9er votre propre design en 3D. La configuration de votre mobilier n\u2019aura jamais \u00e9t\u00e9 aussi facile\u2009!","breadcrumb":{"@id":"https:\/\/www.maglin.com\/fr\/ressources\/product-builder\/#breadcrumb"},"inLanguage":"fr-FR","potentialAction":[{"@type":"ReadAction","target":["https:\/\/www.maglin.com\/fr\/ressources\/product-builder\/"]}]},{"@type":"ImageObject","inLanguage":"fr-FR","@id":"https:\/\/www.maglin.com\/fr\/ressources\/product-builder\/#primaryimage","url":"https:\/\/www.maglin.com\/app\/uploads\/2024\/12\/maglin_ogden-benches_2.jpg","contentUrl":"https:\/\/www.maglin.com\/app\/uploads\/2024\/12\/maglin_ogden-benches_2.jpg","width":1887,"height":1259,"caption":"Mitered Ogden benches form a triangle in from of complex with people walking"},{"@type":"BreadcrumbList","@id":"https:\/\/www.maglin.com\/fr\/ressources\/product-builder\/#breadcrumb","itemListElement":[{"@type":"ListItem","position":1,"name":"Accueil","item":"https:\/\/www.maglin.com\/fr\/"},{"@type":"ListItem","position":2,"name":"Ressources","item":"https:\/\/www.maglin.com\/fr\/ressources\/"},{"@type":"ListItem","position":3,"name":"Product Builder"}]},{"@type":"WebSite","@id":"https:\/\/www.maglin.com\/fr\/#website","url":"https:\/\/www.maglin.com\/fr\/","name":"Maglin","description":"Site Furniture","potentialAction":[{"@type":"SearchAction","target":{"@type":"EntryPoint","urlTemplate":"https:\/\/www.maglin.com\/fr\/?s={search_term_string}"},"query-input":{"@type":"PropertyValueSpecification","valueRequired":true,"valueName":"search_term_string"}}],"inLanguage":"fr-FR"}]}},"_links":{"self":[{"href":"https:\/\/www.maglin.com\/fr\/wp-json\/wp\/v2\/pages\/15935","targetHints":{"allow":["GET"]}}],"collection":[{"href":"https:\/\/www.maglin.com\/fr\/wp-json\/wp\/v2\/pages"}],"about":[{"href":"https:\/\/www.maglin.com\/fr\/wp-json\/wp\/v2\/types\/page"}],"author":[{"embeddable":true,"href":"https:\/\/www.maglin.com\/fr\/wp-json\/wp\/v2\/users\/2"}],"replies":[{"embeddable":true,"href":"https:\/\/www.maglin.com\/fr\/wp-json\/wp\/v2\/comments?post=15935"}],"version-history":[{"count":0,"href":"https:\/\/www.maglin.com\/fr\/wp-json\/wp\/v2\/pages\/15935\/revisions"}],"up":[{"embeddable":true,"href":"https:\/\/www.maglin.com\/fr\/wp-json\/wp\/v2\/pages\/16666"}],"wp:featuredmedia":[{"embeddable":true,"href":"https:\/\/www.maglin.com\/fr\/wp-json\/wp\/v2\/media\/66153"}],"wp:attachment":[{"href":"https:\/\/www.maglin.com\/fr\/wp-json\/wp\/v2\/media?parent=15935"}],"curies":[{"name":"wp","href":"https:\/\/api.w.org\/{rel}","templated":true}]}}