{"id":133474,"date":"2025-11-17T12:58:05","date_gmt":"2025-11-17T17:58:05","guid":{"rendered":"https:\/\/www.maglin.com\/?page_id=133474"},"modified":"2025-11-17T13:47:42","modified_gmt":"2025-11-17T18:47:42","slug":"recommandations-de-planification-de-lespace","status":"publish","type":"page","link":"https:\/\/www.maglin.com\/fr\/ressources\/recommandations-de-planification-de-lespace\/","title":{"rendered":"Recommandations en mati\u00e8re de planification de l\u2019espace du mobilier urbain"},"content":{"rendered":"<div class=\"wpb-content-wrapper\"><p>[vc_row][vc_column][basic_container]<div class=\"maglin-intro-section\">\n\t<div class=\"maglin-intro-section__text lead-large\">\n\t\tUne planification judicieuse de l\u2019espace transforme les espaces ext\u00e9rieurs en lieux o\u00f9 les gens ont envie de se rendre. Fond\u00e9es sur une vaste exp\u00e9rience dans le domaine, les recommandations de Maglin en mati\u00e8re d\u2019am\u00e9nagement de l\u2019espace orientent l\u2019emplacement des bancs, des tables, des si\u00e8ges et des supports \u00e0 v\u00e9los afin d\u2019assurer confort, accessibilit\u00e9 et fluidit\u00e9.\t<\/div>\n\n\t<\/div>\n[\/basic_container][\/vc_column][\/vc_row][vc_row][vc_column][alternating_content_container]\t<div class=\"alternating-content-item-wrapper transparent\">\n\t\t<div class=\"container\">\n\t\t\t\t\t\t\t<div class=\"advanced-media alternating-content-item-image start-bg-center\">\n\t\t\t<img fetchpriority=\"high\" decoding=\"async\" src=\"https:\/\/www.maglin.com\/app\/uploads\/2025\/11\/maglin-space-planning_benches.jpg\" width=\"1342\" height=\"1006\" alt=\"Two empty wooden benches, part of the site furniture, sit under a metal pergola in a park, with plants and trees in the background on a sunny day.\"  loading='eager'\/>\n\t\t<\/div>\n\t\t\t\t\t\t<div class=\"alternating-content-item-content-container\">\n\t\t\t\t<div class=\"alternating-content-item-inner\">\n\t\t\t\t\t\t\t\t\t\t\t<h2 class=\"alternating-content-item-heading\">Ressources de planification de l\u2019espace - Bancs<\/h2>\n\t\t\t\t\t\t\t\t\t\t\t\t\t\t\t\t\t\t\t\t\t<div class=\"alternating-content-item-content\">\n\t\t\t\t\t\t\t<p>L\u2019emplacement est important. Que vous am\u00e9nagiez un espace urbain, un sentier ou un parc, ces recommandations vous aideront \u00e0 choisir des <a href=\"https:\/\/www.maglin.com\/fr\/produits\/bancs\/\" target=\"_blank\" rel=\"noopener\">bancs<\/a> qui rehaussent le confort et l\u2019accessibilit\u00e9 sans perturber la circulation.<\/p>\n\t\t\t\t\t\t<\/div>\n\t\t\t\t\t\t\t\t\t\t\t\t\t\t\t\t<a href=\"https:\/\/www.maglin.com\/app\/themes\/maglin\/api\/resources\/2025\/11\/MAGLIN-Recommandations-pour-la-planification-de-l-espace-bancs.pdf\" target=\"_blank\" class=\"alternating-content-item-button btn btn-sm btn-info \" title=\"Planification de l&#039;espace - Bancs\">\n\t\t\t\t\t\t\tT\u00e9l\u00e9charger le PDF\t\t\t\t\t\t<\/a>\n\t\t\t\t\t\t\t\t\t<\/div>\n\t\t\t<\/div>\n\t\t<\/div>\n\t<\/div>\n\t<div class=\"alternating-content-item-wrapper transparent\">\n\t\t<div class=\"container\">\n\t\t\t\t\t\t\t<div class=\"advanced-media alternating-content-item-image start-bg-center\">\n\t\t\t<img decoding=\"async\" src=\"https:\/\/www.maglin.com\/app\/uploads\/2025\/11\/maglin-space-planning_tables-chairs.jpg\" width=\"1342\" height=\"1006\" alt=\"People sit at red site furniture\u2014tables and chairs\u2014on a wooden deck near a waterfront. Trees and a few buildings are visible in the background, enhancing thoughtful space planning in this scenic setting.\"  loading='eager'\/>\n\t\t<\/div>\n\t\t\t\t\t\t<div class=\"alternating-content-item-content-container\">\n\t\t\t\t<div class=\"alternating-content-item-inner\">\n\t\t\t\t\t\t\t\t\t\t\t<h2 class=\"alternating-content-item-heading\">Ressources de planification de l\u2019espace - Tables et chaises<\/h2>\n\t\t\t\t\t\t\t\t\t\t\t\t\t\t\t\t\t\t\t\t\t<div class=\"alternating-content-item-content\">\n\t\t\t\t\t\t\t<p>Un espacement ad\u00e9quat favorise les d\u00e9placements et l\u2019accessibilit\u00e9 tout en cr\u00e9ant des espaces de rassemblement conviviaux. Ces directives vous aideront \u00e0 am\u00e9nager des <a href=\"https:\/\/www.maglin.com\/fr\/produits\/tables-et-sieges\/\" target=\"_blank\" rel=\"noopener\">tables et des chaises<\/a> de mani\u00e8re fonctionnelle et accueillante dans tous vos sites.<\/p>\n\t\t\t\t\t\t<\/div>\n\t\t\t\t\t\t\t\t\t\t\t\t\t\t\t\t<a href=\"https:\/\/www.maglin.com\/app\/themes\/maglin\/api\/resources\/2025\/11\/MAGLIN-Recommandations-pour-la-planification-de-l-espace-tables-et-chaises.pdf\" target=\"_blank\" class=\"alternating-content-item-button btn btn-sm btn-info \" title=\"Planification de l&#039;espace - Tables et chaises\">\n\t\t\t\t\t\t\tT\u00e9l\u00e9charger le PDF\t\t\t\t\t\t<\/a>\n\t\t\t\t\t\t\t\t\t<\/div>\n\t\t\t<\/div>\n\t\t<\/div>\n\t<\/div>\n\t<div class=\"alternating-content-item-wrapper transparent\">\n\t\t<div class=\"container\">\n\t\t\t\t\t\t\t<div class=\"advanced-media alternating-content-item-image start-bg-center\">\n\t\t\t<img decoding=\"async\" src=\"https:\/\/www.maglin.com\/app\/uploads\/2025\/11\/maglin-space-planning_tables-benches.jpg\" width=\"1342\" height=\"1006\" alt=\"Outdoor seating area with black site furniture\u2014tables, benches, and lounge chairs\u2014amid landscaping, thoughtfully arranged through expert space planning next to a modern glass office building under a partly cloudy sky.\"  loading='eager'\/>\n\t\t<\/div>\n\t\t\t\t\t\t<div class=\"alternating-content-item-content-container\">\n\t\t\t\t<div class=\"alternating-content-item-inner\">\n\t\t\t\t\t\t\t\t\t\t\t<h2 class=\"alternating-content-item-heading\">Ressources de planification de l\u2019espace - tables et bancs<\/h2>\n\t\t\t\t\t\t\t\t\t\t\t\t\t\t\t\t\t\t\t\t\t<div class=\"alternating-content-item-content\">\n\t\t\t\t\t\t\t<p>Am\u00e9nagez des espaces de restauration ext\u00e9rieurs ouverts et accueillants. Nos recommandations en mati\u00e8re d\u2019espacement des tables et des bancs fournissent des dimensions claires pour faciliter la circulation, l\u2019accessibilit\u00e9 et le confort des utilisateurs dans diff\u00e9rents environnements ext\u00e9rieurs.<\/p>\n\t\t\t\t\t\t<\/div>\n\t\t\t\t\t\t\t\t\t\t\t\t\t\t\t\t<a href=\"https:\/\/www.maglin.com\/app\/themes\/maglin\/api\/resources\/2025\/11\/MAGLIN-Recommandations-pour-la-planification-de-l-espace-tables-et-bancs.pdf\" target=\"_blank\" class=\"alternating-content-item-button btn btn-sm btn-info \" title=\"Planification de l&#039;espace - Tables et bancs\">\n\t\t\t\t\t\t\tT\u00e9l\u00e9charger le PDF\t\t\t\t\t\t<\/a>\n\t\t\t\t\t\t\t\t\t<\/div>\n\t\t\t<\/div>\n\t\t<\/div>\n\t<\/div>\n\t<div class=\"alternating-content-item-wrapper transparent\">\n\t\t<div class=\"container\">\n\t\t\t\t\t\t\t<div class=\"advanced-media alternating-content-item-image start-bg-center\">\n\t\t\t<img decoding=\"async\" src=\"https:\/\/www.maglin.com\/app\/uploads\/2025\/11\/maglin-space-planning_bike-racks.jpg\" width=\"1342\" height=\"1006\" alt=\"A bicycle is parked at site furniture by a young tree, with a wooden building and green trees in the background on a sunny day\u2014an example of thoughtful space planning.\"  loading='eager'\/>\n\t\t<\/div>\n\t\t\t\t\t\t<div class=\"alternating-content-item-content-container\">\n\t\t\t\t<div class=\"alternating-content-item-inner\">\n\t\t\t\t\t\t\t\t\t\t\t<h2 class=\"alternating-content-item-heading\">Ressources de planification de l\u2019espace - Supports \u00e0 v\u00e9los<\/h2>\n\t\t\t\t\t\t\t\t\t\t\t\t\t\t\t\t\t\t\t\t\t<div class=\"alternating-content-item-content\">\n\t\t\t\t\t\t\t<p>Un espace de rangement pour v\u00e9los bien organis\u00e9 et efficace commence par un espacement judicieux. Ces recommandations contribuent \u00e0 assurer la facilit\u00e9 d\u2019utilisation, l\u2019accessibilit\u00e9 et la fluidit\u00e9 de la circulation dans les aires de stationnement pour v\u00e9los.<\/p>\n\t\t\t\t\t\t<\/div>\n\t\t\t\t\t\t\t\t\t\t\t\t\t\t\t\t<a href=\"https:\/\/www.maglin.com\/app\/themes\/maglin\/api\/resources\/2025\/11\/MAGLIN-Recommandations-pour-la-planification-de-l-espace-supports-v-los.pdf\" target=\"_blank\" class=\"alternating-content-item-button btn btn-sm btn-info \" title=\"Planification de l&#039;espace - Supports \u00e0 v\u00e9los\">\n\t\t\t\t\t\t\tT\u00e9l\u00e9charger le PDF\t\t\t\t\t\t<\/a>\n\t\t\t\t\t\t\t\t\t<\/div>\n\t\t\t<\/div>\n\t\t<\/div>\n\t<\/div>\n\t<div class=\"alternating-content-item-wrapper transparent\">\n\t\t<div class=\"container\">\n\t\t\t\t\t\t\t<div class=\"advanced-media alternating-content-item-image start-bg-center\">\n\t\t\t<img decoding=\"async\" src=\"https:\/\/www.maglin.com\/app\/uploads\/2025\/11\/maglin-installation-instructions-img.jpg\" width=\"1342\" height=\"1006\" alt=\"A rooftop patio features modern wooden site furniture, a metal shade structure, a fire pit, lounge chairs, and a cityscape backdrop with tall buildings\u2014showcasing thoughtful space planning.\"  loading='eager'\/>\n\t\t<\/div>\n\t\t\t\t\t\t<div class=\"alternating-content-item-content-container\">\n\t\t\t\t<div class=\"alternating-content-item-inner\">\n\t\t\t\t\t\t\t\t\t\t\t<h2 class=\"alternating-content-item-heading\">Instructions d'installation<\/h2>\n\t\t\t\t\t\t\t\t\t\t\t\t\t\t\t\t\t\t\t\t\t<div class=\"alternating-content-item-content\">\n\t\t\t\t\t\t\t<p>Consultez les instructions d\u2019installation en tout temps. Trouvez des conseils pas \u00e0 pas pour les bancs, tables, supports \u00e0 v\u00e9los et autres produits de Maglin.<\/p>\n\t\t\t\t\t\t<\/div>\n\t\t\t\t\t\t\t\t\t\t\t\t\t\t\t\t<a href=\"https:\/\/www.maglin.com\/fr\/ressources\/donnees-produits\/#!page=1&search=instructions\" target=\"\" class=\"alternating-content-item-button btn btn-sm btn-info \" title=\"Instructions d&#039;installation\">\n\t\t\t\t\t\t\tParcourir les directives d\u2019installation\t\t\t\t\t\t<\/a>\n\t\t\t\t\t\t\t\t\t<\/div>\n\t\t\t<\/div>\n\t\t<\/div>\n\t<\/div>\n[\/alternating_content_container][\/vc_column][\/vc_row][vc_row][vc_column]<div class=\"templatera_shortcode\"><div data-vc-full-width=\"true\" data-vc-full-width-init=\"false\" data-vc-stretch-content=\"true\" class=\"vc_row wpb_row vc_row-fluid vc_row-no-padding\"><div class=\"wpb_column vc_column_container vc_col-sm-12\"><div class=\"vc_column-inner\"><div class=\"wpb_wrapper\"><div class=\"media-banner media-curve-bottom-right large-curve with-video\">\n\t\t<div class=\"media-banner__container container\">\n\t\t<div class=\"media-banner__content\">\n\t\t\t\t\t\t\t<h2 class=\"media-banner__heading h1\">\n\t\t\t\t\tContactez-nous d\u00e8s aujourd\u2019hui\t\t\t\t<\/h2>\n\t\t\t\t\t\t\t\t\t\t<div class=\"media-banner__description text-large\">\n\t\t\t\t\t<p>Votre repr\u00e9sentant Maglin local est \u00e0 votre disposition pour vous aider avec vos projets et r\u00e9pondre \u00e0 toutes vos questions \u00e0 propos de l\u2019installation ou des produits.<\/p>\t\t\t\t<\/div>\n\t\t\t\t\t\t\t\t\t\t<div class=\"media-banner__button\">\n\t\t\t\t\t<a href=\"https:\/\/www.maglin.com\/fr\/contact\/\" class=\"btn btn-inverse btn-light\" target=\"\">\n\t\t\t\t\t\tContactez-nous\t\t\t\t\t<\/a>\n\t\t\t\t<\/div>\n\t\t\t\t\t<\/div>\n\t<\/div>\n\t<div class=\"advanced-media media-banner__media\">\n\t\t\t\t<div class=\"vimeo-bg-video-wrapper\">\n\t\t\t<div class=\"vimeo-video-controls\">\n\t\t\t\t<button class=\"vimeo-video-control vimeo-video-control-play d-none\">\n\t\t\t\t\t<span class=\"vimeo-video-control-icon icon-play\"><\/span>\n\t\t\t\t\t<span class=\"video-control-text sr-only\">Jouer la vid\u00e9o<\/span>\n\t\t\t\t<\/button>\n\t\t\t\t<button class=\"vimeo-video-control vimeo-video-control-pause\">\n\t\t\t\t\t<span class=\"vimeo-video-control-icon icon-pause\"><\/span>\n\t\t\t\t\t<span class=\"video-control-text sr-only\">Mettre la vid\u00e9o en pause<\/span>\n\t\t\t\t<\/button>\n\t\t\t<\/div>\n\t\t\t<iframe\n\t\t\t\tsrc=\"https:\/\/player.vimeo.com\/video\/1020649282?background=1&autoplay=0&loop=1&muted=1&playsinline=1\"\n\t\t\t\tloading=\"lazy\"\n\t\t\t\t\t\t\t\ttitle=\"Vimeo video\"\n\t\t\t\twidth=\"100%\"\n\t\t\t\theight=\"100%\"\n\t\t\t\tframeborder=\"0\"\n\t\t\t\tallowfullscreen>\n\t\t\t<\/iframe>\n\t\t<\/div>\n\t<\/div>\n<\/div><\/div><\/div><\/div><\/div><div class=\"vc_row-full-width vc_clearfix\"><\/div><\/div>[\/vc_column][\/vc_row]<\/p>\n<\/div>","protected":false},"excerpt":{"rendered":"Une planification judicieuse de l\u2019espace transforme les espaces ext\u00e9rieurs en lieux o\u00f9 les gens ont envie de se rendre. Fond\u00e9es sur une vaste exp\u00e9rience dans le domaine, les recommandations de Maglin en mati\u00e8re d\u2019am\u00e9nagement de l\u2019espace orientent l\u2019emplacement des bancs, des tables, des si\u00e8ges et des supports \u00e0 v\u00e9los afin d\u2019assurer confort, accessibilit\u00e9 et fluidit\u00e9. [...]","protected":false},"author":2,"featured_media":133433,"parent":16666,"menu_order":230,"comment_status":"closed","ping_status":"closed","template":"","meta":{"_acf_changed":false,"footnotes":""},"class_list":["post-133474","page","type-page","status-publish","has-post-thumbnail","hentry"],"acf":[],"yoast_head":"<!-- This site is optimized with the Yoast SEO plugin v26.6 - https:\/\/yoast.com\/wordpress\/plugins\/seo\/ -->\n<title>Recommandations en mati\u00e8re de planification de l\u2019espace du mobilier urbain - Maglin<\/title>\n<meta name=\"description\" content=\"Une planification judicieuse de l\u2019espace transforme les espaces ext\u00e9rieurs en lieux o\u00f9 les gens ont envie de se rendre.\" \/>\n<meta name=\"robots\" content=\"index, follow, max-snippet:-1, max-image-preview:large, max-video-preview:-1\" \/>\n<link rel=\"canonical\" href=\"https:\/\/www.maglin.com\/fr\/ressources\/recommandations-de-planification-de-lespace\/\" \/>\n<meta property=\"og:locale\" content=\"fr_FR\" \/>\n<meta property=\"og:type\" content=\"article\" \/>\n<meta property=\"og:title\" content=\"Recommandations en mati\u00e8re de planification de l\u2019espace du mobilier urbain - Maglin\" \/>\n<meta property=\"og:description\" content=\"Une planification judicieuse de l\u2019espace transforme les espaces ext\u00e9rieurs en lieux o\u00f9 les gens ont envie de se rendre.\" \/>\n<meta property=\"og:url\" content=\"https:\/\/www.maglin.com\/fr\/ressources\/recommandations-de-planification-de-lespace\/\" \/>\n<meta property=\"og:site_name\" content=\"Maglin\" \/>\n<meta property=\"article:publisher\" content=\"https:\/\/www.facebook.com\/MaglinFurniture\/\" \/>\n<meta property=\"article:modified_time\" content=\"2025-11-17T18:47:42+00:00\" \/>\n<meta property=\"og:image\" content=\"https:\/\/www.maglin.com\/app\/uploads\/2025\/11\/maglin-space-planning-hero.jpg\" \/>\n\t<meta property=\"og:image:width\" content=\"2880\" \/>\n\t<meta property=\"og:image:height\" content=\"1552\" \/>\n\t<meta property=\"og:image:type\" content=\"image\/jpeg\" \/>\n<meta name=\"twitter:card\" content=\"summary_large_image\" \/>\n<meta name=\"twitter:site\" content=\"@maglinfurniture\" \/>\n<meta name=\"twitter:label1\" content=\"Est. reading time\" \/>\n\t<meta name=\"twitter:data1\" content=\"2 minutes\" \/>\n<script type=\"application\/ld+json\" class=\"yoast-schema-graph\">{\"@context\":\"https:\/\/schema.org\",\"@graph\":[{\"@type\":\"WebPage\",\"@id\":\"https:\/\/www.maglin.com\/fr\/ressources\/recommandations-de-planification-de-lespace\/\",\"url\":\"https:\/\/www.maglin.com\/fr\/ressources\/recommandations-de-planification-de-lespace\/\",\"name\":\"Recommandations en mati\u00e8re de planification de l\u2019espace du mobilier urbain - Maglin\",\"isPartOf\":{\"@id\":\"https:\/\/www.maglin.com\/fr\/#website\"},\"primaryImageOfPage\":{\"@id\":\"https:\/\/www.maglin.com\/fr\/ressources\/recommandations-de-planification-de-lespace\/#primaryimage\"},\"image\":{\"@id\":\"https:\/\/www.maglin.com\/fr\/ressources\/recommandations-de-planification-de-lespace\/#primaryimage\"},\"thumbnailUrl\":\"https:\/\/www.maglin.com\/app\/uploads\/2025\/11\/maglin-space-planning-hero.jpg\",\"datePublished\":\"2025-11-17T17:58:05+00:00\",\"dateModified\":\"2025-11-17T18:47:42+00:00\",\"description\":\"Une planification judicieuse de l\u2019espace transforme les espaces ext\u00e9rieurs en lieux o\u00f9 les gens ont envie de se rendre.\",\"breadcrumb\":{\"@id\":\"https:\/\/www.maglin.com\/fr\/ressources\/recommandations-de-planification-de-lespace\/#breadcrumb\"},\"inLanguage\":\"fr-FR\",\"potentialAction\":[{\"@type\":\"ReadAction\",\"target\":[\"https:\/\/www.maglin.com\/fr\/ressources\/recommandations-de-planification-de-lespace\/\"]}]},{\"@type\":\"ImageObject\",\"inLanguage\":\"fr-FR\",\"@id\":\"https:\/\/www.maglin.com\/fr\/ressources\/recommandations-de-planification-de-lespace\/#primaryimage\",\"url\":\"https:\/\/www.maglin.com\/app\/uploads\/2025\/11\/maglin-space-planning-hero.jpg\",\"contentUrl\":\"https:\/\/www.maglin.com\/app\/uploads\/2025\/11\/maglin-space-planning-hero.jpg\",\"width\":2880,\"height\":1552,\"caption\":\"Espace ext\u00e9rieur avec des pergolas en m\u00e9tal noir, des tables de pique-nique et des chaises \u00e0 c\u00f4t\u00e9 d'un b\u00e2timent moderne avec de grandes fen\u00eatres. De la verdure et un paysage urbain sont visibles \u00e0 l'arri\u00e8re-plan.\"},{\"@type\":\"BreadcrumbList\",\"@id\":\"https:\/\/www.maglin.com\/fr\/ressources\/recommandations-de-planification-de-lespace\/#breadcrumb\",\"itemListElement\":[{\"@type\":\"ListItem\",\"position\":1,\"name\":\"Accueil\",\"item\":\"https:\/\/www.maglin.com\/fr\/\"},{\"@type\":\"ListItem\",\"position\":2,\"name\":\"Ressources\",\"item\":\"https:\/\/www.maglin.com\/fr\/ressources\/\"},{\"@type\":\"ListItem\",\"position\":3,\"name\":\"Recommandations en mati\u00e8re de planification de l\u2019espace du mobilier urbain\"}]},{\"@type\":\"WebSite\",\"@id\":\"https:\/\/www.maglin.com\/fr\/#website\",\"url\":\"https:\/\/www.maglin.com\/fr\/\",\"name\":\"Maglin\",\"description\":\"Site Furniture\",\"potentialAction\":[{\"@type\":\"SearchAction\",\"target\":{\"@type\":\"EntryPoint\",\"urlTemplate\":\"https:\/\/www.maglin.com\/fr\/?s={search_term_string}\"},\"query-input\":{\"@type\":\"PropertyValueSpecification\",\"valueRequired\":true,\"valueName\":\"search_term_string\"}}],\"inLanguage\":\"fr-FR\"}]}<\/script>\n<!-- \/ Yoast SEO plugin. -->","yoast_head_json":{"title":"Recommandations en mati\u00e8re de planification de l\u2019espace du mobilier urbain - Maglin","description":"Une planification judicieuse de l\u2019espace transforme les espaces ext\u00e9rieurs en lieux o\u00f9 les gens ont envie de se rendre.","robots":{"index":"index","follow":"follow","max-snippet":"max-snippet:-1","max-image-preview":"max-image-preview:large","max-video-preview":"max-video-preview:-1"},"canonical":"https:\/\/www.maglin.com\/fr\/ressources\/recommandations-de-planification-de-lespace\/","og_locale":"fr_FR","og_type":"article","og_title":"Recommandations en mati\u00e8re de planification de l\u2019espace du mobilier urbain - Maglin","og_description":"Une planification judicieuse de l\u2019espace transforme les espaces ext\u00e9rieurs en lieux o\u00f9 les gens ont envie de se rendre.","og_url":"https:\/\/www.maglin.com\/fr\/ressources\/recommandations-de-planification-de-lespace\/","og_site_name":"Maglin","article_publisher":"https:\/\/www.facebook.com\/MaglinFurniture\/","article_modified_time":"2025-11-17T18:47:42+00:00","og_image":[{"width":2880,"height":1552,"url":"https:\/\/www.maglin.com\/app\/uploads\/2025\/11\/maglin-space-planning-hero.jpg","type":"image\/jpeg"}],"twitter_card":"summary_large_image","twitter_site":"@maglinfurniture","twitter_misc":{"Est. reading time":"2 minutes"},"schema":{"@context":"https:\/\/schema.org","@graph":[{"@type":"WebPage","@id":"https:\/\/www.maglin.com\/fr\/ressources\/recommandations-de-planification-de-lespace\/","url":"https:\/\/www.maglin.com\/fr\/ressources\/recommandations-de-planification-de-lespace\/","name":"Recommandations en mati\u00e8re de planification de l\u2019espace du mobilier urbain - Maglin","isPartOf":{"@id":"https:\/\/www.maglin.com\/fr\/#website"},"primaryImageOfPage":{"@id":"https:\/\/www.maglin.com\/fr\/ressources\/recommandations-de-planification-de-lespace\/#primaryimage"},"image":{"@id":"https:\/\/www.maglin.com\/fr\/ressources\/recommandations-de-planification-de-lespace\/#primaryimage"},"thumbnailUrl":"https:\/\/www.maglin.com\/app\/uploads\/2025\/11\/maglin-space-planning-hero.jpg","datePublished":"2025-11-17T17:58:05+00:00","dateModified":"2025-11-17T18:47:42+00:00","description":"Une planification judicieuse de l\u2019espace transforme les espaces ext\u00e9rieurs en lieux o\u00f9 les gens ont envie de se rendre.","breadcrumb":{"@id":"https:\/\/www.maglin.com\/fr\/ressources\/recommandations-de-planification-de-lespace\/#breadcrumb"},"inLanguage":"fr-FR","potentialAction":[{"@type":"ReadAction","target":["https:\/\/www.maglin.com\/fr\/ressources\/recommandations-de-planification-de-lespace\/"]}]},{"@type":"ImageObject","inLanguage":"fr-FR","@id":"https:\/\/www.maglin.com\/fr\/ressources\/recommandations-de-planification-de-lespace\/#primaryimage","url":"https:\/\/www.maglin.com\/app\/uploads\/2025\/11\/maglin-space-planning-hero.jpg","contentUrl":"https:\/\/www.maglin.com\/app\/uploads\/2025\/11\/maglin-space-planning-hero.jpg","width":2880,"height":1552,"caption":"Espace ext\u00e9rieur avec des pergolas en m\u00e9tal noir, des tables de pique-nique et des chaises \u00e0 c\u00f4t\u00e9 d'un b\u00e2timent moderne avec de grandes fen\u00eatres. De la verdure et un paysage urbain sont visibles \u00e0 l'arri\u00e8re-plan."},{"@type":"BreadcrumbList","@id":"https:\/\/www.maglin.com\/fr\/ressources\/recommandations-de-planification-de-lespace\/#breadcrumb","itemListElement":[{"@type":"ListItem","position":1,"name":"Accueil","item":"https:\/\/www.maglin.com\/fr\/"},{"@type":"ListItem","position":2,"name":"Ressources","item":"https:\/\/www.maglin.com\/fr\/ressources\/"},{"@type":"ListItem","position":3,"name":"Recommandations en mati\u00e8re de planification de l\u2019espace du mobilier urbain"}]},{"@type":"WebSite","@id":"https:\/\/www.maglin.com\/fr\/#website","url":"https:\/\/www.maglin.com\/fr\/","name":"Maglin","description":"Site Furniture","potentialAction":[{"@type":"SearchAction","target":{"@type":"EntryPoint","urlTemplate":"https:\/\/www.maglin.com\/fr\/?s={search_term_string}"},"query-input":{"@type":"PropertyValueSpecification","valueRequired":true,"valueName":"search_term_string"}}],"inLanguage":"fr-FR"}]}},"_links":{"self":[{"href":"https:\/\/www.maglin.com\/fr\/wp-json\/wp\/v2\/pages\/133474","targetHints":{"allow":["GET"]}}],"collection":[{"href":"https:\/\/www.maglin.com\/fr\/wp-json\/wp\/v2\/pages"}],"about":[{"href":"https:\/\/www.maglin.com\/fr\/wp-json\/wp\/v2\/types\/page"}],"author":[{"embeddable":true,"href":"https:\/\/www.maglin.com\/fr\/wp-json\/wp\/v2\/users\/2"}],"replies":[{"embeddable":true,"href":"https:\/\/www.maglin.com\/fr\/wp-json\/wp\/v2\/comments?post=133474"}],"version-history":[{"count":0,"href":"https:\/\/www.maglin.com\/fr\/wp-json\/wp\/v2\/pages\/133474\/revisions"}],"up":[{"embeddable":true,"href":"https:\/\/www.maglin.com\/fr\/wp-json\/wp\/v2\/pages\/16666"}],"wp:featuredmedia":[{"embeddable":true,"href":"https:\/\/www.maglin.com\/fr\/wp-json\/wp\/v2\/media\/133433"}],"wp:attachment":[{"href":"https:\/\/www.maglin.com\/fr\/wp-json\/wp\/v2\/media?parent=133474"}],"curies":[{"name":"wp","href":"https:\/\/api.w.org\/{rel}","templated":true}]}}